{"id":9699,"date":"2024-10-01T13:56:44","date_gmt":"2024-10-01T13:56:44","guid":{"rendered":"https:\/\/preprod.flowbird.com\/integritetspolicy\/"},"modified":"2024-11-15T10:43:40","modified_gmt":"2024-11-15T10:43:40","slug":"integritetspolicy","status":"publish","type":"page","link":"https:\/\/www.flowbird.com\/sv\/integritetspolicy\/","title":{"rendered":"Integritetspolicy"},"content":{"rendered":"\t\t<div data-elementor-type=\"wp-page\" data-elementor-id=\"9699\" class=\"elementor elementor-9699 elementor-1091\" data-elementor-post-type=\"page\">\n\t\t\t\t<div class=\"elementor-element elementor-element-e11609e e-con-full e-flex e-con e-parent\" data-id=\"e11609e\" data-element_type=\"container\">\n\t\t<div class=\"elementor-element elementor-element-54dd904 e-flex e-con-boxed e-con e-child\" data-id=\"54dd904\" data-element_type=\"container\" data-settings=\"{&quot;background_background&quot;:&quot;gradient&quot;}\">\n\t\t\t\t\t<div class=\"e-con-inner\">\n\t\t\t\t<div class=\"elementor-element elementor-element-fc60449 elementor-widget elementor-widget-heading\" data-id=\"fc60449\" data-element_type=\"widget\" data-widget_type=\"heading.default\">\n\t\t\t\t<div class=\"elementor-widget-container\">\n\t\t\t\t\t<h1 class=\"elementor-heading-title elementor-size-default\">Integritetspolicy<\/h1>\t\t\t\t<\/div>\n\t\t\t\t<\/div>\n\t\t\t\t\t<\/div>\n\t\t\t\t<\/div>\n\t\t\t\t<\/div>\n\t\t<div class=\"elementor-element elementor-element-a883960 e-flex e-con-boxed e-con e-parent\" data-id=\"a883960\" data-element_type=\"container\">\n\t\t\t\t\t<div class=\"e-con-inner\">\n\t\t\t\t<div class=\"elementor-element elementor-element-26c49ef elementor-widget elementor-widget-text-editor\" data-id=\"26c49ef\" data-element_type=\"widget\" data-widget_type=\"text-editor.default\">\n\t\t\t\t<div class=\"elementor-widget-container\">\n\t\t\t\t\t\t\t\t\t<h3>1- Insamling av personuppgifter<\/h3>\n<p>Informationen som du kommunicerar via kontaktformul\u00e4r, jobberbjudanden och cookies (f\u00f6r mer information uppmanas du att h\u00e4nvisa till det specifika avsnittet &#8221;Cookies&#8221;) \u00e4r f\u00f6rem\u00e5l f\u00f6r behandling av FLOWBIRD i syfte att svara p\u00e5 dina f\u00f6rfr\u00e5gningar.<\/p>\n<p>FLOWBIRD, personuppgiftsansvarig, behandlar de insamlade personuppgifterna f\u00f6r de syften, under den tidsperiod och p\u00e5 grundval av den r\u00e4ttsliga grund som anges nedan:<\/p>\n<table>\n<tbody>\n<tr>\n<td colspan=\"1\" rowspan=\"1\"><strong>Information<\/strong><\/td>\n<td colspan=\"1\" rowspan=\"1\"><strong>Syften<\/strong><\/td>\n<td colspan=\"1\" rowspan=\"1\"><strong>Varaktigheten<\/strong><\/td>\n<td colspan=\"1\" rowspan=\"1\"><strong>R\u00e4ttslig grund<\/strong><\/td>\n<\/tr>\n<tr>\n<td colspan=\"1\" rowspan=\"1\">Kontaktf\u00f6rfr\u00e5gningar (hanteras av marknadsavdelningen)<\/td>\n<td colspan=\"1\" rowspan=\"1\">Svara p\u00e5 dina f\u00f6rfr\u00e5gningar om information om v\u00e5ra produkter<\/td>\n<td colspan=\"1\" rowspan=\"1\">3 \u00e5r fr\u00e5n senaste kontakt<\/td>\n<td colspan=\"1\" rowspan=\"1\">Ditt samtycke<\/td>\n<\/tr>\n<tr>\n<td colspan=\"1\" rowspan=\"1\">Jobberbjudanden (behandlas av personalavdelningen)<\/td>\n<td colspan=\"1\" rowspan=\"1\">Granska din ans\u00f6kan<\/td>\n<td colspan=\"1\" rowspan=\"1\">2 \u00e5r fr\u00e5n mottagandet av din ans\u00f6kan och sedan med ditt samtycke under ytterligare 2 \u00e5r<\/td>\n<td colspan=\"1\" rowspan=\"1\">Ditt samtycke<\/td>\n<\/tr>\n<tr>\n<td colspan=\"1\" rowspan=\"1\">\u00c4gander\u00e4ttsligt skyddade cookies<\/td>\n<td colspan=\"1\" rowspan=\"1\">&#8211; M\u00f6jligg\u00f6ra optimal anv\u00e4ndning av webbplatsen<br \/>&#8211; Producera webbplatsens trafikstatistik och bidra till att f\u00f6rb\u00e4ttra webbplatsen<br \/>&#8211; F\u00f6lja anv\u00e4ndare och ge dig tillg\u00e5ng till videor<\/td>\n<td colspan=\"1\" rowspan=\"1\">12 m\u00e5nader<br \/>13 m\u00e5nader<br \/>6 m\u00e5nader<\/td>\n<td colspan=\"1\" rowspan=\"1\">Ditt samtycke<\/td>\n<\/tr>\n<\/tbody>\n<\/table>\n<h3>2- Dina r\u00e4ttigheter<\/h3>\n<p>I enlighet med g\u00e4llande best\u00e4mmelser om skydd av personuppgifter och i synnerhet Europaparlamentets och r\u00e5dets f\u00f6rordning (EU) 2016\/679 av den 27 april 2016 om skydd f\u00f6r enskilda personer med avseende p\u00e5 behandling av personuppgifter har du f\u00f6ljande r\u00e4ttigheter:<\/p>\n<ul>\n<li>r\u00e4tt till tillg\u00e5ng,<\/li>\n<li>r\u00e4tt till r\u00e4ttelse,<\/li>\n<li>r\u00e4tt till radering (r\u00e4tten att bli bortgl\u00f6md),<\/li>\n<li>r\u00e4tt att \u00e5terkalla ditt samtycke,<\/li>\n<li>r\u00e4tt att g\u00f6ra inv\u00e4ndningar av sk\u00e4l som h\u00e4nf\u00f6r sig till din s\u00e4rskilda situation,<\/li>\n<li>r\u00e4tt till begr\u00e4nsning av behandling,<\/li>\n<li>Att fastst\u00e4lla riktlinjer f\u00f6r bevarande, radering och \u00f6verf\u00f6ring av personuppgifter efter d\u00f6dsfall.<\/li>\n<\/ul>\n<h3>3 &#8211; Utnyttja dina r\u00e4ttigheter<\/h3>\n<p>F\u00f6r att ut\u00f6va dina r\u00e4ttigheter kan du g\u00f6ra det:<\/p>\n<ul>\n<li>Anv\u00e4nd v\u00e5rt onlineformul\u00e4r eller skicka oss ett e-postmeddelande eller post till adresserna nedan och ange vilken r\u00e4ttighet du vill ut\u00f6va, vilka personuppgifter som ber\u00f6rs av din beg\u00e4ran och ange ditt namn, f\u00f6rnamn och e-postadress.<\/li>\n<li>Fyll i detta onlineformul\u00e4r: <a href=\"https:\/\/privacyportal-de.onetrust.com\/webform\/b4ca0275-61b2-4b93-825d-386e88050a95\/ecaf1512-541a-4918-9ec8-34d2faa9dc88\" target=\"_blank\" rel=\"noopener\">Ut\u00f6va dina r\u00e4ttigheter<\/a><\/li>\n<li>E-post: dpo@flowbird.group<\/li>\n<li>Postf\u00f6rs\u00e4ndelse: Flowbird &#8211; Droit sur les Donn\u00e9es personnelles, 2 ter rue de du ch\u00e2teau 92200 Neuilly-sur-Seine<\/li>\n<\/ul>\n<p>I f\u00f6rekommande fall kan du bli ombedd att visa upp en kopia av en identitetshandling.<\/p>\n<\/p>\n<h3>4 &#8211; Inl\u00e4mnande av klagom\u00e5l<\/h3>\n<p>Om du anser, efter att ha kontaktat oss i detta avseende, att dina r\u00e4ttigheter avseende dina personuppgifter inte respekteras, kan du skicka ett klagom\u00e5l till National Commission for Informatics and Liberties (CNIL &#8211; 3 place de Fontenoy &#8211; TSA 80715 &#8211; 75334 Paris cedex 07 &#8211; t\u00e9l\u00e9phone : 01 53 73 22 22).<\/p>\n\t\t\t\t\t\t\t\t<\/div>\n\t\t\t\t<\/div>\n\t\t\t\t\t<\/div>\n\t\t\t\t<\/div>\n\t\t\t\t<\/div>\n\t\t","protected":false},"excerpt":{"rendered":"<p>1- Insamling av personuppgifter Informationen som du kommunicerar via kontaktformul\u00e4r, jobberbjudanden och cookies (f\u00f6r mer information uppmanas du att h\u00e4nvisa till det specifika avsnittet &#8221;Cookies&#8221;) \u00e4r f\u00f6rem\u00e5l f\u00f6r behandling av FLOWBIRD i syfte att svara p\u00e5 dina f\u00f6rfr\u00e5gningar. FLOWBIRD, personuppgiftsansvarig, behandlar de insamlade personuppgifterna f\u00f6r de syften, under den tidsperiod och p\u00e5 grundval av den [&hellip;]<\/p>\n","protected":false},"author":2,"featured_media":0,"parent":0,"menu_order":6,"comment_status":"closed","ping_status":"closed","template":"","meta":{"_acf_changed":false,"footnotes":""},"categories":[],"tags":[],"class_list":["post-9699","page","type-page","status-publish","hentry"],"acf":[],"yoast_head":"<!-- This site is optimized with the Yoast SEO Premium plugin v26.3 (Yoast SEO v26.3) - https:\/\/yoast.com\/wordpress\/plugins\/seo\/ -->\n<title>Integritetspolicy - Flowbird<\/title>\n<meta name=\"robots\" content=\"index, follow, max-snippet:-1, max-image-preview:large, max-video-preview:-1\" \/>\n<link rel=\"canonical\" href=\"https:\/\/www.flowbird.com\/sv\/integritetspolicy\/\" \/>\n<meta property=\"og:locale\" content=\"sv_SE\" \/>\n<meta property=\"og:type\" content=\"article\" \/>\n<meta property=\"og:title\" content=\"Integritetspolicy\" \/>\n<meta property=\"og:description\" content=\"1- Insamling av personuppgifter Informationen som du kommunicerar via kontaktformul\u00e4r, jobberbjudanden och cookies (f\u00f6r mer information uppmanas du att h\u00e4nvisa till det specifika avsnittet &#8221;Cookies&#8221;) \u00e4r f\u00f6rem\u00e5l f\u00f6r behandling av FLOWBIRD i syfte att svara p\u00e5 dina f\u00f6rfr\u00e5gningar. FLOWBIRD, personuppgiftsansvarig, behandlar de insamlade personuppgifterna f\u00f6r de syften, under den tidsperiod och p\u00e5 grundval av den [&hellip;]\" \/>\n<meta property=\"og:url\" content=\"https:\/\/www.flowbird.com\/sv\/integritetspolicy\/\" \/>\n<meta property=\"og:site_name\" content=\"Flowbird\" \/>\n<meta property=\"article:modified_time\" content=\"2024-11-15T10:43:40+00:00\" \/>\n<meta name=\"twitter:card\" content=\"summary_large_image\" \/>\n<meta name=\"twitter:label1\" content=\"Ber\u00e4knad l\u00e4stid\" \/>\n\t<meta name=\"twitter:data1\" content=\"2 minuter\" \/>\n<script type=\"application\/ld+json\" class=\"yoast-schema-graph\">{\"@context\":\"https:\/\/schema.org\",\"@graph\":[{\"@type\":\"WebPage\",\"@id\":\"https:\/\/www.flowbird.com\/sv\/integritetspolicy\/\",\"url\":\"https:\/\/www.flowbird.com\/sv\/integritetspolicy\/\",\"name\":\"Integritetspolicy - Flowbird\",\"isPartOf\":{\"@id\":\"https:\/\/preprod.flowbird.com\/#website\"},\"datePublished\":\"2024-10-01T13:56:44+00:00\",\"dateModified\":\"2024-11-15T10:43:40+00:00\",\"breadcrumb\":{\"@id\":\"https:\/\/www.flowbird.com\/sv\/integritetspolicy\/#breadcrumb\"},\"inLanguage\":\"sv-SE\",\"potentialAction\":[{\"@type\":\"ReadAction\",\"target\":[\"https:\/\/www.flowbird.com\/sv\/integritetspolicy\/\"]}]},{\"@type\":\"BreadcrumbList\",\"@id\":\"https:\/\/www.flowbird.com\/sv\/integritetspolicy\/#breadcrumb\",\"itemListElement\":[{\"@type\":\"ListItem\",\"position\":1,\"name\":\"Home\",\"item\":\"https:\/\/www.flowbird.com\/sv\/\"},{\"@type\":\"ListItem\",\"position\":2,\"name\":\"Integritetspolicy\"}]},{\"@type\":\"WebSite\",\"@id\":\"https:\/\/preprod.flowbird.com\/#website\",\"url\":\"https:\/\/preprod.flowbird.com\/\",\"name\":\"Flowbird\",\"description\":\"Effortless Movement From City to City\",\"publisher\":{\"@id\":\"https:\/\/preprod.flowbird.com\/#organization\"},\"potentialAction\":[{\"@type\":\"SearchAction\",\"target\":{\"@type\":\"EntryPoint\",\"urlTemplate\":\"https:\/\/preprod.flowbird.com\/?s={search_term_string}\"},\"query-input\":{\"@type\":\"PropertyValueSpecification\",\"valueRequired\":true,\"valueName\":\"search_term_string\"}}],\"inLanguage\":\"sv-SE\"},{\"@type\":\"Organization\",\"@id\":\"https:\/\/www.flowbird.com\/sv\/#Organization\/\",\"name\":\"Flowbird\",\"url\":\"https:\/\/preprod.flowbird.com\/\",\"logo\":{\"@type\":\"ImageObject\",\"inLanguage\":\"sv-SE\",\"@id\":\"https:\/\/preprod.flowbird.com\/#\/schema\/logo\/image\/\",\"url\":\"https:\/\/www.flowbird.com\/wp-content\/uploads\/2024\/04\/FB-Logo.svg\",\"contentUrl\":\"https:\/\/www.flowbird.com\/wp-content\/uploads\/2024\/04\/FB-Logo.svg\",\"caption\":\"Flowbird\"},\"image\":{\"@id\":\"https:\/\/preprod.flowbird.com\/#\/schema\/logo\/image\/\"}}]}<\/script>\n<!-- \/ Yoast SEO Premium plugin. -->","yoast_head_json":{"title":"Integritetspolicy - Flowbird","robots":{"index":"index","follow":"follow","max-snippet":"max-snippet:-1","max-image-preview":"max-image-preview:large","max-video-preview":"max-video-preview:-1"},"canonical":"https:\/\/www.flowbird.com\/sv\/integritetspolicy\/","og_locale":"sv_SE","og_type":"article","og_title":"Integritetspolicy","og_description":"1- Insamling av personuppgifter Informationen som du kommunicerar via kontaktformul\u00e4r, jobberbjudanden och cookies (f\u00f6r mer information uppmanas du att h\u00e4nvisa till det specifika avsnittet &#8221;Cookies&#8221;) \u00e4r f\u00f6rem\u00e5l f\u00f6r behandling av FLOWBIRD i syfte att svara p\u00e5 dina f\u00f6rfr\u00e5gningar. FLOWBIRD, personuppgiftsansvarig, behandlar de insamlade personuppgifterna f\u00f6r de syften, under den tidsperiod och p\u00e5 grundval av den [&hellip;]","og_url":"https:\/\/www.flowbird.com\/sv\/integritetspolicy\/","og_site_name":"Flowbird","article_modified_time":"2024-11-15T10:43:40+00:00","twitter_card":"summary_large_image","twitter_misc":{"Ber\u00e4knad l\u00e4stid":"2 minuter"},"schema":{"@context":"https:\/\/schema.org","@graph":[{"@type":"WebPage","@id":"https:\/\/www.flowbird.com\/sv\/integritetspolicy\/","url":"https:\/\/www.flowbird.com\/sv\/integritetspolicy\/","name":"Integritetspolicy - Flowbird","isPartOf":{"@id":"https:\/\/preprod.flowbird.com\/#website"},"datePublished":"2024-10-01T13:56:44+00:00","dateModified":"2024-11-15T10:43:40+00:00","breadcrumb":{"@id":"https:\/\/www.flowbird.com\/sv\/integritetspolicy\/#breadcrumb"},"inLanguage":"sv-SE","potentialAction":[{"@type":"ReadAction","target":["https:\/\/www.flowbird.com\/sv\/integritetspolicy\/"]}]},{"@type":"BreadcrumbList","@id":"https:\/\/www.flowbird.com\/sv\/integritetspolicy\/#breadcrumb","itemListElement":[{"@type":"ListItem","position":1,"name":"Home","item":"https:\/\/www.flowbird.com\/sv\/"},{"@type":"ListItem","position":2,"name":"Integritetspolicy"}]},{"@type":"WebSite","@id":"https:\/\/preprod.flowbird.com\/#website","url":"https:\/\/preprod.flowbird.com\/","name":"Flowbird","description":"Effortless Movement From City to City","publisher":{"@id":"https:\/\/preprod.flowbird.com\/#organization"},"potentialAction":[{"@type":"SearchAction","target":{"@type":"EntryPoint","urlTemplate":"https:\/\/preprod.flowbird.com\/?s={search_term_string}"},"query-input":{"@type":"PropertyValueSpecification","valueRequired":true,"valueName":"search_term_string"}}],"inLanguage":"sv-SE"},{"@type":"Organization","@id":"https:\/\/www.flowbird.com\/sv\/#Organization\/","name":"Flowbird","url":"https:\/\/preprod.flowbird.com\/","logo":{"@type":"ImageObject","inLanguage":"sv-SE","@id":"https:\/\/preprod.flowbird.com\/#\/schema\/logo\/image\/","url":"https:\/\/www.flowbird.com\/wp-content\/uploads\/2024\/04\/FB-Logo.svg","contentUrl":"https:\/\/www.flowbird.com\/wp-content\/uploads\/2024\/04\/FB-Logo.svg","caption":"Flowbird"},"image":{"@id":"https:\/\/preprod.flowbird.com\/#\/schema\/logo\/image\/"}}]}},"_links":{"self":[{"href":"https:\/\/www.flowbird.com\/sv\/wp-json\/wp\/v2\/pages\/9699","targetHints":{"allow":["GET"]}}],"collection":[{"href":"https:\/\/www.flowbird.com\/sv\/wp-json\/wp\/v2\/pages"}],"about":[{"href":"https:\/\/www.flowbird.com\/sv\/wp-json\/wp\/v2\/types\/page"}],"author":[{"embeddable":true,"href":"https:\/\/www.flowbird.com\/sv\/wp-json\/wp\/v2\/users\/2"}],"replies":[{"embeddable":true,"href":"https:\/\/www.flowbird.com\/sv\/wp-json\/wp\/v2\/comments?post=9699"}],"version-history":[{"count":1,"href":"https:\/\/www.flowbird.com\/sv\/wp-json\/wp\/v2\/pages\/9699\/revisions"}],"predecessor-version":[{"id":9701,"href":"https:\/\/www.flowbird.com\/sv\/wp-json\/wp\/v2\/pages\/9699\/revisions\/9701"}],"wp:attachment":[{"href":"https:\/\/www.flowbird.com\/sv\/wp-json\/wp\/v2\/media?parent=9699"}],"wp:term":[{"taxonomy":"category","embeddable":true,"href":"https:\/\/www.flowbird.com\/sv\/wp-json\/wp\/v2\/categories?post=9699"},{"taxonomy":"post_tag","embeddable":true,"href":"https:\/\/www.flowbird.com\/sv\/wp-json\/wp\/v2\/tags?post=9699"}],"curies":[{"name":"wp","href":"https:\/\/api.w.org\/{rel}","templated":true}]}}