{"id":9696,"date":"2024-10-01T13:56:44","date_gmt":"2024-10-01T13:56:44","guid":{"rendered":"https:\/\/preprod.flowbird.com\/villkor-och-anvisningar\/"},"modified":"2024-12-03T10:46:56","modified_gmt":"2024-12-03T10:46:56","slug":"villkor-och-anvisningar","status":"publish","type":"page","link":"https:\/\/www.flowbird.com\/sv\/villkor-och-anvisningar\/","title":{"rendered":"Anv\u00e4ndarvillkor och krediteringar"},"content":{"rendered":"\t\t<div data-elementor-type=\"wp-page\" data-elementor-id=\"9696\" class=\"elementor elementor-9696 elementor-1093\" data-elementor-post-type=\"page\">\n\t\t\t\t<div class=\"elementor-element elementor-element-39ee76f e-con-full e-flex e-con e-parent\" data-id=\"39ee76f\" data-element_type=\"container\">\n\t\t<div class=\"elementor-element elementor-element-0d798a5 e-flex e-con-boxed e-con e-child\" data-id=\"0d798a5\" data-element_type=\"container\" data-settings=\"{&quot;background_background&quot;:&quot;gradient&quot;}\">\n\t\t\t\t\t<div class=\"e-con-inner\">\n\t\t\t\t<div class=\"elementor-element elementor-element-c3fe5de elementor-widget elementor-widget-heading\" data-id=\"c3fe5de\" data-element_type=\"widget\" data-widget_type=\"heading.default\">\n\t\t\t\t<div class=\"elementor-widget-container\">\n\t\t\t\t\t<h1 class=\"elementor-heading-title elementor-size-default\">Anv\u00e4ndarvillkor och krediteringar<\/h1>\t\t\t\t<\/div>\n\t\t\t\t<\/div>\n\t\t\t\t\t<\/div>\n\t\t\t\t<\/div>\n\t\t\t\t<\/div>\n\t\t<div class=\"elementor-element elementor-element-8d570ba e-flex e-con-boxed e-con e-parent\" data-id=\"8d570ba\" data-element_type=\"container\">\n\t\t\t\t\t<div class=\"e-con-inner\">\n\t\t\t\t<div class=\"elementor-element elementor-element-18aabbd elementor-widget elementor-widget-text-editor\" data-id=\"18aabbd\" data-element_type=\"widget\" data-widget_type=\"text-editor.default\">\n\t\t\t\t<div class=\"elementor-widget-container\">\n\t\t\t\t\t\t\t\t\t<h3>\n            <b>1. Utgivare och v\u00e4rdf\u00f6retag<\/b><br \/>\n          <\/h3>\n<p>\n            <span style=\"font-weight: 400;\">F\u00f6retag som publicerar webbplatsen:<\/span>\n          <\/p>\n<p>\n            <span style=\"font-weight: 400;\">Flowbird, f\u00f6renklat aktiebolag, med ett kapital p\u00e5 35 456 049 euro, vars huvudkontor ligger p\u00e5 2TER rue du Ch\u00e2teau 92200 NEUILLY-SUR-SEINE.<\/span><br \/>\n            <span style=\"font-weight: 400;\"><br \/>\n              <br \/>\n            <\/span><br \/>\n            <span style=\"font-weight: 400;\">SIREN-identifieringsnummer: 444 719 272 RCS PARIS.<\/span>\n          <\/p>\n<p><span style=\"font-weight: 400;\">Ansvarig utgivare: \u00c9lodie Pommepuy<\/span><span style=\"font-weight: 400;\"><br \/><\/span><span style=\"font-weight: 400;\">Flowbird &#8211; Kommunikationstj\u00e4nst (Tel: 03 81 54 56 00)<\/span><span style=\"font-weight: 400;\"><br \/><\/span><span style=\"font-weight: 400;\">Hosting f\u00f6r denna webbplats tillhandah\u00e5lls av Net&amp;Tic.<\/span><\/p>\n<p><span style=\"font-weight: 400;\">Koncept och produktion: <\/span><a href=\"https:\/\/www.net-tic.net\/\" target=\"_blank\" rel=\"noopener\"><span style=\"font-weight: 400;\">Net&amp;Tic<\/span><\/a><\/p>\n<h3>\n            <b>2. Inledning<\/b><br \/>\n          <\/h3>\n<p>\n            <span style=\"font-weight: 400;\">Flowbird har lagt ut den h\u00e4r webbplatsen online f\u00f6r att presentera sina aktiviteter, produkter och tj\u00e4nster f\u00f6r dig. Anv\u00e4ndningen av denna webbplats inneb\u00e4r att du samtycker till att vara bunden av de allm\u00e4nna villkor som f\u00f6ljer och samtycker till att f\u00f6lja alla till\u00e4mpliga lagar. <\/span>\n          <\/p>\n<h3>\n            <b>3. Information om produkter och tj\u00e4nster<\/b><br \/>\n          <\/h3>\n<p>\n            <span style=\"font-weight: 400;\">Egenskaperna hos de produkter och tj\u00e4nster som presenteras ges endast i informationssyfte. Flowbird eller dess dotterbolag kan n\u00e4r som helst och utan f\u00f6reg\u00e5ende meddelande \u00e4ndra informationen om produkterna och tj\u00e4nsterna p\u00e5 denna webbplats. Informationen ges utan n\u00e5gra uttryckliga eller underf\u00f6rst\u00e5dda garantier. De produkter och tj\u00e4nster som presenteras p\u00e5 denna webbplats distribueras huvudsakligen genom ett n\u00e4tverk av distribut\u00f6rer. I samtliga fall \u00e4r dessa distribut\u00f6rer f\u00f6retag som sj\u00e4lva \u00e4r separata juridiska personer och agerar ensamma utan n\u00e5gon solidaritet dem emellan. N\u00e4r du f\u00e5r tillg\u00e5ng till information, produkter och tj\u00e4nster som erbjuds av dessa distribut\u00f6rer via en hyperl\u00e4nk \u00e4r dessa f\u00f6retag d\u00e4rf\u00f6r helt ansvariga f\u00f6r den information som finns p\u00e5 deras webbplatser.     <\/span>\n          <\/p>\n<h3>\n            <b>4. Hantering av \u00e5tkomst och l\u00f6senord<\/b><br \/>\n          <\/h3>\n<p>\n            <span style=\"font-weight: 400;\">Webbplatsen eller vissa delar av den \u00e4r tillg\u00e4ngliga med hj\u00e4lp av en \u00e5tkomstkod och ett l\u00f6senord som tillhandah\u00e5lls av Flowbird. \u00c5tkomstkoderna och l\u00f6senorden \u00e4r konfidentiella. Du \u00e4r ansvarig f\u00f6r konsekvenserna av deras anv\u00e4ndning. Det \u00e4r d\u00e4rf\u00f6r ditt ansvar att vidta alla n\u00f6dv\u00e4ndiga \u00e5tg\u00e4rder f\u00f6r att s\u00e4kerst\u00e4lla s\u00e4kerheten och sekretessen f\u00f6r de \u00e5tkomstkoder och l\u00f6senord som tilldelats dig. Du f\u00f6rbinder dig att informera Flowbird om eventuell bedr\u00e4glig anv\u00e4ndning av din \u00e5tkomstkod och\/eller ditt l\u00f6senord s\u00e5 snart du f\u00e5r k\u00e4nnedom om det. Du kan n\u00e4r som helst \u00e4ndra det l\u00f6senord som du ursprungligen tilldelades via webbplatsen. Flowbird f\u00f6rbeh\u00e5ller sig r\u00e4tten att st\u00e4nga av din \u00e5tkomst till webbplatsen i h\u00e4ndelse av bedr\u00e4glig anv\u00e4ndning eller f\u00f6rs\u00f6k till bedr\u00e4glig anv\u00e4ndning av \u00e5tkomst. I h\u00e4ndelse av att \u00e5tkomsten st\u00e4ngs av kommer Flowbird att informera dig omedelbart.       <\/span>\n          <\/p>\n<h3>\n            <b>5. Skydd av personuppgifter<\/b><br \/>\n          <\/h3>\n<p>\n            <span style=\"font-weight: 400;\">N\u00e4r du bes\u00f6ker webbplatsen kan du bli ombedd att l\u00e4mna vissa personuppgifter om dig sj\u00e4lv i syfte att b\u00e4ttre kunna tillgodose dina behov av information och f\u00f6rst\u00e5 dina f\u00f6rv\u00e4ntningar, samt f\u00f6r att hj\u00e4lpa dig att f\u00e5 ut mesta m\u00f6jliga av de tj\u00e4nster som erbjuds p\u00e5 denna webbplats. F\u00f6r mer information h\u00e4nvisas till v\u00e5r <a href=\"https:\/\/www.flowbird.com\/sv\/integritetspolicy\/\">integritetspolicy<\/a>. <\/span>\n          <\/p>\n<h3>\n            <b>6. Anv\u00e4ndning av cookies<\/b><br \/>\n          <\/h3>\n<p>\n            <span style=\"font-weight: 400;\">En cookie \u00e4r ett informationsmeddelande som skickas fr\u00e5n en webbplats till en dator i form av en liten datafil. Cookies \u00e4r n\u00f6dv\u00e4ndiga f\u00f6r att g\u00f6ra din \u00e5tkomst till v\u00e5ra onlinetj\u00e4nster mer personlig. Lagring av cookies sker via den webbl\u00e4sare som anv\u00e4nds p\u00e5 Internet (t.ex. Internet Explorer). Cookies \u00e4r dock anonyma och anv\u00e4nds aldrig f\u00f6r att samla in personlig information. Du kan acceptera eller avvisa cookies genom att konfigurera din webbl\u00e4sare (inaktivera alla eller vissa cookies &#8211; se din webbl\u00e4sares manual eller hj\u00e4lpfunktion f\u00f6r ytterligare information). Om du inaktiverar cookies kan det inneb\u00e4ra att du inte f\u00e5r tillg\u00e5ng till vissa tj\u00e4nster som cookies \u00e4r kopplade till. Det f\u00f6rhindrar inte \u00e5tkomst till icke reserverade delar av webbplatsen. Dessutom h\u00e5ller vi reda p\u00e5 hur och var bes\u00f6karna har hittat v\u00e5r webbplats, inklusive deras ursprung. Denna information anv\u00e4nds f\u00f6r statistisk analys. Motsvarande uppgifter inneh\u00e5ller inga personuppgifter och f\u00f6rst\u00f6rs efter anv\u00e4ndning.         <\/span>\n          <\/p>\n<p>\n            <span style=\"font-weight: 400;\">Mer information finns i v\u00e5r <a href=\"https:\/\/www.flowbird.com\/sv\/policy-for-cookies\/\">policy f\u00f6r cookies<\/a>.<\/span>\n          <\/p>\n<h3>\n            <b>7. Upphovsr\u00e4tt<\/b><br \/>\n          <\/h3>\n<p>\n            <span style=\"font-weight: 400;\">All information eller alla dokument som finns p\u00e5 webbplatsen, liksom alla element som skapats f\u00f6r webbplatsen, \u00e4r antingen Flowbirds eller dess dotterbolags egendom, eller omfattas av de \u00f6verenskomna r\u00e4ttigheterna till anv\u00e4ndning, reproduktion och representation till f\u00f6rm\u00e5n f\u00f6r de senare. Informationen, dokumenten eller elementen omfattas av upphovsr\u00e4tt och liknande lagar som skyddar upphovsmannaskapet fr\u00e5n den tidpunkt d\u00e5 de st\u00e4lls till allm\u00e4nhetens f\u00f6rfogande p\u00e5 webbplatsen. Kopior av de dokument som finns p\u00e5 webbplatsen f\u00e5r endast g\u00f6ras i informationssyfte och endast f\u00f6r enstaka strikt privat bruk. Ingen licens eller annan r\u00e4ttighet \u00e4n den att bes\u00f6ka webbplatsen ges till n\u00e5gon med avseende p\u00e5 immateriella r\u00e4ttigheter. Kopiering av dokument fr\u00e5n webbplatsen \u00e4r endast till\u00e5ten i informationssyfte f\u00f6r personligt och privat bruk: all kopiering och anv\u00e4ndning av kopior f\u00f6r andra \u00e4ndam\u00e5l \u00e4r uttryckligen f\u00f6rbjuden och kr\u00e4ver uttryckligt f\u00f6rhandstillst\u00e5nd fr\u00e5n Flowbird. I alla fall m\u00e5ste den auktoriserade reproduktionen av all information som finns p\u00e5 denna webbplats ange l\u00e4mplig k\u00e4lla och upphovsr\u00e4tt. Om inget annat anges \u00e4r f\u00f6retagsnamn, logotyper, produkter och varum\u00e4rken som n\u00e4mns p\u00e5 denna webbplats Flowbirds eller dess dotterbolags egendom. De f\u00e5r inte anv\u00e4ndas utan f\u00f6reg\u00e5ende skriftligt tillst\u00e5nd fr\u00e5n Flowbird.       <\/span>\n          <\/p>\n<p>\n            <span style=\"font-weight: 400;\">All kommunikation som skickas till Flowbird eller dess dotterbolag via denna webbplats eller via e-post anses inte vara konfidentiell, och Flowbird eller dess dotterbolag kan fritt reproducera, publicera eller anv\u00e4nda dem p\u00e5 n\u00e5got annat s\u00e4tt f\u00f6r vilket syfte som helst. Avs\u00e4ndaren av all kommunikation till Flowbird eller dess dotterbolag \u00e4r ansvarig f\u00f6r dess inneh\u00e5ll och den information som den inneh\u00e5ller, s\u00e4rskilt vad g\u00e4ller dess riktighet. <\/span>\n          <\/p>\n<p>\n            <span style=\"font-weight: 400;\">Denna webbplats respekterar upphovsr\u00e4tten. Alla r\u00e4ttigheter f\u00f6r upphovsm\u00e4n till skyddade verk som \u00e5terges eller sprids p\u00e5 denna webbplats \u00e4r f\u00f6rbeh\u00e5llna. F\u00f6rutom i fall av tillst\u00e5nd \u00e4r all anv\u00e4ndning av verk f\u00f6rbjuden, f\u00f6rutom individuell och privat reproduktion och konsultation.  <\/span>\n          <\/p>\n<h3>\n            <b>8. Hyperl\u00e4nkar<\/b><br \/>\n          <\/h3>\n<p>\n            <span style=\"font-weight: 400;\">Flowbird och dess dotterbolag tar formellt inget ansvar f\u00f6r inneh\u00e5llet p\u00e5 de webbplatser som de erbjuder l\u00e4nkar till. Dessa l\u00e4nkar erbjuds anv\u00e4ndarna av denna webbplats som en tj\u00e4nst. Beslutet att aktivera l\u00e4nkarna ligger helt och h\u00e5llet hos anv\u00e4ndarna av webbplatsen. Om du vill skapa en hyperl\u00e4nk till denna webbplats m\u00e5ste du i f\u00f6rv\u00e4g inh\u00e4mta skriftligt tillst\u00e5nd fr\u00e5n Flowbird p\u00e5 f\u00f6ljande adress Flowbird, 2TER rue du Ch\u00e2teau 92200 NEUILLY-SUR-SEINE, Frankrike eller genom att anv\u00e4nda sidan &#8221;Kontakta oss&#8221; p\u00e5 webbplatsen eller den h\u00e4r e-postadressen:     <\/span><br \/>\n            <a href=\"mailto:contact@flowbird.group\"><br \/>\n              <span style=\"font-weight: 400;\">contact@flowbird.group<\/span><br \/>\n            <\/a>\n          <\/p>\n<h3>\n            <b>9. Ansvarsfullhet<\/b><br \/>\n          <\/h3>\n<p>\n            <span style=\"font-weight: 400;\">Den information och de rekommendationer (&#8221;Information&#8221;) som finns tillg\u00e4nglig p\u00e5 denna webbplats tillhandah\u00e5lls i god tro. Denna information antas vara korrekt n\u00e4r du l\u00e4ser den. Flowbird och dess dotterbolag garanterar dock inte att denna information \u00e4r fullst\u00e4ndig och korrekt. Du accepterar fullt ut de risker som \u00e4r f\u00f6rknippade med den kredit du ger informationen. Ingen garanti, vare sig uttrycklig eller underf\u00f6rst\u00e5dd, ges f\u00f6r de produkter eller tj\u00e4nster som h\u00e4nvisas till i denna information. Under inga omst\u00e4ndigheter kommer Flowbird eller dess dotterbolag att \u00e5ta sig att uppdatera eller korrigera den information som publiceras p\u00e5 denna webbplats. P\u00e5 samma s\u00e4tt f\u00f6rbeh\u00e5ller sig Flowbird eller dess dotterbolag r\u00e4tten att n\u00e4r som helst \u00e4ndra eller korrigera inneh\u00e5llet p\u00e5 sina webbplatser utan f\u00f6reg\u00e5ende meddelande.      <\/span>\n          <\/p>\n<p>\n            <span style=\"font-weight: 400;\">Trots alla anstr\u00e4ngningar kan Flowbird och dess dotterbolag inte garantera en virusfri webbplats och tar inte p\u00e5 sig n\u00e5got ansvar i detta avseende. Internetanv\u00e4ndare m\u00e5ste f\u00f6r sitt eget skydd vidta n\u00f6dv\u00e4ndiga \u00e5tg\u00e4rder och i synnerhet anv\u00e4nda antivirusprogram f\u00f6r att skanna all information, programvara eller dokumentation innan den laddas ner. <\/span>\n          <\/p>\n<h3>\n            <b>10. Uppdatering av villkor och best\u00e4mmelser<\/b><br \/>\n          <\/h3>\n<p>\n            <span style=\"font-weight: 400;\">Flowbird kan n\u00e4r som helst uppdatera dessa anv\u00e4ndarvillkor f\u00f6r webbplatsen. F\u00f6ljaktligen uppmanas du att regelbundet l\u00e4sa de senaste anv\u00e4ndarvillkoren som f\u00f6r n\u00e4rvarande g\u00e4ller f\u00f6r webbplatsen. <\/span>\n          <\/p>\n<h3>\n            <b>Krediter<\/b><br \/>\n          <\/h3>\n<p>\n            <span style=\"font-weight: 400;\">Ink\u00f6p av konst: Shutterstock, Fotolia, Istockphoto<\/span>\n          <\/p>\n\t\t\t\t\t\t\t\t<\/div>\n\t\t\t\t<\/div>\n\t\t\t\t\t<\/div>\n\t\t\t\t<\/div>\n\t\t\t\t<\/div>\n\t\t","protected":false},"excerpt":{"rendered":"<p>1. Utgivare och v\u00e4rdf\u00f6retag F\u00f6retag som publicerar webbplatsen: Flowbird, f\u00f6renklat aktiebolag, med ett kapital p\u00e5 35 456 049 euro, vars huvudkontor ligger p\u00e5 2TER rue du Ch\u00e2teau 92200 NEUILLY-SUR-SEINE. SIREN-identifieringsnummer: 444 719 272 RCS PARIS. Ansvarig utgivare: \u00c9lodie PommepuyFlowbird &#8211; Kommunikationstj\u00e4nst (Tel: 03 81 54 56 00)Hosting f\u00f6r denna webbplats tillhandah\u00e5lls av Net&amp;Tic. Koncept och [&hellip;]<\/p>\n","protected":false},"author":2,"featured_media":0,"parent":0,"menu_order":9,"comment_status":"closed","ping_status":"closed","template":"","meta":{"_acf_changed":false,"footnotes":""},"categories":[],"tags":[],"class_list":["post-9696","page","type-page","status-publish","hentry"],"acf":[],"yoast_head":"<!-- This site is optimized with the Yoast SEO Premium plugin v26.3 (Yoast SEO v26.3) - https:\/\/yoast.com\/wordpress\/plugins\/seo\/ -->\n<title>Anv\u00e4ndarvillkor och krediteringar - Flowbird<\/title>\n<meta name=\"robots\" content=\"index, follow, max-snippet:-1, max-image-preview:large, max-video-preview:-1\" \/>\n<link rel=\"canonical\" href=\"https:\/\/www.flowbird.com\/sv\/villkor-och-anvisningar\/\" \/>\n<meta property=\"og:locale\" content=\"sv_SE\" \/>\n<meta property=\"og:type\" content=\"article\" \/>\n<meta property=\"og:title\" content=\"Anv\u00e4ndarvillkor och krediteringar\" \/>\n<meta property=\"og:description\" content=\"1. Utgivare och v\u00e4rdf\u00f6retag F\u00f6retag som publicerar webbplatsen: Flowbird, f\u00f6renklat aktiebolag, med ett kapital p\u00e5 35 456 049 euro, vars huvudkontor ligger p\u00e5 2TER rue du Ch\u00e2teau 92200 NEUILLY-SUR-SEINE. SIREN-identifieringsnummer: 444 719 272 RCS PARIS. Ansvarig utgivare: \u00c9lodie PommepuyFlowbird &#8211; Kommunikationstj\u00e4nst (Tel: 03 81 54 56 00)Hosting f\u00f6r denna webbplats tillhandah\u00e5lls av Net&amp;Tic. Koncept och [&hellip;]\" \/>\n<meta property=\"og:url\" content=\"https:\/\/www.flowbird.com\/sv\/villkor-och-anvisningar\/\" \/>\n<meta property=\"og:site_name\" content=\"Flowbird\" \/>\n<meta property=\"article:modified_time\" content=\"2024-12-03T10:46:56+00:00\" \/>\n<meta name=\"twitter:card\" content=\"summary_large_image\" \/>\n<meta name=\"twitter:label1\" content=\"Ber\u00e4knad l\u00e4stid\" \/>\n\t<meta name=\"twitter:data1\" content=\"7 minuter\" \/>\n<script type=\"application\/ld+json\" class=\"yoast-schema-graph\">{\"@context\":\"https:\/\/schema.org\",\"@graph\":[{\"@type\":\"WebPage\",\"@id\":\"https:\/\/www.flowbird.com\/sv\/villkor-och-anvisningar\/\",\"url\":\"https:\/\/www.flowbird.com\/sv\/villkor-och-anvisningar\/\",\"name\":\"Anv\u00e4ndarvillkor och krediteringar - Flowbird\",\"isPartOf\":{\"@id\":\"https:\/\/preprod.flowbird.com\/#website\"},\"datePublished\":\"2024-10-01T13:56:44+00:00\",\"dateModified\":\"2024-12-03T10:46:56+00:00\",\"breadcrumb\":{\"@id\":\"https:\/\/www.flowbird.com\/sv\/villkor-och-anvisningar\/#breadcrumb\"},\"inLanguage\":\"sv-SE\",\"potentialAction\":[{\"@type\":\"ReadAction\",\"target\":[\"https:\/\/www.flowbird.com\/sv\/villkor-och-anvisningar\/\"]}]},{\"@type\":\"BreadcrumbList\",\"@id\":\"https:\/\/www.flowbird.com\/sv\/villkor-och-anvisningar\/#breadcrumb\",\"itemListElement\":[{\"@type\":\"ListItem\",\"position\":1,\"name\":\"Home\",\"item\":\"https:\/\/www.flowbird.com\/sv\/\"},{\"@type\":\"ListItem\",\"position\":2,\"name\":\"Anv\u00e4ndarvillkor och krediteringar\"}]},{\"@type\":\"WebSite\",\"@id\":\"https:\/\/preprod.flowbird.com\/#website\",\"url\":\"https:\/\/preprod.flowbird.com\/\",\"name\":\"Flowbird\",\"description\":\"Effortless Movement From City to City\",\"publisher\":{\"@id\":\"https:\/\/preprod.flowbird.com\/#organization\"},\"potentialAction\":[{\"@type\":\"SearchAction\",\"target\":{\"@type\":\"EntryPoint\",\"urlTemplate\":\"https:\/\/preprod.flowbird.com\/?s={search_term_string}\"},\"query-input\":{\"@type\":\"PropertyValueSpecification\",\"valueRequired\":true,\"valueName\":\"search_term_string\"}}],\"inLanguage\":\"sv-SE\"},{\"@type\":\"Organization\",\"@id\":\"https:\/\/www.flowbird.com\/sv\/#Organization\/\",\"name\":\"Flowbird\",\"url\":\"https:\/\/preprod.flowbird.com\/\",\"logo\":{\"@type\":\"ImageObject\",\"inLanguage\":\"sv-SE\",\"@id\":\"https:\/\/preprod.flowbird.com\/#\/schema\/logo\/image\/\",\"url\":\"https:\/\/www.flowbird.com\/wp-content\/uploads\/2024\/04\/FB-Logo.svg\",\"contentUrl\":\"https:\/\/www.flowbird.com\/wp-content\/uploads\/2024\/04\/FB-Logo.svg\",\"caption\":\"Flowbird\"},\"image\":{\"@id\":\"https:\/\/preprod.flowbird.com\/#\/schema\/logo\/image\/\"}}]}<\/script>\n<!-- \/ Yoast SEO Premium plugin. -->","yoast_head_json":{"title":"Anv\u00e4ndarvillkor och krediteringar - Flowbird","robots":{"index":"index","follow":"follow","max-snippet":"max-snippet:-1","max-image-preview":"max-image-preview:large","max-video-preview":"max-video-preview:-1"},"canonical":"https:\/\/www.flowbird.com\/sv\/villkor-och-anvisningar\/","og_locale":"sv_SE","og_type":"article","og_title":"Anv\u00e4ndarvillkor och krediteringar","og_description":"1. Utgivare och v\u00e4rdf\u00f6retag F\u00f6retag som publicerar webbplatsen: Flowbird, f\u00f6renklat aktiebolag, med ett kapital p\u00e5 35 456 049 euro, vars huvudkontor ligger p\u00e5 2TER rue du Ch\u00e2teau 92200 NEUILLY-SUR-SEINE. SIREN-identifieringsnummer: 444 719 272 RCS PARIS. Ansvarig utgivare: \u00c9lodie PommepuyFlowbird &#8211; Kommunikationstj\u00e4nst (Tel: 03 81 54 56 00)Hosting f\u00f6r denna webbplats tillhandah\u00e5lls av Net&amp;Tic. Koncept och [&hellip;]","og_url":"https:\/\/www.flowbird.com\/sv\/villkor-och-anvisningar\/","og_site_name":"Flowbird","article_modified_time":"2024-12-03T10:46:56+00:00","twitter_card":"summary_large_image","twitter_misc":{"Ber\u00e4knad l\u00e4stid":"7 minuter"},"schema":{"@context":"https:\/\/schema.org","@graph":[{"@type":"WebPage","@id":"https:\/\/www.flowbird.com\/sv\/villkor-och-anvisningar\/","url":"https:\/\/www.flowbird.com\/sv\/villkor-och-anvisningar\/","name":"Anv\u00e4ndarvillkor och krediteringar - Flowbird","isPartOf":{"@id":"https:\/\/preprod.flowbird.com\/#website"},"datePublished":"2024-10-01T13:56:44+00:00","dateModified":"2024-12-03T10:46:56+00:00","breadcrumb":{"@id":"https:\/\/www.flowbird.com\/sv\/villkor-och-anvisningar\/#breadcrumb"},"inLanguage":"sv-SE","potentialAction":[{"@type":"ReadAction","target":["https:\/\/www.flowbird.com\/sv\/villkor-och-anvisningar\/"]}]},{"@type":"BreadcrumbList","@id":"https:\/\/www.flowbird.com\/sv\/villkor-och-anvisningar\/#breadcrumb","itemListElement":[{"@type":"ListItem","position":1,"name":"Home","item":"https:\/\/www.flowbird.com\/sv\/"},{"@type":"ListItem","position":2,"name":"Anv\u00e4ndarvillkor och krediteringar"}]},{"@type":"WebSite","@id":"https:\/\/preprod.flowbird.com\/#website","url":"https:\/\/preprod.flowbird.com\/","name":"Flowbird","description":"Effortless Movement From City to City","publisher":{"@id":"https:\/\/preprod.flowbird.com\/#organization"},"potentialAction":[{"@type":"SearchAction","target":{"@type":"EntryPoint","urlTemplate":"https:\/\/preprod.flowbird.com\/?s={search_term_string}"},"query-input":{"@type":"PropertyValueSpecification","valueRequired":true,"valueName":"search_term_string"}}],"inLanguage":"sv-SE"},{"@type":"Organization","@id":"https:\/\/www.flowbird.com\/sv\/#Organization\/","name":"Flowbird","url":"https:\/\/preprod.flowbird.com\/","logo":{"@type":"ImageObject","inLanguage":"sv-SE","@id":"https:\/\/preprod.flowbird.com\/#\/schema\/logo\/image\/","url":"https:\/\/www.flowbird.com\/wp-content\/uploads\/2024\/04\/FB-Logo.svg","contentUrl":"https:\/\/www.flowbird.com\/wp-content\/uploads\/2024\/04\/FB-Logo.svg","caption":"Flowbird"},"image":{"@id":"https:\/\/preprod.flowbird.com\/#\/schema\/logo\/image\/"}}]}},"_links":{"self":[{"href":"https:\/\/www.flowbird.com\/sv\/wp-json\/wp\/v2\/pages\/9696","targetHints":{"allow":["GET"]}}],"collection":[{"href":"https:\/\/www.flowbird.com\/sv\/wp-json\/wp\/v2\/pages"}],"about":[{"href":"https:\/\/www.flowbird.com\/sv\/wp-json\/wp\/v2\/types\/page"}],"author":[{"embeddable":true,"href":"https:\/\/www.flowbird.com\/sv\/wp-json\/wp\/v2\/users\/2"}],"replies":[{"embeddable":true,"href":"https:\/\/www.flowbird.com\/sv\/wp-json\/wp\/v2\/comments?post=9696"}],"version-history":[{"count":4,"href":"https:\/\/www.flowbird.com\/sv\/wp-json\/wp\/v2\/pages\/9696\/revisions"}],"predecessor-version":[{"id":14846,"href":"https:\/\/www.flowbird.com\/sv\/wp-json\/wp\/v2\/pages\/9696\/revisions\/14846"}],"wp:attachment":[{"href":"https:\/\/www.flowbird.com\/sv\/wp-json\/wp\/v2\/media?parent=9696"}],"wp:term":[{"taxonomy":"category","embeddable":true,"href":"https:\/\/www.flowbird.com\/sv\/wp-json\/wp\/v2\/categories?post=9696"},{"taxonomy":"post_tag","embeddable":true,"href":"https:\/\/www.flowbird.com\/sv\/wp-json\/wp\/v2\/tags?post=9696"}],"curies":[{"name":"wp","href":"https:\/\/api.w.org\/{rel}","templated":true}]}}