{"id":9689,"date":"2024-11-05T12:13:19","date_gmt":"2024-11-05T12:13:19","guid":{"rendered":"https:\/\/preprod.flowbird.com\/policy-for-cookies\/"},"modified":"2024-12-06T13:39:02","modified_gmt":"2024-12-06T13:39:02","slug":"policy-for-cookies","status":"publish","type":"page","link":"https:\/\/www.flowbird.com\/sv\/policy-for-cookies\/","title":{"rendered":"Policy f\u00f6r cookies"},"content":{"rendered":"\t\t<div data-elementor-type=\"wp-page\" data-elementor-id=\"9689\" class=\"elementor elementor-9689 elementor-4153\" data-elementor-post-type=\"page\">\n\t\t\t\t<div class=\"elementor-element elementor-element-ebbdb92 e-con-full e-flex e-con e-parent\" data-id=\"ebbdb92\" data-element_type=\"container\">\n\t\t<div class=\"elementor-element elementor-element-7c9e699 e-flex e-con-boxed e-con e-child\" data-id=\"7c9e699\" data-element_type=\"container\" data-settings=\"{&quot;background_background&quot;:&quot;gradient&quot;}\">\n\t\t\t\t\t<div class=\"e-con-inner\">\n\t\t\t\t<div class=\"elementor-element elementor-element-2cac12d elementor-widget elementor-widget-heading\" data-id=\"2cac12d\" data-element_type=\"widget\" data-widget_type=\"heading.default\">\n\t\t\t\t<div class=\"elementor-widget-container\">\n\t\t\t\t\t<h1 class=\"elementor-heading-title elementor-size-default\">Policy f\u00f6r cookies<\/h1>\t\t\t\t<\/div>\n\t\t\t\t<\/div>\n\t\t\t\t\t<\/div>\n\t\t\t\t<\/div>\n\t\t\t\t<\/div>\n\t\t<div class=\"elementor-element elementor-element-a82f5e5 e-flex e-con-boxed e-con e-parent\" data-id=\"a82f5e5\" data-element_type=\"container\">\n\t\t\t\t\t<div class=\"e-con-inner\">\n\t\t\t\t<div class=\"elementor-element elementor-element-204746c elementor-widget elementor-widget-text-editor\" data-id=\"204746c\" data-element_type=\"widget\" data-widget_type=\"text-editor.default\">\n\t\t\t\t<div class=\"elementor-widget-container\">\n\t\t\t\t\t\t\t\t\t<h3>1- Vad \u00e4r cookies?<\/h3>\n<p>Cookies \u00e4r sm\u00e5 textfiler som placeras p\u00e5 din dator (eller internetaktiverade enhet) av webbplatser som du bes\u00f6ker. N\u00e4r du bes\u00f6ker webbplatsen kan information om hur din terminal (dator, surfplatta, smartphone etc.) navigerar p\u00e5 webbplatsen registreras i textfiler som kallas &#8221;cookies&#8221; och som installeras i din webbl\u00e4sare. Cookies anv\u00e4nds f\u00f6r att k\u00e4nna igen din webbl\u00e4sare under den aktuella cookiens giltighetstid och f\u00f6r att skicka viss information tillbaka till webbplatsen (t.ex. en sessionsidentifierare eller val av spr\u00e5k).  <\/p>\n<p>Det \u00e4r endast den som utf\u00e4rdar cookien i fr\u00e5ga som kan l\u00e4sa eller \u00e4ndra informationen i den.<br \/>Det finns olika typer av cookies:<\/p>\n<ul>\n<li>sessionscookies som f\u00f6rsvinner s\u00e5 snart du l\u00e4mnar webbplatsen;<\/li>\n<li>permanenta cookies som ligger kvar i din terminalutrustning tills deras livsl\u00e4ngd l\u00f6per ut eller tills du raderar dem med hj\u00e4lp av funktionerna i din webbl\u00e4sare.<\/li>\n<\/ul>\n<p>Du informeras om att cookies kan komma att installeras i din terminalutrustning under dina bes\u00f6k p\u00e5 denna webbplats.<\/p>\n<h3>2. Varf\u00f6r anv\u00e4nder vi cookies?<\/h3>\n<p>Flowbird anv\u00e4nder cookies f\u00f6r att samla in information om hur webbplatsen anv\u00e4nds och f\u00f6r att skilja dig fr\u00e5n andra anv\u00e4ndare. Men ocks\u00e5 f\u00f6r att f\u00f6rb\u00e4ttra din upplevelse n\u00e4r du surfar p\u00e5 v\u00e5r webbplats och f\u00f6r att sp\u00e5ra reklam som du ser p\u00e5 tredje parts webbplatser, m\u00e4ta ditt svar p\u00e5 reklam, rapportera om bes\u00f6karinteraktion och reklamens effektivitet. <\/p>\n<h3>3. Vilka cookies anv\u00e4nder vi?<\/h3>\n<p>Sammantaget hj\u00e4lper cookies oss att ge dig en b\u00e4ttre webbplats genom att du kan \u00f6vervaka vilka sidor du tycker \u00e4r anv\u00e4ndbara och vilka du inte tycker \u00e4r det. De cookies vi anv\u00e4nder ger oss inte p\u00e5 n\u00e5got s\u00e4tt tillg\u00e5ng till din dator eller n\u00e5gon annan information om dig \u00e4n de uppgifter du v\u00e4ljer att dela med oss.<br \/>Cookies hj\u00e4lper oss att f\u00f6rb\u00e4ttra v\u00e5r webbplats och tillhandah\u00e5lla en b\u00e4ttre och mer personlig service. De g\u00f6r det m\u00f6jligt f\u00f6r oss att:  <\/p>\n<ul>\n<li>bed\u00f6ma v\u00e5ra anv\u00e4ndares antal och anv\u00e4ndningsm\u00f6nster;<\/li>\n<li>lagra information om dina preferenser s\u00e5 att vi kan skr\u00e4ddarsy v\u00e5r webbplats efter dina individuella intressen;<\/li>\n<li>p\u00e5skynda din s\u00f6kning;<\/li>\n<li>k\u00e4nna igen dig n\u00e4r du \u00e5terv\u00e4nder till v\u00e5r webbplats.<\/li>\n<\/ul>\n<h3>4. Typer av cookies<\/h3>\n<p>Vi anv\u00e4nder f\u00f6ljande cookies:<\/p>\n\t\t\t\t\t\t\t\t<\/div>\n\t\t\t\t<\/div>\n\t\t\t\t<div class=\"elementor-element elementor-element-9489ea0 elementor-widget elementor-widget-heading\" data-id=\"9489ea0\" data-element_type=\"widget\" data-widget_type=\"heading.default\">\n\t\t\t\t<div class=\"elementor-widget-container\">\n\t\t\t\t\t<h3 class=\"elementor-heading-title elementor-size-default\">4.1. Essential cookies <\/h3>\t\t\t\t<\/div>\n\t\t\t\t<\/div>\n\t\t\t\t<div class=\"elementor-element elementor-element-b3af5d4 elementor-widget elementor-widget-text-editor\" data-id=\"b3af5d4\" data-element_type=\"widget\" data-widget_type=\"text-editor.default\">\n\t\t\t\t<div class=\"elementor-widget-container\">\n\t\t\t\t\t\t\t\t\t<p>Dessa cookies \u00e4r n\u00f6dv\u00e4ndiga f\u00f6r att webbplatsen och dess funktioner ska fungera korrekt.<\/p>\n\t\t\t\t\t\t\t\t<\/div>\n\t\t\t\t<\/div>\n\t\t\t\t<div class=\"elementor-element elementor-element-f2f0362 elementor-widget elementor-widget-heading\" data-id=\"f2f0362\" data-element_type=\"widget\" data-widget_type=\"heading.default\">\n\t\t\t\t<div class=\"elementor-widget-container\">\n\t\t\t\t\t<h3 class=\"elementor-heading-title elementor-size-default\">4.2. Functional cookies <\/h3>\t\t\t\t<\/div>\n\t\t\t\t<\/div>\n\t\t\t\t<div class=\"elementor-element elementor-element-ca5ce63 elementor-widget elementor-widget-text-editor\" data-id=\"ca5ce63\" data-element_type=\"widget\" data-widget_type=\"text-editor.default\">\n\t\t\t\t<div class=\"elementor-widget-container\">\n\t\t\t\t\t\t\t\t\t<p>Dessa cookies \u00e4r avsedda att g\u00f6ra det m\u00f6jligt f\u00f6r oss att f\u00f6rb\u00e4ttra webbplatsens anv\u00e4ndbarhet och prestanda och att tillhandah\u00e5lla olika funktioner.<\/p>\n\t\t\t\t\t\t\t\t<\/div>\n\t\t\t\t<\/div>\n\t\t\t\t<div class=\"elementor-element elementor-element-ab181f4 elementor-widget elementor-widget-heading\" data-id=\"ab181f4\" data-element_type=\"widget\" data-widget_type=\"heading.default\">\n\t\t\t\t<div class=\"elementor-widget-container\">\n\t\t\t\t\t<h3 class=\"elementor-heading-title elementor-size-default\">4.3. Analytical cookies <\/h3>\t\t\t\t<\/div>\n\t\t\t\t<\/div>\n\t\t\t\t<div class=\"elementor-element elementor-element-0e6cf18 elementor-widget elementor-widget-text-editor\" data-id=\"0e6cf18\" data-element_type=\"widget\" data-widget_type=\"text-editor.default\">\n\t\t\t\t<div class=\"elementor-widget-container\">\n\t\t\t\t\t\t\t\t\t<p>Dessa cookies anv\u00e4nds f\u00f6r att analysera ditt bes\u00f6k p\u00e5 v\u00e5r webbplats. Vi analyserar antalet bes\u00f6kare p\u00e5 v\u00e5r webbplats, hur l\u00e4nge bes\u00f6ken varar, i vilken ordning de bes\u00f6kta sidorna visas och om det finns behov av att g\u00f6ra \u00e4ndringar p\u00e5 webbplatsen. Med hj\u00e4lp av den insamlade informationen kan vi g\u00f6ra v\u00e5r webbplats \u00e4nnu mer anv\u00e4ndarv\u00e4nlig. Dessa cookies anv\u00e4nds ocks\u00e5 f\u00f6r att l\u00f6sa eventuella tekniska problem p\u00e5 webbplatsen.   <\/p>\n\t\t\t\t\t\t\t\t<\/div>\n\t\t\t\t<\/div>\n\t\t\t\t<div class=\"elementor-element elementor-element-d0e054f elementor-widget elementor-widget-heading\" data-id=\"d0e054f\" data-element_type=\"widget\" data-widget_type=\"heading.default\">\n\t\t\t\t<div class=\"elementor-widget-container\">\n\t\t\t\t\t<h3 class=\"elementor-heading-title elementor-size-default\">4.4. Marketing and tracking cookies <\/h3>\t\t\t\t<\/div>\n\t\t\t\t<\/div>\n\t\t\t\t<div class=\"elementor-element elementor-element-c795418 elementor-widget elementor-widget-text-editor\" data-id=\"c795418\" data-element_type=\"widget\" data-widget_type=\"text-editor.default\">\n\t\t\t\t<div class=\"elementor-widget-container\">\n\t\t\t\t\t\t\t\t\t<p>Vi anv\u00e4nder sp\u00e5rningscookies f\u00f6r kommersiella \u00e4ndam\u00e5l endast med ditt f\u00f6reg\u00e5ende samtycke. Dessa cookies, som ofta s\u00e4tts av tredje part, hj\u00e4lper oss att anpassa reklamerbjudanden till dig. Tredje parter kan anv\u00e4nda sp\u00e5rningscookies f\u00f6r att sp\u00e5ra din internetanv\u00e4ndning. L\u00e4s dessa tredje parters sekretess- och cookiepolicyer f\u00f6r mer information.   <\/p>\n\t\t\t\t\t\t\t\t<\/div>\n\t\t\t\t<\/div>\n\t\t\t\t<div class=\"elementor-element elementor-element-6004467 elementor-widget elementor-widget-heading\" data-id=\"6004467\" data-element_type=\"widget\" data-widget_type=\"heading.default\">\n\t\t\t\t<div class=\"elementor-widget-container\">\n\t\t\t\t\t<h3 class=\"elementor-heading-title elementor-size-default\">4.5. Other technologies <\/h3>\t\t\t\t<\/div>\n\t\t\t\t<\/div>\n\t\t\t\t<div class=\"elementor-element elementor-element-805543a elementor-widget elementor-widget-text-editor\" data-id=\"805543a\" data-element_type=\"widget\" data-widget_type=\"text-editor.default\">\n\t\t\t\t<div class=\"elementor-widget-container\">\n\t\t\t\t\t\t\t\t\t<p>F\u00f6rutom cookies anv\u00e4nder Flowbird \u00e4ven Javascripts och web beacons. Med JavaScript i din webbl\u00e4sare kan vi g\u00f6ra v\u00e5ra sidor interaktiva och utveckla webbapplikationer. En webbfyr \u00e4r en liten grafisk bild p\u00e5 v\u00e5ra webbplatser som g\u00f6r det m\u00f6jligt f\u00f6r oss att avg\u00f6ra hur m\u00e5nga bes\u00f6kare som tittat p\u00e5 webbplatsen och vid vilka tidpunkter. Dessa tekniker kan ocks\u00e5 anv\u00e4ndas f\u00f6r marknadsf\u00f6ring och sp\u00e5rning.   <\/p>\n\t\t\t\t\t\t\t\t<\/div>\n\t\t\t\t<\/div>\n\t\t\t\t<div class=\"elementor-element elementor-element-b17c2fd elementor-widget elementor-widget-heading\" data-id=\"b17c2fd\" data-element_type=\"widget\" data-widget_type=\"heading.default\">\n\t\t\t\t<div class=\"elementor-widget-container\">\n\t\t\t\t\t<h3 class=\"elementor-heading-title elementor-size-default\">4.6. Overview of the cookies <\/h3>\t\t\t\t<\/div>\n\t\t\t\t<\/div>\n\t\t\t\t<div class=\"elementor-element elementor-element-2b94cf3 elementor-widget elementor-widget-text-editor\" data-id=\"2b94cf3\" data-element_type=\"widget\" data-widget_type=\"text-editor.default\">\n\t\t\t\t<div class=\"elementor-widget-container\">\n\t\t\t\t\t\t\t\t\t<p>H\u00e4r \u00e4r en \u00f6versikt \u00f6ver de cookies och liknande tekniker som vi anv\u00e4nder h\u00e4r: <a href=\"#cookies\">Inst\u00e4llningar f\u00f6r cookies<\/a><\/p>\n\t\t\t\t\t\t\t\t<\/div>\n\t\t\t\t<\/div>\n\t\t\t\t<div class=\"elementor-element elementor-element-52bb50b elementor-widget elementor-widget-text-editor\" data-id=\"52bb50b\" data-element_type=\"widget\" data-widget_type=\"text-editor.default\">\n\t\t\t\t<div class=\"elementor-widget-container\">\n\t\t\t\t\t\t\t\t\t<table>\n<tbody>\n<tr>\n<td colspan=\"1\" rowspan=\"1\"><strong>Namn<\/strong><\/td>\n<td colspan=\"1\" rowspan=\"1\"><strong>\u00c4ndam\u00e5l<\/strong><\/td>\n<td colspan=\"1\" rowspan=\"1\"><strong>Kakor<\/strong><\/td>\n<td colspan=\"1\" rowspan=\"1\"><strong>Lagring av uppgifter<\/strong><\/td>\n<\/tr>\n<tr>\n<td colspan=\"1\" rowspan=\"1\">WordPress<\/td>\n<td colspan=\"1\" rowspan=\"1\">Spara spr\u00e5ket f\u00f6r webbplatskonsultationen<\/td>\n<td colspan=\"1\" rowspan=\"1\">Wp_lang<\/td>\n<td colspan=\"1\" rowspan=\"1\">Avsluta sessionen<\/td>\n<\/tr>\n<tr>\n<td colspan=\"1\" rowspan=\"1\">Tarteaucitron<\/td>\n<td colspan=\"1\" rowspan=\"1\">Spara anv\u00e4ndarinst\u00e4llningar f\u00f6r anv\u00e4ndning av cookies<\/td>\n<td colspan=\"1\" rowspan=\"1\">Taretaucitron<\/td>\n<td colspan=\"1\" rowspan=\"1\">12 m\u00e5nader<\/td>\n<\/tr>\n<tr>\n<td colspan=\"1\" rowspan=\"1\">Youtube<\/td>\n<td colspan=\"1\" rowspan=\"1\">Anv\u00e4nds av YouTube f\u00f6r att komma ih\u00e5g anv\u00e4ndarinmatning och associera en anv\u00e4ndares \u00e5tg\u00e4rder<\/td>\n<td colspan=\"1\" rowspan=\"1\">YSC<\/td>\n<td colspan=\"1\" rowspan=\"1\">Slut p\u00e5 session<\/td>\n<\/tr>\n<tr>\n<td colspan=\"1\" rowspan=\"1\">Youtube<\/td>\n<td colspan=\"1\" rowspan=\"1\">Tillhandah\u00e5lla annonsering eller retargeting, lagra och sp\u00e5ra en bes\u00f6kares identitet, lagra och sp\u00e5ra interaktioner<\/td>\n<td colspan=\"1\" rowspan=\"1\">BES\u00d6KARE_INFO1_LIVE<\/td>\n<td colspan=\"1\" rowspan=\"1\">6 m\u00e5nader<\/td>\n<\/tr>\n<tr>\n<td colspan=\"1\" rowspan=\"1\">Google reCAPTCHA<\/td>\n<td colspan=\"1\" rowspan=\"1\">S\u00e4kerst\u00e4lla skydd mot skr\u00e4ppost<\/td>\n<td colspan=\"1\" rowspan=\"1\">_GRECAPTCHA<\/td>\n<td colspan=\"1\" rowspan=\"1\">6 m\u00e5nader<\/td>\n<\/tr>\n<tr>\n<td colspan=\"1\" rowspan=\"1\">Google-annonser<\/td>\n<td colspan=\"1\" rowspan=\"1\">S\u00e4kerst\u00e4lla annonsering eller retargeting, lagra anv\u00e4ndarinst\u00e4llningar<\/td>\n<td colspan=\"1\" rowspan=\"1\">NID<\/td>\n<td colspan=\"1\" rowspan=\"1\">6 m\u00e5nader<\/td>\n<\/tr>\n<tr>\n<td colspan=\"1\" rowspan=\"1\">Matomo<\/td>\n<td colspan=\"1\" rowspan=\"1\">Registrerar ett ID f\u00f6r varje anv\u00e4ndare<\/td>\n<td colspan=\"1\" rowspan=\"1\">_pk_id*<\/td>\n<td colspan=\"1\" rowspan=\"1\">13 m\u00e5nader<\/td>\n<\/tr>\n<tr>\n<td colspan=\"1\" rowspan=\"1\">Matomo<\/td>\n<td colspan=\"1\" rowspan=\"1\">Registrerar en identifierare f\u00f6r varje anv\u00e4ndarsession<\/td>\n<td colspan=\"1\" rowspan=\"1\">_pk_ses*<\/td>\n<td colspan=\"1\" rowspan=\"1\">Slut p\u00e5 sessionen<\/td>\n<\/tr>\n<\/tbody>\n<\/table>\n<div class=\"elementor-element elementor-element-e500934 elementor-widget elementor-widget-text-editor\" data-id=\"e500934\" data-element_type=\"widget\" data-widget_type=\"text-editor.default\">\n<div class=\"elementor-widget-container\">\n<p>Vi kan ocks\u00e5 anv\u00e4nda anonyma cookies f\u00f6r att sp\u00e5ra information om din surfhistorik p\u00e5 v\u00e5r webbplats och tredje parts annonsn\u00e4tverk, till exempel Google AdSense och Subscription, anv\u00e4nder denna information f\u00f6r att kunna visa annonser f\u00f6r dig f\u00f6r v\u00e5r r\u00e4kning p\u00e5 andra webbplatser p\u00e5 internet.<\/p>\n<p>Vi kommer att uppdatera denna information n\u00e4r vi inf\u00f6r nya funktioner p\u00e5 webbplatsen.<\/p>\n<h3>5. Hur hanterar jag cookies?<\/h3>\n<p>Du kan n\u00e4r som helst hantera och \u00e4ndra anv\u00e4ndningen av cookies:<\/p>\n<p>1. Fr\u00e5n din webbl\u00e4sare, eller<br \/>2. Fr\u00e5n v\u00e5r webbplats genom att klicka h\u00e4r <a href=\"#cookies\">Cookiepreferenser<\/a><\/p>\n<p>1. Hantera cookies fr\u00e5n din webbl\u00e4sare: Du kan v\u00e4gra att acceptera cookies genom att aktivera den inst\u00e4llning i din webbl\u00e4sare som g\u00f6r att du kan v\u00e4gra installation av cookies. Observera dock att om du raderar eller blockerar cookies kan det h\u00e4nda att webbplatsen inte fungerar korrekt och att du inte kan f\u00e5 tillg\u00e5ng till vissa delar. Om du vill veta mer om cookies, vilka cookies som har placerats och hur du hanterar och tar bort dem, bes\u00f6k <a href=\"\">www.allaboutcookies.org.<\/a>  <\/p>\n<p>2. Hantera dina cookies fr\u00e5n hanteringsmodulen: En modul g\u00f6r det m\u00f6jligt f\u00f6r dig att v\u00e4lja vilka cookies du vill acceptera och vilka du vill neka p\u00e5 v\u00e5r webbplats.<\/p>\n<p>Genom att klicka h\u00e4r <a href=\"#cookies\">Cookie Preferences<\/a> kan du n\u00e4r som helst komma \u00e5t modulen och \u00e4ndra dina val.<\/p>\n<p>Observera att anv\u00e4ndningen av cookies som \u00e4r absolut n\u00f6dv\u00e4ndiga f\u00f6r att webbplatsen\/applikationen ska fungera korrekt inte kr\u00e4ver ditt samtycke. Det \u00e4r d\u00e4rf\u00f6r de redan \u00e4r f\u00f6rkryssade i v\u00e5rt verktyg f\u00f6r hantering av cookies och inte \u00e4r valfria. <\/p>\n<h3>6. Uppdatering av policyn<\/h3>\n<p>Vi kan komma att uppdatera denna policy fr\u00e5n tid till annan. \u00c4ndringar i lagstiftning, r\u00e4ttspraxis, teknik och myndighetsv\u00e4gledning kan kr\u00e4va att vi \u00e4ndrar den. Kontrollera denna sida d\u00e5 och d\u00e5 f\u00f6r att s\u00e4kerst\u00e4lla att du \u00e4r medveten om eventuella \u00e4ndringar.  <\/p>\n<p>Om du \u00e4r intresserad av att veta mer om hur vi generellt behandlar dina personuppgifter <a href=\"https:\/\/www.flowbird.com\/sv\/integritetspolicy\/\">, klicka h\u00e4r.<\/a><\/p>\n<\/p><\/div>\n<\/p><\/div>\n\t\t\t\t\t\t\t\t<\/div>\n\t\t\t\t<\/div>\n\t\t\t\t\t<\/div>\n\t\t\t\t<\/div>\n\t\t\t\t<\/div>\n\t\t","protected":false},"excerpt":{"rendered":"<p>1- Vad \u00e4r cookies? Cookies \u00e4r sm\u00e5 textfiler som placeras p\u00e5 din dator (eller internetaktiverade enhet) av webbplatser som du bes\u00f6ker. N\u00e4r du bes\u00f6ker webbplatsen kan information om hur din terminal (dator, surfplatta, smartphone etc.) navigerar p\u00e5 webbplatsen registreras i textfiler som kallas &#8221;cookies&#8221; och som installeras i din webbl\u00e4sare. Cookies anv\u00e4nds f\u00f6r att k\u00e4nna [&hellip;]<\/p>\n","protected":false},"author":2,"featured_media":0,"parent":0,"menu_order":7,"comment_status":"closed","ping_status":"closed","template":"","meta":{"_acf_changed":false,"footnotes":""},"categories":[],"tags":[],"class_list":["post-9689","page","type-page","status-publish","hentry"],"acf":[],"yoast_head":"<!-- This site is optimized with the Yoast SEO Premium plugin v26.3 (Yoast SEO v26.3) - https:\/\/yoast.com\/wordpress\/plugins\/seo\/ -->\n<title>Policy f\u00f6r cookies - Flowbird<\/title>\n<meta name=\"robots\" content=\"index, follow, max-snippet:-1, max-image-preview:large, max-video-preview:-1\" \/>\n<link rel=\"canonical\" href=\"https:\/\/www.flowbird.com\/sv\/policy-for-cookies\/\" \/>\n<meta property=\"og:locale\" content=\"sv_SE\" \/>\n<meta property=\"og:type\" content=\"article\" \/>\n<meta property=\"og:title\" content=\"Policy f\u00f6r cookies\" \/>\n<meta property=\"og:description\" content=\"1- Vad \u00e4r cookies? Cookies \u00e4r sm\u00e5 textfiler som placeras p\u00e5 din dator (eller internetaktiverade enhet) av webbplatser som du bes\u00f6ker. N\u00e4r du bes\u00f6ker webbplatsen kan information om hur din terminal (dator, surfplatta, smartphone etc.) navigerar p\u00e5 webbplatsen registreras i textfiler som kallas &#8221;cookies&#8221; och som installeras i din webbl\u00e4sare. Cookies anv\u00e4nds f\u00f6r att k\u00e4nna [&hellip;]\" \/>\n<meta property=\"og:url\" content=\"https:\/\/www.flowbird.com\/sv\/policy-for-cookies\/\" \/>\n<meta property=\"og:site_name\" content=\"Flowbird\" \/>\n<meta property=\"article:modified_time\" content=\"2024-12-06T13:39:02+00:00\" \/>\n<meta name=\"twitter:card\" content=\"summary_large_image\" \/>\n<meta name=\"twitter:label1\" content=\"Ber\u00e4knad l\u00e4stid\" \/>\n\t<meta name=\"twitter:data1\" content=\"6 minuter\" \/>\n<script type=\"application\/ld+json\" class=\"yoast-schema-graph\">{\"@context\":\"https:\/\/schema.org\",\"@graph\":[{\"@type\":\"WebPage\",\"@id\":\"https:\/\/www.flowbird.com\/sv\/policy-for-cookies\/\",\"url\":\"https:\/\/www.flowbird.com\/sv\/policy-for-cookies\/\",\"name\":\"Policy f\u00f6r cookies - Flowbird\",\"isPartOf\":{\"@id\":\"https:\/\/preprod.flowbird.com\/#website\"},\"datePublished\":\"2024-11-05T12:13:19+00:00\",\"dateModified\":\"2024-12-06T13:39:02+00:00\",\"breadcrumb\":{\"@id\":\"https:\/\/www.flowbird.com\/sv\/policy-for-cookies\/#breadcrumb\"},\"inLanguage\":\"sv-SE\",\"potentialAction\":[{\"@type\":\"ReadAction\",\"target\":[\"https:\/\/www.flowbird.com\/sv\/policy-for-cookies\/\"]}]},{\"@type\":\"BreadcrumbList\",\"@id\":\"https:\/\/www.flowbird.com\/sv\/policy-for-cookies\/#breadcrumb\",\"itemListElement\":[{\"@type\":\"ListItem\",\"position\":1,\"name\":\"Home\",\"item\":\"https:\/\/www.flowbird.com\/sv\/\"},{\"@type\":\"ListItem\",\"position\":2,\"name\":\"Policy f\u00f6r cookies\"}]},{\"@type\":\"WebSite\",\"@id\":\"https:\/\/preprod.flowbird.com\/#website\",\"url\":\"https:\/\/preprod.flowbird.com\/\",\"name\":\"Flowbird\",\"description\":\"Effortless Movement From City to City\",\"publisher\":{\"@id\":\"https:\/\/preprod.flowbird.com\/#organization\"},\"potentialAction\":[{\"@type\":\"SearchAction\",\"target\":{\"@type\":\"EntryPoint\",\"urlTemplate\":\"https:\/\/preprod.flowbird.com\/?s={search_term_string}\"},\"query-input\":{\"@type\":\"PropertyValueSpecification\",\"valueRequired\":true,\"valueName\":\"search_term_string\"}}],\"inLanguage\":\"sv-SE\"},{\"@type\":\"Organization\",\"@id\":\"https:\/\/www.flowbird.com\/sv\/#Organization\/\",\"name\":\"Flowbird\",\"url\":\"https:\/\/preprod.flowbird.com\/\",\"logo\":{\"@type\":\"ImageObject\",\"inLanguage\":\"sv-SE\",\"@id\":\"https:\/\/preprod.flowbird.com\/#\/schema\/logo\/image\/\",\"url\":\"https:\/\/www.flowbird.com\/wp-content\/uploads\/2024\/04\/FB-Logo.svg\",\"contentUrl\":\"https:\/\/www.flowbird.com\/wp-content\/uploads\/2024\/04\/FB-Logo.svg\",\"caption\":\"Flowbird\"},\"image\":{\"@id\":\"https:\/\/preprod.flowbird.com\/#\/schema\/logo\/image\/\"}}]}<\/script>\n<!-- \/ Yoast SEO Premium plugin. -->","yoast_head_json":{"title":"Policy f\u00f6r cookies - Flowbird","robots":{"index":"index","follow":"follow","max-snippet":"max-snippet:-1","max-image-preview":"max-image-preview:large","max-video-preview":"max-video-preview:-1"},"canonical":"https:\/\/www.flowbird.com\/sv\/policy-for-cookies\/","og_locale":"sv_SE","og_type":"article","og_title":"Policy f\u00f6r cookies","og_description":"1- Vad \u00e4r cookies? Cookies \u00e4r sm\u00e5 textfiler som placeras p\u00e5 din dator (eller internetaktiverade enhet) av webbplatser som du bes\u00f6ker. N\u00e4r du bes\u00f6ker webbplatsen kan information om hur din terminal (dator, surfplatta, smartphone etc.) navigerar p\u00e5 webbplatsen registreras i textfiler som kallas &#8221;cookies&#8221; och som installeras i din webbl\u00e4sare. Cookies anv\u00e4nds f\u00f6r att k\u00e4nna [&hellip;]","og_url":"https:\/\/www.flowbird.com\/sv\/policy-for-cookies\/","og_site_name":"Flowbird","article_modified_time":"2024-12-06T13:39:02+00:00","twitter_card":"summary_large_image","twitter_misc":{"Ber\u00e4knad l\u00e4stid":"6 minuter"},"schema":{"@context":"https:\/\/schema.org","@graph":[{"@type":"WebPage","@id":"https:\/\/www.flowbird.com\/sv\/policy-for-cookies\/","url":"https:\/\/www.flowbird.com\/sv\/policy-for-cookies\/","name":"Policy f\u00f6r cookies - Flowbird","isPartOf":{"@id":"https:\/\/preprod.flowbird.com\/#website"},"datePublished":"2024-11-05T12:13:19+00:00","dateModified":"2024-12-06T13:39:02+00:00","breadcrumb":{"@id":"https:\/\/www.flowbird.com\/sv\/policy-for-cookies\/#breadcrumb"},"inLanguage":"sv-SE","potentialAction":[{"@type":"ReadAction","target":["https:\/\/www.flowbird.com\/sv\/policy-for-cookies\/"]}]},{"@type":"BreadcrumbList","@id":"https:\/\/www.flowbird.com\/sv\/policy-for-cookies\/#breadcrumb","itemListElement":[{"@type":"ListItem","position":1,"name":"Home","item":"https:\/\/www.flowbird.com\/sv\/"},{"@type":"ListItem","position":2,"name":"Policy f\u00f6r cookies"}]},{"@type":"WebSite","@id":"https:\/\/preprod.flowbird.com\/#website","url":"https:\/\/preprod.flowbird.com\/","name":"Flowbird","description":"Effortless Movement From City to City","publisher":{"@id":"https:\/\/preprod.flowbird.com\/#organization"},"potentialAction":[{"@type":"SearchAction","target":{"@type":"EntryPoint","urlTemplate":"https:\/\/preprod.flowbird.com\/?s={search_term_string}"},"query-input":{"@type":"PropertyValueSpecification","valueRequired":true,"valueName":"search_term_string"}}],"inLanguage":"sv-SE"},{"@type":"Organization","@id":"https:\/\/www.flowbird.com\/sv\/#Organization\/","name":"Flowbird","url":"https:\/\/preprod.flowbird.com\/","logo":{"@type":"ImageObject","inLanguage":"sv-SE","@id":"https:\/\/preprod.flowbird.com\/#\/schema\/logo\/image\/","url":"https:\/\/www.flowbird.com\/wp-content\/uploads\/2024\/04\/FB-Logo.svg","contentUrl":"https:\/\/www.flowbird.com\/wp-content\/uploads\/2024\/04\/FB-Logo.svg","caption":"Flowbird"},"image":{"@id":"https:\/\/preprod.flowbird.com\/#\/schema\/logo\/image\/"}}]}},"_links":{"self":[{"href":"https:\/\/www.flowbird.com\/sv\/wp-json\/wp\/v2\/pages\/9689","targetHints":{"allow":["GET"]}}],"collection":[{"href":"https:\/\/www.flowbird.com\/sv\/wp-json\/wp\/v2\/pages"}],"about":[{"href":"https:\/\/www.flowbird.com\/sv\/wp-json\/wp\/v2\/types\/page"}],"author":[{"embeddable":true,"href":"https:\/\/www.flowbird.com\/sv\/wp-json\/wp\/v2\/users\/2"}],"replies":[{"embeddable":true,"href":"https:\/\/www.flowbird.com\/sv\/wp-json\/wp\/v2\/comments?post=9689"}],"version-history":[{"count":6,"href":"https:\/\/www.flowbird.com\/sv\/wp-json\/wp\/v2\/pages\/9689\/revisions"}],"predecessor-version":[{"id":15063,"href":"https:\/\/www.flowbird.com\/sv\/wp-json\/wp\/v2\/pages\/9689\/revisions\/15063"}],"wp:attachment":[{"href":"https:\/\/www.flowbird.com\/sv\/wp-json\/wp\/v2\/media?parent=9689"}],"wp:term":[{"taxonomy":"category","embeddable":true,"href":"https:\/\/www.flowbird.com\/sv\/wp-json\/wp\/v2\/categories?post=9689"},{"taxonomy":"post_tag","embeddable":true,"href":"https:\/\/www.flowbird.com\/sv\/wp-json\/wp\/v2\/tags?post=9689"}],"curies":[{"name":"wp","href":"https:\/\/api.w.org\/{rel}","templated":true}]}}