{"id":9706,"date":"2024-10-01T13:56:44","date_gmt":"2024-10-01T13:56:44","guid":{"rendered":"https:\/\/preprod.flowbird.com\/retningslinjer-for-personvern\/"},"modified":"2024-11-15T10:43:39","modified_gmt":"2024-11-15T10:43:39","slug":"retningslinjer-for-personvern","status":"publish","type":"page","link":"https:\/\/www.flowbird.com\/no\/retningslinjer-for-personvern\/","title":{"rendered":"Retningslinjer for personvern"},"content":{"rendered":"\t\t<div data-elementor-type=\"wp-page\" data-elementor-id=\"9706\" class=\"elementor elementor-9706 elementor-1091\" data-elementor-post-type=\"page\">\n\t\t\t\t<div class=\"elementor-element elementor-element-e11609e e-con-full e-flex e-con e-parent\" data-id=\"e11609e\" data-element_type=\"container\">\n\t\t<div class=\"elementor-element elementor-element-54dd904 e-flex e-con-boxed e-con e-child\" data-id=\"54dd904\" data-element_type=\"container\" data-settings=\"{&quot;background_background&quot;:&quot;gradient&quot;}\">\n\t\t\t\t\t<div class=\"e-con-inner\">\n\t\t\t\t<div class=\"elementor-element elementor-element-fc60449 elementor-widget elementor-widget-heading\" data-id=\"fc60449\" data-element_type=\"widget\" data-widget_type=\"heading.default\">\n\t\t\t\t<div class=\"elementor-widget-container\">\n\t\t\t\t\t<h1 class=\"elementor-heading-title elementor-size-default\">Retningslinjer for personvern<\/h1>\t\t\t\t<\/div>\n\t\t\t\t<\/div>\n\t\t\t\t\t<\/div>\n\t\t\t\t<\/div>\n\t\t\t\t<\/div>\n\t\t<div class=\"elementor-element elementor-element-a883960 e-flex e-con-boxed e-con e-parent\" data-id=\"a883960\" data-element_type=\"container\">\n\t\t\t\t\t<div class=\"e-con-inner\">\n\t\t\t\t<div class=\"elementor-element elementor-element-26c49ef elementor-widget elementor-widget-text-editor\" data-id=\"26c49ef\" data-element_type=\"widget\" data-widget_type=\"text-editor.default\">\n\t\t\t\t<div class=\"elementor-widget-container\">\n\t\t\t\t\t\t\t\t\t<h3>1- Innsamling av personopplysninger<\/h3>\n<p>Informasjonen du kommuniserer via kontaktskjemaer, jobbtilbud og informasjonskapsler (for mer informasjon, se avsnittet &laquo;Informasjonskapsler&raquo;) er gjenstand for behandling av FLOWBIRD for \u00e5 svare p\u00e5 dine foresp\u00f8rsler.<\/p>\n<p>FLOWBIRD, behandlingsansvarlig, behandler personopplysningene som samles inn for form\u00e5lene, varighetene og p\u00e5 grunnlag av det juridiske grunnlaget nedenfor:<\/p>\n<table>\n<tbody>\n<tr>\n<td colspan=\"1\" rowspan=\"1\"><strong>Informasjon<\/strong><\/td>\n<td colspan=\"1\" rowspan=\"1\"><strong>Form\u00e5l<\/strong><\/td>\n<td colspan=\"1\" rowspan=\"1\"><strong>Varighet<\/strong><\/td>\n<td colspan=\"1\" rowspan=\"1\"><strong>Juridisk grunnlag<\/strong><\/td>\n<\/tr>\n<tr>\n<td colspan=\"1\" rowspan=\"1\">Kontaktforesp\u00f8rsler (h\u00e5ndteres av markedsavdelingen)<\/td>\n<td colspan=\"1\" rowspan=\"1\">Svar p\u00e5 dine foresp\u00f8rsler om informasjon om produktene v\u00e5re<\/td>\n<td colspan=\"1\" rowspan=\"1\">3 \u00e5r fra siste kontakt<\/td>\n<td colspan=\"1\" rowspan=\"1\">Ditt samtykke<\/td>\n<\/tr>\n<tr>\n<td colspan=\"1\" rowspan=\"1\">Jobbtilbud (behandles av personalavdelingen)<\/td>\n<td colspan=\"1\" rowspan=\"1\">Gjennomgang av s\u00f8knaden din<\/td>\n<td colspan=\"1\" rowspan=\"1\">2 \u00e5r fra mottak av s\u00f8knaden din, og deretter med ditt samtykke i ytterligere 2 \u00e5r<\/td>\n<td colspan=\"1\" rowspan=\"1\">Ditt samtykke<\/td>\n<\/tr>\n<tr>\n<td colspan=\"1\" rowspan=\"1\">Egne informasjonskapsler<\/td>\n<td colspan=\"1\" rowspan=\"1\">&#8211; Muliggj\u00f8re optimal bruk av nettstedet<br \/>&#8211; Produsere trafikkstatistikk for nettstedet og bidra til \u00e5 forbedre nettstedet<br \/>&#8211; F\u00f8lge brukere og gi deg tilgang til videoer<\/td>\n<td colspan=\"1\" rowspan=\"1\">12 m\u00e5neder<br \/>13 m\u00e5neder<br \/>6 m\u00e5neder<\/td>\n<td colspan=\"1\" rowspan=\"1\">Ditt samtykke<\/td>\n<\/tr>\n<\/tbody>\n<\/table>\n<h3>2- Dine rettigheter<\/h3>\n<p>I samsvar med gjeldende regelverk om beskyttelse av personopplysninger og s\u00e6rlig Europaparlamentets og R\u00e5dets forordning (EU) 2016\/679 av 27. april 2016 om beskyttelse av fysiske personer i forbindelse med behandling av personopplysninger , har du f\u00f8lgende rettigheter:<\/p>\n<ul>\n<li>rett til innsyn,<\/li>\n<li>rett til retting,<\/li>\n<li>rett til sletting (rett til \u00e5 bli glemt),<\/li>\n<li>rett til \u00e5 trekke tilbake ditt samtykke,<\/li>\n<li>innsigelsesrett av grunner som gjelder din spesielle situasjon,<\/li>\n<li>rett til begrensning av behandling,<\/li>\n<li>\u00e5 definere retningslinjer for oppbevaring, sletting og videreformidling av personopplysninger etter d\u00f8dsfall.<\/li>\n<\/ul>\n<h3>3 &#8211; Ut\u00f8ve dine rettigheter<\/h3>\n<p>For \u00e5 ut\u00f8ve dine rettigheter kan du:<\/p>\n<ul>\n<li>Bruk v\u00e5rt nettskjema eller send oss en e-post eller post til adressene nedenfor, og spesifiser hvilken rettighet du \u00f8nsker \u00e5 ut\u00f8ve, hvilke personopplysninger som er ber\u00f8rt av foresp\u00f8rselen din, og oppgi navn, fornavn og e-postadresse.<\/li>\n<li>Fyll ut dette nettskjemaet: <a href=\"https:\/\/privacyportal-de.onetrust.com\/webform\/b4ca0275-61b2-4b93-825d-386e88050a95\/ecaf1512-541a-4918-9ec8-34d2faa9dc88\" target=\"_blank\" rel=\"noopener\">Ut\u00f8v dine rettigheter<\/a><\/li>\n<li>E-post: dpo@flowbird.group<\/li>\n<li>Postadresse Flowbird &#8211; Droit sur les Donn\u00e9es personnelles, 2 ter rue de du ch\u00e2teau 92200 Neuilly-sur-Seine<\/li>\n<\/ul>\n<p>Hvis det er aktuelt, kan du bli bedt om en kopi av et identitetsdokument.<\/p>\n<\/p>\n<h3>4 &#8211; Sende inn en klage<\/h3>\n<p>Hvis du, etter \u00e5 ha kontaktet oss i denne forbindelse, mener at dine rettigheter knyttet til dine personopplysninger ikke respekteres, kan du sende en klage til National Commission for Informatics and Liberties (CNIL &#8211; 3 place de Fontenoy &#8211; TSA 80715 &#8211; 75334 Paris cedex 07 &#8211; t\u00e9l\u00e9phone : 01 53 73 22 22).<\/p>\n\t\t\t\t\t\t\t\t<\/div>\n\t\t\t\t<\/div>\n\t\t\t\t\t<\/div>\n\t\t\t\t<\/div>\n\t\t\t\t<\/div>\n\t\t","protected":false},"excerpt":{"rendered":"<p>1- Innsamling av personopplysninger Informasjonen du kommuniserer via kontaktskjemaer, jobbtilbud og informasjonskapsler (for mer informasjon, se avsnittet &laquo;Informasjonskapsler&raquo;) er gjenstand for behandling av FLOWBIRD for \u00e5 svare p\u00e5 dine foresp\u00f8rsler. FLOWBIRD, behandlingsansvarlig, behandler personopplysningene som samles inn for form\u00e5lene, varighetene og p\u00e5 grunnlag av det juridiske grunnlaget nedenfor: Informasjon Form\u00e5l Varighet Juridisk grunnlag Kontaktforesp\u00f8rsler (h\u00e5ndteres [&hellip;]<\/p>\n","protected":false},"author":2,"featured_media":0,"parent":0,"menu_order":6,"comment_status":"closed","ping_status":"closed","template":"","meta":{"_acf_changed":false,"footnotes":""},"categories":[],"tags":[],"class_list":["post-9706","page","type-page","status-publish","hentry"],"acf":[],"yoast_head":"<!-- This site is optimized with the Yoast SEO Premium plugin v26.3 (Yoast SEO v26.3) - https:\/\/yoast.com\/wordpress\/plugins\/seo\/ -->\n<title>Retningslinjer for personvern - Flowbird<\/title>\n<meta name=\"robots\" content=\"index, follow, max-snippet:-1, max-image-preview:large, max-video-preview:-1\" \/>\n<link rel=\"canonical\" href=\"https:\/\/www.flowbird.com\/no\/retningslinjer-for-personvern\/\" \/>\n<meta property=\"og:locale\" content=\"nb_NO\" \/>\n<meta property=\"og:type\" content=\"article\" \/>\n<meta property=\"og:title\" content=\"Retningslinjer for personvern\" \/>\n<meta property=\"og:description\" content=\"1- Innsamling av personopplysninger Informasjonen du kommuniserer via kontaktskjemaer, jobbtilbud og informasjonskapsler (for mer informasjon, se avsnittet &laquo;Informasjonskapsler&raquo;) er gjenstand for behandling av FLOWBIRD for \u00e5 svare p\u00e5 dine foresp\u00f8rsler. FLOWBIRD, behandlingsansvarlig, behandler personopplysningene som samles inn for form\u00e5lene, varighetene og p\u00e5 grunnlag av det juridiske grunnlaget nedenfor: Informasjon Form\u00e5l Varighet Juridisk grunnlag Kontaktforesp\u00f8rsler (h\u00e5ndteres [&hellip;]\" \/>\n<meta property=\"og:url\" content=\"https:\/\/www.flowbird.com\/no\/retningslinjer-for-personvern\/\" \/>\n<meta property=\"og:site_name\" content=\"Flowbird\" \/>\n<meta property=\"article:modified_time\" content=\"2024-11-15T10:43:39+00:00\" \/>\n<meta name=\"twitter:card\" content=\"summary_large_image\" \/>\n<meta name=\"twitter:label1\" content=\"Ansl. lesetid\" \/>\n\t<meta name=\"twitter:data1\" content=\"2 minutter\" \/>\n<script type=\"application\/ld+json\" class=\"yoast-schema-graph\">{\"@context\":\"https:\/\/schema.org\",\"@graph\":[{\"@type\":\"WebPage\",\"@id\":\"https:\/\/www.flowbird.com\/no\/retningslinjer-for-personvern\/\",\"url\":\"https:\/\/www.flowbird.com\/no\/retningslinjer-for-personvern\/\",\"name\":\"Retningslinjer for personvern - Flowbird\",\"isPartOf\":{\"@id\":\"https:\/\/preprod.flowbird.com\/#website\"},\"datePublished\":\"2024-10-01T13:56:44+00:00\",\"dateModified\":\"2024-11-15T10:43:39+00:00\",\"breadcrumb\":{\"@id\":\"https:\/\/www.flowbird.com\/no\/retningslinjer-for-personvern\/#breadcrumb\"},\"inLanguage\":\"nb-NO\",\"potentialAction\":[{\"@type\":\"ReadAction\",\"target\":[\"https:\/\/www.flowbird.com\/no\/retningslinjer-for-personvern\/\"]}]},{\"@type\":\"BreadcrumbList\",\"@id\":\"https:\/\/www.flowbird.com\/no\/retningslinjer-for-personvern\/#breadcrumb\",\"itemListElement\":[{\"@type\":\"ListItem\",\"position\":1,\"name\":\"Home\",\"item\":\"https:\/\/www.flowbird.com\/no\/\"},{\"@type\":\"ListItem\",\"position\":2,\"name\":\"Retningslinjer for personvern\"}]},{\"@type\":\"WebSite\",\"@id\":\"https:\/\/preprod.flowbird.com\/#website\",\"url\":\"https:\/\/preprod.flowbird.com\/\",\"name\":\"Flowbird\",\"description\":\"Effortless Movement From City to City\",\"publisher\":{\"@id\":\"https:\/\/preprod.flowbird.com\/#organization\"},\"potentialAction\":[{\"@type\":\"SearchAction\",\"target\":{\"@type\":\"EntryPoint\",\"urlTemplate\":\"https:\/\/preprod.flowbird.com\/?s={search_term_string}\"},\"query-input\":{\"@type\":\"PropertyValueSpecification\",\"valueRequired\":true,\"valueName\":\"search_term_string\"}}],\"inLanguage\":\"nb-NO\"},{\"@type\":\"Organization\",\"@id\":\"https:\/\/www.flowbird.com\/no\/#Organization\/\",\"name\":\"Flowbird\",\"url\":\"https:\/\/preprod.flowbird.com\/\",\"logo\":{\"@type\":\"ImageObject\",\"inLanguage\":\"nb-NO\",\"@id\":\"https:\/\/preprod.flowbird.com\/#\/schema\/logo\/image\/\",\"url\":\"https:\/\/www.flowbird.com\/wp-content\/uploads\/2024\/04\/FB-Logo.svg\",\"contentUrl\":\"https:\/\/www.flowbird.com\/wp-content\/uploads\/2024\/04\/FB-Logo.svg\",\"caption\":\"Flowbird\"},\"image\":{\"@id\":\"https:\/\/preprod.flowbird.com\/#\/schema\/logo\/image\/\"}}]}<\/script>\n<!-- \/ Yoast SEO Premium plugin. -->","yoast_head_json":{"title":"Retningslinjer for personvern - Flowbird","robots":{"index":"index","follow":"follow","max-snippet":"max-snippet:-1","max-image-preview":"max-image-preview:large","max-video-preview":"max-video-preview:-1"},"canonical":"https:\/\/www.flowbird.com\/no\/retningslinjer-for-personvern\/","og_locale":"nb_NO","og_type":"article","og_title":"Retningslinjer for personvern","og_description":"1- Innsamling av personopplysninger Informasjonen du kommuniserer via kontaktskjemaer, jobbtilbud og informasjonskapsler (for mer informasjon, se avsnittet &laquo;Informasjonskapsler&raquo;) er gjenstand for behandling av FLOWBIRD for \u00e5 svare p\u00e5 dine foresp\u00f8rsler. FLOWBIRD, behandlingsansvarlig, behandler personopplysningene som samles inn for form\u00e5lene, varighetene og p\u00e5 grunnlag av det juridiske grunnlaget nedenfor: Informasjon Form\u00e5l Varighet Juridisk grunnlag Kontaktforesp\u00f8rsler (h\u00e5ndteres [&hellip;]","og_url":"https:\/\/www.flowbird.com\/no\/retningslinjer-for-personvern\/","og_site_name":"Flowbird","article_modified_time":"2024-11-15T10:43:39+00:00","twitter_card":"summary_large_image","twitter_misc":{"Ansl. lesetid":"2 minutter"},"schema":{"@context":"https:\/\/schema.org","@graph":[{"@type":"WebPage","@id":"https:\/\/www.flowbird.com\/no\/retningslinjer-for-personvern\/","url":"https:\/\/www.flowbird.com\/no\/retningslinjer-for-personvern\/","name":"Retningslinjer for personvern - Flowbird","isPartOf":{"@id":"https:\/\/preprod.flowbird.com\/#website"},"datePublished":"2024-10-01T13:56:44+00:00","dateModified":"2024-11-15T10:43:39+00:00","breadcrumb":{"@id":"https:\/\/www.flowbird.com\/no\/retningslinjer-for-personvern\/#breadcrumb"},"inLanguage":"nb-NO","potentialAction":[{"@type":"ReadAction","target":["https:\/\/www.flowbird.com\/no\/retningslinjer-for-personvern\/"]}]},{"@type":"BreadcrumbList","@id":"https:\/\/www.flowbird.com\/no\/retningslinjer-for-personvern\/#breadcrumb","itemListElement":[{"@type":"ListItem","position":1,"name":"Home","item":"https:\/\/www.flowbird.com\/no\/"},{"@type":"ListItem","position":2,"name":"Retningslinjer for personvern"}]},{"@type":"WebSite","@id":"https:\/\/preprod.flowbird.com\/#website","url":"https:\/\/preprod.flowbird.com\/","name":"Flowbird","description":"Effortless Movement From City to City","publisher":{"@id":"https:\/\/preprod.flowbird.com\/#organization"},"potentialAction":[{"@type":"SearchAction","target":{"@type":"EntryPoint","urlTemplate":"https:\/\/preprod.flowbird.com\/?s={search_term_string}"},"query-input":{"@type":"PropertyValueSpecification","valueRequired":true,"valueName":"search_term_string"}}],"inLanguage":"nb-NO"},{"@type":"Organization","@id":"https:\/\/www.flowbird.com\/no\/#Organization\/","name":"Flowbird","url":"https:\/\/preprod.flowbird.com\/","logo":{"@type":"ImageObject","inLanguage":"nb-NO","@id":"https:\/\/preprod.flowbird.com\/#\/schema\/logo\/image\/","url":"https:\/\/www.flowbird.com\/wp-content\/uploads\/2024\/04\/FB-Logo.svg","contentUrl":"https:\/\/www.flowbird.com\/wp-content\/uploads\/2024\/04\/FB-Logo.svg","caption":"Flowbird"},"image":{"@id":"https:\/\/preprod.flowbird.com\/#\/schema\/logo\/image\/"}}]}},"_links":{"self":[{"href":"https:\/\/www.flowbird.com\/no\/wp-json\/wp\/v2\/pages\/9706","targetHints":{"allow":["GET"]}}],"collection":[{"href":"https:\/\/www.flowbird.com\/no\/wp-json\/wp\/v2\/pages"}],"about":[{"href":"https:\/\/www.flowbird.com\/no\/wp-json\/wp\/v2\/types\/page"}],"author":[{"embeddable":true,"href":"https:\/\/www.flowbird.com\/no\/wp-json\/wp\/v2\/users\/2"}],"replies":[{"embeddable":true,"href":"https:\/\/www.flowbird.com\/no\/wp-json\/wp\/v2\/comments?post=9706"}],"version-history":[{"count":1,"href":"https:\/\/www.flowbird.com\/no\/wp-json\/wp\/v2\/pages\/9706\/revisions"}],"predecessor-version":[{"id":9707,"href":"https:\/\/www.flowbird.com\/no\/wp-json\/wp\/v2\/pages\/9706\/revisions\/9707"}],"wp:attachment":[{"href":"https:\/\/www.flowbird.com\/no\/wp-json\/wp\/v2\/media?parent=9706"}],"wp:term":[{"taxonomy":"category","embeddable":true,"href":"https:\/\/www.flowbird.com\/no\/wp-json\/wp\/v2\/categories?post=9706"},{"taxonomy":"post_tag","embeddable":true,"href":"https:\/\/www.flowbird.com\/no\/wp-json\/wp\/v2\/tags?post=9706"}],"curies":[{"name":"wp","href":"https:\/\/api.w.org\/{rel}","templated":true}]}}