{"id":9700,"date":"2024-10-01T13:56:44","date_gmt":"2024-10-01T13:56:44","guid":{"rendered":"https:\/\/preprod.flowbird.com\/vilkar-og-betingelser\/"},"modified":"2024-12-03T10:46:57","modified_gmt":"2024-12-03T10:46:57","slug":"vilkar-og-betingelser","status":"publish","type":"page","link":"https:\/\/www.flowbird.com\/no\/vilkar-og-betingelser\/","title":{"rendered":"Vilk\u00e5r for bruk og kreditering"},"content":{"rendered":"\t\t<div data-elementor-type=\"wp-page\" data-elementor-id=\"9700\" class=\"elementor elementor-9700 elementor-1093\" data-elementor-post-type=\"page\">\n\t\t\t\t<div class=\"elementor-element elementor-element-39ee76f e-con-full e-flex e-con e-parent\" data-id=\"39ee76f\" data-element_type=\"container\">\n\t\t<div class=\"elementor-element elementor-element-0d798a5 e-flex e-con-boxed e-con e-child\" data-id=\"0d798a5\" data-element_type=\"container\" data-settings=\"{&quot;background_background&quot;:&quot;gradient&quot;}\">\n\t\t\t\t\t<div class=\"e-con-inner\">\n\t\t\t\t<div class=\"elementor-element elementor-element-c3fe5de elementor-widget elementor-widget-heading\" data-id=\"c3fe5de\" data-element_type=\"widget\" data-widget_type=\"heading.default\">\n\t\t\t\t<div class=\"elementor-widget-container\">\n\t\t\t\t\t<h1 class=\"elementor-heading-title elementor-size-default\">Vilk\u00e5r for bruk og kreditering<\/h1>\t\t\t\t<\/div>\n\t\t\t\t<\/div>\n\t\t\t\t\t<\/div>\n\t\t\t\t<\/div>\n\t\t\t\t<\/div>\n\t\t<div class=\"elementor-element elementor-element-8d570ba e-flex e-con-boxed e-con e-parent\" data-id=\"8d570ba\" data-element_type=\"container\">\n\t\t\t\t\t<div class=\"e-con-inner\">\n\t\t\t\t<div class=\"elementor-element elementor-element-18aabbd elementor-widget elementor-widget-text-editor\" data-id=\"18aabbd\" data-element_type=\"widget\" data-widget_type=\"text-editor.default\">\n\t\t\t\t<div class=\"elementor-widget-container\">\n\t\t\t\t\t\t\t\t\t<h3>\n            <b>1. Utgiver og vertsselskap<\/b><br \/>\n          <\/h3>\n<p>\n            <span style=\"font-weight: 400;\">Selskapet som publiserer nettstedet:<\/span>\n          <\/p>\n<p>\n            <span style=\"font-weight: 400;\">Flowbird, forenklet aksjeselskap, med en kapital p\u00e5 35 456 049 euro, med hovedkontor p\u00e5 2TER rue du Ch\u00e2teau 92200 NEUILLY-SUR-SEINE.<\/span><br \/>\n            <span style=\"font-weight: 400;\"><br \/>\n              <br \/>\n            <\/span><br \/>\n            <span style=\"font-weight: 400;\">SIREN-identifikasjonsnummer: 444 719 272 RCS PARIS.<\/span>\n          <\/p>\n<p><span style=\"font-weight: 400;\">Ansvarlig for utgivelsen: \u00c9lodie Pommepuy<\/span><span style=\"font-weight: 400;\"><br \/><\/span><span style=\"font-weight: 400;\">Flowbird &#8211; Kommunikasjonstjeneste (tlf.: 03 81 54 56 00)<\/span><span style=\"font-weight: 400;\"><br \/><\/span><span style=\"font-weight: 400;\">Net&amp;Tic st\u00e5r for hosting av dette nettstedet.<\/span><\/p>\n<p><span style=\"font-weight: 400;\">Konsept og produksjon: <\/span><a href=\"https:\/\/www.net-tic.net\/\" target=\"_blank\" rel=\"noopener\"><span style=\"font-weight: 400;\">Net&amp;Tic<\/span><\/a><\/p>\n<h3>\n            <b>2. Innledning<\/b><br \/>\n          <\/h3>\n<p>\n            <span style=\"font-weight: 400;\">Flowbird har lagt ut dette nettstedet p\u00e5 nettet for \u00e5 presentere sine aktiviteter, produkter og tjenester for deg. Bruken av dette nettstedet inneb\u00e6rer at du godtar \u00e5 v\u00e6re bundet av de generelle vilk\u00e5rene og betingelsene som f\u00f8lger, og godtar \u00e5 overholde alle gjeldende lover. <\/span>\n          <\/p>\n<h3>\n            <b>3. Informasjon om produkter og tjenester<\/b><br \/>\n          <\/h3>\n<p>\n            <span style=\"font-weight: 400;\">Egenskapene til produktene og tjenestene som presenteres, er kun gitt for informasjonsform\u00e5l. Flowbird eller dets datterselskaper kan n\u00e5r som helst og uten forvarsel endre informasjonen om produktene og tjenestene p\u00e5 dette nettstedet. Informasjonen gis uten noen uttrykkelige eller underforst\u00e5tte garantier. Produktene og tjenestene som presenteres p\u00e5 dette nettstedet, distribueres hovedsakelig gjennom et nettverk av distribut\u00f8rer. I alle tilfeller er disse distribut\u00f8rene selskaper som er egne juridiske enheter og som opptrer alene uten noen form for solidaritet seg imellom. N\u00e5r du f\u00e5r tilgang til informasjon, produkter og tjenester som tilbys av disse distribut\u00f8rene via en hyperkobling, er disse selskapene derfor helt og holdent ansvarlige for informasjonen som finnes p\u00e5 deres nettsteder.     <\/span>\n          <\/p>\n<h3>\n            <b>4. Administrasjon av tilgang og passord<\/b><br \/>\n          <\/h3>\n<p>\n            <span style=\"font-weight: 400;\">Nettstedet eller visse deler av det er tilgjengelig ved hjelp av en tilgangskode og et passord som vil bli gitt av Flowbird. Tilgangskodene og passordene er konfidensielle. Du er ansvarlig for konsekvensene av bruken av dem. Det er derfor ditt ansvar \u00e5 ta alle n\u00f8dvendige forholdsregler for \u00e5 sikre sikkerheten og konfidensialiteten til tilgangskodene og passordene du har f\u00e5tt tildelt. Du forplikter deg til \u00e5 informere Flowbird om enhver uredelig bruk av tilgangskoden og\/eller passordet ditt s\u00e5 snart du blir oppmerksom p\u00e5 det. Du kan n\u00e5r som helst endre passordet du opprinnelig ble tildelt via nettstedet. Flowbird forbeholder seg retten til \u00e5 suspendere din tilgang til nettstedet i tilfelle svindelaktig bruk eller fors\u00f8k p\u00e5 svindelaktig bruk av tilgangen. I tilfelle tilgangen blir suspendert, vil Flowbird informere deg umiddelbart.       <\/span>\n          <\/p>\n<h3>\n            <b>5. Beskyttelse av personopplysninger<\/b><br \/>\n          <\/h3>\n<p>\n            <span style=\"font-weight: 400;\">N\u00e5r du bes\u00f8ker nettstedet, kan du bli bedt om \u00e5 oppgi en viss mengde personopplysninger om deg selv, slik at vi bedre kan dekke dine behov for informasjon og forst\u00e5 dine forventninger, samt hjelpe deg med \u00e5 f\u00e5 mest mulig ut av tjenestene som tilbys p\u00e5 dette nettstedet. For mer informasjon, se v\u00e5r <a href=\"https:\/\/www.flowbird.com\/no\/retningslinjer-for-personvern\/\">personvernerkl\u00e6ring<\/a>. <\/span>\n          <\/p>\n<h3>\n            <b>6. Bruk av informasjonskapsler<\/b><br \/>\n          <\/h3>\n<p>\n            <span style=\"font-weight: 400;\">En informasjonskapsel er et resultat av informasjon som sendes fra et nettsted til en datamaskin i form av en liten datafil. Informasjonskapsler er n\u00f8dvendige for \u00e5 fremme personalisering av din tilgang til v\u00e5re nettjenester. Lagring av informasjonskapsler skjer gjennom nettleseren som brukes p\u00e5 Internett (f.eks. Internet Explorer). Informasjonskapsler er imidlertid anonyme og brukes aldri til \u00e5 samle inn personlig informasjon. Du kan godta eller avvise informasjonskapsler ved \u00e5 konfigurere nettleseren din (deaktivere alle eller noen av informasjonskapslene &#8211; se h\u00e5ndboken eller hjelpefunksjonen i nettleseren din for mer informasjon). Hvis du deaktiverer informasjonskapsler, kan det f\u00f8re til at du ikke f\u00e5r tilgang til visse tjenester som informasjonskapslene er knyttet til. Det forhindrer ikke tilgang til ikke-reserverte omr\u00e5der av nettstedet. Videre holder vi oversikt over hvordan og hvor bes\u00f8kende har funnet nettstedet v\u00e5rt, inkludert deres opprinnelse. Denne informasjonen brukes til statistisk analyse. De tilsvarende dataene inneholder ingen personopplysninger og destrueres etter bruk.         <\/span>\n          <\/p>\n<p>\n            <span style=\"font-weight: 400;\">For mer informasjon, se v\u00e5re <a href=\"https:\/\/www.flowbird.com\/no\/retningslinjer-for-informasjonskapsler\/\">retningslinjer for informasjonskapsler<\/a>.<\/span>\n          <\/p>\n<h3>\n            <b>7. Opphavsrett<\/b><br \/>\n          <\/h3>\n<p>\n            <span style=\"font-weight: 400;\">All informasjon eller dokumenter som finnes p\u00e5 nettstedet, samt alle elementer som er opprettet for nettstedet, tilh\u00f8rer enten Flowbird eller dets datterselskaper, eller er underlagt de avtalte rettighetene til bruk, reproduksjon og representasjon til fordel for sistnevnte. Informasjonen, dokumentene eller elementene er underlagt opphavsrett og lignende lover som beskytter opphavsrett fra det \u00f8yeblikket de stilles til allmennhetens disposisjon p\u00e5 nettstedet. Kopiering av dokumentene p\u00e5 nettstedet kan kun gj\u00f8res i informasjons\u00f8yemed og utelukkende til engangsbruk for privat bruk. Det gis ingen lisens eller andre rettigheter enn \u00e5 konsultere nettstedet med hensyn til immaterielle rettigheter. Reproduksjon av dokumenter fra nettstedet er kun tillatt i informasjons\u00f8yemed for personlig og privat bruk: all reproduksjon og bruk av kopier til andre form\u00e5l er uttrykkelig forbudt og krever uttrykkelig forh\u00e5ndsgodkjenning fra Flowbird. I alle tilfeller m\u00e5 den autoriserte gjengivelsen av all informasjon som finnes p\u00e5 dette nettstedet, angi riktig kilde og opphavsrett. Med mindre annet er oppgitt, er firmanavn, logoer, produkter og merker som er nevnt p\u00e5 dette nettstedet, Flowbirds eller dets datterselskapers eiendom. De kan ikke brukes uten skriftlig forh\u00e5ndstillatelse fra Flowbird.       <\/span>\n          <\/p>\n<p>\n            <span style=\"font-weight: 400;\">All kommunikasjon som sendes til Flowbird eller dets datterselskaper via dette nettstedet eller via e-post anses ikke som konfidensiell, og Flowbird eller dets datterselskaper kan fritt reprodusere, publisere eller bruke den p\u00e5 annen m\u00e5te til ethvert form\u00e5l. Avsenderen av enhver kommunikasjon til Flowbird eller dets datterselskaper er ansvarlig for innholdet og informasjonen den inneholder, s\u00e6rlig n\u00e5r det gjelder n\u00f8yaktigheten. <\/span>\n          <\/p>\n<p>\n            <span style=\"font-weight: 400;\">Dette nettstedet respekterer opphavsrett. Alle rettigheter til opphavsmennene til beskyttede verk som er gjengitt eller offentliggjort p\u00e5 dette nettstedet er forbeholdt. Med mindre det foreligger tillatelse, er enhver annen bruk av verkene enn individuell og privat reproduksjon og konsultasjon forbudt.  <\/span>\n          <\/p>\n<h3>\n            <b>8. Hyperlenker<\/b><br \/>\n          <\/h3>\n<p>\n            <span style=\"font-weight: 400;\">Flowbird og dets datterselskaper p\u00e5tar seg formelt ikke noe ansvar for innholdet p\u00e5 nettstedene som de tilbyr lenker til. Disse lenkene tilbys brukerne av dette nettstedet som en tjeneste. Beslutningen om \u00e5 aktivere lenkene ligger utelukkende hos brukerne av nettstedet. Hvis du \u00f8nsker \u00e5 opprette en hyperkobling til dette nettstedet, m\u00e5 du p\u00e5 forh\u00e5nd innhente skriftlig tillatelse fra Flowbird p\u00e5 f\u00f8lgende adresse Flowbird, 2TER rue du Ch\u00e2teau 92200 NEUILLY-SUR-SEINE, Frankrike eller ved \u00e5 bruke &laquo;Ta kontakt&raquo;-siden p\u00e5 nettstedet eller denne e-postadressen:     <\/span><br \/>\n            <a href=\"mailto:contact@flowbird.group\"><br \/>\n              <span style=\"font-weight: 400;\">contact@flowbird.group<\/span><br \/>\n            <\/a>\n          <\/p>\n<h3>\n            <b>9. Ansvarlighet<\/b><br \/>\n          <\/h3>\n<p>\n            <span style=\"font-weight: 400;\">Informasjonen og anbefalingene (&laquo;Informasjon&raquo;) som er tilgjengelig p\u00e5 dette nettstedet, er gitt i god tro. Denne informasjonen antas \u00e5 v\u00e6re korrekt i det \u00f8yeblikket du leser den. Flowbird og dets datterselskaper garanterer imidlertid ikke at denne informasjonen er grundig og n\u00f8yaktig. Du aksepterer fullt ut risikoen forbundet med den kreditten du gir informasjonen. Det gis ingen garanti, verken uttrykkelig eller underforst\u00e5tt, for produkter eller tjenester som det henvises til i denne informasjonen. Under ingen omstendigheter vil Flowbird eller dets datterselskaper forplikte seg til \u00e5 oppdatere eller korrigere informasjonen som er publisert p\u00e5 dette nettstedet. Flowbird eller dets datterselskaper forbeholder seg ogs\u00e5 retten til \u00e5 endre eller korrigere innholdet p\u00e5 sine nettsteder n\u00e5r som helst og uten forvarsel.      <\/span>\n          <\/p>\n<p>\n            <span style=\"font-weight: 400;\">Til tross for alle anstrengelser kan Flowbird og dets datterselskaper ikke garantere et virusfritt nettsted og p\u00e5tar seg ikke noe ansvar i denne forbindelse. Internett-brukere m\u00e5 for egen beskyttelse ta n\u00f8dvendige forholdsregler, og m\u00e5 spesielt bruke antivirusprogramvare for \u00e5 skanne all informasjon, programvare eller dokumentasjon f\u00f8r de laster den ned. <\/span>\n          <\/p>\n<h3>\n            <b>10. Oppdateringer av vilk\u00e5r og betingelser<\/b><br \/>\n          <\/h3>\n<p>\n            <span style=\"font-weight: 400;\">Flowbird kan n\u00e5r som helst oppdatere disse vilk\u00e5rene for bruk av nettstedet. Du oppfordres derfor til \u00e5 lese de siste gjeldende vilk\u00e5rene for bruk av nettstedet med jevne mellomrom. <\/span>\n          <\/p>\n<h3>\n            <b>Kreditter<\/b><br \/>\n          <\/h3>\n<p>\n            <span style=\"font-weight: 400;\">Innkj\u00f8p av kunst: Shutterstock, Fotolia, Istockphoto<\/span>\n          <\/p>\n\t\t\t\t\t\t\t\t<\/div>\n\t\t\t\t<\/div>\n\t\t\t\t\t<\/div>\n\t\t\t\t<\/div>\n\t\t\t\t<\/div>\n\t\t","protected":false},"excerpt":{"rendered":"<p>1. Utgiver og vertsselskap Selskapet som publiserer nettstedet: Flowbird, forenklet aksjeselskap, med en kapital p\u00e5 35 456 049 euro, med hovedkontor p\u00e5 2TER rue du Ch\u00e2teau 92200 NEUILLY-SUR-SEINE. SIREN-identifikasjonsnummer: 444 719 272 RCS PARIS. Ansvarlig for utgivelsen: \u00c9lodie PommepuyFlowbird &#8211; Kommunikasjonstjeneste (tlf.: 03 81 54 56 00)Net&amp;Tic st\u00e5r for hosting av dette nettstedet. Konsept og [&hellip;]<\/p>\n","protected":false},"author":2,"featured_media":0,"parent":0,"menu_order":9,"comment_status":"closed","ping_status":"closed","template":"","meta":{"_acf_changed":false,"footnotes":""},"categories":[],"tags":[],"class_list":["post-9700","page","type-page","status-publish","hentry"],"acf":[],"yoast_head":"<!-- This site is optimized with the Yoast SEO Premium plugin v26.3 (Yoast SEO v26.3) - https:\/\/yoast.com\/wordpress\/plugins\/seo\/ -->\n<title>Vilk\u00e5r for bruk og kreditering - Flowbird<\/title>\n<meta name=\"robots\" content=\"index, follow, max-snippet:-1, max-image-preview:large, max-video-preview:-1\" \/>\n<link rel=\"canonical\" href=\"https:\/\/www.flowbird.com\/no\/vilkar-og-betingelser\/\" \/>\n<meta property=\"og:locale\" content=\"nb_NO\" \/>\n<meta property=\"og:type\" content=\"article\" \/>\n<meta property=\"og:title\" content=\"Vilk\u00e5r for bruk og kreditering\" \/>\n<meta property=\"og:description\" content=\"1. Utgiver og vertsselskap Selskapet som publiserer nettstedet: Flowbird, forenklet aksjeselskap, med en kapital p\u00e5 35 456 049 euro, med hovedkontor p\u00e5 2TER rue du Ch\u00e2teau 92200 NEUILLY-SUR-SEINE. SIREN-identifikasjonsnummer: 444 719 272 RCS PARIS. Ansvarlig for utgivelsen: \u00c9lodie PommepuyFlowbird &#8211; Kommunikasjonstjeneste (tlf.: 03 81 54 56 00)Net&amp;Tic st\u00e5r for hosting av dette nettstedet. Konsept og [&hellip;]\" \/>\n<meta property=\"og:url\" content=\"https:\/\/www.flowbird.com\/no\/vilkar-og-betingelser\/\" \/>\n<meta property=\"og:site_name\" content=\"Flowbird\" \/>\n<meta property=\"article:modified_time\" content=\"2024-12-03T10:46:57+00:00\" \/>\n<meta name=\"twitter:card\" content=\"summary_large_image\" \/>\n<meta name=\"twitter:label1\" content=\"Ansl. lesetid\" \/>\n\t<meta name=\"twitter:data1\" content=\"6 minutter\" \/>\n<script type=\"application\/ld+json\" class=\"yoast-schema-graph\">{\"@context\":\"https:\/\/schema.org\",\"@graph\":[{\"@type\":\"WebPage\",\"@id\":\"https:\/\/www.flowbird.com\/no\/vilkar-og-betingelser\/\",\"url\":\"https:\/\/www.flowbird.com\/no\/vilkar-og-betingelser\/\",\"name\":\"Vilk\u00e5r for bruk og kreditering - Flowbird\",\"isPartOf\":{\"@id\":\"https:\/\/preprod.flowbird.com\/#website\"},\"datePublished\":\"2024-10-01T13:56:44+00:00\",\"dateModified\":\"2024-12-03T10:46:57+00:00\",\"breadcrumb\":{\"@id\":\"https:\/\/www.flowbird.com\/no\/vilkar-og-betingelser\/#breadcrumb\"},\"inLanguage\":\"nb-NO\",\"potentialAction\":[{\"@type\":\"ReadAction\",\"target\":[\"https:\/\/www.flowbird.com\/no\/vilkar-og-betingelser\/\"]}]},{\"@type\":\"BreadcrumbList\",\"@id\":\"https:\/\/www.flowbird.com\/no\/vilkar-og-betingelser\/#breadcrumb\",\"itemListElement\":[{\"@type\":\"ListItem\",\"position\":1,\"name\":\"Home\",\"item\":\"https:\/\/www.flowbird.com\/no\/\"},{\"@type\":\"ListItem\",\"position\":2,\"name\":\"Vilk\u00e5r for bruk og kreditering\"}]},{\"@type\":\"WebSite\",\"@id\":\"https:\/\/preprod.flowbird.com\/#website\",\"url\":\"https:\/\/preprod.flowbird.com\/\",\"name\":\"Flowbird\",\"description\":\"Effortless Movement From City to City\",\"publisher\":{\"@id\":\"https:\/\/preprod.flowbird.com\/#organization\"},\"potentialAction\":[{\"@type\":\"SearchAction\",\"target\":{\"@type\":\"EntryPoint\",\"urlTemplate\":\"https:\/\/preprod.flowbird.com\/?s={search_term_string}\"},\"query-input\":{\"@type\":\"PropertyValueSpecification\",\"valueRequired\":true,\"valueName\":\"search_term_string\"}}],\"inLanguage\":\"nb-NO\"},{\"@type\":\"Organization\",\"@id\":\"https:\/\/www.flowbird.com\/no\/#Organization\/\",\"name\":\"Flowbird\",\"url\":\"https:\/\/preprod.flowbird.com\/\",\"logo\":{\"@type\":\"ImageObject\",\"inLanguage\":\"nb-NO\",\"@id\":\"https:\/\/preprod.flowbird.com\/#\/schema\/logo\/image\/\",\"url\":\"https:\/\/www.flowbird.com\/wp-content\/uploads\/2024\/04\/FB-Logo.svg\",\"contentUrl\":\"https:\/\/www.flowbird.com\/wp-content\/uploads\/2024\/04\/FB-Logo.svg\",\"caption\":\"Flowbird\"},\"image\":{\"@id\":\"https:\/\/preprod.flowbird.com\/#\/schema\/logo\/image\/\"}}]}<\/script>\n<!-- \/ Yoast SEO Premium plugin. -->","yoast_head_json":{"title":"Vilk\u00e5r for bruk og kreditering - Flowbird","robots":{"index":"index","follow":"follow","max-snippet":"max-snippet:-1","max-image-preview":"max-image-preview:large","max-video-preview":"max-video-preview:-1"},"canonical":"https:\/\/www.flowbird.com\/no\/vilkar-og-betingelser\/","og_locale":"nb_NO","og_type":"article","og_title":"Vilk\u00e5r for bruk og kreditering","og_description":"1. Utgiver og vertsselskap Selskapet som publiserer nettstedet: Flowbird, forenklet aksjeselskap, med en kapital p\u00e5 35 456 049 euro, med hovedkontor p\u00e5 2TER rue du Ch\u00e2teau 92200 NEUILLY-SUR-SEINE. SIREN-identifikasjonsnummer: 444 719 272 RCS PARIS. Ansvarlig for utgivelsen: \u00c9lodie PommepuyFlowbird &#8211; Kommunikasjonstjeneste (tlf.: 03 81 54 56 00)Net&amp;Tic st\u00e5r for hosting av dette nettstedet. Konsept og [&hellip;]","og_url":"https:\/\/www.flowbird.com\/no\/vilkar-og-betingelser\/","og_site_name":"Flowbird","article_modified_time":"2024-12-03T10:46:57+00:00","twitter_card":"summary_large_image","twitter_misc":{"Ansl. lesetid":"6 minutter"},"schema":{"@context":"https:\/\/schema.org","@graph":[{"@type":"WebPage","@id":"https:\/\/www.flowbird.com\/no\/vilkar-og-betingelser\/","url":"https:\/\/www.flowbird.com\/no\/vilkar-og-betingelser\/","name":"Vilk\u00e5r for bruk og kreditering - Flowbird","isPartOf":{"@id":"https:\/\/preprod.flowbird.com\/#website"},"datePublished":"2024-10-01T13:56:44+00:00","dateModified":"2024-12-03T10:46:57+00:00","breadcrumb":{"@id":"https:\/\/www.flowbird.com\/no\/vilkar-og-betingelser\/#breadcrumb"},"inLanguage":"nb-NO","potentialAction":[{"@type":"ReadAction","target":["https:\/\/www.flowbird.com\/no\/vilkar-og-betingelser\/"]}]},{"@type":"BreadcrumbList","@id":"https:\/\/www.flowbird.com\/no\/vilkar-og-betingelser\/#breadcrumb","itemListElement":[{"@type":"ListItem","position":1,"name":"Home","item":"https:\/\/www.flowbird.com\/no\/"},{"@type":"ListItem","position":2,"name":"Vilk\u00e5r for bruk og kreditering"}]},{"@type":"WebSite","@id":"https:\/\/preprod.flowbird.com\/#website","url":"https:\/\/preprod.flowbird.com\/","name":"Flowbird","description":"Effortless Movement From City to City","publisher":{"@id":"https:\/\/preprod.flowbird.com\/#organization"},"potentialAction":[{"@type":"SearchAction","target":{"@type":"EntryPoint","urlTemplate":"https:\/\/preprod.flowbird.com\/?s={search_term_string}"},"query-input":{"@type":"PropertyValueSpecification","valueRequired":true,"valueName":"search_term_string"}}],"inLanguage":"nb-NO"},{"@type":"Organization","@id":"https:\/\/www.flowbird.com\/no\/#Organization\/","name":"Flowbird","url":"https:\/\/preprod.flowbird.com\/","logo":{"@type":"ImageObject","inLanguage":"nb-NO","@id":"https:\/\/preprod.flowbird.com\/#\/schema\/logo\/image\/","url":"https:\/\/www.flowbird.com\/wp-content\/uploads\/2024\/04\/FB-Logo.svg","contentUrl":"https:\/\/www.flowbird.com\/wp-content\/uploads\/2024\/04\/FB-Logo.svg","caption":"Flowbird"},"image":{"@id":"https:\/\/preprod.flowbird.com\/#\/schema\/logo\/image\/"}}]}},"_links":{"self":[{"href":"https:\/\/www.flowbird.com\/no\/wp-json\/wp\/v2\/pages\/9700","targetHints":{"allow":["GET"]}}],"collection":[{"href":"https:\/\/www.flowbird.com\/no\/wp-json\/wp\/v2\/pages"}],"about":[{"href":"https:\/\/www.flowbird.com\/no\/wp-json\/wp\/v2\/types\/page"}],"author":[{"embeddable":true,"href":"https:\/\/www.flowbird.com\/no\/wp-json\/wp\/v2\/users\/2"}],"replies":[{"embeddable":true,"href":"https:\/\/www.flowbird.com\/no\/wp-json\/wp\/v2\/comments?post=9700"}],"version-history":[{"count":4,"href":"https:\/\/www.flowbird.com\/no\/wp-json\/wp\/v2\/pages\/9700\/revisions"}],"predecessor-version":[{"id":14851,"href":"https:\/\/www.flowbird.com\/no\/wp-json\/wp\/v2\/pages\/9700\/revisions\/14851"}],"wp:attachment":[{"href":"https:\/\/www.flowbird.com\/no\/wp-json\/wp\/v2\/media?parent=9700"}],"wp:term":[{"taxonomy":"category","embeddable":true,"href":"https:\/\/www.flowbird.com\/no\/wp-json\/wp\/v2\/categories?post=9700"},{"taxonomy":"post_tag","embeddable":true,"href":"https:\/\/www.flowbird.com\/no\/wp-json\/wp\/v2\/tags?post=9700"}],"curies":[{"name":"wp","href":"https:\/\/api.w.org\/{rel}","templated":true}]}}