{"id":9675,"date":"2024-11-05T12:13:19","date_gmt":"2024-11-05T12:13:19","guid":{"rendered":"https:\/\/preprod.flowbird.com\/retningslinjer-for-informasjonskapsler\/"},"modified":"2024-12-06T13:39:00","modified_gmt":"2024-12-06T13:39:00","slug":"retningslinjer-for-informasjonskapsler","status":"publish","type":"page","link":"https:\/\/www.flowbird.com\/no\/retningslinjer-for-informasjonskapsler\/","title":{"rendered":"Retningslinjer for informasjonskapsler"},"content":{"rendered":"\t\t<div data-elementor-type=\"wp-page\" data-elementor-id=\"9675\" class=\"elementor elementor-9675 elementor-4153\" data-elementor-post-type=\"page\">\n\t\t\t\t<div class=\"elementor-element elementor-element-ebbdb92 e-con-full e-flex e-con e-parent\" data-id=\"ebbdb92\" data-element_type=\"container\">\n\t\t<div class=\"elementor-element elementor-element-7c9e699 e-flex e-con-boxed e-con e-child\" data-id=\"7c9e699\" data-element_type=\"container\" data-settings=\"{&quot;background_background&quot;:&quot;gradient&quot;}\">\n\t\t\t\t\t<div class=\"e-con-inner\">\n\t\t\t\t<div class=\"elementor-element elementor-element-2cac12d elementor-widget elementor-widget-heading\" data-id=\"2cac12d\" data-element_type=\"widget\" data-widget_type=\"heading.default\">\n\t\t\t\t<div class=\"elementor-widget-container\">\n\t\t\t\t\t<h1 class=\"elementor-heading-title elementor-size-default\">Retningslinjer for informasjonskapsler<\/h1>\t\t\t\t<\/div>\n\t\t\t\t<\/div>\n\t\t\t\t\t<\/div>\n\t\t\t\t<\/div>\n\t\t\t\t<\/div>\n\t\t<div class=\"elementor-element elementor-element-a82f5e5 e-flex e-con-boxed e-con e-parent\" data-id=\"a82f5e5\" data-element_type=\"container\">\n\t\t\t\t\t<div class=\"e-con-inner\">\n\t\t\t\t<div class=\"elementor-element elementor-element-204746c elementor-widget elementor-widget-text-editor\" data-id=\"204746c\" data-element_type=\"widget\" data-widget_type=\"text-editor.default\">\n\t\t\t\t<div class=\"elementor-widget-container\">\n\t\t\t\t\t\t\t\t\t<h3>1- Hva er informasjonskapsler?<\/h3>\n<p>Informasjonskapsler er sm\u00e5 tekstfiler som plasseres p\u00e5 datamaskinen din (eller en enhet med Internett-aktivering) av nettsteder du bes\u00f8ker. N\u00e5r du bes\u00f8ker nettstedet, kan informasjon om hvordan du navigerer p\u00e5 nettstedet med din terminal (datamaskin, nettbrett, smarttelefon osv.) bli registrert i tekstfiler som kalles &laquo;informasjonskapsler&raquo;, og som installeres i nettleseren din. Informasjonskapslene brukes til \u00e5 gjenkjenne nettleseren din i l\u00f8pet av den aktuelle informasjonskapselens gyldighetsperiode og sende visse opplysninger tilbake til nettstedet (f.eks. en sesjonsidentifikator eller valg av spr\u00e5k).  <\/p>\n<p>Det er bare utstederen av den aktuelle informasjonskapselen som kan lese eller endre informasjonen i den.<br \/>Det finnes ulike typer informasjonskapsler:<\/p>\n<ul>\n<li>\u00f8ktinformasjonskapsler som forsvinner s\u00e5 snart du forlater nettstedet;<\/li>\n<li>permanente informasjonskapsler som forblir p\u00e5 terminalutstyret ditt til levetiden deres utl\u00f8per eller til du sletter dem ved hjelp av funksjonene i nettleseren din.<\/li>\n<\/ul>\n<p>Vi gj\u00f8r deg oppmerksom p\u00e5 at informasjonskapsler kan bli installert p\u00e5 ditt terminalutstyr n\u00e5r du bes\u00f8ker dette nettstedet.<\/p>\n<h3>2. Hvorfor bruker vi informasjonskapsler?<\/h3>\n<p>Flowbird bruker informasjonskapsler for \u00e5 samle inn informasjon om hvordan nettstedet brukes og for \u00e5 skille deg fra andre brukere. Men ogs\u00e5 for \u00e5 forbedre opplevelsen din n\u00e5r du surfer p\u00e5 nettstedet v\u00e5rt og for \u00e5 spore reklame du ser p\u00e5 tredjeparts nettsteder, m\u00e5le responsen din p\u00e5 reklame, rapportere om bes\u00f8ksinteraksjon og reklameeffektivitet. <\/p>\n<h3>3. Hvilke informasjonskapsler bruker vi?<\/h3>\n<p>Samlet sett hjelper informasjonskapsler oss med \u00e5 gi deg et bedre nettsted, ved at du kan overv\u00e5ke hvilke sider du finner nyttige og hvilke du ikke finner nyttige. Informasjonskapslene vi bruker, gir oss p\u00e5 ingen m\u00e5te tilgang til datamaskinen din eller annen informasjon om deg enn de opplysningene du velger \u00e5 dele med oss.<br \/>Informasjonskapsler hjelper oss med \u00e5 forbedre nettstedet v\u00e5rt og gi deg en bedre og mer personlig tilpasset tjeneste. De gj\u00f8r det mulig for oss \u00e5:  <\/p>\n<ul>\n<li>vurdere antall brukere og bruksm\u00f8nsteret til brukerne v\u00e5re;<\/li>\n<li>lagre informasjon om dine preferanser slik at vi kan skreddersy nettstedet v\u00e5rt til dine individuelle interesser;<\/li>\n<li>fremskynde s\u00f8ket ditt;<\/li>\n<li>gjenkjenne deg n\u00e5r du kommer tilbake til nettstedet v\u00e5rt.<\/li>\n<\/ul>\n<h3>4. Typer informasjonskapsler<\/h3>\n<p>Vi bruker f\u00f8lgende informasjonskapsler:<\/p>\n\t\t\t\t\t\t\t\t<\/div>\n\t\t\t\t<\/div>\n\t\t\t\t<div class=\"elementor-element elementor-element-9489ea0 elementor-widget elementor-widget-heading\" data-id=\"9489ea0\" data-element_type=\"widget\" data-widget_type=\"heading.default\">\n\t\t\t\t<div class=\"elementor-widget-container\">\n\t\t\t\t\t<h3 class=\"elementor-heading-title elementor-size-default\">4.1. Essential cookies <\/h3>\t\t\t\t<\/div>\n\t\t\t\t<\/div>\n\t\t\t\t<div class=\"elementor-element elementor-element-b3af5d4 elementor-widget elementor-widget-text-editor\" data-id=\"b3af5d4\" data-element_type=\"widget\" data-widget_type=\"text-editor.default\">\n\t\t\t\t<div class=\"elementor-widget-container\">\n\t\t\t\t\t\t\t\t\t<p>Disse informasjonskapslene er avgj\u00f8rende for at nettstedet og dets funksjoner skal fungere som de skal.<\/p>\n\t\t\t\t\t\t\t\t<\/div>\n\t\t\t\t<\/div>\n\t\t\t\t<div class=\"elementor-element elementor-element-f2f0362 elementor-widget elementor-widget-heading\" data-id=\"f2f0362\" data-element_type=\"widget\" data-widget_type=\"heading.default\">\n\t\t\t\t<div class=\"elementor-widget-container\">\n\t\t\t\t\t<h3 class=\"elementor-heading-title elementor-size-default\">4.2. Functional cookies <\/h3>\t\t\t\t<\/div>\n\t\t\t\t<\/div>\n\t\t\t\t<div class=\"elementor-element elementor-element-ca5ce63 elementor-widget elementor-widget-text-editor\" data-id=\"ca5ce63\" data-element_type=\"widget\" data-widget_type=\"text-editor.default\">\n\t\t\t\t<div class=\"elementor-widget-container\">\n\t\t\t\t\t\t\t\t\t<p>Disse informasjonskapslene er ment \u00e5 gj\u00f8re det mulig for oss \u00e5 forbedre brukervennligheten og ytelsen p\u00e5 nettstedet og \u00e5 tilby ulike funksjoner.<\/p>\n\t\t\t\t\t\t\t\t<\/div>\n\t\t\t\t<\/div>\n\t\t\t\t<div class=\"elementor-element elementor-element-ab181f4 elementor-widget elementor-widget-heading\" data-id=\"ab181f4\" data-element_type=\"widget\" data-widget_type=\"heading.default\">\n\t\t\t\t<div class=\"elementor-widget-container\">\n\t\t\t\t\t<h3 class=\"elementor-heading-title elementor-size-default\">4.3. Analytical cookies <\/h3>\t\t\t\t<\/div>\n\t\t\t\t<\/div>\n\t\t\t\t<div class=\"elementor-element elementor-element-0e6cf18 elementor-widget elementor-widget-text-editor\" data-id=\"0e6cf18\" data-element_type=\"widget\" data-widget_type=\"text-editor.default\">\n\t\t\t\t<div class=\"elementor-widget-container\">\n\t\t\t\t\t\t\t\t\t<p>Disse informasjonskapslene brukes til \u00e5 analysere bes\u00f8ket ditt p\u00e5 nettstedet v\u00e5rt. Vi analyserer antall bes\u00f8kende p\u00e5 nettstedet v\u00e5rt, varigheten av bes\u00f8kene, rekkef\u00f8lgen p\u00e5 de bes\u00f8kte sidene og om det er behov for \u00e5 gj\u00f8re endringer p\u00e5 nettstedet. Med informasjonen som samles inn, kan vi gj\u00f8re nettstedet v\u00e5rt enda mer brukervennlig. Disse informasjonskapslene brukes ogs\u00e5 til \u00e5 l\u00f8se eventuelle tekniske problemer p\u00e5 nettstedet.   <\/p>\n\t\t\t\t\t\t\t\t<\/div>\n\t\t\t\t<\/div>\n\t\t\t\t<div class=\"elementor-element elementor-element-d0e054f elementor-widget elementor-widget-heading\" data-id=\"d0e054f\" data-element_type=\"widget\" data-widget_type=\"heading.default\">\n\t\t\t\t<div class=\"elementor-widget-container\">\n\t\t\t\t\t<h3 class=\"elementor-heading-title elementor-size-default\">4.4. Marketing and tracking cookies <\/h3>\t\t\t\t<\/div>\n\t\t\t\t<\/div>\n\t\t\t\t<div class=\"elementor-element elementor-element-c795418 elementor-widget elementor-widget-text-editor\" data-id=\"c795418\" data-element_type=\"widget\" data-widget_type=\"text-editor.default\">\n\t\t\t\t<div class=\"elementor-widget-container\">\n\t\t\t\t\t\t\t\t\t<p>Vi bruker sporingsinformasjonskapsler for kommersielle form\u00e5l kun med ditt samtykke. Disse informasjonskapslene, som ofte settes av tredjeparter, hjelper oss med \u00e5 tilpasse reklametilbud til deg. Tredjeparter kan bruke sporingsinformasjonskapsler for \u00e5 spore internettbruken din. Les retningslinjene for personvern og informasjonskapsler hos disse tredjepartene for mer informasjon.   <\/p>\n\t\t\t\t\t\t\t\t<\/div>\n\t\t\t\t<\/div>\n\t\t\t\t<div class=\"elementor-element elementor-element-6004467 elementor-widget elementor-widget-heading\" data-id=\"6004467\" data-element_type=\"widget\" data-widget_type=\"heading.default\">\n\t\t\t\t<div class=\"elementor-widget-container\">\n\t\t\t\t\t<h3 class=\"elementor-heading-title elementor-size-default\">4.5. Other technologies <\/h3>\t\t\t\t<\/div>\n\t\t\t\t<\/div>\n\t\t\t\t<div class=\"elementor-element elementor-element-805543a elementor-widget elementor-widget-text-editor\" data-id=\"805543a\" data-element_type=\"widget\" data-widget_type=\"text-editor.default\">\n\t\t\t\t<div class=\"elementor-widget-container\">\n\t\t\t\t\t\t\t\t\t<p>I tillegg til informasjonskapsler bruker Flowbird ogs\u00e5 Javascripts og websignaler. Med JavaScript i nettleseren din kan vi gj\u00f8re sidene v\u00e5re interaktive og utvikle webapplikasjoner. En web beacon er et lite grafisk bilde p\u00e5 nettstedene v\u00e5re som gj\u00f8r det mulig for oss \u00e5 finne ut hvor mange bes\u00f8kende som har sett p\u00e5 nettstedet og p\u00e5 hvilke tidspunkter. Disse teknologiene kan ogs\u00e5 brukes til markedsf\u00f8ring og sporing.   <\/p>\n\t\t\t\t\t\t\t\t<\/div>\n\t\t\t\t<\/div>\n\t\t\t\t<div class=\"elementor-element elementor-element-b17c2fd elementor-widget elementor-widget-heading\" data-id=\"b17c2fd\" data-element_type=\"widget\" data-widget_type=\"heading.default\">\n\t\t\t\t<div class=\"elementor-widget-container\">\n\t\t\t\t\t<h3 class=\"elementor-heading-title elementor-size-default\">4.6. Overview of the cookies <\/h3>\t\t\t\t<\/div>\n\t\t\t\t<\/div>\n\t\t\t\t<div class=\"elementor-element elementor-element-2b94cf3 elementor-widget elementor-widget-text-editor\" data-id=\"2b94cf3\" data-element_type=\"widget\" data-widget_type=\"text-editor.default\">\n\t\t\t\t<div class=\"elementor-widget-container\">\n\t\t\t\t\t\t\t\t\t<p>Her er en oversikt over informasjonskapsler og lignende teknikker vi bruker her: <a href=\"#cookies\">Innstillinger for informasjonskapsler<\/a><\/p>\n\t\t\t\t\t\t\t\t<\/div>\n\t\t\t\t<\/div>\n\t\t\t\t<div class=\"elementor-element elementor-element-52bb50b elementor-widget elementor-widget-text-editor\" data-id=\"52bb50b\" data-element_type=\"widget\" data-widget_type=\"text-editor.default\">\n\t\t\t\t<div class=\"elementor-widget-container\">\n\t\t\t\t\t\t\t\t\t<table>\n<tbody>\n<tr>\n<td colspan=\"1\" rowspan=\"1\"><strong>Navn<\/strong><\/td>\n<td colspan=\"1\" rowspan=\"1\"><strong>Form\u00e5l<\/strong><\/td>\n<td colspan=\"1\" rowspan=\"1\"><strong>Informasjonskapsler<\/strong><\/td>\n<td colspan=\"1\" rowspan=\"1\"><strong>Oppbevaring av data<\/strong><\/td>\n<\/tr>\n<tr>\n<td colspan=\"1\" rowspan=\"1\">WordPress<\/td>\n<td colspan=\"1\" rowspan=\"1\">Lagre spr\u00e5k for nettstedskonsultasjon<\/td>\n<td colspan=\"1\" rowspan=\"1\">Wp_lang<\/td>\n<td colspan=\"1\" rowspan=\"1\">Avslutning av \u00f8kten<\/td>\n<\/tr>\n<tr>\n<td colspan=\"1\" rowspan=\"1\">Tarteaucitron<\/td>\n<td colspan=\"1\" rowspan=\"1\">Lagre brukerpreferanser for bruk av informasjonskapsler<\/td>\n<td colspan=\"1\" rowspan=\"1\">Taretaucitron<\/td>\n<td colspan=\"1\" rowspan=\"1\">12 m\u00e5neder<\/td>\n<\/tr>\n<tr>\n<td colspan=\"1\" rowspan=\"1\">Youtube<\/td>\n<td colspan=\"1\" rowspan=\"1\">Brukes av YouTube for \u00e5 huske brukerinndata og knytte brukerens handlinger til disse<\/td>\n<td colspan=\"1\" rowspan=\"1\">YSC<\/td>\n<td colspan=\"1\" rowspan=\"1\">Slutt p\u00e5 \u00f8kten<\/td>\n<\/tr>\n<tr>\n<td colspan=\"1\" rowspan=\"1\">Youtube<\/td>\n<td colspan=\"1\" rowspan=\"1\">Tilby annonsering eller retargeting, lagre og spore en bes\u00f8kendes identitet, lagre og spore interaksjoner<\/td>\n<td colspan=\"1\" rowspan=\"1\">VISITOR_INFO1_LIVE<\/td>\n<td colspan=\"1\" rowspan=\"1\">6 m\u00e5neder<\/td>\n<\/tr>\n<tr>\n<td colspan=\"1\" rowspan=\"1\">Google reCAPTCHA<\/td>\n<td colspan=\"1\" rowspan=\"1\">Sikrer beskyttelse mot spam<\/td>\n<td colspan=\"1\" rowspan=\"1\">_GRECAPTCHA<\/td>\n<td colspan=\"1\" rowspan=\"1\">6 m\u00e5neder<\/td>\n<\/tr>\n<tr>\n<td colspan=\"1\" rowspan=\"1\">Google-annonser<\/td>\n<td colspan=\"1\" rowspan=\"1\">Sikre annonsevisning eller retargeting, lagre brukerpreferanser<\/td>\n<td colspan=\"1\" rowspan=\"1\">NID<\/td>\n<td colspan=\"1\" rowspan=\"1\">6 m\u00e5neder<\/td>\n<\/tr>\n<tr>\n<td colspan=\"1\" rowspan=\"1\">Matomo<\/td>\n<td colspan=\"1\" rowspan=\"1\">Registrerer en ID for hver bruker<\/td>\n<td colspan=\"1\" rowspan=\"1\">_pk_id<\/td>\n<td colspan=\"1\" rowspan=\"1\">13 m\u00e5neder<\/td>\n<\/tr>\n<tr>\n<td colspan=\"1\" rowspan=\"1\">Matomo<\/td>\n<td colspan=\"1\" rowspan=\"1\">Registrerer en identifikator for hver bruker\u00f8kt<\/td>\n<td colspan=\"1\" rowspan=\"1\">_pk_ses*<\/td>\n<td colspan=\"1\" rowspan=\"1\">Slutt p\u00e5 \u00f8kten<\/td>\n<\/tr>\n<\/tbody>\n<\/table>\n<div class=\"elementor-element elementor-element-e500934 elementor-widget elementor-widget-text-editor\" data-id=\"e500934\" data-element_type=\"widget\" data-widget_type=\"text-editor.default\">\n<div class=\"elementor-widget-container\">\n<p>Vi kan ogs\u00e5 bruke anonyme informasjonskapsler for \u00e5 spore informasjon om din nettleserhistorikk p\u00e5 nettstedet v\u00e5rt, og tredjeparts annonsenettverk, som Google AdSense og Subscription, bruker denne informasjonen for \u00e5 kunne vise annonser til deg p\u00e5 v\u00e5re vegne p\u00e5 andre nettsteder p\u00e5 internett.<\/p>\n<p>Vi vil oppdatere denne informasjonen etter hvert som vi introduserer nye funksjoner p\u00e5 nettstedet.<\/p>\n<h3>5. Hvordan administrere informasjonskapsler?<\/h3>\n<p>Du kan n\u00e5r som helst administrere og endre bruken av informasjonskapsler:<\/p>\n<p>1. Fra nettleseren din, eller<br \/>2. Fra nettstedet v\u00e5rt ved \u00e5 klikke her <a href=\"#cookies\">Cookie Preferences<\/a><\/p>\n<p>1. Administrere informasjonskapsler fra nettleseren din: Du kan nekte \u00e5 godta informasjonskapsler ved \u00e5 aktivere innstillingen i nettleseren din som lar deg nekte installasjon av informasjonskapsler. V\u00e6r imidlertid oppmerksom p\u00e5 at hvis du sletter eller blokkerer informasjonskapsler, kan det hende at nettstedet ikke fungerer som det skal, og at du kanskje ikke f\u00e5r tilgang til visse deler. Hvis du vil vite mer om informasjonskapsler, hvilke informasjonskapsler som er installert, og hvordan du administrerer og sletter dem, kan du g\u00e5 til <a href=\"\">www.allaboutcookies.org.<\/a>  <\/p>\n<p>2. Administrer informasjonskapslene dine fra administrasjonsmodulen: En modul lar deg velge hvilke informasjonskapsler du \u00f8nsker \u00e5 godta og hvilke du \u00f8nsker \u00e5 avvise p\u00e5 nettstedet v\u00e5rt.<\/p>\n<p>Du kan n\u00e5r som helst g\u00e5 inn i modulen og endre valgene dine ved \u00e5 klikke her <a href=\"#cookies\">Cookie Preferences<\/a>.<\/p>\n<p>V\u00e6r oppmerksom p\u00e5 at bruk av informasjonskapsler som er strengt n\u00f8dvendige for at nettstedet\/applikasjonen skal fungere p\u00e5 riktig m\u00e5te, ikke krever ditt samtykke. Derfor er de allerede forh\u00e5ndssjekket i v\u00e5rt verkt\u00f8y for h\u00e5ndtering av informasjonskapsler og er ikke valgfrie. <\/p>\n<h3>6. Oppdatering av retningslinjene<\/h3>\n<p>Vi kan oppdatere disse retningslinjene fra tid til annen. Endringer i lovgivning, rettspraksis, teknologi og retningslinjer fra myndighetene kan kreve at vi endrer den. Vennligst sjekk denne siden med jevne mellomrom for \u00e5 sikre at du er klar over eventuelle endringer.  <\/p>\n<p>Hvis du er interessert i \u00e5 l\u00e6re mer om hvordan vi generelt behandler personopplysningene dine, kan du <a href=\"https:\/\/www.flowbird.com\/no\/retningslinjer-for-personvern\/\">klikke her.<\/a><\/p>\n<\/p><\/div>\n<\/p><\/div>\n\t\t\t\t\t\t\t\t<\/div>\n\t\t\t\t<\/div>\n\t\t\t\t\t<\/div>\n\t\t\t\t<\/div>\n\t\t\t\t<\/div>\n\t\t","protected":false},"excerpt":{"rendered":"<p>1- Hva er informasjonskapsler? Informasjonskapsler er sm\u00e5 tekstfiler som plasseres p\u00e5 datamaskinen din (eller en enhet med Internett-aktivering) av nettsteder du bes\u00f8ker. N\u00e5r du bes\u00f8ker nettstedet, kan informasjon om hvordan du navigerer p\u00e5 nettstedet med din terminal (datamaskin, nettbrett, smarttelefon osv.) bli registrert i tekstfiler som kalles &laquo;informasjonskapsler&raquo;, og som installeres i nettleseren din. Informasjonskapslene [&hellip;]<\/p>\n","protected":false},"author":2,"featured_media":0,"parent":0,"menu_order":7,"comment_status":"closed","ping_status":"closed","template":"","meta":{"_acf_changed":false,"footnotes":""},"categories":[],"tags":[],"class_list":["post-9675","page","type-page","status-publish","hentry"],"acf":[],"yoast_head":"<!-- This site is optimized with the Yoast SEO Premium plugin v26.3 (Yoast SEO v26.3) - https:\/\/yoast.com\/wordpress\/plugins\/seo\/ -->\n<title>Retningslinjer for informasjonskapsler - Flowbird<\/title>\n<meta name=\"robots\" content=\"index, follow, max-snippet:-1, max-image-preview:large, max-video-preview:-1\" \/>\n<link rel=\"canonical\" href=\"https:\/\/www.flowbird.com\/no\/retningslinjer-for-informasjonskapsler\/\" \/>\n<meta property=\"og:locale\" content=\"nb_NO\" \/>\n<meta property=\"og:type\" content=\"article\" \/>\n<meta property=\"og:title\" content=\"Retningslinjer for informasjonskapsler\" \/>\n<meta property=\"og:description\" content=\"1- Hva er informasjonskapsler? Informasjonskapsler er sm\u00e5 tekstfiler som plasseres p\u00e5 datamaskinen din (eller en enhet med Internett-aktivering) av nettsteder du bes\u00f8ker. N\u00e5r du bes\u00f8ker nettstedet, kan informasjon om hvordan du navigerer p\u00e5 nettstedet med din terminal (datamaskin, nettbrett, smarttelefon osv.) bli registrert i tekstfiler som kalles &laquo;informasjonskapsler&raquo;, og som installeres i nettleseren din. Informasjonskapslene [&hellip;]\" \/>\n<meta property=\"og:url\" content=\"https:\/\/www.flowbird.com\/no\/retningslinjer-for-informasjonskapsler\/\" \/>\n<meta property=\"og:site_name\" content=\"Flowbird\" \/>\n<meta property=\"article:modified_time\" content=\"2024-12-06T13:39:00+00:00\" \/>\n<meta name=\"twitter:card\" content=\"summary_large_image\" \/>\n<meta name=\"twitter:label1\" content=\"Ansl. lesetid\" \/>\n\t<meta name=\"twitter:data1\" content=\"5 minutter\" \/>\n<script type=\"application\/ld+json\" class=\"yoast-schema-graph\">{\"@context\":\"https:\/\/schema.org\",\"@graph\":[{\"@type\":\"WebPage\",\"@id\":\"https:\/\/www.flowbird.com\/no\/retningslinjer-for-informasjonskapsler\/\",\"url\":\"https:\/\/www.flowbird.com\/no\/retningslinjer-for-informasjonskapsler\/\",\"name\":\"Retningslinjer for informasjonskapsler - Flowbird\",\"isPartOf\":{\"@id\":\"https:\/\/preprod.flowbird.com\/#website\"},\"datePublished\":\"2024-11-05T12:13:19+00:00\",\"dateModified\":\"2024-12-06T13:39:00+00:00\",\"breadcrumb\":{\"@id\":\"https:\/\/www.flowbird.com\/no\/retningslinjer-for-informasjonskapsler\/#breadcrumb\"},\"inLanguage\":\"nb-NO\",\"potentialAction\":[{\"@type\":\"ReadAction\",\"target\":[\"https:\/\/www.flowbird.com\/no\/retningslinjer-for-informasjonskapsler\/\"]}]},{\"@type\":\"BreadcrumbList\",\"@id\":\"https:\/\/www.flowbird.com\/no\/retningslinjer-for-informasjonskapsler\/#breadcrumb\",\"itemListElement\":[{\"@type\":\"ListItem\",\"position\":1,\"name\":\"Home\",\"item\":\"https:\/\/www.flowbird.com\/no\/\"},{\"@type\":\"ListItem\",\"position\":2,\"name\":\"Retningslinjer for informasjonskapsler\"}]},{\"@type\":\"WebSite\",\"@id\":\"https:\/\/preprod.flowbird.com\/#website\",\"url\":\"https:\/\/preprod.flowbird.com\/\",\"name\":\"Flowbird\",\"description\":\"Effortless Movement From City to City\",\"publisher\":{\"@id\":\"https:\/\/preprod.flowbird.com\/#organization\"},\"potentialAction\":[{\"@type\":\"SearchAction\",\"target\":{\"@type\":\"EntryPoint\",\"urlTemplate\":\"https:\/\/preprod.flowbird.com\/?s={search_term_string}\"},\"query-input\":{\"@type\":\"PropertyValueSpecification\",\"valueRequired\":true,\"valueName\":\"search_term_string\"}}],\"inLanguage\":\"nb-NO\"},{\"@type\":\"Organization\",\"@id\":\"https:\/\/www.flowbird.com\/no\/#Organization\/\",\"name\":\"Flowbird\",\"url\":\"https:\/\/preprod.flowbird.com\/\",\"logo\":{\"@type\":\"ImageObject\",\"inLanguage\":\"nb-NO\",\"@id\":\"https:\/\/preprod.flowbird.com\/#\/schema\/logo\/image\/\",\"url\":\"https:\/\/www.flowbird.com\/wp-content\/uploads\/2024\/04\/FB-Logo.svg\",\"contentUrl\":\"https:\/\/www.flowbird.com\/wp-content\/uploads\/2024\/04\/FB-Logo.svg\",\"caption\":\"Flowbird\"},\"image\":{\"@id\":\"https:\/\/preprod.flowbird.com\/#\/schema\/logo\/image\/\"}}]}<\/script>\n<!-- \/ Yoast SEO Premium plugin. -->","yoast_head_json":{"title":"Retningslinjer for informasjonskapsler - Flowbird","robots":{"index":"index","follow":"follow","max-snippet":"max-snippet:-1","max-image-preview":"max-image-preview:large","max-video-preview":"max-video-preview:-1"},"canonical":"https:\/\/www.flowbird.com\/no\/retningslinjer-for-informasjonskapsler\/","og_locale":"nb_NO","og_type":"article","og_title":"Retningslinjer for informasjonskapsler","og_description":"1- Hva er informasjonskapsler? Informasjonskapsler er sm\u00e5 tekstfiler som plasseres p\u00e5 datamaskinen din (eller en enhet med Internett-aktivering) av nettsteder du bes\u00f8ker. N\u00e5r du bes\u00f8ker nettstedet, kan informasjon om hvordan du navigerer p\u00e5 nettstedet med din terminal (datamaskin, nettbrett, smarttelefon osv.) bli registrert i tekstfiler som kalles &laquo;informasjonskapsler&raquo;, og som installeres i nettleseren din. Informasjonskapslene [&hellip;]","og_url":"https:\/\/www.flowbird.com\/no\/retningslinjer-for-informasjonskapsler\/","og_site_name":"Flowbird","article_modified_time":"2024-12-06T13:39:00+00:00","twitter_card":"summary_large_image","twitter_misc":{"Ansl. lesetid":"5 minutter"},"schema":{"@context":"https:\/\/schema.org","@graph":[{"@type":"WebPage","@id":"https:\/\/www.flowbird.com\/no\/retningslinjer-for-informasjonskapsler\/","url":"https:\/\/www.flowbird.com\/no\/retningslinjer-for-informasjonskapsler\/","name":"Retningslinjer for informasjonskapsler - Flowbird","isPartOf":{"@id":"https:\/\/preprod.flowbird.com\/#website"},"datePublished":"2024-11-05T12:13:19+00:00","dateModified":"2024-12-06T13:39:00+00:00","breadcrumb":{"@id":"https:\/\/www.flowbird.com\/no\/retningslinjer-for-informasjonskapsler\/#breadcrumb"},"inLanguage":"nb-NO","potentialAction":[{"@type":"ReadAction","target":["https:\/\/www.flowbird.com\/no\/retningslinjer-for-informasjonskapsler\/"]}]},{"@type":"BreadcrumbList","@id":"https:\/\/www.flowbird.com\/no\/retningslinjer-for-informasjonskapsler\/#breadcrumb","itemListElement":[{"@type":"ListItem","position":1,"name":"Home","item":"https:\/\/www.flowbird.com\/no\/"},{"@type":"ListItem","position":2,"name":"Retningslinjer for informasjonskapsler"}]},{"@type":"WebSite","@id":"https:\/\/preprod.flowbird.com\/#website","url":"https:\/\/preprod.flowbird.com\/","name":"Flowbird","description":"Effortless Movement From City to City","publisher":{"@id":"https:\/\/preprod.flowbird.com\/#organization"},"potentialAction":[{"@type":"SearchAction","target":{"@type":"EntryPoint","urlTemplate":"https:\/\/preprod.flowbird.com\/?s={search_term_string}"},"query-input":{"@type":"PropertyValueSpecification","valueRequired":true,"valueName":"search_term_string"}}],"inLanguage":"nb-NO"},{"@type":"Organization","@id":"https:\/\/www.flowbird.com\/no\/#Organization\/","name":"Flowbird","url":"https:\/\/preprod.flowbird.com\/","logo":{"@type":"ImageObject","inLanguage":"nb-NO","@id":"https:\/\/preprod.flowbird.com\/#\/schema\/logo\/image\/","url":"https:\/\/www.flowbird.com\/wp-content\/uploads\/2024\/04\/FB-Logo.svg","contentUrl":"https:\/\/www.flowbird.com\/wp-content\/uploads\/2024\/04\/FB-Logo.svg","caption":"Flowbird"},"image":{"@id":"https:\/\/preprod.flowbird.com\/#\/schema\/logo\/image\/"}}]}},"_links":{"self":[{"href":"https:\/\/www.flowbird.com\/no\/wp-json\/wp\/v2\/pages\/9675","targetHints":{"allow":["GET"]}}],"collection":[{"href":"https:\/\/www.flowbird.com\/no\/wp-json\/wp\/v2\/pages"}],"about":[{"href":"https:\/\/www.flowbird.com\/no\/wp-json\/wp\/v2\/types\/page"}],"author":[{"embeddable":true,"href":"https:\/\/www.flowbird.com\/no\/wp-json\/wp\/v2\/users\/2"}],"replies":[{"embeddable":true,"href":"https:\/\/www.flowbird.com\/no\/wp-json\/wp\/v2\/comments?post=9675"}],"version-history":[{"count":6,"href":"https:\/\/www.flowbird.com\/no\/wp-json\/wp\/v2\/pages\/9675\/revisions"}],"predecessor-version":[{"id":15061,"href":"https:\/\/www.flowbird.com\/no\/wp-json\/wp\/v2\/pages\/9675\/revisions\/15061"}],"wp:attachment":[{"href":"https:\/\/www.flowbird.com\/no\/wp-json\/wp\/v2\/media?parent=9675"}],"wp:term":[{"taxonomy":"category","embeddable":true,"href":"https:\/\/www.flowbird.com\/no\/wp-json\/wp\/v2\/categories?post=9675"},{"taxonomy":"post_tag","embeddable":true,"href":"https:\/\/www.flowbird.com\/no\/wp-json\/wp\/v2\/tags?post=9675"}],"curies":[{"name":"wp","href":"https:\/\/api.w.org\/{rel}","templated":true}]}}