{"id":9708,"date":"2024-10-01T13:56:44","date_gmt":"2024-10-01T13:56:44","guid":{"rendered":"https:\/\/preprod.flowbird.com\/informativa-sulla-privacy\/"},"modified":"2024-11-15T10:43:39","modified_gmt":"2024-11-15T10:43:39","slug":"informativa-sulla-privacy","status":"publish","type":"page","link":"https:\/\/www.flowbird.com\/it\/informativa-sulla-privacy\/","title":{"rendered":"Informativa sulla privacy"},"content":{"rendered":"\t\t<div data-elementor-type=\"wp-page\" data-elementor-id=\"9708\" class=\"elementor elementor-9708 elementor-1091\" data-elementor-post-type=\"page\">\n\t\t\t\t<div class=\"elementor-element elementor-element-e11609e e-con-full e-flex e-con e-parent\" data-id=\"e11609e\" data-element_type=\"container\">\n\t\t<div class=\"elementor-element elementor-element-54dd904 e-flex e-con-boxed e-con e-child\" data-id=\"54dd904\" data-element_type=\"container\" data-settings=\"{&quot;background_background&quot;:&quot;gradient&quot;}\">\n\t\t\t\t\t<div class=\"e-con-inner\">\n\t\t\t\t<div class=\"elementor-element elementor-element-fc60449 elementor-widget elementor-widget-heading\" data-id=\"fc60449\" data-element_type=\"widget\" data-widget_type=\"heading.default\">\n\t\t\t\t<div class=\"elementor-widget-container\">\n\t\t\t\t\t<h1 class=\"elementor-heading-title elementor-size-default\">Informativa sulla privacy<\/h1>\t\t\t\t<\/div>\n\t\t\t\t<\/div>\n\t\t\t\t\t<\/div>\n\t\t\t\t<\/div>\n\t\t\t\t<\/div>\n\t\t<div class=\"elementor-element elementor-element-a883960 e-flex e-con-boxed e-con e-parent\" data-id=\"a883960\" data-element_type=\"container\">\n\t\t\t\t\t<div class=\"e-con-inner\">\n\t\t\t\t<div class=\"elementor-element elementor-element-26c49ef elementor-widget elementor-widget-text-editor\" data-id=\"26c49ef\" data-element_type=\"widget\" data-widget_type=\"text-editor.default\">\n\t\t\t\t<div class=\"elementor-widget-container\">\n\t\t\t\t\t\t\t\t\t<h3>1- Raccolta dei dati personali<\/h3>\n<p>Le informazioni che ci comunichi attraverso i moduli di contatto, le offerte di lavoro e i cookie (per maggiori informazioni, ti invitiamo a consultare la sezione specifica &#8220;Cookie&#8221;) sono oggetto di trattamento da parte di FLOWBIRD per le finalit\u00e0 di risposta alle tue richieste.<\/p>\n<p>FLOWBIRD, titolare del trattamento, tratta i dati personali cos\u00ec raccolti per le finalit\u00e0, la durata e sulla base delle basi giuridiche sotto riportate:<\/p>\n<table>\n<tbody>\n<tr>\n<td colspan=\"1\" rowspan=\"1\"><strong>Informazioni<\/strong><\/td>\n<td colspan=\"1\" rowspan=\"1\"><strong>Scopi<\/strong><\/td>\n<td colspan=\"1\" rowspan=\"1\"><strong>Durata<\/strong><\/td>\n<td colspan=\"1\" rowspan=\"1\"><strong>Base legale<\/strong><\/td>\n<\/tr>\n<tr>\n<td colspan=\"1\" rowspan=\"1\">Richieste di contatto (sono gestite dal reparto Marketing)<\/td>\n<td colspan=\"1\" rowspan=\"1\">Rispondere alle tue richieste di informazioni sui nostri prodotti<\/td>\n<td colspan=\"1\" rowspan=\"1\">3 anni dall&#8217;ultimo contatto<\/td>\n<td colspan=\"1\" rowspan=\"1\">Il tuo consenso<\/td>\n<\/tr>\n<tr>\n<td colspan=\"1\" rowspan=\"1\">Offerte di lavoro (vengono elaborate dalle risorse umane)<\/td>\n<td colspan=\"1\" rowspan=\"1\">Esame della tua candidatura<\/td>\n<td colspan=\"1\" rowspan=\"1\">2 anni dal ricevimento della tua candidatura e, con il tuo consenso, per un ulteriore periodo di 2 anni.<\/td>\n<td colspan=\"1\" rowspan=\"1\">Il tuo consenso<\/td>\n<\/tr>\n<tr>\n<td colspan=\"1\" rowspan=\"1\">Cookie proprietari<\/td>\n<td colspan=\"1\" rowspan=\"1\">&#8211; Consentono un utilizzo ottimale del Sito<br \/>&#8211; Producono statistiche sul traffico del sito e contribuiscono a migliorare il Sito<br \/>&#8211; Seguono gli utenti e consentono di accedere ai video<\/td>\n<td colspan=\"1\" rowspan=\"1\">12 mesi<br \/>13 mesi<br \/>6 mesi<\/td>\n<td colspan=\"1\" rowspan=\"1\">Il tuo consenso<\/td>\n<\/tr>\n<\/tbody>\n<\/table>\n<h3>2- I tuoi diritti<\/h3>\n<p>Ai sensi della normativa applicabile in materia di protezione dei dati personali e in particolare del Regolamento (UE) 2016\/679 del Parlamento Europeo e del Consiglio del 27 aprile 2016 relativo alla protezione delle persone fisiche con riguardo al trattamento dei dati personali, hai i seguenti diritti:<\/p>\n<ul>\n<li>diritto di accesso,<\/li>\n<li>diritto di rettifica,<\/li>\n<li>diritto alla cancellazione (diritto all&#8217;oblio),<\/li>\n<li>diritto di revocare il tuo consenso,<\/li>\n<li>diritto di opposizione per motivi legati alla tua situazione particolare,<\/li>\n<li>diritto alla limitazione del trattamento,<\/li>\n<li>definire le linee guida relative alla conservazione, cancellazione e comunicazione dei dati personali dopo la morte.<\/li>\n<\/ul>\n<h3>3 &#8211; Esercitare i propri diritti<\/h3>\n<p>Per esercitare i tuoi diritti, puoi:<\/p>\n<ul>\n<li>Utilizza il nostro modulo online o inviaci un&#8217;e-mail o un messaggio postale agli indirizzi indicati di seguito, specificando il diritto che desideri esercitare, i dati personali interessati dalla tua richiesta e indicando il tuo cognome, nome e indirizzo e-mail.<\/li>\n<li>Completa questo modulo online: <a href=\"https:\/\/privacyportal-de.onetrust.com\/webform\/b4ca0275-61b2-4b93-825d-386e88050a95\/ecaf1512-541a-4918-9ec8-34d2faa9dc88\" target=\"_blank\" rel=\"noopener\">Esercita i tuoi diritti<\/a><\/li>\n<li>Email: dpo@flowbird.group<\/li>\n<li>Posta: Flowbird &#8211; Droit sur les Donn\u00e9es personnelles, 2 ter rue de du ch\u00e2teau 92200 Neuilly-sur-Seine<\/li>\n<\/ul>\n<p>Se applicabile, potrebbe esserti richiesta una copia di un documento d&#8217;identit\u00e0.<\/p>\n<\/p>\n<h3>4 &#8211; Presentazione di un reclamo<\/h3>\n<p>Se, dopo averci contattato, ritieni che i tuoi diritti relativi ai tuoi dati personali non siano rispettati, puoi inviare un reclamo alla Commissione Nazionale per l&#8217;Informatica e le Libert\u00e0 (CNIL &#8211; 3 place de Fontenoy &#8211; TSA 80715 &#8211; 75334 Paris cedex 07 &#8211; t\u00e9l\u00e9phone : 01 53 73 22 22).<\/p>\n\t\t\t\t\t\t\t\t<\/div>\n\t\t\t\t<\/div>\n\t\t\t\t\t<\/div>\n\t\t\t\t<\/div>\n\t\t\t\t<\/div>\n\t\t","protected":false},"excerpt":{"rendered":"<p>1- Raccolta dei dati personali Le informazioni che ci comunichi attraverso i moduli di contatto, le offerte di lavoro e i cookie (per maggiori informazioni, ti invitiamo a consultare la sezione specifica &#8220;Cookie&#8221;) sono oggetto di trattamento da parte di FLOWBIRD per le finalit\u00e0 di risposta alle tue richieste. FLOWBIRD, titolare del trattamento, tratta i [&hellip;]<\/p>\n","protected":false},"author":2,"featured_media":0,"parent":0,"menu_order":6,"comment_status":"closed","ping_status":"closed","template":"","meta":{"_acf_changed":false,"footnotes":""},"categories":[],"tags":[],"class_list":["post-9708","page","type-page","status-publish","hentry"],"acf":[],"yoast_head":"<!-- This site is optimized with the Yoast SEO Premium plugin v26.3 (Yoast SEO v26.3) - https:\/\/yoast.com\/wordpress\/plugins\/seo\/ -->\n<title>Informativa sulla privacy - Flowbird<\/title>\n<meta name=\"robots\" content=\"index, follow, max-snippet:-1, max-image-preview:large, max-video-preview:-1\" \/>\n<link rel=\"canonical\" href=\"https:\/\/www.flowbird.com\/it\/informativa-sulla-privacy\/\" \/>\n<meta property=\"og:locale\" content=\"it_IT\" \/>\n<meta property=\"og:type\" content=\"article\" \/>\n<meta property=\"og:title\" content=\"Informativa sulla privacy\" \/>\n<meta property=\"og:description\" content=\"1- Raccolta dei dati personali Le informazioni che ci comunichi attraverso i moduli di contatto, le offerte di lavoro e i cookie (per maggiori informazioni, ti invitiamo a consultare la sezione specifica &#8220;Cookie&#8221;) sono oggetto di trattamento da parte di FLOWBIRD per le finalit\u00e0 di risposta alle tue richieste. FLOWBIRD, titolare del trattamento, tratta i [&hellip;]\" \/>\n<meta property=\"og:url\" content=\"https:\/\/www.flowbird.com\/it\/informativa-sulla-privacy\/\" \/>\n<meta property=\"og:site_name\" content=\"Flowbird\" \/>\n<meta property=\"article:modified_time\" content=\"2024-11-15T10:43:39+00:00\" \/>\n<meta name=\"twitter:card\" content=\"summary_large_image\" \/>\n<meta name=\"twitter:label1\" content=\"Tempo di lettura stimato\" \/>\n\t<meta name=\"twitter:data1\" content=\"2 minuti\" \/>\n<script type=\"application\/ld+json\" class=\"yoast-schema-graph\">{\"@context\":\"https:\/\/schema.org\",\"@graph\":[{\"@type\":\"WebPage\",\"@id\":\"https:\/\/www.flowbird.com\/it\/informativa-sulla-privacy\/\",\"url\":\"https:\/\/www.flowbird.com\/it\/informativa-sulla-privacy\/\",\"name\":\"Informativa sulla privacy - Flowbird\",\"isPartOf\":{\"@id\":\"https:\/\/preprod.flowbird.com\/#website\"},\"datePublished\":\"2024-10-01T13:56:44+00:00\",\"dateModified\":\"2024-11-15T10:43:39+00:00\",\"breadcrumb\":{\"@id\":\"https:\/\/www.flowbird.com\/it\/informativa-sulla-privacy\/#breadcrumb\"},\"inLanguage\":\"it-IT\",\"potentialAction\":[{\"@type\":\"ReadAction\",\"target\":[\"https:\/\/www.flowbird.com\/it\/informativa-sulla-privacy\/\"]}]},{\"@type\":\"BreadcrumbList\",\"@id\":\"https:\/\/www.flowbird.com\/it\/informativa-sulla-privacy\/#breadcrumb\",\"itemListElement\":[{\"@type\":\"ListItem\",\"position\":1,\"name\":\"Home\",\"item\":\"https:\/\/www.flowbird.com\/it\/\"},{\"@type\":\"ListItem\",\"position\":2,\"name\":\"Informativa sulla privacy\"}]},{\"@type\":\"WebSite\",\"@id\":\"https:\/\/preprod.flowbird.com\/#website\",\"url\":\"https:\/\/preprod.flowbird.com\/\",\"name\":\"Flowbird\",\"description\":\"Effortless Movement From City to City\",\"publisher\":{\"@id\":\"https:\/\/preprod.flowbird.com\/#organization\"},\"potentialAction\":[{\"@type\":\"SearchAction\",\"target\":{\"@type\":\"EntryPoint\",\"urlTemplate\":\"https:\/\/preprod.flowbird.com\/?s={search_term_string}\"},\"query-input\":{\"@type\":\"PropertyValueSpecification\",\"valueRequired\":true,\"valueName\":\"search_term_string\"}}],\"inLanguage\":\"it-IT\"},{\"@type\":\"Organization\",\"@id\":\"https:\/\/www.flowbird.com\/it\/#Organization\/\",\"name\":\"Flowbird\",\"url\":\"https:\/\/preprod.flowbird.com\/\",\"logo\":{\"@type\":\"ImageObject\",\"inLanguage\":\"it-IT\",\"@id\":\"https:\/\/preprod.flowbird.com\/#\/schema\/logo\/image\/\",\"url\":\"https:\/\/www.flowbird.com\/wp-content\/uploads\/2024\/04\/FB-Logo.svg\",\"contentUrl\":\"https:\/\/www.flowbird.com\/wp-content\/uploads\/2024\/04\/FB-Logo.svg\",\"caption\":\"Flowbird\"},\"image\":{\"@id\":\"https:\/\/preprod.flowbird.com\/#\/schema\/logo\/image\/\"}}]}<\/script>\n<!-- \/ Yoast SEO Premium plugin. -->","yoast_head_json":{"title":"Informativa sulla privacy - Flowbird","robots":{"index":"index","follow":"follow","max-snippet":"max-snippet:-1","max-image-preview":"max-image-preview:large","max-video-preview":"max-video-preview:-1"},"canonical":"https:\/\/www.flowbird.com\/it\/informativa-sulla-privacy\/","og_locale":"it_IT","og_type":"article","og_title":"Informativa sulla privacy","og_description":"1- Raccolta dei dati personali Le informazioni che ci comunichi attraverso i moduli di contatto, le offerte di lavoro e i cookie (per maggiori informazioni, ti invitiamo a consultare la sezione specifica &#8220;Cookie&#8221;) sono oggetto di trattamento da parte di FLOWBIRD per le finalit\u00e0 di risposta alle tue richieste. FLOWBIRD, titolare del trattamento, tratta i [&hellip;]","og_url":"https:\/\/www.flowbird.com\/it\/informativa-sulla-privacy\/","og_site_name":"Flowbird","article_modified_time":"2024-11-15T10:43:39+00:00","twitter_card":"summary_large_image","twitter_misc":{"Tempo di lettura stimato":"2 minuti"},"schema":{"@context":"https:\/\/schema.org","@graph":[{"@type":"WebPage","@id":"https:\/\/www.flowbird.com\/it\/informativa-sulla-privacy\/","url":"https:\/\/www.flowbird.com\/it\/informativa-sulla-privacy\/","name":"Informativa sulla privacy - Flowbird","isPartOf":{"@id":"https:\/\/preprod.flowbird.com\/#website"},"datePublished":"2024-10-01T13:56:44+00:00","dateModified":"2024-11-15T10:43:39+00:00","breadcrumb":{"@id":"https:\/\/www.flowbird.com\/it\/informativa-sulla-privacy\/#breadcrumb"},"inLanguage":"it-IT","potentialAction":[{"@type":"ReadAction","target":["https:\/\/www.flowbird.com\/it\/informativa-sulla-privacy\/"]}]},{"@type":"BreadcrumbList","@id":"https:\/\/www.flowbird.com\/it\/informativa-sulla-privacy\/#breadcrumb","itemListElement":[{"@type":"ListItem","position":1,"name":"Home","item":"https:\/\/www.flowbird.com\/it\/"},{"@type":"ListItem","position":2,"name":"Informativa sulla privacy"}]},{"@type":"WebSite","@id":"https:\/\/preprod.flowbird.com\/#website","url":"https:\/\/preprod.flowbird.com\/","name":"Flowbird","description":"Effortless Movement From City to City","publisher":{"@id":"https:\/\/preprod.flowbird.com\/#organization"},"potentialAction":[{"@type":"SearchAction","target":{"@type":"EntryPoint","urlTemplate":"https:\/\/preprod.flowbird.com\/?s={search_term_string}"},"query-input":{"@type":"PropertyValueSpecification","valueRequired":true,"valueName":"search_term_string"}}],"inLanguage":"it-IT"},{"@type":"Organization","@id":"https:\/\/www.flowbird.com\/it\/#Organization\/","name":"Flowbird","url":"https:\/\/preprod.flowbird.com\/","logo":{"@type":"ImageObject","inLanguage":"it-IT","@id":"https:\/\/preprod.flowbird.com\/#\/schema\/logo\/image\/","url":"https:\/\/www.flowbird.com\/wp-content\/uploads\/2024\/04\/FB-Logo.svg","contentUrl":"https:\/\/www.flowbird.com\/wp-content\/uploads\/2024\/04\/FB-Logo.svg","caption":"Flowbird"},"image":{"@id":"https:\/\/preprod.flowbird.com\/#\/schema\/logo\/image\/"}}]}},"_links":{"self":[{"href":"https:\/\/www.flowbird.com\/it\/wp-json\/wp\/v2\/pages\/9708","targetHints":{"allow":["GET"]}}],"collection":[{"href":"https:\/\/www.flowbird.com\/it\/wp-json\/wp\/v2\/pages"}],"about":[{"href":"https:\/\/www.flowbird.com\/it\/wp-json\/wp\/v2\/types\/page"}],"author":[{"embeddable":true,"href":"https:\/\/www.flowbird.com\/it\/wp-json\/wp\/v2\/users\/2"}],"replies":[{"embeddable":true,"href":"https:\/\/www.flowbird.com\/it\/wp-json\/wp\/v2\/comments?post=9708"}],"version-history":[{"count":1,"href":"https:\/\/www.flowbird.com\/it\/wp-json\/wp\/v2\/pages\/9708\/revisions"}],"predecessor-version":[{"id":9710,"href":"https:\/\/www.flowbird.com\/it\/wp-json\/wp\/v2\/pages\/9708\/revisions\/9710"}],"wp:attachment":[{"href":"https:\/\/www.flowbird.com\/it\/wp-json\/wp\/v2\/media?parent=9708"}],"wp:term":[{"taxonomy":"category","embeddable":true,"href":"https:\/\/www.flowbird.com\/it\/wp-json\/wp\/v2\/categories?post=9708"},{"taxonomy":"post_tag","embeddable":true,"href":"https:\/\/www.flowbird.com\/it\/wp-json\/wp\/v2\/tags?post=9708"}],"curies":[{"name":"wp","href":"https:\/\/api.w.org\/{rel}","templated":true}]}}