{"id":9702,"date":"2024-10-01T13:56:44","date_gmt":"2024-10-01T13:56:44","guid":{"rendered":"https:\/\/preprod.flowbird.com\/termini-e-condizioni\/"},"modified":"2024-12-03T10:46:57","modified_gmt":"2024-12-03T10:46:57","slug":"termini-e-condizioni","status":"publish","type":"page","link":"https:\/\/www.flowbird.com\/it\/termini-e-condizioni\/","title":{"rendered":"Condizioni d&#8217;uso e crediti"},"content":{"rendered":"\t\t<div data-elementor-type=\"wp-page\" data-elementor-id=\"9702\" class=\"elementor elementor-9702 elementor-1093\" data-elementor-post-type=\"page\">\n\t\t\t\t<div class=\"elementor-element elementor-element-39ee76f e-con-full e-flex e-con e-parent\" data-id=\"39ee76f\" data-element_type=\"container\">\n\t\t<div class=\"elementor-element elementor-element-0d798a5 e-flex e-con-boxed e-con e-child\" data-id=\"0d798a5\" data-element_type=\"container\" data-settings=\"{&quot;background_background&quot;:&quot;gradient&quot;}\">\n\t\t\t\t\t<div class=\"e-con-inner\">\n\t\t\t\t<div class=\"elementor-element elementor-element-c3fe5de elementor-widget elementor-widget-heading\" data-id=\"c3fe5de\" data-element_type=\"widget\" data-widget_type=\"heading.default\">\n\t\t\t\t<div class=\"elementor-widget-container\">\n\t\t\t\t\t<h1 class=\"elementor-heading-title elementor-size-default\">Condizioni d&#8217;uso e crediti<\/h1>\t\t\t\t<\/div>\n\t\t\t\t<\/div>\n\t\t\t\t\t<\/div>\n\t\t\t\t<\/div>\n\t\t\t\t<\/div>\n\t\t<div class=\"elementor-element elementor-element-8d570ba e-flex e-con-boxed e-con e-parent\" data-id=\"8d570ba\" data-element_type=\"container\">\n\t\t\t\t\t<div class=\"e-con-inner\">\n\t\t\t\t<div class=\"elementor-element elementor-element-18aabbd elementor-widget elementor-widget-text-editor\" data-id=\"18aabbd\" data-element_type=\"widget\" data-widget_type=\"text-editor.default\">\n\t\t\t\t<div class=\"elementor-widget-container\">\n\t\t\t\t\t\t\t\t\t<h3>\n            <b>1. Editore e azienda ospitante<\/b><br \/>\n          <\/h3>\n<p>\n            <span style=\"font-weight: 400;\">Societ\u00e0 che pubblica il sito:<\/span>\n          <\/p>\n<p>\n            <span style=\"font-weight: 400;\">Flowbird, societ\u00e0 per azioni semplificata, con capitale di 35.456.049 euro, la cui sede si trova al 2TER rue du Ch\u00e2teau 92200 NEUILLY-SUR-SEINE.<\/span><br \/>\n            <span style=\"font-weight: 400;\"><br \/>\n              <br \/>\n            <\/span><br \/>\n            <span style=\"font-weight: 400;\">Numero di identificazione SIREN: 444 719 272 RCS PARIS.<\/span>\n          <\/p>\n<p><span style=\"font-weight: 400;\">Direttore della pubblicazione: \u00c9lodie Pommepuy<\/span><span style=\"font-weight: 400;\"><br \/><\/span><span style=\"font-weight: 400;\">Flowbird &#8211; Servizio Comunicazione (Tel: 03 81 54 56 00)<\/span><span style=\"font-weight: 400;\"><br \/><\/span><span style=\"font-weight: 400;\">L&#8217;hosting di questo sito \u00e8 fornito da Net&amp;Tic.<\/span><\/p>\n<p><span style=\"font-weight: 400;\">Ideazione e produzione: <\/span><a href=\"https:\/\/www.net-tic.net\/\" target=\"_blank\" rel=\"noopener\"><span style=\"font-weight: 400;\">Net&amp;Tic<\/span><\/a><\/p>\n<h3>\n            <b>2. Preambolo<\/b><br \/>\n          <\/h3>\n<p>\n            <span style=\"font-weight: 400;\">Flowbird ha messo online questo sito per presentarti le sue attivit\u00e0, i suoi prodotti e i suoi servizi. L&#8217;utilizzo di questo sito implica l&#8217;accettazione dei termini e delle condizioni generali che seguono e il rispetto di tutte le leggi applicabili. <\/span>\n          <\/p>\n<h3>\n            <b>3. Informazioni su prodotti e servizi<\/b><br \/>\n          <\/h3>\n<p>\n            <span style=\"font-weight: 400;\">Le caratteristiche dei prodotti e dei servizi presentati sono fornite a titolo puramente informativo. Flowbird o le sue filiali possono modificare le informazioni contenute in questo sito relative ai prodotti e ai servizi in qualsiasi momento e senza preavviso. Le informazioni sono fornite senza alcuna garanzia esplicita o implicita. I prodotti e i servizi presentati in questo sito sono distribuiti principalmente da una rete di distributori. In tutti i casi, questi distributori sono aziende che sono a loro volta entit\u00e0 legali separate e agiscono da sole senza alcuna solidariet\u00e0 tra loro. Di conseguenza, quando accedi alle informazioni, ai prodotti e ai servizi offerti da questi distributori tramite un collegamento ipertestuale, queste aziende sono interamente responsabili delle informazioni contenute nei loro siti.     <\/span>\n          <\/p>\n<h3>\n            <b>4. Gestione degli accessi e delle password<\/b><br \/>\n          <\/h3>\n<p>\n            <span style=\"font-weight: 400;\">Il sito o alcune sue sezioni sono accessibili utilizzando un codice di accesso e una password che verranno forniti da Flowbird. I codici di accesso e le password sono riservati. L&#8217;utente \u00e8 responsabile delle conseguenze del loro utilizzo. \u00c8 quindi tua responsabilit\u00e0 adottare tutte le misure necessarie per garantire la sicurezza e la riservatezza dei codici di accesso e delle password che ti sono stati assegnati. Ti impegni a informare Flowbird di qualsiasi uso fraudolento del tuo codice di accesso e\/o della tua password non appena ne vieni a conoscenza. Puoi cambiare in qualsiasi momento la password che ti \u00e8 stata assegnata inizialmente tramite il sito. Flowbird si riserva il diritto di sospendere l&#8217;accesso al sito in caso di uso fraudolento o di tentato uso fraudolento dell&#8217;accesso. Nel caso in cui l&#8217;accesso venga sospeso, Flowbird ti informer\u00e0 immediatamente.       <\/span>\n          <\/p>\n<h3>\n            <b>5. Protezione dei dati personali<\/b><br \/>\n          <\/h3>\n<p>\n            <span style=\"font-weight: 400;\">Quando visiti il sito, potrebbe esserti richiesto di fornire una certa quantit\u00e0 di dati personali su di te con l&#8217;obiettivo di soddisfare al meglio le tue esigenze informative e di comprendere le tue aspettative, nonch\u00e9 di aiutarti a sfruttare al meglio i servizi offerti da questo sito. Per maggiori informazioni, consulta la nostra <a href=\"https:\/\/www.flowbird.com\/it\/informativa-sulla-privacy\/\">Informativa sulla privacy<\/a>. <\/span>\n          <\/p>\n<h3>\n            <b>6. Utilizzo dei cookie<\/b><br \/>\n          <\/h3>\n<p>\n            <span style=\"font-weight: 400;\">Un cookie \u00e8 un risultato di informazioni inviate da un sito web a un computer sotto forma di un piccolo file di dati. I cookie sono necessari per promuovere la personalizzazione del tuo accesso ai nostri servizi online. La memorizzazione dei cookie avviene tramite il browser web utilizzato (ad esempio Internet Explorer). I cookie sono comunque anonimi e non vengono mai utilizzati per raccogliere informazioni personali. Sei libero di accettare o rifiutare i cookie configurando il tuo browser web (disabilitando tutti o alcuni cookie &#8211; consulta il manuale o la funzione di aiuto del tuo browser web per ulteriori informazioni). La disabilitazione dei cookie pu\u00f2 impedire l&#8217;accesso a determinati servizi a cui i cookie sono associati. Non impedisce l&#8217;accesso alle aree non riservate del sito. Inoltre, teniamo traccia di come e dove i visitatori hanno trovato il nostro sito, compresa la loro provenienza. Queste informazioni vengono utilizzate a fini di analisi statistica. I dati corrispondenti non contengono dati personali e vengono distrutti dopo l&#8217;uso.         <\/span>\n          <\/p>\n<p>\n            <span style=\"font-weight: 400;\">Per maggiori informazioni, consulta la nostra <a href=\"https:\/\/www.flowbird.com\/it\/informativa-sui-cookie\/\">politica sui cookie<\/a>.<\/span>\n          <\/p>\n<h3>\n            <b>7. Copyright<\/b><br \/>\n          <\/h3>\n<p>\n            <span style=\"font-weight: 400;\">Tutte le informazioni o i documenti contenuti nel sito, cos\u00ec come tutti gli elementi creati per il sito, sono di propriet\u00e0 di Flowbird o delle sue filiali, oppure sono soggetti ai diritti di utilizzo, riproduzione e rappresentazione concordati a beneficio di queste ultime. Le informazioni, i documenti o gli elementi sono soggetti al diritto d&#8217;autore e alle leggi simili che proteggono la paternit\u00e0 dal momento in cui vengono messi a disposizione del pubblico sul sito. Le copie dei documenti contenuti nel sito possono essere effettuate solo a scopo informativo ed esclusivamente per un uso una tantum strettamente privato. Non viene concessa alcuna licenza o diritto diverso da quello di consultare il sito per quanto riguarda i diritti di propriet\u00e0 intellettuale. La riproduzione dei documenti presenti sul sito \u00e8 autorizzata esclusivamente a scopo informativo per uso personale e privato: qualsiasi riproduzione e utilizzo di copie effettuate per altri scopi \u00e8 espressamente vietata e soggetta a previa autorizzazione esplicita da parte di Flowbird. In ogni caso, la riproduzione autorizzata di qualsiasi informazione contenuta in questo sito deve indicare la fonte e il copyright. Se non diversamente specificato, i nomi delle aziende, i loghi, i prodotti e i marchi citati in questo sito sono di propriet\u00e0 di Flowbird o delle sue filiali. Non possono essere utilizzati senza la previa autorizzazione scritta di Flowbird.       <\/span>\n          <\/p>\n<p>\n            <span style=\"font-weight: 400;\">Tutte le comunicazioni inviate a Flowbird o alle sue filiali tramite questo sito o via e-mail non sono considerate riservate e Flowbird o le sue filiali possono liberamente riprodurle, pubblicarle o utilizzarle in qualsiasi altro modo per qualsiasi scopo. Il mittente di qualsiasi comunicazione a Flowbird o alle sue filiali \u00e8 responsabile del suo contenuto e delle informazioni in essa contenute, in particolare della loro accuratezza. <\/span>\n          <\/p>\n<p>\n            <span style=\"font-weight: 400;\">Questo sito rispetta il diritto d&#8217;autore. Tutti i diritti degli autori di opere protette riprodotte o divulgate su questo sito sono riservati. Salvo autorizzazione, \u00e8 vietato qualsiasi uso delle opere diverso dalla riproduzione e dalla consultazione individuale e privata.  <\/span>\n          <\/p>\n<h3>\n            <b>8. Collegamenti ipertestuali<\/b><br \/>\n          <\/h3>\n<p>\n            <span style=\"font-weight: 400;\">Flowbird e le sue filiali non si assumono formalmente alcuna responsabilit\u00e0 in merito al contenuto dei siti ai quali offrono collegamenti. Questi link sono offerti agli utenti del sito come servizio. La decisione di attivare i link spetta esclusivamente agli utenti del sito. Se desideri creare un collegamento ipertestuale con questo sito, devi ottenere un&#8217;autorizzazione scritta da Flowbird all&#8217;indirizzo: Flowbird, 2TER rue du Ch\u00e2teau 92200 NEUILLY-SUR-SEINE, Francia o utilizzando la pagina &#8220;Contatti&#8221; del sito web o questo indirizzo e-mail:     <\/span><br \/>\n            <a href=\"mailto:contact@flowbird.group\"><br \/>\n              <span style=\"font-weight: 400;\">contact@flowbird.group<\/span><br \/>\n            <\/a>\n          <\/p>\n<h3>\n            <b>9. Responsabilit\u00e0<\/b><br \/>\n          <\/h3>\n<p>\n            <span style=\"font-weight: 400;\">Le informazioni e le raccomandazioni (&#8220;Informazioni&#8221;) disponibili su questo sito sono fornite in buona fede. Si presume che queste informazioni siano corrette nel momento in cui le leggi. Tuttavia, Flowbird e le sue filiali non garantiscono la completezza e l&#8217;accuratezza di queste informazioni. L&#8217;utente accetta pienamente i rischi associati al credito dato alle informazioni. Non viene fornita alcuna garanzia, n\u00e9 esplicita n\u00e9 implicita, in merito ai prodotti o ai servizi a cui si fa riferimento nelle presenti informazioni. In nessun caso Flowbird o le sue filiali si impegneranno ad aggiornare o correggere le informazioni pubblicate su questo sito. Allo stesso modo, Flowbird o le sue filiali si riservano il diritto di modificare o correggere i contenuti dei loro siti in qualsiasi momento e senza preavviso.      <\/span>\n          <\/p>\n<p>\n            <span style=\"font-weight: 400;\">Nonostante gli sforzi, Flowbird e le sue filiali non possono garantire un sito privo di virus e non si assumono alcuna responsabilit\u00e0 in merito. Gli utenti di Internet devono adottare le misure necessarie per la propria protezione e, in particolare, devono utilizzare un software antivirus per analizzare tutte le informazioni, i software o la documentazione prima di scaricarli. <\/span>\n          <\/p>\n<h3>\n            <b>10. Aggiornamenti dei termini e delle condizioni<\/b><br \/>\n          <\/h3>\n<p>\n            <span style=\"font-weight: 400;\">Flowbird pu\u00f2 aggiornare le condizioni d&#8217;uso del sito in qualsiasi momento. Di conseguenza, l&#8217;utente \u00e8 invitato a consultare regolarmente le condizioni d&#8217;uso pi\u00f9 recenti attualmente in vigore per il sito. <\/span>\n          <\/p>\n<h3>\n            <b>Crediti<\/b><br \/>\n          <\/h3>\n<p>\n            <span style=\"font-weight: 400;\">Acquisto di opere d&#8217;arte: Shutterstock, Fotolia, Istockphoto<\/span>\n          <\/p>\n\t\t\t\t\t\t\t\t<\/div>\n\t\t\t\t<\/div>\n\t\t\t\t\t<\/div>\n\t\t\t\t<\/div>\n\t\t\t\t<\/div>\n\t\t","protected":false},"excerpt":{"rendered":"<p>1. Editore e azienda ospitante Societ\u00e0 che pubblica il sito: Flowbird, societ\u00e0 per azioni semplificata, con capitale di 35.456.049 euro, la cui sede si trova al 2TER rue du Ch\u00e2teau 92200 NEUILLY-SUR-SEINE. Numero di identificazione SIREN: 444 719 272 RCS PARIS. Direttore della pubblicazione: \u00c9lodie PommepuyFlowbird &#8211; Servizio Comunicazione (Tel: 03 81 54 56 00)L&#8217;hosting [&hellip;]<\/p>\n","protected":false},"author":2,"featured_media":0,"parent":0,"menu_order":9,"comment_status":"closed","ping_status":"closed","template":"","meta":{"_acf_changed":false,"footnotes":""},"categories":[],"tags":[],"class_list":["post-9702","page","type-page","status-publish","hentry"],"acf":[],"yoast_head":"<!-- This site is optimized with the Yoast SEO Premium plugin v26.3 (Yoast SEO v26.3) - https:\/\/yoast.com\/wordpress\/plugins\/seo\/ -->\n<title>Condizioni d&#039;uso e crediti - Flowbird<\/title>\n<meta name=\"robots\" content=\"index, follow, max-snippet:-1, max-image-preview:large, max-video-preview:-1\" \/>\n<link rel=\"canonical\" href=\"https:\/\/www.flowbird.com\/it\/termini-e-condizioni\/\" \/>\n<meta property=\"og:locale\" content=\"it_IT\" \/>\n<meta property=\"og:type\" content=\"article\" \/>\n<meta property=\"og:title\" content=\"Condizioni d&#039;uso e crediti\" \/>\n<meta property=\"og:description\" content=\"1. Editore e azienda ospitante Societ\u00e0 che pubblica il sito: Flowbird, societ\u00e0 per azioni semplificata, con capitale di 35.456.049 euro, la cui sede si trova al 2TER rue du Ch\u00e2teau 92200 NEUILLY-SUR-SEINE. Numero di identificazione SIREN: 444 719 272 RCS PARIS. Direttore della pubblicazione: \u00c9lodie PommepuyFlowbird &#8211; Servizio Comunicazione (Tel: 03 81 54 56 00)L&#8217;hosting [&hellip;]\" \/>\n<meta property=\"og:url\" content=\"https:\/\/www.flowbird.com\/it\/termini-e-condizioni\/\" \/>\n<meta property=\"og:site_name\" content=\"Flowbird\" \/>\n<meta property=\"article:modified_time\" content=\"2024-12-03T10:46:57+00:00\" \/>\n<meta name=\"twitter:card\" content=\"summary_large_image\" \/>\n<meta name=\"twitter:label1\" content=\"Tempo di lettura stimato\" \/>\n\t<meta name=\"twitter:data1\" content=\"6 minuti\" \/>\n<script type=\"application\/ld+json\" class=\"yoast-schema-graph\">{\"@context\":\"https:\/\/schema.org\",\"@graph\":[{\"@type\":\"WebPage\",\"@id\":\"https:\/\/www.flowbird.com\/it\/termini-e-condizioni\/\",\"url\":\"https:\/\/www.flowbird.com\/it\/termini-e-condizioni\/\",\"name\":\"Condizioni d'uso e crediti - Flowbird\",\"isPartOf\":{\"@id\":\"https:\/\/preprod.flowbird.com\/#website\"},\"datePublished\":\"2024-10-01T13:56:44+00:00\",\"dateModified\":\"2024-12-03T10:46:57+00:00\",\"breadcrumb\":{\"@id\":\"https:\/\/www.flowbird.com\/it\/termini-e-condizioni\/#breadcrumb\"},\"inLanguage\":\"it-IT\",\"potentialAction\":[{\"@type\":\"ReadAction\",\"target\":[\"https:\/\/www.flowbird.com\/it\/termini-e-condizioni\/\"]}]},{\"@type\":\"BreadcrumbList\",\"@id\":\"https:\/\/www.flowbird.com\/it\/termini-e-condizioni\/#breadcrumb\",\"itemListElement\":[{\"@type\":\"ListItem\",\"position\":1,\"name\":\"Home\",\"item\":\"https:\/\/www.flowbird.com\/it\/\"},{\"@type\":\"ListItem\",\"position\":2,\"name\":\"Condizioni d&#8217;uso e crediti\"}]},{\"@type\":\"WebSite\",\"@id\":\"https:\/\/preprod.flowbird.com\/#website\",\"url\":\"https:\/\/preprod.flowbird.com\/\",\"name\":\"Flowbird\",\"description\":\"Effortless Movement From City to City\",\"publisher\":{\"@id\":\"https:\/\/preprod.flowbird.com\/#organization\"},\"potentialAction\":[{\"@type\":\"SearchAction\",\"target\":{\"@type\":\"EntryPoint\",\"urlTemplate\":\"https:\/\/preprod.flowbird.com\/?s={search_term_string}\"},\"query-input\":{\"@type\":\"PropertyValueSpecification\",\"valueRequired\":true,\"valueName\":\"search_term_string\"}}],\"inLanguage\":\"it-IT\"},{\"@type\":\"Organization\",\"@id\":\"https:\/\/www.flowbird.com\/it\/#Organization\/\",\"name\":\"Flowbird\",\"url\":\"https:\/\/preprod.flowbird.com\/\",\"logo\":{\"@type\":\"ImageObject\",\"inLanguage\":\"it-IT\",\"@id\":\"https:\/\/preprod.flowbird.com\/#\/schema\/logo\/image\/\",\"url\":\"https:\/\/www.flowbird.com\/wp-content\/uploads\/2024\/04\/FB-Logo.svg\",\"contentUrl\":\"https:\/\/www.flowbird.com\/wp-content\/uploads\/2024\/04\/FB-Logo.svg\",\"caption\":\"Flowbird\"},\"image\":{\"@id\":\"https:\/\/preprod.flowbird.com\/#\/schema\/logo\/image\/\"}}]}<\/script>\n<!-- \/ Yoast SEO Premium plugin. -->","yoast_head_json":{"title":"Condizioni d'uso e crediti - Flowbird","robots":{"index":"index","follow":"follow","max-snippet":"max-snippet:-1","max-image-preview":"max-image-preview:large","max-video-preview":"max-video-preview:-1"},"canonical":"https:\/\/www.flowbird.com\/it\/termini-e-condizioni\/","og_locale":"it_IT","og_type":"article","og_title":"Condizioni d'uso e crediti","og_description":"1. Editore e azienda ospitante Societ\u00e0 che pubblica il sito: Flowbird, societ\u00e0 per azioni semplificata, con capitale di 35.456.049 euro, la cui sede si trova al 2TER rue du Ch\u00e2teau 92200 NEUILLY-SUR-SEINE. Numero di identificazione SIREN: 444 719 272 RCS PARIS. Direttore della pubblicazione: \u00c9lodie PommepuyFlowbird &#8211; Servizio Comunicazione (Tel: 03 81 54 56 00)L&#8217;hosting [&hellip;]","og_url":"https:\/\/www.flowbird.com\/it\/termini-e-condizioni\/","og_site_name":"Flowbird","article_modified_time":"2024-12-03T10:46:57+00:00","twitter_card":"summary_large_image","twitter_misc":{"Tempo di lettura stimato":"6 minuti"},"schema":{"@context":"https:\/\/schema.org","@graph":[{"@type":"WebPage","@id":"https:\/\/www.flowbird.com\/it\/termini-e-condizioni\/","url":"https:\/\/www.flowbird.com\/it\/termini-e-condizioni\/","name":"Condizioni d'uso e crediti - Flowbird","isPartOf":{"@id":"https:\/\/preprod.flowbird.com\/#website"},"datePublished":"2024-10-01T13:56:44+00:00","dateModified":"2024-12-03T10:46:57+00:00","breadcrumb":{"@id":"https:\/\/www.flowbird.com\/it\/termini-e-condizioni\/#breadcrumb"},"inLanguage":"it-IT","potentialAction":[{"@type":"ReadAction","target":["https:\/\/www.flowbird.com\/it\/termini-e-condizioni\/"]}]},{"@type":"BreadcrumbList","@id":"https:\/\/www.flowbird.com\/it\/termini-e-condizioni\/#breadcrumb","itemListElement":[{"@type":"ListItem","position":1,"name":"Home","item":"https:\/\/www.flowbird.com\/it\/"},{"@type":"ListItem","position":2,"name":"Condizioni d&#8217;uso e crediti"}]},{"@type":"WebSite","@id":"https:\/\/preprod.flowbird.com\/#website","url":"https:\/\/preprod.flowbird.com\/","name":"Flowbird","description":"Effortless Movement From City to City","publisher":{"@id":"https:\/\/preprod.flowbird.com\/#organization"},"potentialAction":[{"@type":"SearchAction","target":{"@type":"EntryPoint","urlTemplate":"https:\/\/preprod.flowbird.com\/?s={search_term_string}"},"query-input":{"@type":"PropertyValueSpecification","valueRequired":true,"valueName":"search_term_string"}}],"inLanguage":"it-IT"},{"@type":"Organization","@id":"https:\/\/www.flowbird.com\/it\/#Organization\/","name":"Flowbird","url":"https:\/\/preprod.flowbird.com\/","logo":{"@type":"ImageObject","inLanguage":"it-IT","@id":"https:\/\/preprod.flowbird.com\/#\/schema\/logo\/image\/","url":"https:\/\/www.flowbird.com\/wp-content\/uploads\/2024\/04\/FB-Logo.svg","contentUrl":"https:\/\/www.flowbird.com\/wp-content\/uploads\/2024\/04\/FB-Logo.svg","caption":"Flowbird"},"image":{"@id":"https:\/\/preprod.flowbird.com\/#\/schema\/logo\/image\/"}}]}},"_links":{"self":[{"href":"https:\/\/www.flowbird.com\/it\/wp-json\/wp\/v2\/pages\/9702","targetHints":{"allow":["GET"]}}],"collection":[{"href":"https:\/\/www.flowbird.com\/it\/wp-json\/wp\/v2\/pages"}],"about":[{"href":"https:\/\/www.flowbird.com\/it\/wp-json\/wp\/v2\/types\/page"}],"author":[{"embeddable":true,"href":"https:\/\/www.flowbird.com\/it\/wp-json\/wp\/v2\/users\/2"}],"replies":[{"embeddable":true,"href":"https:\/\/www.flowbird.com\/it\/wp-json\/wp\/v2\/comments?post=9702"}],"version-history":[{"count":4,"href":"https:\/\/www.flowbird.com\/it\/wp-json\/wp\/v2\/pages\/9702\/revisions"}],"predecessor-version":[{"id":14852,"href":"https:\/\/www.flowbird.com\/it\/wp-json\/wp\/v2\/pages\/9702\/revisions\/14852"}],"wp:attachment":[{"href":"https:\/\/www.flowbird.com\/it\/wp-json\/wp\/v2\/media?parent=9702"}],"wp:term":[{"taxonomy":"category","embeddable":true,"href":"https:\/\/www.flowbird.com\/it\/wp-json\/wp\/v2\/categories?post=9702"},{"taxonomy":"post_tag","embeddable":true,"href":"https:\/\/www.flowbird.com\/it\/wp-json\/wp\/v2\/tags?post=9702"}],"curies":[{"name":"wp","href":"https:\/\/api.w.org\/{rel}","templated":true}]}}