{"id":9679,"date":"2024-11-05T12:13:19","date_gmt":"2024-11-05T12:13:19","guid":{"rendered":"https:\/\/preprod.flowbird.com\/informativa-sui-cookie\/"},"modified":"2024-12-06T13:38:59","modified_gmt":"2024-12-06T13:38:59","slug":"informativa-sui-cookie","status":"publish","type":"page","link":"https:\/\/www.flowbird.com\/it\/informativa-sui-cookie\/","title":{"rendered":"Informativa sui cookie"},"content":{"rendered":"\t\t<div data-elementor-type=\"wp-page\" data-elementor-id=\"9679\" class=\"elementor elementor-9679 elementor-4153\" data-elementor-post-type=\"page\">\n\t\t\t\t<div class=\"elementor-element elementor-element-ebbdb92 e-con-full e-flex e-con e-parent\" data-id=\"ebbdb92\" data-element_type=\"container\">\n\t\t<div class=\"elementor-element elementor-element-7c9e699 e-flex e-con-boxed e-con e-child\" data-id=\"7c9e699\" data-element_type=\"container\" data-settings=\"{&quot;background_background&quot;:&quot;gradient&quot;}\">\n\t\t\t\t\t<div class=\"e-con-inner\">\n\t\t\t\t<div class=\"elementor-element elementor-element-2cac12d elementor-widget elementor-widget-heading\" data-id=\"2cac12d\" data-element_type=\"widget\" data-widget_type=\"heading.default\">\n\t\t\t\t<div class=\"elementor-widget-container\">\n\t\t\t\t\t<h1 class=\"elementor-heading-title elementor-size-default\">Informativa sui cookie<\/h1>\t\t\t\t<\/div>\n\t\t\t\t<\/div>\n\t\t\t\t\t<\/div>\n\t\t\t\t<\/div>\n\t\t\t\t<\/div>\n\t\t<div class=\"elementor-element elementor-element-a82f5e5 e-flex e-con-boxed e-con e-parent\" data-id=\"a82f5e5\" data-element_type=\"container\">\n\t\t\t\t\t<div class=\"e-con-inner\">\n\t\t\t\t<div class=\"elementor-element elementor-element-204746c elementor-widget elementor-widget-text-editor\" data-id=\"204746c\" data-element_type=\"widget\" data-widget_type=\"text-editor.default\">\n\t\t\t\t<div class=\"elementor-widget-container\">\n\t\t\t\t\t\t\t\t\t<h3>1- Cosa sono i biscotti?<\/h3>\n<p>I cookie sono piccoli file di testo che vengono installati sul tuo computer (o su un dispositivo abilitato alla navigazione in internet) dai siti web che visiti. Durante la consultazione del sito, le informazioni relative alla navigazione del tuo terminale (computer, tablet, smartphone, ecc.) sul sito possono essere registrate in file di testo chiamati &#8220;cookie&#8221;, installati sul tuo browser. I cookie verranno utilizzati per riconoscere il tuo browser durante il periodo di validit\u00e0 del cookie in questione e per inviare alcune informazioni al sito (ad esempio un identificatore di sessione o la scelta di una lingua).  <\/p>\n<p>Solo chi emette il cookie in questione pu\u00f2 leggere o modificare le informazioni in esso contenute.<br \/>Esistono diversi tipi di cookie:<\/p>\n<ul>\n<li>cookie di sessione che scompaiono non appena si lascia il sito;<\/li>\n<li>cookie permanenti che rimangono sul tuo terminale fino alla scadenza della loro durata o fino a quando non li cancelli utilizzando le funzionalit\u00e0 del tuo browser.<\/li>\n<\/ul>\n<p>Ti informiamo che, durante le tue visite a questo sito, potrebbero essere installati dei cookie sul tuo terminale.<\/p>\n<h3>2. Perch\u00e9 utilizziamo i cookie?<\/h3>\n<p>Flowbird utilizza i cookie per raccogliere informazioni sull&#8217;utilizzo del sito web e per distinguerti dagli altri utenti. Ma anche per migliorare la tua esperienza quando navighi sul nostro sito web e per tracciare la pubblicit\u00e0 che vedi su siti web di terze parti, misurare la tua risposta alla pubblicit\u00e0, fare rapporti sull&#8217;interazione dei visitatori e sull&#8217;efficacia della pubblicit\u00e0. <\/p>\n<h3>3. Quali cookie utilizziamo?<\/h3>\n<p>In generale, i cookie ci aiutano a fornirti un sito web migliore, consentendoti di monitorare quali pagine trovi utili e quali no. I cookie che utilizziamo non ci permettono in alcun modo di accedere al tuo computer o di avere altre informazioni su di te oltre ai dati che hai scelto di condividere con noi.<br \/>I cookie ci aiutano a migliorare il nostro sito web e a fornire un servizio migliore e pi\u00f9 personalizzato. Ci permettono di:  <\/p>\n<ul>\n<li>valutare il numero e i modelli di utilizzo dei nostri utenti;<\/li>\n<li>memorizzare informazioni sulle tue preferenze per permetterci di adattare il nostro sito web ai tuoi interessi individuali;<\/li>\n<li>accelera la tua ricerca;<\/li>\n<li>riconoscerti quando torni sul nostro sito web.<\/li>\n<\/ul>\n<h3>4. Tipi di cookie<\/h3>\n<p>Utilizziamo i seguenti cookie:<\/p>\n\t\t\t\t\t\t\t\t<\/div>\n\t\t\t\t<\/div>\n\t\t\t\t<div class=\"elementor-element elementor-element-9489ea0 elementor-widget elementor-widget-heading\" data-id=\"9489ea0\" data-element_type=\"widget\" data-widget_type=\"heading.default\">\n\t\t\t\t<div class=\"elementor-widget-container\">\n\t\t\t\t\t<h3 class=\"elementor-heading-title elementor-size-default\">4.1. Essential cookies <\/h3>\t\t\t\t<\/div>\n\t\t\t\t<\/div>\n\t\t\t\t<div class=\"elementor-element elementor-element-b3af5d4 elementor-widget elementor-widget-text-editor\" data-id=\"b3af5d4\" data-element_type=\"widget\" data-widget_type=\"text-editor.default\">\n\t\t\t\t<div class=\"elementor-widget-container\">\n\t\t\t\t\t\t\t\t\t<p>Questi cookie sono essenziali per il corretto funzionamento del sito web e delle sue funzioni.<\/p>\n\t\t\t\t\t\t\t\t<\/div>\n\t\t\t\t<\/div>\n\t\t\t\t<div class=\"elementor-element elementor-element-f2f0362 elementor-widget elementor-widget-heading\" data-id=\"f2f0362\" data-element_type=\"widget\" data-widget_type=\"heading.default\">\n\t\t\t\t<div class=\"elementor-widget-container\">\n\t\t\t\t\t<h3 class=\"elementor-heading-title elementor-size-default\">4.2. Functional cookies <\/h3>\t\t\t\t<\/div>\n\t\t\t\t<\/div>\n\t\t\t\t<div class=\"elementor-element elementor-element-ca5ce63 elementor-widget elementor-widget-text-editor\" data-id=\"ca5ce63\" data-element_type=\"widget\" data-widget_type=\"text-editor.default\">\n\t\t\t\t<div class=\"elementor-widget-container\">\n\t\t\t\t\t\t\t\t\t<p>Questi cookie hanno lo scopo di permetterci di migliorare l&#8217;usabilit\u00e0 e le prestazioni del sito web e di fornire varie funzioni.<\/p>\n\t\t\t\t\t\t\t\t<\/div>\n\t\t\t\t<\/div>\n\t\t\t\t<div class=\"elementor-element elementor-element-ab181f4 elementor-widget elementor-widget-heading\" data-id=\"ab181f4\" data-element_type=\"widget\" data-widget_type=\"heading.default\">\n\t\t\t\t<div class=\"elementor-widget-container\">\n\t\t\t\t\t<h3 class=\"elementor-heading-title elementor-size-default\">4.3. Analytical cookies <\/h3>\t\t\t\t<\/div>\n\t\t\t\t<\/div>\n\t\t\t\t<div class=\"elementor-element elementor-element-0e6cf18 elementor-widget elementor-widget-text-editor\" data-id=\"0e6cf18\" data-element_type=\"widget\" data-widget_type=\"text-editor.default\">\n\t\t\t\t<div class=\"elementor-widget-container\">\n\t\t\t\t\t\t\t\t\t<p>Questi cookie sono utilizzati per analizzare la visita dell&#8217;utente al nostro sito web. Analizziamo il numero di visitatori del nostro sito web, la durata delle visite, l&#8217;ordine delle pagine visitate e se \u00e8 necessario apportare modifiche al sito web. Grazie alle informazioni raccolte, possiamo rendere il nostro sito web ancora pi\u00f9 facile da usare. Questi cookie vengono utilizzati anche per risolvere eventuali problemi tecnici del sito.   <\/p>\n\t\t\t\t\t\t\t\t<\/div>\n\t\t\t\t<\/div>\n\t\t\t\t<div class=\"elementor-element elementor-element-d0e054f elementor-widget elementor-widget-heading\" data-id=\"d0e054f\" data-element_type=\"widget\" data-widget_type=\"heading.default\">\n\t\t\t\t<div class=\"elementor-widget-container\">\n\t\t\t\t\t<h3 class=\"elementor-heading-title elementor-size-default\">4.4. Marketing and tracking cookies <\/h3>\t\t\t\t<\/div>\n\t\t\t\t<\/div>\n\t\t\t\t<div class=\"elementor-element elementor-element-c795418 elementor-widget elementor-widget-text-editor\" data-id=\"c795418\" data-element_type=\"widget\" data-widget_type=\"text-editor.default\">\n\t\t\t\t<div class=\"elementor-widget-container\">\n\t\t\t\t\t\t\t\t\t<p>Utilizziamo i cookie di tracciamento per scopi commerciali solo con il tuo previo consenso. Questi cookie, spesso impostati da terze parti, ci aiutano a personalizzare le offerte pubblicitarie per l&#8217;utente. Le terze parti possono utilizzare i cookie di tracciamento per monitorare il tuo utilizzo di internet. Per maggiori informazioni, leggi le politiche sulla privacy e sui cookie di queste terze parti.   <\/p>\n\t\t\t\t\t\t\t\t<\/div>\n\t\t\t\t<\/div>\n\t\t\t\t<div class=\"elementor-element elementor-element-6004467 elementor-widget elementor-widget-heading\" data-id=\"6004467\" data-element_type=\"widget\" data-widget_type=\"heading.default\">\n\t\t\t\t<div class=\"elementor-widget-container\">\n\t\t\t\t\t<h3 class=\"elementor-heading-title elementor-size-default\">4.5. Other technologies <\/h3>\t\t\t\t<\/div>\n\t\t\t\t<\/div>\n\t\t\t\t<div class=\"elementor-element elementor-element-805543a elementor-widget elementor-widget-text-editor\" data-id=\"805543a\" data-element_type=\"widget\" data-widget_type=\"text-editor.default\">\n\t\t\t\t<div class=\"elementor-widget-container\">\n\t\t\t\t\t\t\t\t\t<p>Oltre ai cookie, Flowbird utilizza anche Javascript e web beacon. Grazie a JavaScript nel tuo browser, possiamo rendere interattive le nostre pagine e sviluppare applicazioni web. Un web beacon \u00e8 una piccola immagine grafica presente sui nostri siti che ci permette di determinare quanti visitatori hanno visitato il sito e in quali momenti. Queste tecnologie possono essere utilizzate anche per scopi di marketing e di tracciamento.   <\/p>\n\t\t\t\t\t\t\t\t<\/div>\n\t\t\t\t<\/div>\n\t\t\t\t<div class=\"elementor-element elementor-element-b17c2fd elementor-widget elementor-widget-heading\" data-id=\"b17c2fd\" data-element_type=\"widget\" data-widget_type=\"heading.default\">\n\t\t\t\t<div class=\"elementor-widget-container\">\n\t\t\t\t\t<h3 class=\"elementor-heading-title elementor-size-default\">4.6. Overview of the cookies <\/h3>\t\t\t\t<\/div>\n\t\t\t\t<\/div>\n\t\t\t\t<div class=\"elementor-element elementor-element-2b94cf3 elementor-widget elementor-widget-text-editor\" data-id=\"2b94cf3\" data-element_type=\"widget\" data-widget_type=\"text-editor.default\">\n\t\t\t\t<div class=\"elementor-widget-container\">\n\t\t\t\t\t\t\t\t\t<p>Ecco una panoramica dei cookie e delle tecniche simili che utilizziamo qui: <a href=\"#cookies\">Preferenze sui cookie<\/a><\/p>\n\t\t\t\t\t\t\t\t<\/div>\n\t\t\t\t<\/div>\n\t\t\t\t<div class=\"elementor-element elementor-element-52bb50b elementor-widget elementor-widget-text-editor\" data-id=\"52bb50b\" data-element_type=\"widget\" data-widget_type=\"text-editor.default\">\n\t\t\t\t<div class=\"elementor-widget-container\">\n\t\t\t\t\t\t\t\t\t<table>\n<tbody>\n<tr>\n<td colspan=\"1\" rowspan=\"1\"><strong>Nome<\/strong><\/td>\n<td colspan=\"1\" rowspan=\"1\"><strong>Scopi<\/strong><\/td>\n<td colspan=\"1\" rowspan=\"1\"><strong>Cookie<\/strong><\/td>\n<td colspan=\"1\" rowspan=\"1\"><strong>Conservazione dei dati<\/strong><\/td>\n<\/tr>\n<tr>\n<td colspan=\"1\" rowspan=\"1\">WordPress<\/td>\n<td colspan=\"1\" rowspan=\"1\">Salva la lingua di consultazione del sito<\/td>\n<td colspan=\"1\" rowspan=\"1\">Wp_lang<\/td>\n<td colspan=\"1\" rowspan=\"1\">Fine della sessione<\/td>\n<\/tr>\n<tr>\n<td colspan=\"1\" rowspan=\"1\">Tarteaucitron<\/td>\n<td colspan=\"1\" rowspan=\"1\">Salva le preferenze dell&#8217;utente sull&#8217;uso dei cookie<\/td>\n<td colspan=\"1\" rowspan=\"1\">Taretaucitron<\/td>\n<td colspan=\"1\" rowspan=\"1\">12 mesi<\/td>\n<\/tr>\n<tr>\n<td colspan=\"1\" rowspan=\"1\">Youtube<\/td>\n<td colspan=\"1\" rowspan=\"1\">Utilizzato da YouTube per ricordare i dati inseriti dall&#8217;utente e associare le sue azioni<\/td>\n<td colspan=\"1\" rowspan=\"1\">YSC<\/td>\n<td colspan=\"1\" rowspan=\"1\">Fine della sessione<\/td>\n<\/tr>\n<tr>\n<td colspan=\"1\" rowspan=\"1\">Youtube<\/td>\n<td colspan=\"1\" rowspan=\"1\">Fornire servizi pubblicitari o di retargeting, memorizzare e tracciare l&#8217;identit\u00e0 di un visitatore, memorizzare e tracciare le interazioni<\/td>\n<td colspan=\"1\" rowspan=\"1\">VISITOR_INFO1_LIVE<\/td>\n<td colspan=\"1\" rowspan=\"1\">6 mesi<\/td>\n<\/tr>\n<tr>\n<td colspan=\"1\" rowspan=\"1\">Google reCAPTCHA<\/td>\n<td colspan=\"1\" rowspan=\"1\">Garantire la protezione anti-spam<\/td>\n<td colspan=\"1\" rowspan=\"1\">_GRECAPTCHA<\/td>\n<td colspan=\"1\" rowspan=\"1\">6 mesi<\/td>\n<\/tr>\n<tr>\n<td colspan=\"1\" rowspan=\"1\">Annunci di Google<\/td>\n<td colspan=\"1\" rowspan=\"1\">Garantire il servizio pubblicitario o il retargeting, memorizzare le preferenze dell&#8217;utente<\/td>\n<td colspan=\"1\" rowspan=\"1\">NID<\/td>\n<td colspan=\"1\" rowspan=\"1\">6 mesi<\/td>\n<\/tr>\n<tr>\n<td colspan=\"1\" rowspan=\"1\">Matomo<\/td>\n<td colspan=\"1\" rowspan=\"1\">Registra un ID per ogni utente<\/td>\n<td colspan=\"1\" rowspan=\"1\">_pk_id*<\/td>\n<td colspan=\"1\" rowspan=\"1\">13 mesi<\/td>\n<\/tr>\n<tr>\n<td colspan=\"1\" rowspan=\"1\">Matomo<\/td>\n<td colspan=\"1\" rowspan=\"1\">Registra un identificatore per ogni sessione utente<\/td>\n<td colspan=\"1\" rowspan=\"1\">_pk_ses*<\/td>\n<td colspan=\"1\" rowspan=\"1\">Fine della sessione<\/td>\n<\/tr>\n<\/tbody>\n<\/table>\n<div class=\"elementor-element elementor-element-e500934 elementor-widget elementor-widget-text-editor\" data-id=\"e500934\" data-element_type=\"widget\" data-widget_type=\"text-editor.default\">\n<div class=\"elementor-widget-container\">\n<p>Possiamo anche utilizzare cookie anonimi per tracciare informazioni sulla cronologia di navigazione dell&#8217;utente sul nostro sito web e reti pubblicitarie di terze parti, come Google AdSense e Subscription, utilizzano queste informazioni per poter pubblicare annunci per conto nostro su altri siti web su internet.<\/p>\n<p>Aggiorneremo queste informazioni quando introdurremo nuove funzionalit\u00e0 nel sito.<\/p>\n<h3>5. Come gestire i cookie?<\/h3>\n<p>Puoi gestire e modificare l&#8217;uso dei cookie in qualsiasi momento:<\/p>\n<p>1. Dal tuo browser o da<br \/>2. Dal nostro sito cliccando qui <a href=\"#cookies\">Preferenze sui cookie<\/a><\/p>\n<p>1. Gestire i cookie dal browser: Puoi rifiutare di accettare i cookie attivando l&#8217;impostazione del tuo browser che ti consente di rifiutarne l&#8217;installazione. Tuttavia, tieni presente che cancellando o bloccando i cookie il sito web potrebbe non funzionare correttamente e potresti non essere in grado di accedere ad alcune parti. Se vuoi saperne di pi\u00f9 sui cookie, su quali sono stati installati e su come gestirli ed eliminarli, visita il sito <a href=\"\">www.allaboutcookies.org.<\/a>  <\/p>\n<p>2. Gestisci i tuoi cookie dal modulo di gestione: Un modulo ti permette di scegliere i cookie che desideri accettare e quelli che desideri rifiutare sul nostro sito.<\/p>\n<p>In qualsiasi momento, cliccando qui <a href=\"#cookies\">Preferenze Cookie<\/a> potrai accedere al modulo e modificare le tue scelte.<\/p>\n<p>Ti ricordiamo che l&#8217;utilizzo dei cookie strettamente necessari per il corretto funzionamento del Sito\/Applicazione non richiede il tuo consenso. Per questo motivo sono gi\u00e0 pre-selezionati nel nostro strumento di gestione dei cookie e non sono facoltativi. <\/p>\n<h3>6. Aggiornamento della politica<\/h3>\n<p>Potremmo aggiornare questa politica di tanto in tanto. Cambiamenti nella legislazione, nella giurisprudenza, nella tecnologia e nelle linee guida governative potrebbero richiederci di modificarla. Ti invitiamo a controllare questa pagina di tanto in tanto per assicurarti di essere a conoscenza di eventuali modifiche.  <\/p>\n<p>Se vuoi saperne di pi\u00f9 su come trattiamo i tuoi dati personali in generale, <a href=\"https:\/\/www.flowbird.com\/it\/informativa-sulla-privacy\/\">clicca qui.<\/a><\/p>\n<\/p><\/div>\n<\/p><\/div>\n\t\t\t\t\t\t\t\t<\/div>\n\t\t\t\t<\/div>\n\t\t\t\t\t<\/div>\n\t\t\t\t<\/div>\n\t\t\t\t<\/div>\n\t\t","protected":false},"excerpt":{"rendered":"<p>1- Cosa sono i biscotti? I cookie sono piccoli file di testo che vengono installati sul tuo computer (o su un dispositivo abilitato alla navigazione in internet) dai siti web che visiti. Durante la consultazione del sito, le informazioni relative alla navigazione del tuo terminale (computer, tablet, smartphone, ecc.) sul sito possono essere registrate in [&hellip;]<\/p>\n","protected":false},"author":2,"featured_media":0,"parent":0,"menu_order":7,"comment_status":"closed","ping_status":"closed","template":"","meta":{"_acf_changed":false,"footnotes":""},"categories":[],"tags":[],"class_list":["post-9679","page","type-page","status-publish","hentry"],"acf":[],"yoast_head":"<!-- This site is optimized with the Yoast SEO Premium plugin v26.3 (Yoast SEO v26.3) - https:\/\/yoast.com\/wordpress\/plugins\/seo\/ -->\n<title>Informativa sui cookie - Flowbird<\/title>\n<meta name=\"robots\" content=\"index, follow, max-snippet:-1, max-image-preview:large, max-video-preview:-1\" \/>\n<link rel=\"canonical\" href=\"https:\/\/www.flowbird.com\/it\/informativa-sui-cookie\/\" \/>\n<meta property=\"og:locale\" content=\"it_IT\" \/>\n<meta property=\"og:type\" content=\"article\" \/>\n<meta property=\"og:title\" content=\"Informativa sui cookie\" \/>\n<meta property=\"og:description\" content=\"1- Cosa sono i biscotti? I cookie sono piccoli file di testo che vengono installati sul tuo computer (o su un dispositivo abilitato alla navigazione in internet) dai siti web che visiti. Durante la consultazione del sito, le informazioni relative alla navigazione del tuo terminale (computer, tablet, smartphone, ecc.) sul sito possono essere registrate in [&hellip;]\" \/>\n<meta property=\"og:url\" content=\"https:\/\/www.flowbird.com\/it\/informativa-sui-cookie\/\" \/>\n<meta property=\"og:site_name\" content=\"Flowbird\" \/>\n<meta property=\"article:modified_time\" content=\"2024-12-06T13:38:59+00:00\" \/>\n<meta name=\"twitter:card\" content=\"summary_large_image\" \/>\n<meta name=\"twitter:label1\" content=\"Tempo di lettura stimato\" \/>\n\t<meta name=\"twitter:data1\" content=\"5 minuti\" \/>\n<script type=\"application\/ld+json\" class=\"yoast-schema-graph\">{\"@context\":\"https:\/\/schema.org\",\"@graph\":[{\"@type\":\"WebPage\",\"@id\":\"https:\/\/www.flowbird.com\/it\/informativa-sui-cookie\/\",\"url\":\"https:\/\/www.flowbird.com\/it\/informativa-sui-cookie\/\",\"name\":\"Informativa sui cookie - Flowbird\",\"isPartOf\":{\"@id\":\"https:\/\/preprod.flowbird.com\/#website\"},\"datePublished\":\"2024-11-05T12:13:19+00:00\",\"dateModified\":\"2024-12-06T13:38:59+00:00\",\"breadcrumb\":{\"@id\":\"https:\/\/www.flowbird.com\/it\/informativa-sui-cookie\/#breadcrumb\"},\"inLanguage\":\"it-IT\",\"potentialAction\":[{\"@type\":\"ReadAction\",\"target\":[\"https:\/\/www.flowbird.com\/it\/informativa-sui-cookie\/\"]}]},{\"@type\":\"BreadcrumbList\",\"@id\":\"https:\/\/www.flowbird.com\/it\/informativa-sui-cookie\/#breadcrumb\",\"itemListElement\":[{\"@type\":\"ListItem\",\"position\":1,\"name\":\"Home\",\"item\":\"https:\/\/www.flowbird.com\/it\/\"},{\"@type\":\"ListItem\",\"position\":2,\"name\":\"Informativa sui cookie\"}]},{\"@type\":\"WebSite\",\"@id\":\"https:\/\/preprod.flowbird.com\/#website\",\"url\":\"https:\/\/preprod.flowbird.com\/\",\"name\":\"Flowbird\",\"description\":\"Effortless Movement From City to City\",\"publisher\":{\"@id\":\"https:\/\/preprod.flowbird.com\/#organization\"},\"potentialAction\":[{\"@type\":\"SearchAction\",\"target\":{\"@type\":\"EntryPoint\",\"urlTemplate\":\"https:\/\/preprod.flowbird.com\/?s={search_term_string}\"},\"query-input\":{\"@type\":\"PropertyValueSpecification\",\"valueRequired\":true,\"valueName\":\"search_term_string\"}}],\"inLanguage\":\"it-IT\"},{\"@type\":\"Organization\",\"@id\":\"https:\/\/www.flowbird.com\/it\/#Organization\/\",\"name\":\"Flowbird\",\"url\":\"https:\/\/preprod.flowbird.com\/\",\"logo\":{\"@type\":\"ImageObject\",\"inLanguage\":\"it-IT\",\"@id\":\"https:\/\/preprod.flowbird.com\/#\/schema\/logo\/image\/\",\"url\":\"https:\/\/www.flowbird.com\/wp-content\/uploads\/2024\/04\/FB-Logo.svg\",\"contentUrl\":\"https:\/\/www.flowbird.com\/wp-content\/uploads\/2024\/04\/FB-Logo.svg\",\"caption\":\"Flowbird\"},\"image\":{\"@id\":\"https:\/\/preprod.flowbird.com\/#\/schema\/logo\/image\/\"}}]}<\/script>\n<!-- \/ Yoast SEO Premium plugin. -->","yoast_head_json":{"title":"Informativa sui cookie - Flowbird","robots":{"index":"index","follow":"follow","max-snippet":"max-snippet:-1","max-image-preview":"max-image-preview:large","max-video-preview":"max-video-preview:-1"},"canonical":"https:\/\/www.flowbird.com\/it\/informativa-sui-cookie\/","og_locale":"it_IT","og_type":"article","og_title":"Informativa sui cookie","og_description":"1- Cosa sono i biscotti? I cookie sono piccoli file di testo che vengono installati sul tuo computer (o su un dispositivo abilitato alla navigazione in internet) dai siti web che visiti. Durante la consultazione del sito, le informazioni relative alla navigazione del tuo terminale (computer, tablet, smartphone, ecc.) sul sito possono essere registrate in [&hellip;]","og_url":"https:\/\/www.flowbird.com\/it\/informativa-sui-cookie\/","og_site_name":"Flowbird","article_modified_time":"2024-12-06T13:38:59+00:00","twitter_card":"summary_large_image","twitter_misc":{"Tempo di lettura stimato":"5 minuti"},"schema":{"@context":"https:\/\/schema.org","@graph":[{"@type":"WebPage","@id":"https:\/\/www.flowbird.com\/it\/informativa-sui-cookie\/","url":"https:\/\/www.flowbird.com\/it\/informativa-sui-cookie\/","name":"Informativa sui cookie - Flowbird","isPartOf":{"@id":"https:\/\/preprod.flowbird.com\/#website"},"datePublished":"2024-11-05T12:13:19+00:00","dateModified":"2024-12-06T13:38:59+00:00","breadcrumb":{"@id":"https:\/\/www.flowbird.com\/it\/informativa-sui-cookie\/#breadcrumb"},"inLanguage":"it-IT","potentialAction":[{"@type":"ReadAction","target":["https:\/\/www.flowbird.com\/it\/informativa-sui-cookie\/"]}]},{"@type":"BreadcrumbList","@id":"https:\/\/www.flowbird.com\/it\/informativa-sui-cookie\/#breadcrumb","itemListElement":[{"@type":"ListItem","position":1,"name":"Home","item":"https:\/\/www.flowbird.com\/it\/"},{"@type":"ListItem","position":2,"name":"Informativa sui cookie"}]},{"@type":"WebSite","@id":"https:\/\/preprod.flowbird.com\/#website","url":"https:\/\/preprod.flowbird.com\/","name":"Flowbird","description":"Effortless Movement From City to City","publisher":{"@id":"https:\/\/preprod.flowbird.com\/#organization"},"potentialAction":[{"@type":"SearchAction","target":{"@type":"EntryPoint","urlTemplate":"https:\/\/preprod.flowbird.com\/?s={search_term_string}"},"query-input":{"@type":"PropertyValueSpecification","valueRequired":true,"valueName":"search_term_string"}}],"inLanguage":"it-IT"},{"@type":"Organization","@id":"https:\/\/www.flowbird.com\/it\/#Organization\/","name":"Flowbird","url":"https:\/\/preprod.flowbird.com\/","logo":{"@type":"ImageObject","inLanguage":"it-IT","@id":"https:\/\/preprod.flowbird.com\/#\/schema\/logo\/image\/","url":"https:\/\/www.flowbird.com\/wp-content\/uploads\/2024\/04\/FB-Logo.svg","contentUrl":"https:\/\/www.flowbird.com\/wp-content\/uploads\/2024\/04\/FB-Logo.svg","caption":"Flowbird"},"image":{"@id":"https:\/\/preprod.flowbird.com\/#\/schema\/logo\/image\/"}}]}},"_links":{"self":[{"href":"https:\/\/www.flowbird.com\/it\/wp-json\/wp\/v2\/pages\/9679","targetHints":{"allow":["GET"]}}],"collection":[{"href":"https:\/\/www.flowbird.com\/it\/wp-json\/wp\/v2\/pages"}],"about":[{"href":"https:\/\/www.flowbird.com\/it\/wp-json\/wp\/v2\/types\/page"}],"author":[{"embeddable":true,"href":"https:\/\/www.flowbird.com\/it\/wp-json\/wp\/v2\/users\/2"}],"replies":[{"embeddable":true,"href":"https:\/\/www.flowbird.com\/it\/wp-json\/wp\/v2\/comments?post=9679"}],"version-history":[{"count":6,"href":"https:\/\/www.flowbird.com\/it\/wp-json\/wp\/v2\/pages\/9679\/revisions"}],"predecessor-version":[{"id":15060,"href":"https:\/\/www.flowbird.com\/it\/wp-json\/wp\/v2\/pages\/9679\/revisions\/15060"}],"wp:attachment":[{"href":"https:\/\/www.flowbird.com\/it\/wp-json\/wp\/v2\/media?parent=9679"}],"wp:term":[{"taxonomy":"category","embeddable":true,"href":"https:\/\/www.flowbird.com\/it\/wp-json\/wp\/v2\/categories?post=9679"},{"taxonomy":"post_tag","embeddable":true,"href":"https:\/\/www.flowbird.com\/it\/wp-json\/wp\/v2\/tags?post=9679"}],"curies":[{"name":"wp","href":"https:\/\/api.w.org\/{rel}","templated":true}]}}