{"id":9960,"date":"2024-10-01T13:50:17","date_gmt":"2024-10-01T13:50:17","guid":{"rendered":"https:\/\/preprod.flowbird.com\/les-medias\/podcasts\/"},"modified":"2024-11-15T10:44:36","modified_gmt":"2024-11-15T10:44:36","slug":"podcasts","status":"publish","type":"page","link":"https:\/\/www.flowbird.com\/fr\/les-medias\/podcasts\/","title":{"rendered":"Podcasts"},"content":{"rendered":"\t\t<div data-elementor-type=\"wp-page\" data-elementor-id=\"9960\" class=\"elementor elementor-9960 elementor-1075\" data-elementor-post-type=\"page\">\n\t\t\t\t<div class=\"elementor-element elementor-element-f2cf39a e-con-full e-flex e-con e-parent\" data-id=\"f2cf39a\" data-element_type=\"container\">\n\t\t<div class=\"elementor-element elementor-element-5f99174 e-flex e-con-boxed e-con e-child\" data-id=\"5f99174\" data-element_type=\"container\" data-settings=\"{&quot;background_background&quot;:&quot;gradient&quot;}\">\n\t\t\t\t\t<div class=\"e-con-inner\">\n\t\t\t\t<div class=\"elementor-element elementor-element-2346e71 elementor-widget elementor-widget-heading\" data-id=\"2346e71\" data-element_type=\"widget\" data-widget_type=\"heading.default\">\n\t\t\t\t<div class=\"elementor-widget-container\">\n\t\t\t\t\t<p class=\"elementor-heading-title elementor-size-default\">PODCASTS<\/p>\t\t\t\t<\/div>\n\t\t\t\t<\/div>\n\t\t\t\t<div class=\"elementor-element elementor-element-971147d elementor-widget elementor-widget-heading\" data-id=\"971147d\" data-element_type=\"widget\" data-widget_type=\"heading.default\">\n\t\t\t\t<div class=\"elementor-widget-container\">\n\t\t\t\t\t<h1 class=\"elementor-heading-title elementor-size-default\">\u00c9coutez <strong>nos derni\u00e8res id\u00e9es<\/strong>, r\u00e9flexions et points de vue sur la mobilit\u00e9 urbaine<\/h1>\t\t\t\t<\/div>\n\t\t\t\t<\/div>\n\t\t\t\t\t<\/div>\n\t\t\t\t<\/div>\n\t\t\t\t<\/div>\n\t\t<div class=\"elementor-element elementor-element-2ad6c48 e-flex e-con-boxed e-con e-parent\" data-id=\"2ad6c48\" data-element_type=\"container\">\n\t\t\t\t\t<div class=\"e-con-inner\">\n\t\t\t\t<div class=\"elementor-element elementor-element-544cd25 elementor-widget elementor-widget-nt_podcasts_listing\" data-id=\"544cd25\" data-element_type=\"widget\" data-widget_type=\"nt_podcasts_listing.default\">\n\t\t\t\t<div class=\"elementor-widget-container\">\n\t\t\t\t\t<div class=\"nt-podcasts-listing\">\r\n    <div class=\"nt-podcasts-listing__listing\">\r\n        <div  class=\"nt-card nt-card--podcast\">\r\n    <span class=\"nt-card__image\"> \r\n        <img decoding=\"async\" src=\"https:\/\/www.flowbird.com\/wp-content\/uploads\/2024\/10\/shutterstock_1829402423-1-2-jpg.webp\" alt=\"\">\r\n    <\/span>\r\n    <span class=\"nt-card__body\">\r\n        <div class=\"nt-card__txt\">\r\n            <span class=\"nt-card__icon\"><svg width=\"23\" height=\"32\" viewBox=\"0 0 23 32\" fill=\"none\" xmlns=\"http:\/\/www.w3.org\/2000\/svg\">\n<g clip-path=\"url(#clip0_10147_13341)\">\n<path d=\"M17.2308 32.0002H4.92308V29.5387H9.84615V25.7787C4.31538 25.1641 0 20.461 0 14.7695V11.0771H2.46154V14.7695C2.46154 17.0602 3.36077 19.2202 4.99308 20.8533C6.62615 22.4856 8.78615 23.3848 11.0769 23.3848C13.3677 23.3848 15.5277 22.4856 17.1608 20.8533C18.7931 19.2202 19.6923 17.0602 19.6923 14.7695V11.0771H22.1538V14.7695C22.1538 20.461 17.8385 25.1641 12.3077 25.7787V29.5387H17.2308V32.0002Z\" fill=\"#010BEB\"\/>\n<path d=\"M11.0758 20.9231C9.435 20.9192 7.865 20.25 6.72577 19.0692C5.57115 17.9046 4.92269 16.3323 4.92192 14.6923V6.15385C4.90884 2.76846 7.64269 0.0130769 11.0281 0C11.0442 0 11.0596 0 11.0758 0C14.5265 0 17.2296 2.70308 17.2296 6.15385V14.6923C17.2296 18.1277 14.4688 20.9231 11.0758 20.9231Z\" fill=\"#010BEB\"\/>\n<\/g>\n<defs>\n<clipPath id=\"clip0_10147_13341\">\n<rect width=\"22.1538\" height=\"32\" fill=\"white\"\/>\n<\/clipPath>\n<\/defs>\n<\/svg>\n<\/span>\r\n            <span class=\"nt-card__author\">FREDERIC LAITHIER on :<\/span>\r\n            <h2 class=\"nt-card__title\">Is MaaS an essential foundation for liveable cities?<\/h2>\r\n            <span class=\"nt-card__link-wrapper\">\r\n                Listen Now or\r\n                <a href=\"https:\/\/www.flowbird.com\/fr\/podcast\/is-maas-an-essential-foundation-for-liveable-cities\/\" class=\"nt-card__link\">\r\n                    Read More\r\n                    <i class=\"fa fa-arrow-right\"><\/i>\r\n                <\/a>\r\n            <\/span>\r\n        <\/div>\r\n                    <span class=\"nt-card__podcast\">\r\n            <!--[if lt IE 9]><script>document.createElement('audio');<\/script><![endif]-->\n<audio class=\"wp-audio-shortcode\" id=\"audio-9960-1\" preload=\"none\" style=\"width: 100%;\" controls=\"controls\"><source type=\"audio\/mpeg\" src=\"https:\/\/www.flowbird.com\/wp-content\/uploads\/2024\/10\/Flowbird-Fred-Laithier-podcast.mp3?_=1\" \/><a href=\"https:\/\/www.flowbird.com\/wp-content\/uploads\/2024\/10\/Flowbird-Fred-Laithier-podcast.mp3\">https:\/\/www.flowbird.com\/wp-content\/uploads\/2024\/10\/Flowbird-Fred-Laithier-podcast.mp3<\/a><\/audio>        <\/span>\r\n            <\/span>\r\n<\/div>\r\n\r\n    <\/div>\r\n<\/div>\t\t\t\t<\/div>\n\t\t\t\t<\/div>\n\t\t\t\t\t<\/div>\n\t\t\t\t<\/div>\n\t\t\t\t<\/div>\n\t\t","protected":false},"excerpt":{"rendered":"<p>PODCASTS \u00c9coutez nos derni\u00e8res id\u00e9es, r\u00e9flexions et points de vue sur la mobilit\u00e9 urbaine FREDERIC LAITHIER on : Is MaaS an essential foundation for liveable cities? Listen Now or Read More https:\/\/preprod.flowbird.com\/wp-content\/uploads\/2024\/10\/Flowbird-Fred-Laithier-podcast.mp3<\/p>\n","protected":false},"author":2,"featured_media":0,"parent":9111,"menu_order":1,"comment_status":"closed","ping_status":"closed","template":"","meta":{"_acf_changed":false,"footnotes":""},"categories":[],"tags":[],"class_list":["post-9960","page","type-page","status-publish","hentry"],"acf":[],"yoast_head":"<!-- This site is optimized with the Yoast SEO Premium plugin v26.3 (Yoast SEO v26.3) - https:\/\/yoast.com\/wordpress\/plugins\/seo\/ -->\n<title>Podcasts - Flowbird<\/title>\n<meta name=\"robots\" content=\"index, follow, max-snippet:-1, max-image-preview:large, max-video-preview:-1\" \/>\n<link rel=\"canonical\" href=\"https:\/\/www.flowbird.com\/fr\/les-medias\/podcasts\/\" \/>\n<meta property=\"og:locale\" content=\"fr_FR\" \/>\n<meta property=\"og:type\" content=\"article\" \/>\n<meta property=\"og:title\" content=\"Podcasts\" \/>\n<meta property=\"og:description\" content=\"PODCASTS \u00c9coutez nos derni\u00e8res id\u00e9es, r\u00e9flexions et points de vue sur la mobilit\u00e9 urbaine FREDERIC LAITHIER on : Is MaaS an essential foundation for liveable cities? Listen Now or Read More https:\/\/preprod.flowbird.com\/wp-content\/uploads\/2024\/10\/Flowbird-Fred-Laithier-podcast.mp3\" \/>\n<meta property=\"og:url\" content=\"https:\/\/www.flowbird.com\/fr\/les-medias\/podcasts\/\" \/>\n<meta property=\"og:site_name\" content=\"Flowbird\" \/>\n<meta property=\"article:modified_time\" content=\"2024-11-15T10:44:36+00:00\" \/>\n<meta property=\"og:image\" content=\"https:\/\/preprod.flowbird.com\/wp-content\/uploads\/2024\/10\/shutterstock_1829402423-1-2-jpg.webp\" \/>\n<meta name=\"twitter:card\" content=\"summary_large_image\" \/>\n<script type=\"application\/ld+json\" class=\"yoast-schema-graph\">{\"@context\":\"https:\/\/schema.org\",\"@graph\":[{\"@type\":\"WebPage\",\"@id\":\"https:\/\/www.flowbird.com\/fr\/les-medias\/podcasts\/\",\"url\":\"https:\/\/www.flowbird.com\/fr\/les-medias\/podcasts\/\",\"name\":\"Podcasts - Flowbird\",\"isPartOf\":{\"@id\":\"https:\/\/preprod.flowbird.com\/#website\"},\"primaryImageOfPage\":{\"@id\":\"https:\/\/www.flowbird.com\/fr\/les-medias\/podcasts\/#primaryimage\"},\"image\":{\"@id\":\"https:\/\/www.flowbird.com\/fr\/les-medias\/podcasts\/#primaryimage\"},\"thumbnailUrl\":\"https:\/\/preprod.flowbird.com\/wp-content\/uploads\/2024\/10\/shutterstock_1829402423-1-2-jpg.webp\",\"datePublished\":\"2024-10-01T13:50:17+00:00\",\"dateModified\":\"2024-11-15T10:44:36+00:00\",\"breadcrumb\":{\"@id\":\"https:\/\/www.flowbird.com\/fr\/les-medias\/podcasts\/#breadcrumb\"},\"inLanguage\":\"fr-FR\",\"potentialAction\":[{\"@type\":\"ReadAction\",\"target\":[\"https:\/\/www.flowbird.com\/fr\/les-medias\/podcasts\/\"]}]},{\"@type\":\"ImageObject\",\"inLanguage\":\"fr-FR\",\"@id\":\"https:\/\/www.flowbird.com\/fr\/les-medias\/podcasts\/#primaryimage\",\"url\":\"https:\/\/preprod.flowbird.com\/wp-content\/uploads\/2024\/10\/shutterstock_1829402423-1-2-jpg.webp\",\"contentUrl\":\"https:\/\/preprod.flowbird.com\/wp-content\/uploads\/2024\/10\/shutterstock_1829402423-1-2-jpg.webp\"},{\"@type\":\"BreadcrumbList\",\"@id\":\"https:\/\/www.flowbird.com\/fr\/les-medias\/podcasts\/#breadcrumb\",\"itemListElement\":[{\"@type\":\"ListItem\",\"position\":1,\"name\":\"Home\",\"item\":\"https:\/\/www.flowbird.com\/fr\/page-daccueil\/\"},{\"@type\":\"ListItem\",\"position\":2,\"name\":\"Les m\u00e9dias\",\"item\":\"https:\/\/www.flowbird.com\/fr\/les-medias\/\"},{\"@type\":\"ListItem\",\"position\":3,\"name\":\"Podcasts\"}]},{\"@type\":\"WebSite\",\"@id\":\"https:\/\/preprod.flowbird.com\/#website\",\"url\":\"https:\/\/preprod.flowbird.com\/\",\"name\":\"Flowbird\",\"description\":\"Effortless Movement From City to City\",\"publisher\":{\"@id\":\"https:\/\/preprod.flowbird.com\/#organization\"},\"potentialAction\":[{\"@type\":\"SearchAction\",\"target\":{\"@type\":\"EntryPoint\",\"urlTemplate\":\"https:\/\/preprod.flowbird.com\/?s={search_term_string}\"},\"query-input\":{\"@type\":\"PropertyValueSpecification\",\"valueRequired\":true,\"valueName\":\"search_term_string\"}}],\"inLanguage\":\"fr-FR\"},{\"@type\":\"Organization\",\"@id\":\"https:\/\/www.flowbird.com\/fr\/#Organization\/\",\"name\":\"Flowbird\",\"url\":\"https:\/\/preprod.flowbird.com\/\",\"logo\":{\"@type\":\"ImageObject\",\"inLanguage\":\"fr-FR\",\"@id\":\"https:\/\/preprod.flowbird.com\/#\/schema\/logo\/image\/\",\"url\":\"https:\/\/www.flowbird.com\/wp-content\/uploads\/2024\/04\/FB-Logo.svg\",\"contentUrl\":\"https:\/\/www.flowbird.com\/wp-content\/uploads\/2024\/04\/FB-Logo.svg\",\"caption\":\"Flowbird\"},\"image\":{\"@id\":\"https:\/\/preprod.flowbird.com\/#\/schema\/logo\/image\/\"}}]}<\/script>\n<!-- \/ Yoast SEO Premium plugin. -->","yoast_head_json":{"title":"Podcasts - Flowbird","robots":{"index":"index","follow":"follow","max-snippet":"max-snippet:-1","max-image-preview":"max-image-preview:large","max-video-preview":"max-video-preview:-1"},"canonical":"https:\/\/www.flowbird.com\/fr\/les-medias\/podcasts\/","og_locale":"fr_FR","og_type":"article","og_title":"Podcasts","og_description":"PODCASTS \u00c9coutez nos derni\u00e8res id\u00e9es, r\u00e9flexions et points de vue sur la mobilit\u00e9 urbaine FREDERIC LAITHIER on : Is MaaS an essential foundation for liveable cities? Listen Now or Read More https:\/\/preprod.flowbird.com\/wp-content\/uploads\/2024\/10\/Flowbird-Fred-Laithier-podcast.mp3","og_url":"https:\/\/www.flowbird.com\/fr\/les-medias\/podcasts\/","og_site_name":"Flowbird","article_modified_time":"2024-11-15T10:44:36+00:00","og_image":[{"url":"https:\/\/preprod.flowbird.com\/wp-content\/uploads\/2024\/10\/shutterstock_1829402423-1-2-jpg.webp","type":"","width":"","height":""}],"twitter_card":"summary_large_image","schema":{"@context":"https:\/\/schema.org","@graph":[{"@type":"WebPage","@id":"https:\/\/www.flowbird.com\/fr\/les-medias\/podcasts\/","url":"https:\/\/www.flowbird.com\/fr\/les-medias\/podcasts\/","name":"Podcasts - Flowbird","isPartOf":{"@id":"https:\/\/preprod.flowbird.com\/#website"},"primaryImageOfPage":{"@id":"https:\/\/www.flowbird.com\/fr\/les-medias\/podcasts\/#primaryimage"},"image":{"@id":"https:\/\/www.flowbird.com\/fr\/les-medias\/podcasts\/#primaryimage"},"thumbnailUrl":"https:\/\/preprod.flowbird.com\/wp-content\/uploads\/2024\/10\/shutterstock_1829402423-1-2-jpg.webp","datePublished":"2024-10-01T13:50:17+00:00","dateModified":"2024-11-15T10:44:36+00:00","breadcrumb":{"@id":"https:\/\/www.flowbird.com\/fr\/les-medias\/podcasts\/#breadcrumb"},"inLanguage":"fr-FR","potentialAction":[{"@type":"ReadAction","target":["https:\/\/www.flowbird.com\/fr\/les-medias\/podcasts\/"]}]},{"@type":"ImageObject","inLanguage":"fr-FR","@id":"https:\/\/www.flowbird.com\/fr\/les-medias\/podcasts\/#primaryimage","url":"https:\/\/preprod.flowbird.com\/wp-content\/uploads\/2024\/10\/shutterstock_1829402423-1-2-jpg.webp","contentUrl":"https:\/\/preprod.flowbird.com\/wp-content\/uploads\/2024\/10\/shutterstock_1829402423-1-2-jpg.webp"},{"@type":"BreadcrumbList","@id":"https:\/\/www.flowbird.com\/fr\/les-medias\/podcasts\/#breadcrumb","itemListElement":[{"@type":"ListItem","position":1,"name":"Home","item":"https:\/\/www.flowbird.com\/fr\/page-daccueil\/"},{"@type":"ListItem","position":2,"name":"Les m\u00e9dias","item":"https:\/\/www.flowbird.com\/fr\/les-medias\/"},{"@type":"ListItem","position":3,"name":"Podcasts"}]},{"@type":"WebSite","@id":"https:\/\/preprod.flowbird.com\/#website","url":"https:\/\/preprod.flowbird.com\/","name":"Flowbird","description":"Effortless Movement From City to City","publisher":{"@id":"https:\/\/preprod.flowbird.com\/#organization"},"potentialAction":[{"@type":"SearchAction","target":{"@type":"EntryPoint","urlTemplate":"https:\/\/preprod.flowbird.com\/?s={search_term_string}"},"query-input":{"@type":"PropertyValueSpecification","valueRequired":true,"valueName":"search_term_string"}}],"inLanguage":"fr-FR"},{"@type":"Organization","@id":"https:\/\/www.flowbird.com\/fr\/#Organization\/","name":"Flowbird","url":"https:\/\/preprod.flowbird.com\/","logo":{"@type":"ImageObject","inLanguage":"fr-FR","@id":"https:\/\/preprod.flowbird.com\/#\/schema\/logo\/image\/","url":"https:\/\/www.flowbird.com\/wp-content\/uploads\/2024\/04\/FB-Logo.svg","contentUrl":"https:\/\/www.flowbird.com\/wp-content\/uploads\/2024\/04\/FB-Logo.svg","caption":"Flowbird"},"image":{"@id":"https:\/\/preprod.flowbird.com\/#\/schema\/logo\/image\/"}}]}},"_links":{"self":[{"href":"https:\/\/www.flowbird.com\/fr\/wp-json\/wp\/v2\/pages\/9960","targetHints":{"allow":["GET"]}}],"collection":[{"href":"https:\/\/www.flowbird.com\/fr\/wp-json\/wp\/v2\/pages"}],"about":[{"href":"https:\/\/www.flowbird.com\/fr\/wp-json\/wp\/v2\/types\/page"}],"author":[{"embeddable":true,"href":"https:\/\/www.flowbird.com\/fr\/wp-json\/wp\/v2\/users\/2"}],"replies":[{"embeddable":true,"href":"https:\/\/www.flowbird.com\/fr\/wp-json\/wp\/v2\/comments?post=9960"}],"version-history":[{"count":4,"href":"https:\/\/www.flowbird.com\/fr\/wp-json\/wp\/v2\/pages\/9960\/revisions"}],"predecessor-version":[{"id":12143,"href":"https:\/\/www.flowbird.com\/fr\/wp-json\/wp\/v2\/pages\/9960\/revisions\/12143"}],"up":[{"embeddable":true,"href":"https:\/\/www.flowbird.com\/fr\/wp-json\/wp\/v2\/pages\/9111"}],"wp:attachment":[{"href":"https:\/\/www.flowbird.com\/fr\/wp-json\/wp\/v2\/media?parent=9960"}],"wp:term":[{"taxonomy":"category","embeddable":true,"href":"https:\/\/www.flowbird.com\/fr\/wp-json\/wp\/v2\/categories?post=9960"},{"taxonomy":"post_tag","embeddable":true,"href":"https:\/\/www.flowbird.com\/fr\/wp-json\/wp\/v2\/tags?post=9960"}],"curies":[{"name":"wp","href":"https:\/\/api.w.org\/{rel}","templated":true}]}}