{"id":9712,"date":"2024-10-01T13:56:44","date_gmt":"2024-10-01T13:56:44","guid":{"rendered":"https:\/\/preprod.flowbird.com\/politique-de-confidentialite\/"},"modified":"2024-11-15T10:43:39","modified_gmt":"2024-11-15T10:43:39","slug":"politique-de-confidentialite","status":"publish","type":"page","link":"https:\/\/www.flowbird.com\/fr\/politique-de-confidentialite\/","title":{"rendered":"Politique de confidentialit\u00e9"},"content":{"rendered":"\t\t<div data-elementor-type=\"wp-page\" data-elementor-id=\"9712\" class=\"elementor elementor-9712 elementor-1091\" data-elementor-post-type=\"page\">\n\t\t\t\t<div class=\"elementor-element elementor-element-e11609e e-con-full e-flex e-con e-parent\" data-id=\"e11609e\" data-element_type=\"container\">\n\t\t<div class=\"elementor-element elementor-element-54dd904 e-flex e-con-boxed e-con e-child\" data-id=\"54dd904\" data-element_type=\"container\" data-settings=\"{&quot;background_background&quot;:&quot;gradient&quot;}\">\n\t\t\t\t\t<div class=\"e-con-inner\">\n\t\t\t\t<div class=\"elementor-element elementor-element-fc60449 elementor-widget elementor-widget-heading\" data-id=\"fc60449\" data-element_type=\"widget\" data-widget_type=\"heading.default\">\n\t\t\t\t<div class=\"elementor-widget-container\">\n\t\t\t\t\t<h1 class=\"elementor-heading-title elementor-size-default\">Politique de confidentialit\u00e9<\/h1>\t\t\t\t<\/div>\n\t\t\t\t<\/div>\n\t\t\t\t\t<\/div>\n\t\t\t\t<\/div>\n\t\t\t\t<\/div>\n\t\t<div class=\"elementor-element elementor-element-a883960 e-flex e-con-boxed e-con e-parent\" data-id=\"a883960\" data-element_type=\"container\">\n\t\t\t\t\t<div class=\"e-con-inner\">\n\t\t\t\t<div class=\"elementor-element elementor-element-26c49ef elementor-widget elementor-widget-text-editor\" data-id=\"26c49ef\" data-element_type=\"widget\" data-widget_type=\"text-editor.default\">\n\t\t\t\t<div class=\"elementor-widget-container\">\n\t\t\t\t\t\t\t\t\t<h3>1- Collecte de donn\u00e9es personnelles<\/h3>\n<p>Les informations que vous communiquez via les formulaires de contact, les offres d&#8217;emploi et les cookies (pour plus d&rsquo;informations, vous \u00eates invit\u00e9s \u00e0 vous r\u00e9f\u00e9rer \u00e0 la section sp\u00e9cifique \u00ab\u00a0Cookies\u00a0\u00bb) font l&rsquo;objet d&rsquo;un traitement par FLOWBIRD aux fins de r\u00e9ponses \u00e0 vos demandes.<\/p>\n<p>FLOWBIRD, responsable du traitement, traite les donn\u00e9es personnelles ainsi collect\u00e9es pour les finalit\u00e9s, les dur\u00e9es et sur la base de la base l\u00e9gale ci-dessous :<\/p>\n<table>\n<tbody>\n<tr>\n<td colspan=\"1\" rowspan=\"1\"><strong>Informations<\/strong><\/td>\n<td colspan=\"1\" rowspan=\"1\"><strong>Objectifs<\/strong><\/td>\n<td colspan=\"1\" rowspan=\"1\"><strong>Dur\u00e9e<\/strong><\/td>\n<td colspan=\"1\" rowspan=\"1\"><strong>Base l\u00e9gale<\/strong><\/td>\n<\/tr>\n<tr>\n<td colspan=\"1\" rowspan=\"1\">Demandes de contact (trait\u00e9es par le d\u00e9partement Marketing)<\/td>\n<td colspan=\"1\" rowspan=\"1\">R\u00e9pondre \u00e0 vos demandes d&rsquo;informations sur nos produits<\/td>\n<td colspan=\"1\" rowspan=\"1\">3 ans \u00e0 compter du dernier contact<\/td>\n<td colspan=\"1\" rowspan=\"1\">Votre consentement<\/td>\n<\/tr>\n<tr>\n<td colspan=\"1\" rowspan=\"1\">Offres d&#8217;emploi (trait\u00e9es par les ressources humaines)<\/td>\n<td colspan=\"1\" rowspan=\"1\">Examen de votre candidature<\/td>\n<td colspan=\"1\" rowspan=\"1\">2 ans \u00e0 compter de la r\u00e9ception de votre candidature puis avec votre accord pour une p\u00e9riode suppl\u00e9mentaire de 2 ans<\/td>\n<td colspan=\"1\" rowspan=\"1\">Votre consentement<\/td>\n<\/tr>\n<tr>\n<td colspan=\"1\" rowspan=\"1\">Les cookies propri\u00e9taires<\/td>\n<td colspan=\"1\" rowspan=\"1\">&#8211; Permettre une utilisation optimale du Site<br \/>&#8211; R\u00e9aliser des statistiques de fr\u00e9quentation et contribuer \u00e0 l&rsquo;am\u00e9lioration du Site<br \/>&#8211; Suivre les Utilisateurs et vous donner acc\u00e8s \u00e0 des vid\u00e9os<\/td>\n<td colspan=\"1\" rowspan=\"1\">12 mois<br \/>13 mois<br \/>6 mois<\/td>\n<td colspan=\"1\" rowspan=\"1\">Votre consentement<\/td>\n<\/tr>\n<\/tbody>\n<\/table>\n<h3>2- Vos droits<\/h3>\n<p>Conform\u00e9ment \u00e0 la r\u00e9glementation applicable en mati\u00e8re de protection des donn\u00e9es personnelles et notamment le R\u00e8glement (UE) 2016\/679 du Parlement europ\u00e9en et du Conseil du 27 avril 2016 relatif \u00e0 la protection des personnes physiques \u00e0 l&rsquo;\u00e9gard du traitement des donn\u00e9es \u00e0 caract\u00e8re personnel , vous disposez des droits suivants :<\/p>\n<ul>\n<li>le droit d&rsquo;acc\u00e8s,<\/li>\n<li>droit de rectification,<\/li>\n<li>le droit \u00e0 l&rsquo;effacement (droit \u00e0 l&rsquo;oubli),<\/li>\n<li>le droit de retirer votre consentement,<\/li>\n<li>le droit d&rsquo;opposition pour des raisons li\u00e9es \u00e0 votre situation particuli\u00e8re,<\/li>\n<li>droit \u00e0 la limitation du traitement,<\/li>\n<li>d\u00e9finir des lignes directrices relatives \u00e0 la conservation, \u00e0 l&rsquo;effacement et \u00e0 la communication des donn\u00e9es \u00e0 caract\u00e8re personnel apr\u00e8s le d\u00e9c\u00e8s.<\/li>\n<\/ul>\n<h3>3 &#8211; Exercer vos droits<\/h3>\n<p>Pour exercer vos droits, vous pouvez<\/p>\n<ul>\n<li>Utilisez notre formulaire en ligne ou envoyez-nous un courriel ou un courrier postal aux adresses ci-dessous, en pr\u00e9cisant le droit que vous souhaitez exercer, vos donn\u00e9es personnelles concern\u00e9es par votre demande et en indiquant vos nom, pr\u00e9nom et adresse \u00e9lectronique.<\/li>\n<li>Remplissez ce formulaire en ligne : <a href=\"https:\/\/privacyportal-de.onetrust.com\/webform\/b4ca0275-61b2-4b93-825d-386e88050a95\/ecaf1512-541a-4918-9ec8-34d2faa9dc88\" target=\"_blank\" rel=\"noopener\">Exercer vos droits<\/a><\/li>\n<li>Courriel : dpo@flowbird.group<\/li>\n<li>Courrier postal : Flowbird &#8211; Droit sur les Donn\u00e9es personnelles, 2 ter rue de du ch\u00e2teau 92200 Neuilly-sur-Seine<\/li>\n<\/ul>\n<p>Le cas \u00e9ch\u00e9ant, une copie d&rsquo;une pi\u00e8ce d&rsquo;identit\u00e9 peut vous \u00eatre demand\u00e9e.<\/p>\n<\/p>\n<h3>4 &#8211; D\u00e9poser une plainte<\/h3>\n<p>Si vous estimez, apr\u00e8s nous avoir contact\u00e9s \u00e0 ce sujet, que vos droits relatifs \u00e0 vos donn\u00e9es personnelles ne sont pas respect\u00e9s, vous pouvez adresser une plainte \u00e0 la Commission Nationale de l&rsquo;Informatique et des Libert\u00e9s (CNIL &#8211; 3 place de Fontenoy &#8211; TSA 80715 &#8211; 75334 Paris cedex 07 &#8211; t\u00e9l\u00e9phone : 01 53 73 22 22).<\/p>\n\t\t\t\t\t\t\t\t<\/div>\n\t\t\t\t<\/div>\n\t\t\t\t\t<\/div>\n\t\t\t\t<\/div>\n\t\t\t\t<\/div>\n\t\t","protected":false},"excerpt":{"rendered":"<p>1- Collecte de donn\u00e9es personnelles Les informations que vous communiquez via les formulaires de contact, les offres d&#8217;emploi et les cookies (pour plus d&rsquo;informations, vous \u00eates invit\u00e9s \u00e0 vous r\u00e9f\u00e9rer \u00e0 la section sp\u00e9cifique \u00ab\u00a0Cookies\u00a0\u00bb) font l&rsquo;objet d&rsquo;un traitement par FLOWBIRD aux fins de r\u00e9ponses \u00e0 vos demandes. FLOWBIRD, responsable du traitement, traite les donn\u00e9es [&hellip;]<\/p>\n","protected":false},"author":2,"featured_media":0,"parent":0,"menu_order":6,"comment_status":"closed","ping_status":"closed","template":"","meta":{"_acf_changed":false,"footnotes":""},"categories":[],"tags":[],"class_list":["post-9712","page","type-page","status-publish","hentry"],"acf":[],"yoast_head":"<!-- This site is optimized with the Yoast SEO Premium plugin v26.3 (Yoast SEO v26.3) - https:\/\/yoast.com\/wordpress\/plugins\/seo\/ -->\n<title>Politique de confidentialit\u00e9 - Flowbird<\/title>\n<meta name=\"robots\" content=\"index, follow, max-snippet:-1, max-image-preview:large, max-video-preview:-1\" \/>\n<link rel=\"canonical\" href=\"https:\/\/www.flowbird.com\/fr\/politique-de-confidentialite\/\" \/>\n<meta property=\"og:locale\" content=\"fr_FR\" \/>\n<meta property=\"og:type\" content=\"article\" \/>\n<meta property=\"og:title\" content=\"Politique de confidentialit\u00e9\" \/>\n<meta property=\"og:description\" content=\"1- Collecte de donn\u00e9es personnelles Les informations que vous communiquez via les formulaires de contact, les offres d&#8217;emploi et les cookies (pour plus d&rsquo;informations, vous \u00eates invit\u00e9s \u00e0 vous r\u00e9f\u00e9rer \u00e0 la section sp\u00e9cifique \u00ab\u00a0Cookies\u00a0\u00bb) font l&rsquo;objet d&rsquo;un traitement par FLOWBIRD aux fins de r\u00e9ponses \u00e0 vos demandes. FLOWBIRD, responsable du traitement, traite les donn\u00e9es [&hellip;]\" \/>\n<meta property=\"og:url\" content=\"https:\/\/www.flowbird.com\/fr\/politique-de-confidentialite\/\" \/>\n<meta property=\"og:site_name\" content=\"Flowbird\" \/>\n<meta property=\"article:modified_time\" content=\"2024-11-15T10:43:39+00:00\" \/>\n<meta name=\"twitter:card\" content=\"summary_large_image\" \/>\n<meta name=\"twitter:label1\" content=\"Dur\u00e9e de lecture estim\u00e9e\" \/>\n\t<meta name=\"twitter:data1\" content=\"2 minutes\" \/>\n<script type=\"application\/ld+json\" class=\"yoast-schema-graph\">{\"@context\":\"https:\/\/schema.org\",\"@graph\":[{\"@type\":\"WebPage\",\"@id\":\"https:\/\/www.flowbird.com\/fr\/politique-de-confidentialite\/\",\"url\":\"https:\/\/www.flowbird.com\/fr\/politique-de-confidentialite\/\",\"name\":\"Politique de confidentialit\u00e9 - Flowbird\",\"isPartOf\":{\"@id\":\"https:\/\/preprod.flowbird.com\/#website\"},\"datePublished\":\"2024-10-01T13:56:44+00:00\",\"dateModified\":\"2024-11-15T10:43:39+00:00\",\"breadcrumb\":{\"@id\":\"https:\/\/www.flowbird.com\/fr\/politique-de-confidentialite\/#breadcrumb\"},\"inLanguage\":\"fr-FR\",\"potentialAction\":[{\"@type\":\"ReadAction\",\"target\":[\"https:\/\/www.flowbird.com\/fr\/politique-de-confidentialite\/\"]}]},{\"@type\":\"BreadcrumbList\",\"@id\":\"https:\/\/www.flowbird.com\/fr\/politique-de-confidentialite\/#breadcrumb\",\"itemListElement\":[{\"@type\":\"ListItem\",\"position\":1,\"name\":\"Home\",\"item\":\"https:\/\/www.flowbird.com\/fr\/page-daccueil\/\"},{\"@type\":\"ListItem\",\"position\":2,\"name\":\"Politique de confidentialit\u00e9\"}]},{\"@type\":\"WebSite\",\"@id\":\"https:\/\/preprod.flowbird.com\/#website\",\"url\":\"https:\/\/preprod.flowbird.com\/\",\"name\":\"Flowbird\",\"description\":\"Effortless Movement From City to City\",\"publisher\":{\"@id\":\"https:\/\/preprod.flowbird.com\/#organization\"},\"potentialAction\":[{\"@type\":\"SearchAction\",\"target\":{\"@type\":\"EntryPoint\",\"urlTemplate\":\"https:\/\/preprod.flowbird.com\/?s={search_term_string}\"},\"query-input\":{\"@type\":\"PropertyValueSpecification\",\"valueRequired\":true,\"valueName\":\"search_term_string\"}}],\"inLanguage\":\"fr-FR\"},{\"@type\":\"Organization\",\"@id\":\"https:\/\/www.flowbird.com\/fr\/#Organization\/\",\"name\":\"Flowbird\",\"url\":\"https:\/\/preprod.flowbird.com\/\",\"logo\":{\"@type\":\"ImageObject\",\"inLanguage\":\"fr-FR\",\"@id\":\"https:\/\/preprod.flowbird.com\/#\/schema\/logo\/image\/\",\"url\":\"https:\/\/www.flowbird.com\/wp-content\/uploads\/2024\/04\/FB-Logo.svg\",\"contentUrl\":\"https:\/\/www.flowbird.com\/wp-content\/uploads\/2024\/04\/FB-Logo.svg\",\"caption\":\"Flowbird\"},\"image\":{\"@id\":\"https:\/\/preprod.flowbird.com\/#\/schema\/logo\/image\/\"}}]}<\/script>\n<!-- \/ Yoast SEO Premium plugin. -->","yoast_head_json":{"title":"Politique de confidentialit\u00e9 - Flowbird","robots":{"index":"index","follow":"follow","max-snippet":"max-snippet:-1","max-image-preview":"max-image-preview:large","max-video-preview":"max-video-preview:-1"},"canonical":"https:\/\/www.flowbird.com\/fr\/politique-de-confidentialite\/","og_locale":"fr_FR","og_type":"article","og_title":"Politique de confidentialit\u00e9","og_description":"1- Collecte de donn\u00e9es personnelles Les informations que vous communiquez via les formulaires de contact, les offres d&#8217;emploi et les cookies (pour plus d&rsquo;informations, vous \u00eates invit\u00e9s \u00e0 vous r\u00e9f\u00e9rer \u00e0 la section sp\u00e9cifique \u00ab\u00a0Cookies\u00a0\u00bb) font l&rsquo;objet d&rsquo;un traitement par FLOWBIRD aux fins de r\u00e9ponses \u00e0 vos demandes. FLOWBIRD, responsable du traitement, traite les donn\u00e9es [&hellip;]","og_url":"https:\/\/www.flowbird.com\/fr\/politique-de-confidentialite\/","og_site_name":"Flowbird","article_modified_time":"2024-11-15T10:43:39+00:00","twitter_card":"summary_large_image","twitter_misc":{"Dur\u00e9e de lecture estim\u00e9e":"2 minutes"},"schema":{"@context":"https:\/\/schema.org","@graph":[{"@type":"WebPage","@id":"https:\/\/www.flowbird.com\/fr\/politique-de-confidentialite\/","url":"https:\/\/www.flowbird.com\/fr\/politique-de-confidentialite\/","name":"Politique de confidentialit\u00e9 - Flowbird","isPartOf":{"@id":"https:\/\/preprod.flowbird.com\/#website"},"datePublished":"2024-10-01T13:56:44+00:00","dateModified":"2024-11-15T10:43:39+00:00","breadcrumb":{"@id":"https:\/\/www.flowbird.com\/fr\/politique-de-confidentialite\/#breadcrumb"},"inLanguage":"fr-FR","potentialAction":[{"@type":"ReadAction","target":["https:\/\/www.flowbird.com\/fr\/politique-de-confidentialite\/"]}]},{"@type":"BreadcrumbList","@id":"https:\/\/www.flowbird.com\/fr\/politique-de-confidentialite\/#breadcrumb","itemListElement":[{"@type":"ListItem","position":1,"name":"Home","item":"https:\/\/www.flowbird.com\/fr\/page-daccueil\/"},{"@type":"ListItem","position":2,"name":"Politique de confidentialit\u00e9"}]},{"@type":"WebSite","@id":"https:\/\/preprod.flowbird.com\/#website","url":"https:\/\/preprod.flowbird.com\/","name":"Flowbird","description":"Effortless Movement From City to City","publisher":{"@id":"https:\/\/preprod.flowbird.com\/#organization"},"potentialAction":[{"@type":"SearchAction","target":{"@type":"EntryPoint","urlTemplate":"https:\/\/preprod.flowbird.com\/?s={search_term_string}"},"query-input":{"@type":"PropertyValueSpecification","valueRequired":true,"valueName":"search_term_string"}}],"inLanguage":"fr-FR"},{"@type":"Organization","@id":"https:\/\/www.flowbird.com\/fr\/#Organization\/","name":"Flowbird","url":"https:\/\/preprod.flowbird.com\/","logo":{"@type":"ImageObject","inLanguage":"fr-FR","@id":"https:\/\/preprod.flowbird.com\/#\/schema\/logo\/image\/","url":"https:\/\/www.flowbird.com\/wp-content\/uploads\/2024\/04\/FB-Logo.svg","contentUrl":"https:\/\/www.flowbird.com\/wp-content\/uploads\/2024\/04\/FB-Logo.svg","caption":"Flowbird"},"image":{"@id":"https:\/\/preprod.flowbird.com\/#\/schema\/logo\/image\/"}}]}},"_links":{"self":[{"href":"https:\/\/www.flowbird.com\/fr\/wp-json\/wp\/v2\/pages\/9712","targetHints":{"allow":["GET"]}}],"collection":[{"href":"https:\/\/www.flowbird.com\/fr\/wp-json\/wp\/v2\/pages"}],"about":[{"href":"https:\/\/www.flowbird.com\/fr\/wp-json\/wp\/v2\/types\/page"}],"author":[{"embeddable":true,"href":"https:\/\/www.flowbird.com\/fr\/wp-json\/wp\/v2\/users\/2"}],"replies":[{"embeddable":true,"href":"https:\/\/www.flowbird.com\/fr\/wp-json\/wp\/v2\/comments?post=9712"}],"version-history":[{"count":1,"href":"https:\/\/www.flowbird.com\/fr\/wp-json\/wp\/v2\/pages\/9712\/revisions"}],"predecessor-version":[{"id":9713,"href":"https:\/\/www.flowbird.com\/fr\/wp-json\/wp\/v2\/pages\/9712\/revisions\/9713"}],"wp:attachment":[{"href":"https:\/\/www.flowbird.com\/fr\/wp-json\/wp\/v2\/media?parent=9712"}],"wp:term":[{"taxonomy":"category","embeddable":true,"href":"https:\/\/www.flowbird.com\/fr\/wp-json\/wp\/v2\/categories?post=9712"},{"taxonomy":"post_tag","embeddable":true,"href":"https:\/\/www.flowbird.com\/fr\/wp-json\/wp\/v2\/tags?post=9712"}],"curies":[{"name":"wp","href":"https:\/\/api.w.org\/{rel}","templated":true}]}}