{"id":9704,"date":"2024-10-01T13:56:44","date_gmt":"2024-10-01T13:56:44","guid":{"rendered":"https:\/\/preprod.flowbird.com\/conditions-generales-dutilisation\/"},"modified":"2024-12-03T10:46:54","modified_gmt":"2024-12-03T10:46:54","slug":"conditions-generales-dutilisation","status":"publish","type":"page","link":"https:\/\/www.flowbird.com\/fr\/conditions-generales-dutilisation\/","title":{"rendered":"Conditions d&rsquo;utilisation et cr\u00e9dits"},"content":{"rendered":"\t\t<div data-elementor-type=\"wp-page\" data-elementor-id=\"9704\" class=\"elementor elementor-9704 elementor-1093\" data-elementor-post-type=\"page\">\n\t\t\t\t<div class=\"elementor-element elementor-element-39ee76f e-con-full e-flex e-con e-parent\" data-id=\"39ee76f\" data-element_type=\"container\">\n\t\t<div class=\"elementor-element elementor-element-0d798a5 e-flex e-con-boxed e-con e-child\" data-id=\"0d798a5\" data-element_type=\"container\" data-settings=\"{&quot;background_background&quot;:&quot;gradient&quot;}\">\n\t\t\t\t\t<div class=\"e-con-inner\">\n\t\t\t\t<div class=\"elementor-element elementor-element-c3fe5de elementor-widget elementor-widget-heading\" data-id=\"c3fe5de\" data-element_type=\"widget\" data-widget_type=\"heading.default\">\n\t\t\t\t<div class=\"elementor-widget-container\">\n\t\t\t\t\t<h1 class=\"elementor-heading-title elementor-size-default\">Conditions d&rsquo;utilisation et cr\u00e9dits<\/h1>\t\t\t\t<\/div>\n\t\t\t\t<\/div>\n\t\t\t\t\t<\/div>\n\t\t\t\t<\/div>\n\t\t\t\t<\/div>\n\t\t<div class=\"elementor-element elementor-element-8d570ba e-flex e-con-boxed e-con e-parent\" data-id=\"8d570ba\" data-element_type=\"container\">\n\t\t\t\t\t<div class=\"e-con-inner\">\n\t\t\t\t<div class=\"elementor-element elementor-element-18aabbd elementor-widget elementor-widget-text-editor\" data-id=\"18aabbd\" data-element_type=\"widget\" data-widget_type=\"text-editor.default\">\n\t\t\t\t<div class=\"elementor-widget-container\">\n\t\t\t\t\t\t\t\t\t<h3>\n            <b>1. \u00c9diteur et h\u00e9bergeur<\/b><br \/>\n          <\/h3>\n<p>\n            <span style=\"font-weight: 400;\">Soci\u00e9t\u00e9 \u00e9ditrice du site :<\/span>\n          <\/p>\n<p>\n            <span style=\"font-weight: 400;\">Flowbird, soci\u00e9t\u00e9 par actions simplifi\u00e9e, au capital de 35 456 049 euros, dont le si\u00e8ge social est situ\u00e9 2TER rue du Ch\u00e2teau 92200 NEUILLY-SUR-SEINE.<\/span><br \/>\n            <span style=\"font-weight: 400;\"><br \/>\n              <br \/>\n            <\/span><br \/>\n            <span style=\"font-weight: 400;\">Num\u00e9ro d&rsquo;identification SIREN : 444 719 272 RCS PARIS.<\/span>\n          <\/p>\n<p><span style=\"font-weight: 400;\">Directeur de publication : \u00c9lodie Pommepuy<\/span><span style=\"font-weight: 400;\"><br \/><\/span><span style=\"font-weight: 400;\">Flowbird &#8211; Service communication (Tel : 03 81 54 56 00)<\/span><span style=\"font-weight: 400;\"><br \/><\/span><span style=\"font-weight: 400;\">L&rsquo;h\u00e9bergement de ce site est assur\u00e9 par Net&amp;Tic.<\/span><\/p>\n<p><span style=\"font-weight: 400;\">Conception et production : <\/span><a href=\"https:\/\/www.net-tic.net\/\" target=\"_blank\" rel=\"noopener\"><span style=\"font-weight: 400;\">Net&amp;Tic<\/span><\/a><\/p>\n<h3>\n            <b>2. Pr\u00e9ambule<\/b><br \/>\n          <\/h3>\n<p>\n            <span style=\"font-weight: 400;\">Flowbird a mis en ligne ce site pour vous pr\u00e9senter ses activit\u00e9s, produits et services. L&rsquo;utilisation de ce site implique que vous acceptiez d&rsquo;\u00eatre li\u00e9 par les conditions g\u00e9n\u00e9rales qui suivent et que vous vous engagiez \u00e0 respecter toutes les lois applicables. <\/span>\n          <\/p>\n<h3>\n            <b>3. Informations sur les produits et services<\/b><br \/>\n          <\/h3>\n<p>\n            <span style=\"font-weight: 400;\">Les caract\u00e9ristiques des produits et services pr\u00e9sent\u00e9s sont donn\u00e9es \u00e0 titre indicatif. Flowbird ou ses filiales peuvent modifier les informations contenues dans ce site concernant les produits et services \u00e0 tout moment et sans pr\u00e9avis. Les informations sont donn\u00e9es sans garantie expresse ou implicite. Les produits et services pr\u00e9sent\u00e9s sur ce site sont principalement distribu\u00e9s par un r\u00e9seau de distributeurs. Dans tous les cas, ces distributeurs sont des soci\u00e9t\u00e9s qui sont elles-m\u00eames des entit\u00e9s juridiques distinctes et qui agissent seules sans solidarit\u00e9 entre elles. Par cons\u00e9quent, lorsque vous acc\u00e9dez aux informations, produits et services propos\u00e9s par ces distributeurs via un lien hypertexte, ces soci\u00e9t\u00e9s sont enti\u00e8rement responsables des informations contenues sur leurs sites.     <\/span>\n          <\/p>\n<h3>\n            <b>4. Gestion des acc\u00e8s et des mots de passe<\/b><br \/>\n          <\/h3>\n<p>\n            <span style=\"font-weight: 400;\">Le site ou certaines de ses sections sont accessibles \u00e0 l&rsquo;aide d&rsquo;un code d&rsquo;acc\u00e8s et d&rsquo;un mot de passe qui vous seront fournis par Flowbird. Les codes d&rsquo;acc\u00e8s et les mots de passe sont confidentiels. Vous \u00eates responsable des cons\u00e9quences de leur utilisation. Il vous appartient donc de prendre toutes les mesures n\u00e9cessaires pour assurer la s\u00e9curit\u00e9 et la confidentialit\u00e9 des codes d&rsquo;acc\u00e8s et mots de passe qui vous sont attribu\u00e9s. Vous vous engagez \u00e0 informer Flowbird de toute utilisation frauduleuse de votre code d&rsquo;acc\u00e8s et\/ou de votre mot de passe d\u00e8s que vous en avez connaissance. Vous pouvez \u00e0 tout moment modifier le mot de passe qui vous a \u00e9t\u00e9 initialement attribu\u00e9 via le site. Flowbird se r\u00e9serve le droit de suspendre votre acc\u00e8s au site en cas d&rsquo;utilisation frauduleuse ou de tentative d&rsquo;utilisation frauduleuse de l&rsquo;acc\u00e8s. En cas de suspension de l&rsquo;acc\u00e8s, Flowbird vous en informera imm\u00e9diatement.       <\/span>\n          <\/p>\n<h3>\n            <b>5. Protection des donn\u00e9es \u00e0 caract\u00e8re personnel<\/b><br \/>\n          <\/h3>\n<p>\n            <span style=\"font-weight: 400;\">Lorsque vous visitez le site, vous pouvez \u00eatre amen\u00e9 \u00e0 fournir un certain nombre de donn\u00e9es personnelles vous concernant dans le but de mieux r\u00e9pondre \u00e0 vos besoins d&rsquo;information et de comprendre vos attentes, ainsi que pour vous aider \u00e0 tirer le meilleur parti des services offerts sur ce site. Pour plus d&rsquo;informations, veuillez consulter notre <a href=\"https:\/\/www.flowbird.com\/fr\/politique-de-confidentialite\/\">politique de confidentialit\u00e9<\/a>. <\/span>\n          <\/p>\n<h3>\n            <b>6. Utilisation de cookies<\/b><br \/>\n          <\/h3>\n<p>\n            <span style=\"font-weight: 400;\">Un cookie est un r\u00e9sultat d&rsquo;information envoy\u00e9 par un site web \u00e0 un ordinateur sous la forme d&rsquo;un petit fichier de donn\u00e9es. Les cookies sont n\u00e9cessaires pour favoriser la personnalisation de votre acc\u00e8s \u00e0 nos services en ligne. Le stockage des cookies se fait par l&rsquo;interm\u00e9diaire du navigateur web utilis\u00e9 par l&rsquo;internaute (par exemple Internet Explorer). Les cookies sont toutefois anonymes et ne sont jamais utilis\u00e9s pour collecter des informations personnelles. Vous \u00eates libre d&rsquo;accepter ou de refuser les cookies en configurant votre navigateur web (en d\u00e9sactivant tout ou partie des cookies &#8211; voir le manuel de votre navigateur web ou la fonction d&rsquo;aide pour plus d&rsquo;informations). La d\u00e9sactivation des cookies peut vous emp\u00eacher d&rsquo;acc\u00e9der \u00e0 certains services auxquels les cookies sont associ\u00e9s. Elle n&#8217;emp\u00eache pas l&rsquo;acc\u00e8s aux zones non r\u00e9serv\u00e9es du site. En outre, nous gardons une trace de la mani\u00e8re dont les visiteurs ont trouv\u00e9 notre site et de l&rsquo;endroit o\u00f9 ils l&rsquo;ont trouv\u00e9, y compris leur origine. Ces informations sont utilis\u00e9es \u00e0 des fins d&rsquo;analyse statistique. Les donn\u00e9es correspondantes ne contiennent pas de donn\u00e9es personnelles et sont d\u00e9truites apr\u00e8s utilisation.         <\/span>\n          <\/p>\n<p>\n            <span style=\"font-weight: 400;\">Pour plus d&rsquo;informations, veuillez consulter notre <a href=\"https:\/\/www.flowbird.com\/fr\/politique-en-matiere-de-cookies\/\">politique en mati\u00e8re de cookies<\/a>.<\/span>\n          <\/p>\n<h3>\n            <b>7. Droits d&rsquo;auteur<\/b><br \/>\n          <\/h3>\n<p>\n            <span style=\"font-weight: 400;\">Toutes les informations ou documents contenus dans le site, ainsi que tous les \u00e9l\u00e9ments cr\u00e9\u00e9s pour le site, sont soit la propri\u00e9t\u00e9 de Flowbird ou de ses filiales, soit font l&rsquo;objet de droits d&rsquo;utilisation, de reproduction et de repr\u00e9sentation consentis au profit de ces derni\u00e8res. Les informations, documents ou \u00e9l\u00e9ments sont soumis au droit d&rsquo;auteur et aux lois similaires prot\u00e9geant la propri\u00e9t\u00e9 intellectuelle d\u00e8s lors qu&rsquo;ils sont mis \u00e0 la disposition du public sur le site. Les copies des documents contenus dans le site ne peuvent \u00eatre faites qu&rsquo;\u00e0 titre d&rsquo;information et uniquement pour un usage unique et strictement priv\u00e9. Aucune licence, ni aucun droit autre que celui de consulter le site, n&rsquo;est conf\u00e9r\u00e9 \u00e0 quiconque au regard des droits de propri\u00e9t\u00e9 intellectuelle. La reproduction des documents du site est autoris\u00e9e \u00e0 des fins exclusives d&rsquo;information pour un usage personnel et priv\u00e9 : toute reproduction et toute utilisation de copies r\u00e9alis\u00e9es \u00e0 d&rsquo;autres fins est express\u00e9ment interdite et soumise \u00e0 l&rsquo;autorisation pr\u00e9alable et expresse de Flowbird. Dans tous les cas, la reproduction autoris\u00e9e de toute information contenue sur ce site doit indiquer la source et le copyright appropri\u00e9s. Sauf mention contraire, les d\u00e9nominations sociales, les logos, les produits et marques cit\u00e9s sur ce site sont la propri\u00e9t\u00e9 de Flowbird ou de ses filiales. Ils ne peuvent \u00eatre utilis\u00e9s sans l&rsquo;autorisation \u00e9crite pr\u00e9alable de Flowbird.       <\/span>\n          <\/p>\n<p>\n            <span style=\"font-weight: 400;\">Toutes les communications adress\u00e9es \u00e0 Flowbird ou \u00e0 ses filiales par le biais de ce site ou par courrier \u00e9lectronique ne sont pas consid\u00e9r\u00e9es comme confidentielles, et Flowbird ou ses filiales peuvent librement les reproduire, les publier ou les utiliser de toute autre mani\u00e8re \u00e0 toutes fins utiles. L&rsquo;exp\u00e9diteur de toute communication \u00e0 Flowbird ou \u00e0 ses filiales est responsable de son contenu et des informations qu&rsquo;elle contient, notamment en termes d&rsquo;exactitude. <\/span>\n          <\/p>\n<p>\n            <span style=\"font-weight: 400;\">Ce site respecte le droit d&rsquo;auteur. Tous les droits des auteurs des oeuvres prot\u00e9g\u00e9es reproduites ou communiqu\u00e9es sur ce site sont r\u00e9serv\u00e9s. Sauf autorisation, toute utilisation des \u0153uvres autres que la reproduction et la consultation individuelles et priv\u00e9es sont interdites.  <\/span>\n          <\/p>\n<h3>\n            <b>8. Hyperliens<\/b><br \/>\n          <\/h3>\n<p>\n            <span style=\"font-weight: 400;\">Flowbird et ses filiales d\u00e9clinent formellement toute responsabilit\u00e9 quant au contenu des sites vers lesquels elles proposent des liens. Ces liens sont propos\u00e9s aux utilisateurs de ce site en tant que service. La d\u00e9cision d&rsquo;activer les liens appartient exclusivement aux utilisateurs du site. Si vous souhaitez cr\u00e9er un lien hypertexte avec ce site, vous devez obtenir l&rsquo;autorisation \u00e9crite et pr\u00e9alable de Flowbird \u00e0 l&rsquo;adresse suivante Flowbird, 2TER rue du Ch\u00e2teau 92200 NEUILLY-SUR-SEINE, France ou en utilisant la page \u00ab\u00a0Contact\u00a0\u00bb du site ou cette adresse e-mail :     <\/span><br \/>\n            <a href=\"mailto:contact@flowbird.group\"><br \/>\n              <span style=\"font-weight: 400;\">contact@flowbird.group<\/span><br \/>\n            <\/a>\n          <\/p>\n<h3>\n            <b>9. La responsabilit\u00e9<\/b><br \/>\n          <\/h3>\n<p>\n            <span style=\"font-weight: 400;\">Les informations et recommandations (\u00ab\u00a0Informations\u00a0\u00bb) disponibles sur ce site sont fournies en toute bonne foi. Ces informations sont cens\u00e9es \u00eatre correctes au moment o\u00f9 vous les lisez. Toutefois, Flowbird et ses filiales ne garantissent pas l&rsquo;exhaustivit\u00e9 et l&rsquo;exactitude de ces Informations. Vous assumez pleinement les risques li\u00e9s au cr\u00e9dit que vous accordez \u00e0 ces informations. Aucune garantie, expresse ou implicite, n&rsquo;est donn\u00e9e sur les produits ou services auxquels il est fait r\u00e9f\u00e9rence dans ces Informations. En aucun cas, Flowbird ou ses filiales ne s&rsquo;engagent \u00e0 mettre \u00e0 jour ou \u00e0 corriger les Informations publi\u00e9es sur ce site. De m\u00eame, Flowbird ou ses filiales se r\u00e9servent le droit de modifier ou de corriger le contenu de leurs sites \u00e0 tout moment et sans pr\u00e9avis.      <\/span>\n          <\/p>\n<p>\n            <span style=\"font-weight: 400;\">Malgr\u00e9 tous leurs efforts, Flowbird et ses filiales ne peuvent garantir un site exempt de virus et d\u00e9clinent toute responsabilit\u00e9 \u00e0 cet \u00e9gard. Il appartient \u00e0 l&rsquo;internaute de prendre les mesures n\u00e9cessaires \u00e0 sa protection et notamment d&rsquo;analyser, \u00e0 l&rsquo;aide d&rsquo;un logiciel antivirus, toute information, tout logiciel ou toute documentation avant de les t\u00e9l\u00e9charger. <\/span>\n          <\/p>\n<h3>\n            <b>10. Mise \u00e0 jour des termes et conditions<\/b><br \/>\n          <\/h3>\n<p>\n            <span style=\"font-weight: 400;\">Flowbird peut mettre \u00e0 jour les pr\u00e9sentes conditions d&rsquo;utilisation du site \u00e0 tout moment. En cons\u00e9quence, vous \u00eates invit\u00e9 \u00e0 vous r\u00e9f\u00e9rer r\u00e9guli\u00e8rement aux derni\u00e8res conditions d&rsquo;utilisation du site en vigueur. <\/span>\n          <\/p>\n<h3>\n            <b>Cr\u00e9dits<\/b><br \/>\n          <\/h3>\n<p>\n            <span style=\"font-weight: 400;\">Achat d&rsquo;art : Shutterstock, Fotolia, Istockphoto<\/span>\n          <\/p>\n\t\t\t\t\t\t\t\t<\/div>\n\t\t\t\t<\/div>\n\t\t\t\t\t<\/div>\n\t\t\t\t<\/div>\n\t\t\t\t<\/div>\n\t\t","protected":false},"excerpt":{"rendered":"<p>1. \u00c9diteur et h\u00e9bergeur Soci\u00e9t\u00e9 \u00e9ditrice du site : Flowbird, soci\u00e9t\u00e9 par actions simplifi\u00e9e, au capital de 35 456 049 euros, dont le si\u00e8ge social est situ\u00e9 2TER rue du Ch\u00e2teau 92200 NEUILLY-SUR-SEINE. Num\u00e9ro d&rsquo;identification SIREN : 444 719 272 RCS PARIS. Directeur de publication : \u00c9lodie PommepuyFlowbird &#8211; Service communication (Tel : 03 81 [&hellip;]<\/p>\n","protected":false},"author":2,"featured_media":0,"parent":0,"menu_order":9,"comment_status":"closed","ping_status":"closed","template":"","meta":{"_acf_changed":false,"footnotes":""},"categories":[],"tags":[],"class_list":["post-9704","page","type-page","status-publish","hentry"],"acf":[],"yoast_head":"<!-- This site is optimized with the Yoast SEO Premium plugin v26.3 (Yoast SEO v26.3) - https:\/\/yoast.com\/wordpress\/plugins\/seo\/ -->\n<title>Conditions d&#039;utilisation et cr\u00e9dits - Flowbird<\/title>\n<meta name=\"robots\" content=\"index, follow, max-snippet:-1, max-image-preview:large, max-video-preview:-1\" \/>\n<link rel=\"canonical\" href=\"https:\/\/www.flowbird.com\/fr\/conditions-generales-dutilisation\/\" \/>\n<meta property=\"og:locale\" content=\"fr_FR\" \/>\n<meta property=\"og:type\" content=\"article\" \/>\n<meta property=\"og:title\" content=\"Conditions d&#039;utilisation et cr\u00e9dits\" \/>\n<meta property=\"og:description\" content=\"1. \u00c9diteur et h\u00e9bergeur Soci\u00e9t\u00e9 \u00e9ditrice du site : Flowbird, soci\u00e9t\u00e9 par actions simplifi\u00e9e, au capital de 35 456 049 euros, dont le si\u00e8ge social est situ\u00e9 2TER rue du Ch\u00e2teau 92200 NEUILLY-SUR-SEINE. Num\u00e9ro d&rsquo;identification SIREN : 444 719 272 RCS PARIS. Directeur de publication : \u00c9lodie PommepuyFlowbird &#8211; Service communication (Tel : 03 81 [&hellip;]\" \/>\n<meta property=\"og:url\" content=\"https:\/\/www.flowbird.com\/fr\/conditions-generales-dutilisation\/\" \/>\n<meta property=\"og:site_name\" content=\"Flowbird\" \/>\n<meta property=\"article:modified_time\" content=\"2024-12-03T10:46:54+00:00\" \/>\n<meta name=\"twitter:card\" content=\"summary_large_image\" \/>\n<meta name=\"twitter:label1\" content=\"Dur\u00e9e de lecture estim\u00e9e\" \/>\n\t<meta name=\"twitter:data1\" content=\"7 minutes\" \/>\n<script type=\"application\/ld+json\" class=\"yoast-schema-graph\">{\"@context\":\"https:\/\/schema.org\",\"@graph\":[{\"@type\":\"WebPage\",\"@id\":\"https:\/\/www.flowbird.com\/fr\/conditions-generales-dutilisation\/\",\"url\":\"https:\/\/www.flowbird.com\/fr\/conditions-generales-dutilisation\/\",\"name\":\"Conditions d'utilisation et cr\u00e9dits - Flowbird\",\"isPartOf\":{\"@id\":\"https:\/\/preprod.flowbird.com\/#website\"},\"datePublished\":\"2024-10-01T13:56:44+00:00\",\"dateModified\":\"2024-12-03T10:46:54+00:00\",\"breadcrumb\":{\"@id\":\"https:\/\/www.flowbird.com\/fr\/conditions-generales-dutilisation\/#breadcrumb\"},\"inLanguage\":\"fr-FR\",\"potentialAction\":[{\"@type\":\"ReadAction\",\"target\":[\"https:\/\/www.flowbird.com\/fr\/conditions-generales-dutilisation\/\"]}]},{\"@type\":\"BreadcrumbList\",\"@id\":\"https:\/\/www.flowbird.com\/fr\/conditions-generales-dutilisation\/#breadcrumb\",\"itemListElement\":[{\"@type\":\"ListItem\",\"position\":1,\"name\":\"Home\",\"item\":\"https:\/\/www.flowbird.com\/fr\/page-daccueil\/\"},{\"@type\":\"ListItem\",\"position\":2,\"name\":\"Conditions d&#8217;utilisation et cr\u00e9dits\"}]},{\"@type\":\"WebSite\",\"@id\":\"https:\/\/preprod.flowbird.com\/#website\",\"url\":\"https:\/\/preprod.flowbird.com\/\",\"name\":\"Flowbird\",\"description\":\"Effortless Movement From City to City\",\"publisher\":{\"@id\":\"https:\/\/preprod.flowbird.com\/#organization\"},\"potentialAction\":[{\"@type\":\"SearchAction\",\"target\":{\"@type\":\"EntryPoint\",\"urlTemplate\":\"https:\/\/preprod.flowbird.com\/?s={search_term_string}\"},\"query-input\":{\"@type\":\"PropertyValueSpecification\",\"valueRequired\":true,\"valueName\":\"search_term_string\"}}],\"inLanguage\":\"fr-FR\"},{\"@type\":\"Organization\",\"@id\":\"https:\/\/www.flowbird.com\/fr\/#Organization\/\",\"name\":\"Flowbird\",\"url\":\"https:\/\/preprod.flowbird.com\/\",\"logo\":{\"@type\":\"ImageObject\",\"inLanguage\":\"fr-FR\",\"@id\":\"https:\/\/preprod.flowbird.com\/#\/schema\/logo\/image\/\",\"url\":\"https:\/\/www.flowbird.com\/wp-content\/uploads\/2024\/04\/FB-Logo.svg\",\"contentUrl\":\"https:\/\/www.flowbird.com\/wp-content\/uploads\/2024\/04\/FB-Logo.svg\",\"caption\":\"Flowbird\"},\"image\":{\"@id\":\"https:\/\/preprod.flowbird.com\/#\/schema\/logo\/image\/\"}}]}<\/script>\n<!-- \/ Yoast SEO Premium plugin. -->","yoast_head_json":{"title":"Conditions d'utilisation et cr\u00e9dits - Flowbird","robots":{"index":"index","follow":"follow","max-snippet":"max-snippet:-1","max-image-preview":"max-image-preview:large","max-video-preview":"max-video-preview:-1"},"canonical":"https:\/\/www.flowbird.com\/fr\/conditions-generales-dutilisation\/","og_locale":"fr_FR","og_type":"article","og_title":"Conditions d'utilisation et cr\u00e9dits","og_description":"1. \u00c9diteur et h\u00e9bergeur Soci\u00e9t\u00e9 \u00e9ditrice du site : Flowbird, soci\u00e9t\u00e9 par actions simplifi\u00e9e, au capital de 35 456 049 euros, dont le si\u00e8ge social est situ\u00e9 2TER rue du Ch\u00e2teau 92200 NEUILLY-SUR-SEINE. Num\u00e9ro d&rsquo;identification SIREN : 444 719 272 RCS PARIS. Directeur de publication : \u00c9lodie PommepuyFlowbird &#8211; Service communication (Tel : 03 81 [&hellip;]","og_url":"https:\/\/www.flowbird.com\/fr\/conditions-generales-dutilisation\/","og_site_name":"Flowbird","article_modified_time":"2024-12-03T10:46:54+00:00","twitter_card":"summary_large_image","twitter_misc":{"Dur\u00e9e de lecture estim\u00e9e":"7 minutes"},"schema":{"@context":"https:\/\/schema.org","@graph":[{"@type":"WebPage","@id":"https:\/\/www.flowbird.com\/fr\/conditions-generales-dutilisation\/","url":"https:\/\/www.flowbird.com\/fr\/conditions-generales-dutilisation\/","name":"Conditions d'utilisation et cr\u00e9dits - Flowbird","isPartOf":{"@id":"https:\/\/preprod.flowbird.com\/#website"},"datePublished":"2024-10-01T13:56:44+00:00","dateModified":"2024-12-03T10:46:54+00:00","breadcrumb":{"@id":"https:\/\/www.flowbird.com\/fr\/conditions-generales-dutilisation\/#breadcrumb"},"inLanguage":"fr-FR","potentialAction":[{"@type":"ReadAction","target":["https:\/\/www.flowbird.com\/fr\/conditions-generales-dutilisation\/"]}]},{"@type":"BreadcrumbList","@id":"https:\/\/www.flowbird.com\/fr\/conditions-generales-dutilisation\/#breadcrumb","itemListElement":[{"@type":"ListItem","position":1,"name":"Home","item":"https:\/\/www.flowbird.com\/fr\/page-daccueil\/"},{"@type":"ListItem","position":2,"name":"Conditions d&#8217;utilisation et cr\u00e9dits"}]},{"@type":"WebSite","@id":"https:\/\/preprod.flowbird.com\/#website","url":"https:\/\/preprod.flowbird.com\/","name":"Flowbird","description":"Effortless Movement From City to City","publisher":{"@id":"https:\/\/preprod.flowbird.com\/#organization"},"potentialAction":[{"@type":"SearchAction","target":{"@type":"EntryPoint","urlTemplate":"https:\/\/preprod.flowbird.com\/?s={search_term_string}"},"query-input":{"@type":"PropertyValueSpecification","valueRequired":true,"valueName":"search_term_string"}}],"inLanguage":"fr-FR"},{"@type":"Organization","@id":"https:\/\/www.flowbird.com\/fr\/#Organization\/","name":"Flowbird","url":"https:\/\/preprod.flowbird.com\/","logo":{"@type":"ImageObject","inLanguage":"fr-FR","@id":"https:\/\/preprod.flowbird.com\/#\/schema\/logo\/image\/","url":"https:\/\/www.flowbird.com\/wp-content\/uploads\/2024\/04\/FB-Logo.svg","contentUrl":"https:\/\/www.flowbird.com\/wp-content\/uploads\/2024\/04\/FB-Logo.svg","caption":"Flowbird"},"image":{"@id":"https:\/\/preprod.flowbird.com\/#\/schema\/logo\/image\/"}}]}},"_links":{"self":[{"href":"https:\/\/www.flowbird.com\/fr\/wp-json\/wp\/v2\/pages\/9704","targetHints":{"allow":["GET"]}}],"collection":[{"href":"https:\/\/www.flowbird.com\/fr\/wp-json\/wp\/v2\/pages"}],"about":[{"href":"https:\/\/www.flowbird.com\/fr\/wp-json\/wp\/v2\/types\/page"}],"author":[{"embeddable":true,"href":"https:\/\/www.flowbird.com\/fr\/wp-json\/wp\/v2\/users\/2"}],"replies":[{"embeddable":true,"href":"https:\/\/www.flowbird.com\/fr\/wp-json\/wp\/v2\/comments?post=9704"}],"version-history":[{"count":4,"href":"https:\/\/www.flowbird.com\/fr\/wp-json\/wp\/v2\/pages\/9704\/revisions"}],"predecessor-version":[{"id":14847,"href":"https:\/\/www.flowbird.com\/fr\/wp-json\/wp\/v2\/pages\/9704\/revisions\/14847"}],"wp:attachment":[{"href":"https:\/\/www.flowbird.com\/fr\/wp-json\/wp\/v2\/media?parent=9704"}],"wp:term":[{"taxonomy":"category","embeddable":true,"href":"https:\/\/www.flowbird.com\/fr\/wp-json\/wp\/v2\/categories?post=9704"},{"taxonomy":"post_tag","embeddable":true,"href":"https:\/\/www.flowbird.com\/fr\/wp-json\/wp\/v2\/tags?post=9704"}],"curies":[{"name":"wp","href":"https:\/\/api.w.org\/{rel}","templated":true}]}}