{"id":9683,"date":"2024-11-05T12:13:19","date_gmt":"2024-11-05T12:13:19","guid":{"rendered":"https:\/\/preprod.flowbird.com\/politique-en-matiere-de-cookies\/"},"modified":"2024-12-06T13:38:58","modified_gmt":"2024-12-06T13:38:58","slug":"politique-en-matiere-de-cookies","status":"publish","type":"page","link":"https:\/\/www.flowbird.com\/fr\/politique-en-matiere-de-cookies\/","title":{"rendered":"Politique en mati\u00e8re de cookies"},"content":{"rendered":"\t\t<div data-elementor-type=\"wp-page\" data-elementor-id=\"9683\" class=\"elementor elementor-9683 elementor-4153\" data-elementor-post-type=\"page\">\n\t\t\t\t<div class=\"elementor-element elementor-element-ebbdb92 e-con-full e-flex e-con e-parent\" data-id=\"ebbdb92\" data-element_type=\"container\">\n\t\t<div class=\"elementor-element elementor-element-7c9e699 e-flex e-con-boxed e-con e-child\" data-id=\"7c9e699\" data-element_type=\"container\" data-settings=\"{&quot;background_background&quot;:&quot;gradient&quot;}\">\n\t\t\t\t\t<div class=\"e-con-inner\">\n\t\t\t\t<div class=\"elementor-element elementor-element-2cac12d elementor-widget elementor-widget-heading\" data-id=\"2cac12d\" data-element_type=\"widget\" data-widget_type=\"heading.default\">\n\t\t\t\t<div class=\"elementor-widget-container\">\n\t\t\t\t\t<h1 class=\"elementor-heading-title elementor-size-default\">Politique en mati\u00e8re de cookies<\/h1>\t\t\t\t<\/div>\n\t\t\t\t<\/div>\n\t\t\t\t\t<\/div>\n\t\t\t\t<\/div>\n\t\t\t\t<\/div>\n\t\t<div class=\"elementor-element elementor-element-a82f5e5 e-flex e-con-boxed e-con e-parent\" data-id=\"a82f5e5\" data-element_type=\"container\">\n\t\t\t\t\t<div class=\"e-con-inner\">\n\t\t\t\t<div class=\"elementor-element elementor-element-204746c elementor-widget elementor-widget-text-editor\" data-id=\"204746c\" data-element_type=\"widget\" data-widget_type=\"text-editor.default\">\n\t\t\t\t<div class=\"elementor-widget-container\">\n\t\t\t\t\t\t\t\t\t<h3>1- Qu&rsquo;est-ce qu&rsquo;un cookie ?<\/h3>\n<p>Les cookies sont de petits fichiers textes d\u00e9pos\u00e9s sur votre ordinateur (ou appareil connect\u00e9 \u00e0 internet) par les sites internet que vous visitez. Lors de la consultation du site, des informations relatives \u00e0 la navigation de votre terminal (ordinateur, tablette, smartphone, etc.) sur le site peuvent \u00eatre enregistr\u00e9es dans des fichiers texte appel\u00e9s \u00a0\u00bb cookies \u00ab\u00a0, install\u00e9s sur votre navigateur. Les cookies vont servir \u00e0 reconna\u00eetre votre navigateur pendant la dur\u00e9e de validit\u00e9 du cookie concern\u00e9 et \u00e0 renvoyer certaines informations au site (par exemple un identifiant de session ou le choix d&rsquo;une langue).  <\/p>\n<p>Seul l&rsquo;\u00e9metteur du cookie concern\u00e9 est susceptible de lire ou de modifier les informations qui y sont contenues.<br \/>Il existe diff\u00e9rents types de cookies :<\/p>\n<ul>\n<li>des cookies de session qui disparaissent d\u00e8s que vous quittez le site ;<\/li>\n<li>les cookies permanents qui restent sur votre \u00e9quipement terminal jusqu&rsquo;\u00e0 l&rsquo;expiration de leur dur\u00e9e de vie ou jusqu&rsquo;\u00e0 ce que vous les supprimiez \u00e0 l&rsquo;aide des fonctionnalit\u00e9s de votre navigateur.<\/li>\n<\/ul>\n<p>Vous \u00eates inform\u00e9 que, lors de vos visites sur ce site, des cookies peuvent \u00eatre install\u00e9s sur votre \u00e9quipement.<\/p>\n<h3>2. Pourquoi utilisons-nous des cookies ?<\/h3>\n<p>Flowbird utilise des cookies pour recueillir des informations sur la mani\u00e8re dont le site Web est utilis\u00e9 et pour vous distinguer des autres utilisateurs. Mais aussi pour am\u00e9liorer votre exp\u00e9rience lorsque vous naviguez sur notre site Web et pour suivre la publicit\u00e9 que vous voyez sur les sites Web de tiers, mesurer votre r\u00e9ponse \u00e0 la publicit\u00e9, rendre compte de l&rsquo;interaction avec les visiteurs et de l&rsquo;efficacit\u00e9 de la publicit\u00e9. <\/p>\n<h3>3. Quels sont les cookies que nous utilisons ?<\/h3>\n<p>D&rsquo;une mani\u00e8re g\u00e9n\u00e9rale, les cookies nous aident \u00e0 vous fournir un meilleur site web, en vous permettant de contr\u00f4ler les pages que vous trouvez utiles et celles qui ne le sont pas. Les cookies que nous utilisons ne nous donnent en aucun cas acc\u00e8s \u00e0 votre ordinateur ou \u00e0 des informations vous concernant autres que celles que vous choisissez de partager avec nous.<br \/>Les cookies nous aident \u00e0 am\u00e9liorer notre site web et \u00e0 fournir un service meilleur et plus personnalis\u00e9. Ils nous permettent de :  <\/p>\n<ul>\n<li>\u00e9valuer le nombre et les habitudes d&rsquo;utilisation de nos utilisateurs ;<\/li>\n<li>de stocker des informations sur vos pr\u00e9f\u00e9rences pour nous permettre d&rsquo;adapter notre site web \u00e0 vos int\u00e9r\u00eats personnels ;<\/li>\n<li>d&rsquo;acc\u00e9l\u00e9rer votre recherche ;<\/li>\n<li>de vous reconna\u00eetre lorsque vous revenez sur notre site web.<\/li>\n<\/ul>\n<h3>4. Types de cookies<\/h3>\n<p>Nous utilisons les cookies suivants :<\/p>\n\t\t\t\t\t\t\t\t<\/div>\n\t\t\t\t<\/div>\n\t\t\t\t<div class=\"elementor-element elementor-element-9489ea0 elementor-widget elementor-widget-heading\" data-id=\"9489ea0\" data-element_type=\"widget\" data-widget_type=\"heading.default\">\n\t\t\t\t<div class=\"elementor-widget-container\">\n\t\t\t\t\t<h3 class=\"elementor-heading-title elementor-size-default\">4.1. Essential cookies <\/h3>\t\t\t\t<\/div>\n\t\t\t\t<\/div>\n\t\t\t\t<div class=\"elementor-element elementor-element-b3af5d4 elementor-widget elementor-widget-text-editor\" data-id=\"b3af5d4\" data-element_type=\"widget\" data-widget_type=\"text-editor.default\">\n\t\t\t\t<div class=\"elementor-widget-container\">\n\t\t\t\t\t\t\t\t\t<p>Ces cookies sont essentiels au bon fonctionnement du site web et de ses fonctionnalit\u00e9s.<\/p>\n\t\t\t\t\t\t\t\t<\/div>\n\t\t\t\t<\/div>\n\t\t\t\t<div class=\"elementor-element elementor-element-f2f0362 elementor-widget elementor-widget-heading\" data-id=\"f2f0362\" data-element_type=\"widget\" data-widget_type=\"heading.default\">\n\t\t\t\t<div class=\"elementor-widget-container\">\n\t\t\t\t\t<h3 class=\"elementor-heading-title elementor-size-default\">4.2. Functional cookies <\/h3>\t\t\t\t<\/div>\n\t\t\t\t<\/div>\n\t\t\t\t<div class=\"elementor-element elementor-element-ca5ce63 elementor-widget elementor-widget-text-editor\" data-id=\"ca5ce63\" data-element_type=\"widget\" data-widget_type=\"text-editor.default\">\n\t\t\t\t<div class=\"elementor-widget-container\">\n\t\t\t\t\t\t\t\t\t<p>Ces cookies ont pour but de nous permettre d&rsquo;am\u00e9liorer la convivialit\u00e9 et les performances du site web et de fournir diverses fonctions.<\/p>\n\t\t\t\t\t\t\t\t<\/div>\n\t\t\t\t<\/div>\n\t\t\t\t<div class=\"elementor-element elementor-element-ab181f4 elementor-widget elementor-widget-heading\" data-id=\"ab181f4\" data-element_type=\"widget\" data-widget_type=\"heading.default\">\n\t\t\t\t<div class=\"elementor-widget-container\">\n\t\t\t\t\t<h3 class=\"elementor-heading-title elementor-size-default\">4.3. Analytical cookies <\/h3>\t\t\t\t<\/div>\n\t\t\t\t<\/div>\n\t\t\t\t<div class=\"elementor-element elementor-element-0e6cf18 elementor-widget elementor-widget-text-editor\" data-id=\"0e6cf18\" data-element_type=\"widget\" data-widget_type=\"text-editor.default\">\n\t\t\t\t<div class=\"elementor-widget-container\">\n\t\t\t\t\t\t\t\t\t<p>Ces cookies sont utilis\u00e9s pour analyser votre visite sur notre site web. Nous analysons le nombre de visiteurs sur notre site web, la dur\u00e9e des visites, l&rsquo;ordre des pages visit\u00e9es et si des modifications doivent \u00eatre apport\u00e9es au site web. Les informations recueillies nous permettent de rendre notre site encore plus convivial. Ces cookies sont \u00e9galement utilis\u00e9s pour r\u00e9soudre d&rsquo;\u00e9ventuels probl\u00e8mes techniques sur le site web.   <\/p>\n\t\t\t\t\t\t\t\t<\/div>\n\t\t\t\t<\/div>\n\t\t\t\t<div class=\"elementor-element elementor-element-d0e054f elementor-widget elementor-widget-heading\" data-id=\"d0e054f\" data-element_type=\"widget\" data-widget_type=\"heading.default\">\n\t\t\t\t<div class=\"elementor-widget-container\">\n\t\t\t\t\t<h3 class=\"elementor-heading-title elementor-size-default\">4.4. Marketing and tracking cookies <\/h3>\t\t\t\t<\/div>\n\t\t\t\t<\/div>\n\t\t\t\t<div class=\"elementor-element elementor-element-c795418 elementor-widget elementor-widget-text-editor\" data-id=\"c795418\" data-element_type=\"widget\" data-widget_type=\"text-editor.default\">\n\t\t\t\t<div class=\"elementor-widget-container\">\n\t\t\t\t\t\t\t\t\t<p>Nous n&rsquo;utilisons des cookies de suivi \u00e0 des fins commerciales qu&rsquo;avec votre consentement pr\u00e9alable. Ces cookies, souvent mis en place par des tiers, nous aident \u00e0 personnaliser les offres publicitaires qui vous sont faites. Des tiers peuvent utiliser des cookies de tra\u00e7age pour suivre votre utilisation d&rsquo;Internet. Pour plus d&rsquo;informations, veuillez consulter les politiques de ces tiers en mati\u00e8re de confidentialit\u00e9 et de cookies.   <\/p>\n\t\t\t\t\t\t\t\t<\/div>\n\t\t\t\t<\/div>\n\t\t\t\t<div class=\"elementor-element elementor-element-6004467 elementor-widget elementor-widget-heading\" data-id=\"6004467\" data-element_type=\"widget\" data-widget_type=\"heading.default\">\n\t\t\t\t<div class=\"elementor-widget-container\">\n\t\t\t\t\t<h3 class=\"elementor-heading-title elementor-size-default\">4.5. Other technologies <\/h3>\t\t\t\t<\/div>\n\t\t\t\t<\/div>\n\t\t\t\t<div class=\"elementor-element elementor-element-805543a elementor-widget elementor-widget-text-editor\" data-id=\"805543a\" data-element_type=\"widget\" data-widget_type=\"text-editor.default\">\n\t\t\t\t<div class=\"elementor-widget-container\">\n\t\t\t\t\t\t\t\t\t<p>Outre les cookies, Flowbird utilise \u00e9galement des Javascripts et des balises web. Gr\u00e2ce \u00e0 JavaScript dans votre navigateur, nous pouvons rendre nos pages interactives et d\u00e9velopper des applications web. Une balise web est une petite image graphique sur nos sites qui nous permet de d\u00e9terminer combien de visiteurs ont consult\u00e9 le site et \u00e0 quel moment. Ces technologies peuvent \u00e9galement \u00eatre utilis\u00e9es \u00e0 des fins de marketing et de suivi.   <\/p>\n\t\t\t\t\t\t\t\t<\/div>\n\t\t\t\t<\/div>\n\t\t\t\t<div class=\"elementor-element elementor-element-b17c2fd elementor-widget elementor-widget-heading\" data-id=\"b17c2fd\" data-element_type=\"widget\" data-widget_type=\"heading.default\">\n\t\t\t\t<div class=\"elementor-widget-container\">\n\t\t\t\t\t<h3 class=\"elementor-heading-title elementor-size-default\">4.6. Overview of the cookies <\/h3>\t\t\t\t<\/div>\n\t\t\t\t<\/div>\n\t\t\t\t<div class=\"elementor-element elementor-element-2b94cf3 elementor-widget elementor-widget-text-editor\" data-id=\"2b94cf3\" data-element_type=\"widget\" data-widget_type=\"text-editor.default\">\n\t\t\t\t<div class=\"elementor-widget-container\">\n\t\t\t\t\t\t\t\t\t<p>Voici un aper\u00e7u des cookies et des techniques similaires que nous utilisons ici : <a href=\"#cookies\">Pr\u00e9f\u00e9rences en mati\u00e8re de cookies<\/a><\/p>\n\t\t\t\t\t\t\t\t<\/div>\n\t\t\t\t<\/div>\n\t\t\t\t<div class=\"elementor-element elementor-element-52bb50b elementor-widget elementor-widget-text-editor\" data-id=\"52bb50b\" data-element_type=\"widget\" data-widget_type=\"text-editor.default\">\n\t\t\t\t<div class=\"elementor-widget-container\">\n\t\t\t\t\t\t\t\t\t<table>\n<tbody>\n<tr>\n<td colspan=\"1\" rowspan=\"1\"><strong>Nom de la soci\u00e9t\u00e9<\/strong><\/td>\n<td colspan=\"1\" rowspan=\"1\"><strong>Objectifs<\/strong><\/td>\n<td colspan=\"1\" rowspan=\"1\"><strong>Cookies<\/strong><\/td>\n<td colspan=\"1\" rowspan=\"1\"><strong>Conservation des donn\u00e9es<\/strong><\/td>\n<\/tr>\n<tr>\n<td colspan=\"1\" rowspan=\"1\">WordPress<\/td>\n<td colspan=\"1\" rowspan=\"1\">Enregistrer la langue de consultation du site<\/td>\n<td colspan=\"1\" rowspan=\"1\">Wp_lang<\/td>\n<td colspan=\"1\" rowspan=\"1\">Fin de la session<\/td>\n<\/tr>\n<tr>\n<td colspan=\"1\" rowspan=\"1\">Tarteaucitron<\/td>\n<td colspan=\"1\" rowspan=\"1\">Sauvegarder les pr\u00e9f\u00e9rences de l&rsquo;utilisateur concernant l&rsquo;utilisation des cookies<\/td>\n<td colspan=\"1\" rowspan=\"1\">Taretaucitron<\/td>\n<td colspan=\"1\" rowspan=\"1\">12 mois<\/td>\n<\/tr>\n<tr>\n<td colspan=\"1\" rowspan=\"1\">Youtube<\/td>\n<td colspan=\"1\" rowspan=\"1\">Utilis\u00e9 par YouTube pour m\u00e9moriser les donn\u00e9es de l&rsquo;utilisateur et associer les actions de l&rsquo;utilisateur.<\/td>\n<td colspan=\"1\" rowspan=\"1\">YSC<\/td>\n<td colspan=\"1\" rowspan=\"1\">Fin de la session<\/td>\n<\/tr>\n<tr>\n<td colspan=\"1\" rowspan=\"1\">Youtube<\/td>\n<td colspan=\"1\" rowspan=\"1\">Fournir des services publicitaires ou de reciblage, stocker et suivre l&rsquo;identit\u00e9 d&rsquo;un visiteur, stocker et suivre les interactions.<\/td>\n<td colspan=\"1\" rowspan=\"1\">VISITOR_INFO1_LIVE<\/td>\n<td colspan=\"1\" rowspan=\"1\">6 mois<\/td>\n<\/tr>\n<tr>\n<td colspan=\"1\" rowspan=\"1\">Google reCAPTCHA<\/td>\n<td colspan=\"1\" rowspan=\"1\">Assurer la protection anti-spam<\/td>\n<td colspan=\"1\" rowspan=\"1\">RECAPTCHA<\/td>\n<td colspan=\"1\" rowspan=\"1\">6 mois<\/td>\n<\/tr>\n<tr>\n<td colspan=\"1\" rowspan=\"1\">Annonces Google<\/td>\n<td colspan=\"1\" rowspan=\"1\">Assurer la diffusion d&rsquo;annonces ou le reciblage, enregistrer les pr\u00e9f\u00e9rences des utilisateurs<\/td>\n<td colspan=\"1\" rowspan=\"1\">NID<\/td>\n<td colspan=\"1\" rowspan=\"1\">6 mois<\/td>\n<\/tr>\n<tr>\n<td colspan=\"1\" rowspan=\"1\">Matomo<\/td>\n<td colspan=\"1\" rowspan=\"1\">Enregistre un identifiant pour chaque utilisateur<\/td>\n<td colspan=\"1\" rowspan=\"1\">_pk_id*<\/td>\n<td colspan=\"1\" rowspan=\"1\">13 mois<\/td>\n<\/tr>\n<tr>\n<td colspan=\"1\" rowspan=\"1\">Matomo<\/td>\n<td colspan=\"1\" rowspan=\"1\">Enregistre un identifiant pour chaque session utilisateur<\/td>\n<td colspan=\"1\" rowspan=\"1\">_pk_ses*<\/td>\n<td colspan=\"1\" rowspan=\"1\">Fin de la session<\/td>\n<\/tr>\n<\/tbody>\n<\/table>\n<div class=\"elementor-element elementor-element-e500934 elementor-widget elementor-widget-text-editor\" data-id=\"e500934\" data-element_type=\"widget\" data-widget_type=\"text-editor.default\">\n<div class=\"elementor-widget-container\">\n<p>Nous pouvons \u00e9galement utiliser des cookies anonymes pour recueillir des informations sur votre historique de navigation sur notre site web et des r\u00e9seaux publicitaires tiers, tels que Google AdSense et Subscription, utilisent ces informations pour pouvoir vous proposer des publicit\u00e9s en notre nom sur d&rsquo;autres sites web sur l&rsquo;internet.<\/p>\n<p>Nous mettrons ces informations \u00e0 jour au fur et \u00e0 mesure que nous introduirons de nouvelles fonctionnalit\u00e9s sur le site.<\/p>\n<h3>5. Comment g\u00e9rer les cookies ?<\/h3>\n<p>Vous pouvez g\u00e9rer et modifier l&rsquo;utilisation des cookies \u00e0 tout moment :<\/p>\n<p>1. Depuis votre navigateur, ou<br \/>2. Depuis notre site en cliquant ici <a href=\"#cookies\">Pr\u00e9f\u00e9rences en mati\u00e8re de cookies<\/a><\/p>\n<p>1. G\u00e9rer les cookies \u00e0 partir de votre navigateur : Vous pouvez refuser d&rsquo;accepter les cookies en activant le param\u00e8tre de votre navigateur qui vous permet de refuser l&rsquo;installation de cookies. Toutefois, veuillez noter qu&rsquo;en supprimant ou en bloquant les cookies, le site web pourrait ne pas fonctionner correctement et vous pourriez ne pas \u00eatre en mesure d&rsquo;acc\u00e9der \u00e0 certaines parties. Si vous souhaitez en savoir plus sur les cookies, savoir lesquels ont \u00e9t\u00e9 install\u00e9s et comment les g\u00e9rer et les supprimer, visitez le site <a href=\"\">www.allaboutcookies.org.<\/a>  <\/p>\n<p>2. G\u00e9rer vos cookies \u00e0 partir du module de gestion : Un module vous permet de choisir les cookies que vous souhaitez accepter et ceux que vous souhaitez refuser sur notre site.<\/p>\n<p>A tout moment, en cliquant ici <a href=\"#cookies\">Pr\u00e9f\u00e9rences en mati\u00e8re de cookies<\/a>, vous pouvez acc\u00e9der au module et modifier vos choix.<\/p>\n<p>Veuillez noter que l&rsquo;utilisation de cookies strictement n\u00e9cessaires au bon fonctionnement du site\/de l&rsquo;application ne requiert pas votre consentement. C&rsquo;est pourquoi ils sont d\u00e9j\u00e0 pr\u00e9-coch\u00e9s dans notre outil de gestion des cookies et ne sont pas facultatifs. <\/p>\n<h3>6. Mise \u00e0 jour de la politique<\/h3>\n<p>Nous pouvons mettre \u00e0 jour cette politique de temps \u00e0 autre. L&rsquo;\u00e9volution de la l\u00e9gislation, de la jurisprudence, de la technologie et des orientations gouvernementales peut nous obliger \u00e0 la modifier. Veuillez consulter cette page de temps en temps pour vous assurer que vous \u00eates au courant de tout changement.  <\/p>\n<p>Si vous souhaitez en savoir plus sur la mani\u00e8re dont nous traitons g\u00e9n\u00e9ralement vos donn\u00e9es personnelles, <a href=\"https:\/\/www.flowbird.com\/fr\/politique-de-confidentialite\/\">cliquez ici.<\/a><\/p>\n<\/p><\/div>\n<\/p><\/div>\n\t\t\t\t\t\t\t\t<\/div>\n\t\t\t\t<\/div>\n\t\t\t\t\t<\/div>\n\t\t\t\t<\/div>\n\t\t\t\t<\/div>\n\t\t","protected":false},"excerpt":{"rendered":"<p>1- Qu&rsquo;est-ce qu&rsquo;un cookie ? Les cookies sont de petits fichiers textes d\u00e9pos\u00e9s sur votre ordinateur (ou appareil connect\u00e9 \u00e0 internet) par les sites internet que vous visitez. Lors de la consultation du site, des informations relatives \u00e0 la navigation de votre terminal (ordinateur, tablette, smartphone, etc.) sur le site peuvent \u00eatre enregistr\u00e9es dans des [&hellip;]<\/p>\n","protected":false},"author":2,"featured_media":0,"parent":0,"menu_order":7,"comment_status":"closed","ping_status":"closed","template":"","meta":{"_acf_changed":false,"footnotes":""},"categories":[],"tags":[],"class_list":["post-9683","page","type-page","status-publish","hentry"],"acf":[],"yoast_head":"<!-- This site is optimized with the Yoast SEO Premium plugin v26.3 (Yoast SEO v26.3) - https:\/\/yoast.com\/wordpress\/plugins\/seo\/ -->\n<title>Politique en mati\u00e8re de cookies - Flowbird<\/title>\n<meta name=\"robots\" content=\"index, follow, max-snippet:-1, max-image-preview:large, max-video-preview:-1\" \/>\n<link rel=\"canonical\" href=\"https:\/\/www.flowbird.com\/fr\/politique-en-matiere-de-cookies\/\" \/>\n<meta property=\"og:locale\" content=\"fr_FR\" \/>\n<meta property=\"og:type\" content=\"article\" \/>\n<meta property=\"og:title\" content=\"Politique en mati\u00e8re de cookies\" \/>\n<meta property=\"og:description\" content=\"1- Qu&rsquo;est-ce qu&rsquo;un cookie ? Les cookies sont de petits fichiers textes d\u00e9pos\u00e9s sur votre ordinateur (ou appareil connect\u00e9 \u00e0 internet) par les sites internet que vous visitez. Lors de la consultation du site, des informations relatives \u00e0 la navigation de votre terminal (ordinateur, tablette, smartphone, etc.) sur le site peuvent \u00eatre enregistr\u00e9es dans des [&hellip;]\" \/>\n<meta property=\"og:url\" content=\"https:\/\/www.flowbird.com\/fr\/politique-en-matiere-de-cookies\/\" \/>\n<meta property=\"og:site_name\" content=\"Flowbird\" \/>\n<meta property=\"article:modified_time\" content=\"2024-12-06T13:38:58+00:00\" \/>\n<meta name=\"twitter:card\" content=\"summary_large_image\" \/>\n<meta name=\"twitter:label1\" content=\"Dur\u00e9e de lecture estim\u00e9e\" \/>\n\t<meta name=\"twitter:data1\" content=\"6 minutes\" \/>\n<script type=\"application\/ld+json\" class=\"yoast-schema-graph\">{\"@context\":\"https:\/\/schema.org\",\"@graph\":[{\"@type\":\"WebPage\",\"@id\":\"https:\/\/www.flowbird.com\/fr\/politique-en-matiere-de-cookies\/\",\"url\":\"https:\/\/www.flowbird.com\/fr\/politique-en-matiere-de-cookies\/\",\"name\":\"Politique en mati\u00e8re de cookies - Flowbird\",\"isPartOf\":{\"@id\":\"https:\/\/preprod.flowbird.com\/#website\"},\"datePublished\":\"2024-11-05T12:13:19+00:00\",\"dateModified\":\"2024-12-06T13:38:58+00:00\",\"breadcrumb\":{\"@id\":\"https:\/\/www.flowbird.com\/fr\/politique-en-matiere-de-cookies\/#breadcrumb\"},\"inLanguage\":\"fr-FR\",\"potentialAction\":[{\"@type\":\"ReadAction\",\"target\":[\"https:\/\/www.flowbird.com\/fr\/politique-en-matiere-de-cookies\/\"]}]},{\"@type\":\"BreadcrumbList\",\"@id\":\"https:\/\/www.flowbird.com\/fr\/politique-en-matiere-de-cookies\/#breadcrumb\",\"itemListElement\":[{\"@type\":\"ListItem\",\"position\":1,\"name\":\"Home\",\"item\":\"https:\/\/www.flowbird.com\/fr\/page-daccueil\/\"},{\"@type\":\"ListItem\",\"position\":2,\"name\":\"Politique en mati\u00e8re de cookies\"}]},{\"@type\":\"WebSite\",\"@id\":\"https:\/\/preprod.flowbird.com\/#website\",\"url\":\"https:\/\/preprod.flowbird.com\/\",\"name\":\"Flowbird\",\"description\":\"Effortless Movement From City to City\",\"publisher\":{\"@id\":\"https:\/\/preprod.flowbird.com\/#organization\"},\"potentialAction\":[{\"@type\":\"SearchAction\",\"target\":{\"@type\":\"EntryPoint\",\"urlTemplate\":\"https:\/\/preprod.flowbird.com\/?s={search_term_string}\"},\"query-input\":{\"@type\":\"PropertyValueSpecification\",\"valueRequired\":true,\"valueName\":\"search_term_string\"}}],\"inLanguage\":\"fr-FR\"},{\"@type\":\"Organization\",\"@id\":\"https:\/\/www.flowbird.com\/fr\/#Organization\/\",\"name\":\"Flowbird\",\"url\":\"https:\/\/preprod.flowbird.com\/\",\"logo\":{\"@type\":\"ImageObject\",\"inLanguage\":\"fr-FR\",\"@id\":\"https:\/\/preprod.flowbird.com\/#\/schema\/logo\/image\/\",\"url\":\"https:\/\/www.flowbird.com\/wp-content\/uploads\/2024\/04\/FB-Logo.svg\",\"contentUrl\":\"https:\/\/www.flowbird.com\/wp-content\/uploads\/2024\/04\/FB-Logo.svg\",\"caption\":\"Flowbird\"},\"image\":{\"@id\":\"https:\/\/preprod.flowbird.com\/#\/schema\/logo\/image\/\"}}]}<\/script>\n<!-- \/ Yoast SEO Premium plugin. -->","yoast_head_json":{"title":"Politique en mati\u00e8re de cookies - Flowbird","robots":{"index":"index","follow":"follow","max-snippet":"max-snippet:-1","max-image-preview":"max-image-preview:large","max-video-preview":"max-video-preview:-1"},"canonical":"https:\/\/www.flowbird.com\/fr\/politique-en-matiere-de-cookies\/","og_locale":"fr_FR","og_type":"article","og_title":"Politique en mati\u00e8re de cookies","og_description":"1- Qu&rsquo;est-ce qu&rsquo;un cookie ? Les cookies sont de petits fichiers textes d\u00e9pos\u00e9s sur votre ordinateur (ou appareil connect\u00e9 \u00e0 internet) par les sites internet que vous visitez. Lors de la consultation du site, des informations relatives \u00e0 la navigation de votre terminal (ordinateur, tablette, smartphone, etc.) sur le site peuvent \u00eatre enregistr\u00e9es dans des [&hellip;]","og_url":"https:\/\/www.flowbird.com\/fr\/politique-en-matiere-de-cookies\/","og_site_name":"Flowbird","article_modified_time":"2024-12-06T13:38:58+00:00","twitter_card":"summary_large_image","twitter_misc":{"Dur\u00e9e de lecture estim\u00e9e":"6 minutes"},"schema":{"@context":"https:\/\/schema.org","@graph":[{"@type":"WebPage","@id":"https:\/\/www.flowbird.com\/fr\/politique-en-matiere-de-cookies\/","url":"https:\/\/www.flowbird.com\/fr\/politique-en-matiere-de-cookies\/","name":"Politique en mati\u00e8re de cookies - Flowbird","isPartOf":{"@id":"https:\/\/preprod.flowbird.com\/#website"},"datePublished":"2024-11-05T12:13:19+00:00","dateModified":"2024-12-06T13:38:58+00:00","breadcrumb":{"@id":"https:\/\/www.flowbird.com\/fr\/politique-en-matiere-de-cookies\/#breadcrumb"},"inLanguage":"fr-FR","potentialAction":[{"@type":"ReadAction","target":["https:\/\/www.flowbird.com\/fr\/politique-en-matiere-de-cookies\/"]}]},{"@type":"BreadcrumbList","@id":"https:\/\/www.flowbird.com\/fr\/politique-en-matiere-de-cookies\/#breadcrumb","itemListElement":[{"@type":"ListItem","position":1,"name":"Home","item":"https:\/\/www.flowbird.com\/fr\/page-daccueil\/"},{"@type":"ListItem","position":2,"name":"Politique en mati\u00e8re de cookies"}]},{"@type":"WebSite","@id":"https:\/\/preprod.flowbird.com\/#website","url":"https:\/\/preprod.flowbird.com\/","name":"Flowbird","description":"Effortless Movement From City to City","publisher":{"@id":"https:\/\/preprod.flowbird.com\/#organization"},"potentialAction":[{"@type":"SearchAction","target":{"@type":"EntryPoint","urlTemplate":"https:\/\/preprod.flowbird.com\/?s={search_term_string}"},"query-input":{"@type":"PropertyValueSpecification","valueRequired":true,"valueName":"search_term_string"}}],"inLanguage":"fr-FR"},{"@type":"Organization","@id":"https:\/\/www.flowbird.com\/fr\/#Organization\/","name":"Flowbird","url":"https:\/\/preprod.flowbird.com\/","logo":{"@type":"ImageObject","inLanguage":"fr-FR","@id":"https:\/\/preprod.flowbird.com\/#\/schema\/logo\/image\/","url":"https:\/\/www.flowbird.com\/wp-content\/uploads\/2024\/04\/FB-Logo.svg","contentUrl":"https:\/\/www.flowbird.com\/wp-content\/uploads\/2024\/04\/FB-Logo.svg","caption":"Flowbird"},"image":{"@id":"https:\/\/preprod.flowbird.com\/#\/schema\/logo\/image\/"}}]}},"_links":{"self":[{"href":"https:\/\/www.flowbird.com\/fr\/wp-json\/wp\/v2\/pages\/9683","targetHints":{"allow":["GET"]}}],"collection":[{"href":"https:\/\/www.flowbird.com\/fr\/wp-json\/wp\/v2\/pages"}],"about":[{"href":"https:\/\/www.flowbird.com\/fr\/wp-json\/wp\/v2\/types\/page"}],"author":[{"embeddable":true,"href":"https:\/\/www.flowbird.com\/fr\/wp-json\/wp\/v2\/users\/2"}],"replies":[{"embeddable":true,"href":"https:\/\/www.flowbird.com\/fr\/wp-json\/wp\/v2\/comments?post=9683"}],"version-history":[{"count":7,"href":"https:\/\/www.flowbird.com\/fr\/wp-json\/wp\/v2\/pages\/9683\/revisions"}],"predecessor-version":[{"id":15059,"href":"https:\/\/www.flowbird.com\/fr\/wp-json\/wp\/v2\/pages\/9683\/revisions\/15059"}],"wp:attachment":[{"href":"https:\/\/www.flowbird.com\/fr\/wp-json\/wp\/v2\/media?parent=9683"}],"wp:term":[{"taxonomy":"category","embeddable":true,"href":"https:\/\/www.flowbird.com\/fr\/wp-json\/wp\/v2\/categories?post=9683"},{"taxonomy":"post_tag","embeddable":true,"href":"https:\/\/www.flowbird.com\/fr\/wp-json\/wp\/v2\/tags?post=9683"}],"curies":[{"name":"wp","href":"https:\/\/api.w.org\/{rel}","templated":true}]}}