{"id":9128,"date":"2024-10-01T13:50:17","date_gmt":"2024-10-01T13:50:17","guid":{"rendered":"https:\/\/preprod.flowbird.com\/etudes-de-cas\/"},"modified":"2024-11-26T14:10:50","modified_gmt":"2024-11-26T14:10:50","slug":"etudes-de-cas","status":"publish","type":"page","link":"https:\/\/www.flowbird.com\/fr\/etudes-de-cas\/","title":{"rendered":"\u00c9tudes de cas"},"content":{"rendered":"\t\t<div data-elementor-type=\"wp-page\" data-elementor-id=\"9128\" class=\"elementor elementor-9128 elementor-1069\" data-elementor-post-type=\"page\">\n\t\t\t\t<div class=\"elementor-element elementor-element-8d7fff8 e-con-full e-flex e-con e-parent\" data-id=\"8d7fff8\" data-element_type=\"container\">\n\t\t<div class=\"elementor-element elementor-element-1cc5f63 e-flex e-con-boxed e-con e-child\" data-id=\"1cc5f63\" data-element_type=\"container\" data-settings=\"{&quot;background_background&quot;:&quot;gradient&quot;}\">\n\t\t\t\t\t<div class=\"e-con-inner\">\n\t\t\t\t<div class=\"elementor-element elementor-element-bed7b85 elementor-widget elementor-widget-heading\" data-id=\"bed7b85\" data-element_type=\"widget\" data-widget_type=\"heading.default\">\n\t\t\t\t<div class=\"elementor-widget-container\">\n\t\t\t\t\t<p class=\"elementor-heading-title elementor-size-default\">\u00c9TUDES DE CAS<\/p>\t\t\t\t<\/div>\n\t\t\t\t<\/div>\n\t\t\t\t<div class=\"elementor-element elementor-element-1df7177 elementor-widget elementor-widget-heading\" data-id=\"1df7177\" data-element_type=\"widget\" data-widget_type=\"heading.default\">\n\t\t\t\t<div class=\"elementor-widget-container\">\n\t\t\t\t\t<h1 class=\"elementor-heading-title elementor-size-default\">Les villes <strong>font confiance \u00e0 Flowbird<\/strong> pour am\u00e9liorer la mobilit\u00e9 et transformer l'exp\u00e9rience des usagers<\/h1>\t\t\t\t<\/div>\n\t\t\t\t<\/div>\n\t\t\t\t\t<\/div>\n\t\t\t\t<\/div>\n\t\t\t\t<\/div>\n\t\t<div class=\"elementor-element elementor-element-ceb0c0d e-flex e-con-boxed e-con e-parent\" data-id=\"ceb0c0d\" data-element_type=\"container\">\n\t\t\t\t\t<div class=\"e-con-inner\">\n\t\t\t\t<div class=\"elementor-element elementor-element-d0ece6b elementor-widget elementor-widget-nt_case_studies_listing\" data-id=\"d0ece6b\" data-element_type=\"widget\" data-widget_type=\"nt_case_studies_listing.default\">\n\t\t\t\t<div class=\"elementor-widget-container\">\n\t\t\t\t\t<div class=\"nt-case-studies-listing\">\r\n    <div class=\"nt-case-studies-listing__listing\">\r\n        <a href=\"https:\/\/www.flowbird.com\/fr\/case-studies\/monaco\/\" class=\"nt-card nt-card--case-studies nt-card--dark nt-card--overlay \">\r\n    <span class=\"nt-card__body\">\r\n        <span class=\"nt-card__header\" style=\"background-image: url(https:\/\/www.flowbird.com\/wp-content\/uploads\/2024\/10\/Monaco-png.webp)\">\r\n            <p class=\"nt-card__location\">Monaco<\/p>\r\n                            <h2 class=\"nt-card__title\">Monapass: one account, one app to simplify access to transport services & attractions in Monaco<\/h2>\r\n                    <\/span>\r\n        <span class=\"nt-card__footer\">\r\n            <img decoding=\"async\" class=\"nt-card__logo\" src=\"https:\/\/www.flowbird.com\/wp-content\/uploads\/2024\/10\/Layer_1-jpg.webp\" alt=\"\">\r\n            <span class=\"nt-card__link\">\r\n                Lire la suite                <i class=\"fa fa-arrow-right\"><\/i>\r\n            <\/span>\r\n        <\/span>\r\n    <\/span>\r\n<\/a><a href=\"https:\/\/www.flowbird.com\/fr\/case-studies\/new-york\/\" class=\"nt-card nt-card--case-studies nt-card--dark nt-card--overlay \">\r\n    <span class=\"nt-card__body\">\r\n        <span class=\"nt-card__header\" style=\"background-image: url(https:\/\/www.flowbird.com\/wp-content\/uploads\/2024\/10\/New-York-440x440.webp)\">\r\n            <p class=\"nt-card__location\">New York<\/p>\r\n                            <h2 class=\"nt-card__title\">ParkNYC App is making parking effortless in New York City<\/h2>\r\n                    <\/span>\r\n        <span class=\"nt-card__footer\">\r\n            <img decoding=\"async\" class=\"nt-card__logo\" src=\"\" alt=\"\">\r\n            <span class=\"nt-card__link\">\r\n                Lire la suite                <i class=\"fa fa-arrow-right\"><\/i>\r\n            <\/span>\r\n        <\/span>\r\n    <\/span>\r\n<\/a><a href=\"https:\/\/www.flowbird.com\/fr\/case-studies\/detroit\/\" class=\"nt-card nt-card--case-studies nt-card--dark nt-card--overlay \">\r\n    <span class=\"nt-card__body\">\r\n        <span class=\"nt-card__header\" style=\"background-image: url(https:\/\/www.flowbird.com\/wp-content\/uploads\/2024\/10\/Detroit-1-440x440.webp)\">\r\n            <p class=\"nt-card__location\">Detroit<\/p>\r\n                            <h2 class=\"nt-card__title\">ParkDetroit App is driving Detroit\u2019s downtown mobility<\/h2>\r\n                    <\/span>\r\n        <span class=\"nt-card__footer\">\r\n            <img decoding=\"async\" class=\"nt-card__logo\" src=\"\" alt=\"\">\r\n            <span class=\"nt-card__link\">\r\n                Lire la suite                <i class=\"fa fa-arrow-right\"><\/i>\r\n            <\/span>\r\n        <\/span>\r\n    <\/span>\r\n<\/a><a href=\"https:\/\/www.flowbird.com\/fr\/case-studies\/como\/\" class=\"nt-card nt-card--case-studies nt-card--dark nt-card--overlay \">\r\n    <span class=\"nt-card__body\">\r\n        <span class=\"nt-card__header\" style=\"background-image: url(https:\/\/www.flowbird.com\/wp-content\/uploads\/2024\/10\/Como-1-440x440.webp)\">\r\n            <p class=\"nt-card__location\">Como<\/p>\r\n                            <h2 class=\"nt-card__title\">A new infrastructure solution with multiservice kiosks in Como: a MaaS\/PaaS approach<\/h2>\r\n                    <\/span>\r\n        <span class=\"nt-card__footer\">\r\n            <img decoding=\"async\" class=\"nt-card__logo\" src=\"\" alt=\"\">\r\n            <span class=\"nt-card__link\">\r\n                Lire la suite                <i class=\"fa fa-arrow-right\"><\/i>\r\n            <\/span>\r\n        <\/span>\r\n    <\/span>\r\n<\/a><a href=\"https:\/\/www.flowbird.com\/fr\/case-studies\/perth\/\" class=\"nt-card nt-card--case-studies nt-card--dark nt-card--overlay \">\r\n    <span class=\"nt-card__body\">\r\n        <span class=\"nt-card__header\" style=\"background-image: url(https:\/\/www.flowbird.com\/wp-content\/uploads\/2024\/10\/Perth-1-440x440.webp)\">\r\n            <p class=\"nt-card__location\">Perth<\/p>\r\n                            <h2 class=\"nt-card__title\">A multimodal ticketing solution in Perth<\/h2>\r\n                    <\/span>\r\n        <span class=\"nt-card__footer\">\r\n            <img decoding=\"async\" class=\"nt-card__logo\" src=\"\" alt=\"\">\r\n            <span class=\"nt-card__link\">\r\n                Lire la suite                <i class=\"fa fa-arrow-right\"><\/i>\r\n            <\/span>\r\n        <\/span>\r\n    <\/span>\r\n<\/a><a href=\"https:\/\/www.flowbird.com\/fr\/case-studies\/hong-kong\/\" class=\"nt-card nt-card--case-studies nt-card--dark nt-card--overlay \">\r\n    <span class=\"nt-card__body\">\r\n        <span class=\"nt-card__header\" style=\"background-image: url(https:\/\/www.flowbird.com\/wp-content\/uploads\/2024\/10\/Hong-Kong-440x440.webp)\">\r\n            <p class=\"nt-card__location\">Hong Kong<\/p>\r\n                            <h2 class=\"nt-card__title\">Hong Kong, an advanced parking system<\/h2>\r\n                    <\/span>\r\n        <span class=\"nt-card__footer\">\r\n            <img decoding=\"async\" class=\"nt-card__logo\" src=\"\" alt=\"\">\r\n            <span class=\"nt-card__link\">\r\n                Lire la suite                <i class=\"fa fa-arrow-right\"><\/i>\r\n            <\/span>\r\n        <\/span>\r\n    <\/span>\r\n<\/a><a href=\"https:\/\/www.flowbird.com\/fr\/case-studies\/wokingham\/\" class=\"nt-card nt-card--case-studies nt-card--dark nt-card--overlay \">\r\n    <span class=\"nt-card__body\">\r\n        <span class=\"nt-card__header\" style=\"background-image: url(https:\/\/www.flowbird.com\/wp-content\/uploads\/2024\/10\/Wokingham-440x440.webp)\">\r\n            <p class=\"nt-card__location\">Wokingham<\/p>\r\n                            <h2 class=\"nt-card__title\">First ever local authority electric vehicle charge point project in Wokingham Borough Council<\/h2>\r\n                    <\/span>\r\n        <span class=\"nt-card__footer\">\r\n            <img decoding=\"async\" class=\"nt-card__logo\" src=\"\" alt=\"\">\r\n            <span class=\"nt-card__link\">\r\n                Lire la suite                <i class=\"fa fa-arrow-right\"><\/i>\r\n            <\/span>\r\n        <\/span>\r\n    <\/span>\r\n<\/a><a href=\"https:\/\/www.flowbird.com\/fr\/case-studies\/toulouse\/\" class=\"nt-card nt-card--case-studies nt-card--dark nt-card--overlay \">\r\n    <span class=\"nt-card__body\">\r\n        <span class=\"nt-card__header\" style=\"background-image: url(https:\/\/www.flowbird.com\/wp-content\/uploads\/2024\/10\/Toulouse-1-440x440.webp)\">\r\n            <p class=\"nt-card__location\">Toulouse<\/p>\r\n                            <h2 class=\"nt-card__title\">Open Payment in Toulouse: Contactless credit card validation across the entire Tiss\u00e9o network<\/h2>\r\n                    <\/span>\r\n        <span class=\"nt-card__footer\">\r\n            <img decoding=\"async\" class=\"nt-card__logo\" src=\"\" alt=\"\">\r\n            <span class=\"nt-card__link\">\r\n                Lire la suite                <i class=\"fa fa-arrow-right\"><\/i>\r\n            <\/span>\r\n        <\/span>\r\n    <\/span>\r\n<\/a><a href=\"https:\/\/www.flowbird.com\/fr\/case-studies\/las-vegas\/\" class=\"nt-card nt-card--case-studies nt-card--dark nt-card--overlay \">\r\n    <span class=\"nt-card__body\">\r\n        <span class=\"nt-card__header\" style=\"background-image: url(https:\/\/www.flowbird.com\/wp-content\/uploads\/2024\/10\/Las-Vegas-440x440.webp)\">\r\n            <p class=\"nt-card__location\">LAS VEGAS<\/p>\r\n                            <h2 class=\"nt-card__title\">Modernizing Las Vegas with upgraded pay stations & a frictionless mobile solution<\/h2>\r\n                    <\/span>\r\n        <span class=\"nt-card__footer\">\r\n            <img decoding=\"async\" class=\"nt-card__logo\" src=\"\" alt=\"\">\r\n            <span class=\"nt-card__link\">\r\n                Lire la suite                <i class=\"fa fa-arrow-right\"><\/i>\r\n            <\/span>\r\n        <\/span>\r\n    <\/span>\r\n<\/a>    <\/div>\r\n<\/div>\t\t\t\t<\/div>\n\t\t\t\t<\/div>\n\t\t\t\t\t<\/div>\n\t\t\t\t<\/div>\n\t\t\t\t<\/div>\n\t\t","protected":false},"excerpt":{"rendered":"<p>\u00c9TUDES DE CAS Les villes font confiance \u00e0 Flowbird pour am\u00e9liorer la mobilit\u00e9 et transformer l&rsquo;exp\u00e9rience des usagers Monaco Monapass: one account, one app to simplify access to transport services &#038; attractions in Monaco Read More New York ParkNYC App is making parking effortless in New York City Read More Detroit ParkDetroit App is driving [&hellip;]<\/p>\n","protected":false},"author":2,"featured_media":0,"parent":0,"menu_order":2,"comment_status":"closed","ping_status":"closed","template":"","meta":{"_acf_changed":false,"footnotes":""},"categories":[],"tags":[],"class_list":["post-9128","page","type-page","status-publish","hentry"],"acf":[],"yoast_head":"<!-- This site is optimized with the Yoast SEO Premium plugin v26.3 (Yoast SEO v26.3) - https:\/\/yoast.com\/wordpress\/plugins\/seo\/ -->\n<title>\u00c9tudes de cas - Flowbird<\/title>\n<meta name=\"robots\" content=\"index, follow, max-snippet:-1, max-image-preview:large, max-video-preview:-1\" \/>\n<link rel=\"canonical\" href=\"https:\/\/www.flowbird.com\/fr\/etudes-de-cas\/\" \/>\n<meta property=\"og:locale\" content=\"fr_FR\" \/>\n<meta property=\"og:type\" content=\"article\" \/>\n<meta property=\"og:title\" content=\"\u00c9tudes de cas\" \/>\n<meta property=\"og:description\" content=\"\u00c9TUDES DE CAS Les villes font confiance \u00e0 Flowbird pour am\u00e9liorer la mobilit\u00e9 et transformer l&rsquo;exp\u00e9rience des usagers Monaco Monapass: one account, one app to simplify access to transport services &#038; attractions in Monaco Read More New York ParkNYC App is making parking effortless in New York City Read More Detroit ParkDetroit App is driving [&hellip;]\" \/>\n<meta property=\"og:url\" content=\"https:\/\/www.flowbird.com\/fr\/etudes-de-cas\/\" \/>\n<meta property=\"og:site_name\" content=\"Flowbird\" \/>\n<meta property=\"article:modified_time\" content=\"2024-11-26T14:10:50+00:00\" \/>\n<meta property=\"og:image\" content=\"https:\/\/preprod.flowbird.com\/wp-content\/uploads\/2024\/10\/Layer_1-jpg.webp\" \/>\n<meta name=\"twitter:card\" content=\"summary_large_image\" \/>\n<meta name=\"twitter:label1\" content=\"Dur\u00e9e de lecture estim\u00e9e\" \/>\n\t<meta name=\"twitter:data1\" content=\"1 minute\" \/>\n<script type=\"application\/ld+json\" class=\"yoast-schema-graph\">{\"@context\":\"https:\/\/schema.org\",\"@graph\":[{\"@type\":\"WebPage\",\"@id\":\"https:\/\/www.flowbird.com\/fr\/etudes-de-cas\/\",\"url\":\"https:\/\/www.flowbird.com\/fr\/etudes-de-cas\/\",\"name\":\"\u00c9tudes de cas - Flowbird\",\"isPartOf\":{\"@id\":\"https:\/\/preprod.flowbird.com\/#website\"},\"primaryImageOfPage\":{\"@id\":\"https:\/\/www.flowbird.com\/fr\/etudes-de-cas\/#primaryimage\"},\"image\":{\"@id\":\"https:\/\/www.flowbird.com\/fr\/etudes-de-cas\/#primaryimage\"},\"thumbnailUrl\":\"https:\/\/preprod.flowbird.com\/wp-content\/uploads\/2024\/10\/Layer_1-jpg.webp\",\"datePublished\":\"2024-10-01T13:50:17+00:00\",\"dateModified\":\"2024-11-26T14:10:50+00:00\",\"breadcrumb\":{\"@id\":\"https:\/\/www.flowbird.com\/fr\/etudes-de-cas\/#breadcrumb\"},\"inLanguage\":\"fr-FR\",\"potentialAction\":[{\"@type\":\"ReadAction\",\"target\":[\"https:\/\/www.flowbird.com\/fr\/etudes-de-cas\/\"]}]},{\"@type\":\"ImageObject\",\"inLanguage\":\"fr-FR\",\"@id\":\"https:\/\/www.flowbird.com\/fr\/etudes-de-cas\/#primaryimage\",\"url\":\"https:\/\/preprod.flowbird.com\/wp-content\/uploads\/2024\/10\/Layer_1-jpg.webp\",\"contentUrl\":\"https:\/\/preprod.flowbird.com\/wp-content\/uploads\/2024\/10\/Layer_1-jpg.webp\"},{\"@type\":\"BreadcrumbList\",\"@id\":\"https:\/\/www.flowbird.com\/fr\/etudes-de-cas\/#breadcrumb\",\"itemListElement\":[{\"@type\":\"ListItem\",\"position\":1,\"name\":\"Home\",\"item\":\"https:\/\/www.flowbird.com\/fr\/page-daccueil\/\"},{\"@type\":\"ListItem\",\"position\":2,\"name\":\"\u00c9tudes de cas\"}]},{\"@type\":\"WebSite\",\"@id\":\"https:\/\/preprod.flowbird.com\/#website\",\"url\":\"https:\/\/preprod.flowbird.com\/\",\"name\":\"Flowbird\",\"description\":\"Effortless Movement From City to City\",\"publisher\":{\"@id\":\"https:\/\/preprod.flowbird.com\/#organization\"},\"potentialAction\":[{\"@type\":\"SearchAction\",\"target\":{\"@type\":\"EntryPoint\",\"urlTemplate\":\"https:\/\/preprod.flowbird.com\/?s={search_term_string}\"},\"query-input\":{\"@type\":\"PropertyValueSpecification\",\"valueRequired\":true,\"valueName\":\"search_term_string\"}}],\"inLanguage\":\"fr-FR\"},{\"@type\":\"Organization\",\"@id\":\"https:\/\/www.flowbird.com\/fr\/#Organization\/\",\"name\":\"Flowbird\",\"url\":\"https:\/\/preprod.flowbird.com\/\",\"logo\":{\"@type\":\"ImageObject\",\"inLanguage\":\"fr-FR\",\"@id\":\"https:\/\/preprod.flowbird.com\/#\/schema\/logo\/image\/\",\"url\":\"https:\/\/www.flowbird.com\/wp-content\/uploads\/2024\/04\/FB-Logo.svg\",\"contentUrl\":\"https:\/\/www.flowbird.com\/wp-content\/uploads\/2024\/04\/FB-Logo.svg\",\"caption\":\"Flowbird\"},\"image\":{\"@id\":\"https:\/\/preprod.flowbird.com\/#\/schema\/logo\/image\/\"}}]}<\/script>\n<!-- \/ Yoast SEO Premium plugin. -->","yoast_head_json":{"title":"\u00c9tudes de cas - Flowbird","robots":{"index":"index","follow":"follow","max-snippet":"max-snippet:-1","max-image-preview":"max-image-preview:large","max-video-preview":"max-video-preview:-1"},"canonical":"https:\/\/www.flowbird.com\/fr\/etudes-de-cas\/","og_locale":"fr_FR","og_type":"article","og_title":"\u00c9tudes de cas","og_description":"\u00c9TUDES DE CAS Les villes font confiance \u00e0 Flowbird pour am\u00e9liorer la mobilit\u00e9 et transformer l&rsquo;exp\u00e9rience des usagers Monaco Monapass: one account, one app to simplify access to transport services &#038; attractions in Monaco Read More New York ParkNYC App is making parking effortless in New York City Read More Detroit ParkDetroit App is driving [&hellip;]","og_url":"https:\/\/www.flowbird.com\/fr\/etudes-de-cas\/","og_site_name":"Flowbird","article_modified_time":"2024-11-26T14:10:50+00:00","og_image":[{"url":"https:\/\/preprod.flowbird.com\/wp-content\/uploads\/2024\/10\/Layer_1-jpg.webp","type":"","width":"","height":""}],"twitter_card":"summary_large_image","twitter_misc":{"Dur\u00e9e de lecture estim\u00e9e":"1 minute"},"schema":{"@context":"https:\/\/schema.org","@graph":[{"@type":"WebPage","@id":"https:\/\/www.flowbird.com\/fr\/etudes-de-cas\/","url":"https:\/\/www.flowbird.com\/fr\/etudes-de-cas\/","name":"\u00c9tudes de cas - Flowbird","isPartOf":{"@id":"https:\/\/preprod.flowbird.com\/#website"},"primaryImageOfPage":{"@id":"https:\/\/www.flowbird.com\/fr\/etudes-de-cas\/#primaryimage"},"image":{"@id":"https:\/\/www.flowbird.com\/fr\/etudes-de-cas\/#primaryimage"},"thumbnailUrl":"https:\/\/preprod.flowbird.com\/wp-content\/uploads\/2024\/10\/Layer_1-jpg.webp","datePublished":"2024-10-01T13:50:17+00:00","dateModified":"2024-11-26T14:10:50+00:00","breadcrumb":{"@id":"https:\/\/www.flowbird.com\/fr\/etudes-de-cas\/#breadcrumb"},"inLanguage":"fr-FR","potentialAction":[{"@type":"ReadAction","target":["https:\/\/www.flowbird.com\/fr\/etudes-de-cas\/"]}]},{"@type":"ImageObject","inLanguage":"fr-FR","@id":"https:\/\/www.flowbird.com\/fr\/etudes-de-cas\/#primaryimage","url":"https:\/\/preprod.flowbird.com\/wp-content\/uploads\/2024\/10\/Layer_1-jpg.webp","contentUrl":"https:\/\/preprod.flowbird.com\/wp-content\/uploads\/2024\/10\/Layer_1-jpg.webp"},{"@type":"BreadcrumbList","@id":"https:\/\/www.flowbird.com\/fr\/etudes-de-cas\/#breadcrumb","itemListElement":[{"@type":"ListItem","position":1,"name":"Home","item":"https:\/\/www.flowbird.com\/fr\/page-daccueil\/"},{"@type":"ListItem","position":2,"name":"\u00c9tudes de cas"}]},{"@type":"WebSite","@id":"https:\/\/preprod.flowbird.com\/#website","url":"https:\/\/preprod.flowbird.com\/","name":"Flowbird","description":"Effortless Movement From City to City","publisher":{"@id":"https:\/\/preprod.flowbird.com\/#organization"},"potentialAction":[{"@type":"SearchAction","target":{"@type":"EntryPoint","urlTemplate":"https:\/\/preprod.flowbird.com\/?s={search_term_string}"},"query-input":{"@type":"PropertyValueSpecification","valueRequired":true,"valueName":"search_term_string"}}],"inLanguage":"fr-FR"},{"@type":"Organization","@id":"https:\/\/www.flowbird.com\/fr\/#Organization\/","name":"Flowbird","url":"https:\/\/preprod.flowbird.com\/","logo":{"@type":"ImageObject","inLanguage":"fr-FR","@id":"https:\/\/preprod.flowbird.com\/#\/schema\/logo\/image\/","url":"https:\/\/www.flowbird.com\/wp-content\/uploads\/2024\/04\/FB-Logo.svg","contentUrl":"https:\/\/www.flowbird.com\/wp-content\/uploads\/2024\/04\/FB-Logo.svg","caption":"Flowbird"},"image":{"@id":"https:\/\/preprod.flowbird.com\/#\/schema\/logo\/image\/"}}]}},"_links":{"self":[{"href":"https:\/\/www.flowbird.com\/fr\/wp-json\/wp\/v2\/pages\/9128","targetHints":{"allow":["GET"]}}],"collection":[{"href":"https:\/\/www.flowbird.com\/fr\/wp-json\/wp\/v2\/pages"}],"about":[{"href":"https:\/\/www.flowbird.com\/fr\/wp-json\/wp\/v2\/types\/page"}],"author":[{"embeddable":true,"href":"https:\/\/www.flowbird.com\/fr\/wp-json\/wp\/v2\/users\/2"}],"replies":[{"embeddable":true,"href":"https:\/\/www.flowbird.com\/fr\/wp-json\/wp\/v2\/comments?post=9128"}],"version-history":[{"count":4,"href":"https:\/\/www.flowbird.com\/fr\/wp-json\/wp\/v2\/pages\/9128\/revisions"}],"predecessor-version":[{"id":13585,"href":"https:\/\/www.flowbird.com\/fr\/wp-json\/wp\/v2\/pages\/9128\/revisions\/13585"}],"wp:attachment":[{"href":"https:\/\/www.flowbird.com\/fr\/wp-json\/wp\/v2\/media?parent=9128"}],"wp:term":[{"taxonomy":"category","embeddable":true,"href":"https:\/\/www.flowbird.com\/fr\/wp-json\/wp\/v2\/categories?post=9128"},{"taxonomy":"post_tag","embeddable":true,"href":"https:\/\/www.flowbird.com\/fr\/wp-json\/wp\/v2\/tags?post=9128"}],"curies":[{"name":"wp","href":"https:\/\/api.w.org\/{rel}","templated":true}]}}