{"id":9715,"date":"2024-10-01T13:56:44","date_gmt":"2024-10-01T13:56:44","guid":{"rendered":"https:\/\/preprod.flowbird.com\/politica-de-privacidad\/"},"modified":"2024-11-15T10:43:38","modified_gmt":"2024-11-15T10:43:38","slug":"politica-de-privacidad","status":"publish","type":"page","link":"https:\/\/www.flowbird.com\/es\/politica-de-privacidad\/","title":{"rendered":"Pol\u00edtica de privacidad"},"content":{"rendered":"\t\t<div data-elementor-type=\"wp-page\" data-elementor-id=\"9715\" class=\"elementor elementor-9715 elementor-1091\" data-elementor-post-type=\"page\">\n\t\t\t\t<div class=\"elementor-element elementor-element-e11609e e-con-full e-flex e-con e-parent\" data-id=\"e11609e\" data-element_type=\"container\">\n\t\t<div class=\"elementor-element elementor-element-54dd904 e-flex e-con-boxed e-con e-child\" data-id=\"54dd904\" data-element_type=\"container\" data-settings=\"{&quot;background_background&quot;:&quot;gradient&quot;}\">\n\t\t\t\t\t<div class=\"e-con-inner\">\n\t\t\t\t<div class=\"elementor-element elementor-element-fc60449 elementor-widget elementor-widget-heading\" data-id=\"fc60449\" data-element_type=\"widget\" data-widget_type=\"heading.default\">\n\t\t\t\t<div class=\"elementor-widget-container\">\n\t\t\t\t\t<h1 class=\"elementor-heading-title elementor-size-default\">Pol\u00edtica de privacidad<\/h1>\t\t\t\t<\/div>\n\t\t\t\t<\/div>\n\t\t\t\t\t<\/div>\n\t\t\t\t<\/div>\n\t\t\t\t<\/div>\n\t\t<div class=\"elementor-element elementor-element-a883960 e-flex e-con-boxed e-con e-parent\" data-id=\"a883960\" data-element_type=\"container\">\n\t\t\t\t\t<div class=\"e-con-inner\">\n\t\t\t\t<div class=\"elementor-element elementor-element-26c49ef elementor-widget elementor-widget-text-editor\" data-id=\"26c49ef\" data-element_type=\"widget\" data-widget_type=\"text-editor.default\">\n\t\t\t\t<div class=\"elementor-widget-container\">\n\t\t\t\t\t\t\t\t\t<h3>1- Recogida de datos personales<\/h3>\n<p>La informaci\u00f3n que comuniques a trav\u00e9s de formularios de contacto, ofertas de empleo y cookies (para m\u00e1s informaci\u00f3n, te invitamos a consultar la secci\u00f3n espec\u00edfica \u00abCookies\u00bb) es objeto de tratamiento por parte de FLOWBIRD con el fin de responder a tus solicitudes.<\/p>\n<p>FLOWBIRD, responsable del tratamiento, procesa los datos personales as\u00ed recogidos para los fines, duraciones y sobre la base de los fundamentos jur\u00eddicos que se indican a continuaci\u00f3n:<\/p>\n<table>\n<tbody>\n<tr>\n<td colspan=\"1\" rowspan=\"1\"><strong>Informaci\u00f3n<\/strong><\/td>\n<td colspan=\"1\" rowspan=\"1\"><strong>Prop\u00f3sitos<\/strong><\/td>\n<td colspan=\"1\" rowspan=\"1\"><strong>Duraci\u00f3n<\/strong><\/td>\n<td colspan=\"1\" rowspan=\"1\"><strong>Base jur\u00eddica<\/strong><\/td>\n<\/tr>\n<tr>\n<td colspan=\"1\" rowspan=\"1\">Solicitudes de contacto (las gestiona el departamento de Marketing)<\/td>\n<td colspan=\"1\" rowspan=\"1\">Responder a tus solicitudes de informaci\u00f3n sobre nuestros productos<\/td>\n<td colspan=\"1\" rowspan=\"1\">3 a\u00f1os desde el \u00faltimo contacto<\/td>\n<td colspan=\"1\" rowspan=\"1\">Tu consentimiento<\/td>\n<\/tr>\n<tr>\n<td colspan=\"1\" rowspan=\"1\">Ofertas de empleo (las tramita recursos humanos)<\/td>\n<td colspan=\"1\" rowspan=\"1\">Revisar tu solicitud<\/td>\n<td colspan=\"1\" rowspan=\"1\">2 a\u00f1os a partir de la recepci\u00f3n de tu solicitud y, con tu consentimiento, durante un periodo adicional de 2 a\u00f1os<\/td>\n<td colspan=\"1\" rowspan=\"1\">Tu consentimiento<\/td>\n<\/tr>\n<tr>\n<td colspan=\"1\" rowspan=\"1\">Cookies propias<\/td>\n<td colspan=\"1\" rowspan=\"1\">&#8211; Permiten un uso \u00f3ptimo del Sitio<br \/>&#8211; Elaboran estad\u00edsticas de tr\u00e1fico del Sitio y contribuyen a mejorarlo<br \/>&#8211; Siguen a los Usuarios y te dan acceso a v\u00eddeos<\/td>\n<td colspan=\"1\" rowspan=\"1\">12 meses<br \/>13 meses<br \/>6 meses<\/td>\n<td colspan=\"1\" rowspan=\"1\">Tu consentimiento<\/td>\n<\/tr>\n<\/tbody>\n<\/table>\n<h3>2- Tus derechos<\/h3>\n<p>De conformidad con la normativa aplicable en materia de protecci\u00f3n de datos personales y, en particular, el Reglamento (UE) 2016\/679 del Parlamento Europeo y del Consejo, de 27 de abril de 2016, relativo a la protecci\u00f3n de las personas f\u00edsicas en lo que respecta al tratamiento de datos personales , tienes los siguientes derechos:<\/p>\n<ul>\n<li>derecho de acceso,<\/li>\n<li>derecho de rectificaci\u00f3n,<\/li>\n<li>derecho al borrado (derecho al olvido),<\/li>\n<li>derecho a retirar tu consentimiento,<\/li>\n<li>derecho de oposici\u00f3n por motivos relacionados con tu situaci\u00f3n particular,<\/li>\n<li>derecho a la limitaci\u00f3n del tratamiento,<\/li>\n<li>definir directrices relativas a la conservaci\u00f3n, supresi\u00f3n y comunicaci\u00f3n de datos personales tras el fallecimiento.<\/li>\n<\/ul>\n<h3>3 &#8211; Ejercer tus derechos<\/h3>\n<p>Para ejercer tus derechos, puedes<\/p>\n<ul>\n<li>Utiliza nuestro formulario en l\u00ednea o env\u00edanos un correo electr\u00f3nico o postal a las direcciones indicadas a continuaci\u00f3n, especificando el derecho que deseas ejercer, los datos personales afectados por tu solicitud e indicando tu nombre, apellidos y direcci\u00f3n de correo electr\u00f3nico.<\/li>\n<li>Rellena este formulario en l\u00ednea: <a href=\"https:\/\/privacyportal-de.onetrust.com\/webform\/b4ca0275-61b2-4b93-825d-386e88050a95\/ecaf1512-541a-4918-9ec8-34d2faa9dc88\" target=\"_blank\" rel=\"noopener\">Ejerce tus derechos<\/a><\/li>\n<li>Correo electr\u00f3nico: dpo@flowbird.group<\/li>\n<li>Correo postal: Flowbird &#8211; Droit sur les Donn\u00e9es personnelles, 2 ter rue de du ch\u00e2teau 92200 Neuilly-sur-Seine<\/li>\n<\/ul>\n<p>Si procede, se te puede pedir una copia de un documento de identidad.<\/p>\n<\/p>\n<h3>4 &#8211; Presentar una reclamaci\u00f3n<\/h3>\n<p>Si consideras, despu\u00e9s de haberte puesto en contacto con nosotros a este respecto, que no se respetan tus derechos relativos a tus datos personales, puedes enviar una reclamaci\u00f3n a la Comisi\u00f3n Nacional de Inform\u00e1tica y Libertades (CNIL &#8211; 3 place de Fontenoy &#8211; TSA 80715 &#8211; 75334 Paris cedex 07 &#8211; t\u00e9l\u00e9phone : 01 53 73 22 22).<\/p>\n\t\t\t\t\t\t\t\t<\/div>\n\t\t\t\t<\/div>\n\t\t\t\t\t<\/div>\n\t\t\t\t<\/div>\n\t\t\t\t<\/div>\n\t\t","protected":false},"excerpt":{"rendered":"<p>1- Recogida de datos personales La informaci\u00f3n que comuniques a trav\u00e9s de formularios de contacto, ofertas de empleo y cookies (para m\u00e1s informaci\u00f3n, te invitamos a consultar la secci\u00f3n espec\u00edfica \u00abCookies\u00bb) es objeto de tratamiento por parte de FLOWBIRD con el fin de responder a tus solicitudes. FLOWBIRD, responsable del tratamiento, procesa los datos personales [&hellip;]<\/p>\n","protected":false},"author":2,"featured_media":0,"parent":0,"menu_order":6,"comment_status":"closed","ping_status":"closed","template":"","meta":{"_acf_changed":false,"footnotes":""},"categories":[],"tags":[],"class_list":["post-9715","page","type-page","status-publish","hentry"],"acf":[],"yoast_head":"<!-- This site is optimized with the Yoast SEO Premium plugin v26.3 (Yoast SEO v26.3) - https:\/\/yoast.com\/wordpress\/plugins\/seo\/ -->\n<title>Pol\u00edtica de privacidad - Flowbird<\/title>\n<meta name=\"robots\" content=\"index, follow, max-snippet:-1, max-image-preview:large, max-video-preview:-1\" \/>\n<link rel=\"canonical\" href=\"https:\/\/www.flowbird.com\/es\/politica-de-privacidad\/\" \/>\n<meta property=\"og:locale\" content=\"es_ES\" \/>\n<meta property=\"og:type\" content=\"article\" \/>\n<meta property=\"og:title\" content=\"Pol\u00edtica de privacidad\" \/>\n<meta property=\"og:description\" content=\"1- Recogida de datos personales La informaci\u00f3n que comuniques a trav\u00e9s de formularios de contacto, ofertas de empleo y cookies (para m\u00e1s informaci\u00f3n, te invitamos a consultar la secci\u00f3n espec\u00edfica \u00abCookies\u00bb) es objeto de tratamiento por parte de FLOWBIRD con el fin de responder a tus solicitudes. FLOWBIRD, responsable del tratamiento, procesa los datos personales [&hellip;]\" \/>\n<meta property=\"og:url\" content=\"https:\/\/www.flowbird.com\/es\/politica-de-privacidad\/\" \/>\n<meta property=\"og:site_name\" content=\"Flowbird\" \/>\n<meta property=\"article:modified_time\" content=\"2024-11-15T10:43:38+00:00\" \/>\n<meta name=\"twitter:card\" content=\"summary_large_image\" \/>\n<meta name=\"twitter:label1\" content=\"Tiempo de lectura\" \/>\n\t<meta name=\"twitter:data1\" content=\"2 minutos\" \/>\n<script type=\"application\/ld+json\" class=\"yoast-schema-graph\">{\"@context\":\"https:\/\/schema.org\",\"@graph\":[{\"@type\":\"WebPage\",\"@id\":\"https:\/\/www.flowbird.com\/es\/politica-de-privacidad\/\",\"url\":\"https:\/\/www.flowbird.com\/es\/politica-de-privacidad\/\",\"name\":\"Pol\u00edtica de privacidad - Flowbird\",\"isPartOf\":{\"@id\":\"https:\/\/preprod.flowbird.com\/#website\"},\"datePublished\":\"2024-10-01T13:56:44+00:00\",\"dateModified\":\"2024-11-15T10:43:38+00:00\",\"breadcrumb\":{\"@id\":\"https:\/\/www.flowbird.com\/es\/politica-de-privacidad\/#breadcrumb\"},\"inLanguage\":\"es\",\"potentialAction\":[{\"@type\":\"ReadAction\",\"target\":[\"https:\/\/www.flowbird.com\/es\/politica-de-privacidad\/\"]}]},{\"@type\":\"BreadcrumbList\",\"@id\":\"https:\/\/www.flowbird.com\/es\/politica-de-privacidad\/#breadcrumb\",\"itemListElement\":[{\"@type\":\"ListItem\",\"position\":1,\"name\":\"Home\",\"item\":\"https:\/\/www.flowbird.com\/es\/pagina-de-inicio\/\"},{\"@type\":\"ListItem\",\"position\":2,\"name\":\"Pol\u00edtica de privacidad\"}]},{\"@type\":\"WebSite\",\"@id\":\"https:\/\/preprod.flowbird.com\/#website\",\"url\":\"https:\/\/preprod.flowbird.com\/\",\"name\":\"Flowbird\",\"description\":\"Effortless Movement From City to City\",\"publisher\":{\"@id\":\"https:\/\/preprod.flowbird.com\/#organization\"},\"potentialAction\":[{\"@type\":\"SearchAction\",\"target\":{\"@type\":\"EntryPoint\",\"urlTemplate\":\"https:\/\/preprod.flowbird.com\/?s={search_term_string}\"},\"query-input\":{\"@type\":\"PropertyValueSpecification\",\"valueRequired\":true,\"valueName\":\"search_term_string\"}}],\"inLanguage\":\"es\"},{\"@type\":\"Organization\",\"@id\":\"https:\/\/www.flowbird.com\/es\/#Organization\/\",\"name\":\"Flowbird\",\"url\":\"https:\/\/preprod.flowbird.com\/\",\"logo\":{\"@type\":\"ImageObject\",\"inLanguage\":\"es\",\"@id\":\"https:\/\/preprod.flowbird.com\/#\/schema\/logo\/image\/\",\"url\":\"https:\/\/www.flowbird.com\/wp-content\/uploads\/2024\/04\/FB-Logo.svg\",\"contentUrl\":\"https:\/\/www.flowbird.com\/wp-content\/uploads\/2024\/04\/FB-Logo.svg\",\"caption\":\"Flowbird\"},\"image\":{\"@id\":\"https:\/\/preprod.flowbird.com\/#\/schema\/logo\/image\/\"}}]}<\/script>\n<!-- \/ Yoast SEO Premium plugin. -->","yoast_head_json":{"title":"Pol\u00edtica de privacidad - Flowbird","robots":{"index":"index","follow":"follow","max-snippet":"max-snippet:-1","max-image-preview":"max-image-preview:large","max-video-preview":"max-video-preview:-1"},"canonical":"https:\/\/www.flowbird.com\/es\/politica-de-privacidad\/","og_locale":"es_ES","og_type":"article","og_title":"Pol\u00edtica de privacidad","og_description":"1- Recogida de datos personales La informaci\u00f3n que comuniques a trav\u00e9s de formularios de contacto, ofertas de empleo y cookies (para m\u00e1s informaci\u00f3n, te invitamos a consultar la secci\u00f3n espec\u00edfica \u00abCookies\u00bb) es objeto de tratamiento por parte de FLOWBIRD con el fin de responder a tus solicitudes. FLOWBIRD, responsable del tratamiento, procesa los datos personales [&hellip;]","og_url":"https:\/\/www.flowbird.com\/es\/politica-de-privacidad\/","og_site_name":"Flowbird","article_modified_time":"2024-11-15T10:43:38+00:00","twitter_card":"summary_large_image","twitter_misc":{"Tiempo de lectura":"2 minutos"},"schema":{"@context":"https:\/\/schema.org","@graph":[{"@type":"WebPage","@id":"https:\/\/www.flowbird.com\/es\/politica-de-privacidad\/","url":"https:\/\/www.flowbird.com\/es\/politica-de-privacidad\/","name":"Pol\u00edtica de privacidad - Flowbird","isPartOf":{"@id":"https:\/\/preprod.flowbird.com\/#website"},"datePublished":"2024-10-01T13:56:44+00:00","dateModified":"2024-11-15T10:43:38+00:00","breadcrumb":{"@id":"https:\/\/www.flowbird.com\/es\/politica-de-privacidad\/#breadcrumb"},"inLanguage":"es","potentialAction":[{"@type":"ReadAction","target":["https:\/\/www.flowbird.com\/es\/politica-de-privacidad\/"]}]},{"@type":"BreadcrumbList","@id":"https:\/\/www.flowbird.com\/es\/politica-de-privacidad\/#breadcrumb","itemListElement":[{"@type":"ListItem","position":1,"name":"Home","item":"https:\/\/www.flowbird.com\/es\/pagina-de-inicio\/"},{"@type":"ListItem","position":2,"name":"Pol\u00edtica de privacidad"}]},{"@type":"WebSite","@id":"https:\/\/preprod.flowbird.com\/#website","url":"https:\/\/preprod.flowbird.com\/","name":"Flowbird","description":"Effortless Movement From City to City","publisher":{"@id":"https:\/\/preprod.flowbird.com\/#organization"},"potentialAction":[{"@type":"SearchAction","target":{"@type":"EntryPoint","urlTemplate":"https:\/\/preprod.flowbird.com\/?s={search_term_string}"},"query-input":{"@type":"PropertyValueSpecification","valueRequired":true,"valueName":"search_term_string"}}],"inLanguage":"es"},{"@type":"Organization","@id":"https:\/\/www.flowbird.com\/es\/#Organization\/","name":"Flowbird","url":"https:\/\/preprod.flowbird.com\/","logo":{"@type":"ImageObject","inLanguage":"es","@id":"https:\/\/preprod.flowbird.com\/#\/schema\/logo\/image\/","url":"https:\/\/www.flowbird.com\/wp-content\/uploads\/2024\/04\/FB-Logo.svg","contentUrl":"https:\/\/www.flowbird.com\/wp-content\/uploads\/2024\/04\/FB-Logo.svg","caption":"Flowbird"},"image":{"@id":"https:\/\/preprod.flowbird.com\/#\/schema\/logo\/image\/"}}]}},"_links":{"self":[{"href":"https:\/\/www.flowbird.com\/es\/wp-json\/wp\/v2\/pages\/9715","targetHints":{"allow":["GET"]}}],"collection":[{"href":"https:\/\/www.flowbird.com\/es\/wp-json\/wp\/v2\/pages"}],"about":[{"href":"https:\/\/www.flowbird.com\/es\/wp-json\/wp\/v2\/types\/page"}],"author":[{"embeddable":true,"href":"https:\/\/www.flowbird.com\/es\/wp-json\/wp\/v2\/users\/2"}],"replies":[{"embeddable":true,"href":"https:\/\/www.flowbird.com\/es\/wp-json\/wp\/v2\/comments?post=9715"}],"version-history":[{"count":1,"href":"https:\/\/www.flowbird.com\/es\/wp-json\/wp\/v2\/pages\/9715\/revisions"}],"predecessor-version":[{"id":9717,"href":"https:\/\/www.flowbird.com\/es\/wp-json\/wp\/v2\/pages\/9715\/revisions\/9717"}],"wp:attachment":[{"href":"https:\/\/www.flowbird.com\/es\/wp-json\/wp\/v2\/media?parent=9715"}],"wp:term":[{"taxonomy":"category","embeddable":true,"href":"https:\/\/www.flowbird.com\/es\/wp-json\/wp\/v2\/categories?post=9715"},{"taxonomy":"post_tag","embeddable":true,"href":"https:\/\/www.flowbird.com\/es\/wp-json\/wp\/v2\/tags?post=9715"}],"curies":[{"name":"wp","href":"https:\/\/api.w.org\/{rel}","templated":true}]}}