{"id":9695,"date":"2024-10-01T13:56:44","date_gmt":"2024-10-01T13:56:44","guid":{"rendered":"https:\/\/preprod.flowbird.com\/condiciones-generales\/"},"modified":"2024-12-03T10:46:57","modified_gmt":"2024-12-03T10:46:57","slug":"condiciones-generales","status":"publish","type":"page","link":"https:\/\/www.flowbird.com\/es\/condiciones-generales\/","title":{"rendered":"Condiciones de uso y cr\u00e9ditos"},"content":{"rendered":"\t\t<div data-elementor-type=\"wp-page\" data-elementor-id=\"9695\" class=\"elementor elementor-9695 elementor-1093\" data-elementor-post-type=\"page\">\n\t\t\t\t<div class=\"elementor-element elementor-element-39ee76f e-con-full e-flex e-con e-parent\" data-id=\"39ee76f\" data-element_type=\"container\">\n\t\t<div class=\"elementor-element elementor-element-0d798a5 e-flex e-con-boxed e-con e-child\" data-id=\"0d798a5\" data-element_type=\"container\" data-settings=\"{&quot;background_background&quot;:&quot;gradient&quot;}\">\n\t\t\t\t\t<div class=\"e-con-inner\">\n\t\t\t\t<div class=\"elementor-element elementor-element-c3fe5de elementor-widget elementor-widget-heading\" data-id=\"c3fe5de\" data-element_type=\"widget\" data-widget_type=\"heading.default\">\n\t\t\t\t<div class=\"elementor-widget-container\">\n\t\t\t\t\t<h1 class=\"elementor-heading-title elementor-size-default\">Condiciones de uso y cr\u00e9ditos<\/h1>\t\t\t\t<\/div>\n\t\t\t\t<\/div>\n\t\t\t\t\t<\/div>\n\t\t\t\t<\/div>\n\t\t\t\t<\/div>\n\t\t<div class=\"elementor-element elementor-element-8d570ba e-flex e-con-boxed e-con e-parent\" data-id=\"8d570ba\" data-element_type=\"container\">\n\t\t\t\t\t<div class=\"e-con-inner\">\n\t\t\t\t<div class=\"elementor-element elementor-element-18aabbd elementor-widget elementor-widget-text-editor\" data-id=\"18aabbd\" data-element_type=\"widget\" data-widget_type=\"text-editor.default\">\n\t\t\t\t<div class=\"elementor-widget-container\">\n\t\t\t\t\t\t\t\t\t<h3>\n            <b>1. Editor y empresa anfitriona<\/b><br \/>\n          <\/h3>\n<p>\n            <span style=\"font-weight: 400;\">Empresa que publica el sitio:<\/span>\n          <\/p>\n<p>\n            <span style=\"font-weight: 400;\">Flowbird, sociedad por acciones simplificada, con un capital de 35 456 049 euros, cuya sede social se encuentra en 2TER rue du Ch\u00e2teau 92200 NEUILLY-SUR-SEINE.<\/span><br \/>\n            <span style=\"font-weight: 400;\"><br \/>\n              <br \/>\n            <\/span><br \/>\n            <span style=\"font-weight: 400;\">N\u00famero de identificaci\u00f3n SIREN: 444 719 272 RCS PARIS.<\/span>\n          <\/p>\n<p><span style=\"font-weight: 400;\">Directora de la publicaci\u00f3n: \u00c9lodie Pommepuy<\/span><span style=\"font-weight: 400;\"><br \/><\/span><span style=\"font-weight: 400;\">Flowbird &#8211; Servicio de Comunicaci\u00f3n (Tel: 03 81 54 56 00)<\/span><span style=\"font-weight: 400;\"><br \/><\/span><span style=\"font-weight: 400;\">El alojamiento de este sitio corre a cargo de Net&amp;Tic.<\/span><\/p>\n<p><span style=\"font-weight: 400;\">Concepci\u00f3n y producci\u00f3n: <\/span><a href=\"https:\/\/www.net-tic.net\/\" target=\"_blank\" rel=\"noopener\"><span style=\"font-weight: 400;\">Net&amp;Tic<\/span><\/a><\/p>\n<h3>\n            <b>2. Pre\u00e1mbulo<\/b><br \/>\n          <\/h3>\n<p>\n            <span style=\"font-weight: 400;\">Flowbird ha puesto en l\u00ednea este sitio para presentarte sus actividades, productos y servicios. El uso de este sitio implica que aceptas quedar vinculado por las condiciones generales que se exponen a continuaci\u00f3n y te comprometes a cumplir todas las leyes aplicables. <\/span>\n          <\/p>\n<h3>\n            <b>3. Informaci\u00f3n sobre productos y servicios<\/b><br \/>\n          <\/h3>\n<p>\n            <span style=\"font-weight: 400;\">Las caracter\u00edsticas de los productos y servicios presentados se dan \u00fanicamente a t\u00edtulo informativo. Flowbird o sus filiales pueden modificar la informaci\u00f3n contenida en este sitio sobre los productos y servicios en cualquier momento y sin previo aviso. La informaci\u00f3n se facilita sin garant\u00edas expresas o impl\u00edcitas. Los productos y servicios presentados en este sitio son distribuidos principalmente por una red de distribuidores. En todos los casos, estos distribuidores son empresas que a su vez son entidades jur\u00eddicas independientes y act\u00faan solas, sin solidaridad entre ellas. En consecuencia, cuando accedes a la informaci\u00f3n, productos y servicios ofrecidos por estos distribuidores a trav\u00e9s de un hiperv\u00ednculo, estas empresas son enteramente responsables de la informaci\u00f3n contenida en sus sitios.     <\/span>\n          <\/p>\n<h3>\n            <b>4. Gesti\u00f3n de accesos y contrase\u00f1as<\/b><br \/>\n          <\/h3>\n<p>\n            <span style=\"font-weight: 400;\">El sitio o determinadas secciones del mismo est\u00e1n disponibles mediante un c\u00f3digo de acceso y una contrase\u00f1a que te proporcionar\u00e1 Flowbird. Los c\u00f3digos de acceso y las contrase\u00f1as son confidenciales. Eres responsable de las consecuencias de su uso. Por lo tanto, es tu responsabilidad tomar todas las medidas necesarias para garantizar la seguridad y confidencialidad de los c\u00f3digos de acceso y contrase\u00f1as que se te asignen. Te comprometes a informar a Flowbird de cualquier uso fraudulento de tu c\u00f3digo de acceso y\/o contrase\u00f1a tan pronto como tengas conocimiento de ello. Puedes cambiar en cualquier momento la contrase\u00f1a que se te asign\u00f3 inicialmente a trav\u00e9s del sitio. Flowbird se reserva el derecho a suspender tu acceso al sitio en caso de uso fraudulento o intento de uso fraudulento del acceso. En caso de suspensi\u00f3n del acceso, Flowbird te informar\u00e1 inmediatamente.       <\/span>\n          <\/p>\n<h3>\n            <b>5. Protecci\u00f3n de datos personales<\/b><br \/>\n          <\/h3>\n<p>\n            <span style=\"font-weight: 400;\">Cuando visitas el sitio, es posible que se te pida que proporciones cierta cantidad de datos personales sobre ti, con el objetivo de satisfacer mejor tus necesidades de informaci\u00f3n y comprender tus expectativas, as\u00ed como para ayudarte a sacar el m\u00e1ximo partido de los servicios ofrecidos en este sitio. Para m\u00e1s informaci\u00f3n, consulta nuestra <a href=\"https:\/\/www.flowbird.com\/es\/politica-de-privacidad\/\">Pol\u00edtica de privacidad<\/a>. <\/span>\n          <\/p>\n<h3>\n            <b>6. Uso de cookies<\/b><br \/>\n          <\/h3>\n<p>\n            <span style=\"font-weight: 400;\">Una cookie es una informaci\u00f3n enviada por un sitio web a un ordenador en forma de un peque\u00f1o archivo de datos. Las cookies son necesarias para favorecer la personalizaci\u00f3n de tu acceso a nuestros servicios en l\u00ednea. El almacenamiento de cookies se realiza a trav\u00e9s del navegador de Internet utilizado (por ejemplo, Internet Explorer). Sin embargo, las cookies son an\u00f3nimas y nunca se utilizan para recoger informaci\u00f3n personal. Eres libre de aceptar o rechazar las cookies configurando tu navegador web (desactivando todas o algunas cookies &#8211; consulta el manual o la funci\u00f3n de ayuda de tu navegador web para m\u00e1s informaci\u00f3n). Deshabilitar las cookies puede impedirte el acceso a determinados servicios a los que est\u00e1n asociadas. No impide el acceso a \u00e1reas no reservadas del sitio. Adem\u00e1s, hacemos un seguimiento de c\u00f3mo y d\u00f3nde han encontrado nuestro sitio los visitantes, incluido su origen. Esta informaci\u00f3n se utiliza con fines de an\u00e1lisis estad\u00edstico. Los datos correspondientes no contienen datos personales y se destruyen despu\u00e9s de su uso.         <\/span>\n          <\/p>\n<p>\n            <span style=\"font-weight: 400;\">Para m\u00e1s informaci\u00f3n, consulta nuestra <a href=\"https:\/\/www.flowbird.com\/es\/politica-de-cookies\/\">Pol\u00edtica de cookies<\/a>.<\/span>\n          <\/p>\n<h3>\n            <b>7. Derechos de autor<\/b><br \/>\n          <\/h3>\n<p>\n            <span style=\"font-weight: 400;\">Toda la informaci\u00f3n o documentos contenidos en el sitio, as\u00ed como todos los elementos creados para el sitio, son propiedad de Flowbird o de sus filiales, o est\u00e1n sujetos a los derechos acordados de uso, reproducci\u00f3n y representaci\u00f3n en beneficio de estas \u00faltimas. La informaci\u00f3n, documentos o elementos est\u00e1n sujetos a los derechos de autor y leyes similares que protegen la autor\u00eda desde el momento en que se ponen a disposici\u00f3n del p\u00fablico en el sitio. Las copias de los documentos contenidos en el sitio s\u00f3lo pueden realizarse con fines informativos y exclusivamente para un uso \u00fanico estrictamente privado. No se concede a nadie ninguna licencia ni derecho, salvo el de consultar el sitio, en materia de derechos de propiedad intelectual. Se autoriza la reproducci\u00f3n de documentos del sitio \u00fanicamente con fines informativos para uso personal y privado: toda reproducci\u00f3n y utilizaci\u00f3n de copias realizadas con otros fines est\u00e1 expresamente prohibida y est\u00e1 sujeta a la autorizaci\u00f3n previa y expresa de Flowbird. En todos los casos, la reproducci\u00f3n autorizada de cualquier informaci\u00f3n contenida en este sitio deber\u00e1 indicar la fuente y los derechos de autor correspondientes. Salvo que se indique lo contrario, los nombres de empresas, logotipos, productos y marcas mencionados en este sitio son propiedad de Flowbird o de sus filiales. No pueden utilizarse sin la autorizaci\u00f3n previa por escrito de Flowbird.       <\/span>\n          <\/p>\n<p>\n            <span style=\"font-weight: 400;\">Todas las comunicaciones enviadas a Flowbird o a sus filiales a trav\u00e9s de este sitio o por correo electr\u00f3nico no se consideran confidenciales, y Flowbird o sus filiales pueden reproducirlas, publicarlas o utilizarlas libremente de cualquier otra forma y para cualquier fin. El remitente de cualquier comunicaci\u00f3n a Flowbird o a sus filiales es responsable de su contenido y de la informaci\u00f3n que contiene, especialmente en lo que se refiere a su exactitud. <\/span>\n          <\/p>\n<p>\n            <span style=\"font-weight: 400;\">Este sitio respeta los derechos de autor. Quedan reservados todos los derechos de los autores de las obras protegidas reproducidas o divulgadas en este sitio. Salvo en caso de autorizaci\u00f3n, queda prohibida cualquier utilizaci\u00f3n de las obras que no sea su reproducci\u00f3n y consulta individual y privada.  <\/span>\n          <\/p>\n<h3>\n            <b>8. Hiperv\u00ednculos<\/b><br \/>\n          <\/h3>\n<p>\n            <span style=\"font-weight: 400;\">Flowbird y sus filiales no aceptan formalmente ninguna responsabilidad sobre el contenido de los sitios a los que ofrecen enlaces. Estos enlaces se ofrecen a los usuarios de este sitio como un servicio. La decisi\u00f3n de activar los enlaces corresponde exclusivamente a los usuarios del sitio. Si deseas crear un hiperv\u00ednculo con este sitio, debes obtener la autorizaci\u00f3n previa y por escrito de Flowbird en: Flowbird, 2TER rue du Ch\u00e2teau 92200 NEUILLY-SUR-SEINE, Francia o utilizando la p\u00e1gina \u00abPonte en contacto\u00bb del sitio web o esta direcci\u00f3n de correo electr\u00f3nico:     <\/span><br \/>\n            <a href=\"mailto:contact@flowbird.group\"><br \/>\n              <span style=\"font-weight: 400;\">contact@flowbird.group<\/span><br \/>\n            <\/a>\n          <\/p>\n<h3>\n            <b>9. Responsabilidad<\/b><br \/>\n          <\/h3>\n<p>\n            <span style=\"font-weight: 400;\">La informaci\u00f3n y las recomendaciones (\u00abInformaci\u00f3n\u00bb) disponibles en este sitio se facilitan de buena fe. Se supone que esta Informaci\u00f3n es correcta en el momento en que la lees. Sin embargo, Flowbird y sus filiales no garantizan la exhaustividad y exactitud de esta Informaci\u00f3n. Aceptas plenamente los riesgos asociados al cr\u00e9dito que des a la informaci\u00f3n. No se ofrece ninguna garant\u00eda, ni expresa ni impl\u00edcita, sobre los productos o servicios a los que se hace referencia en esta Informaci\u00f3n. Flowbird o sus filiales no se comprometen en ning\u00fan caso a actualizar o corregir la Informaci\u00f3n publicada en este sitio. Asimismo, Flowbird o sus filiales se reservan el derecho de modificar o corregir el contenido de sus sitios en cualquier momento y sin previo aviso.      <\/span>\n          <\/p>\n<p>\n            <span style=\"font-weight: 400;\">A pesar de todos sus esfuerzos, Flowbird y sus filiales no pueden garantizar un sitio libre de virus y no aceptan ninguna responsabilidad al respecto. Los usuarios de Internet deben, por su propia protecci\u00f3n, tomar las medidas necesarias y, en particular, utilizar un software antivirus para escanear toda la informaci\u00f3n, software o documentaci\u00f3n antes de descargarla. <\/span>\n          <\/p>\n<h3>\n            <b>10. Actualizaciones de los t\u00e9rminos y condiciones<\/b><br \/>\n          <\/h3>\n<p>\n            <span style=\"font-weight: 400;\">Flowbird puede actualizar estas condiciones de uso del sitio en cualquier momento. Por consiguiente, te invitamos a que consultes regularmente las \u00faltimas condiciones de uso vigentes para el sitio. <\/span>\n          <\/p>\n<h3>\n            <b>Cr\u00e9ditos<\/b><br \/>\n          <\/h3>\n<p>\n            <span style=\"font-weight: 400;\">Compra de arte: Shutterstock, Fotolia, Istockphoto<\/span>\n          <\/p>\n\t\t\t\t\t\t\t\t<\/div>\n\t\t\t\t<\/div>\n\t\t\t\t\t<\/div>\n\t\t\t\t<\/div>\n\t\t\t\t<\/div>\n\t\t","protected":false},"excerpt":{"rendered":"<p>1. Editor y empresa anfitriona Empresa que publica el sitio: Flowbird, sociedad por acciones simplificada, con un capital de 35 456 049 euros, cuya sede social se encuentra en 2TER rue du Ch\u00e2teau 92200 NEUILLY-SUR-SEINE. N\u00famero de identificaci\u00f3n SIREN: 444 719 272 RCS PARIS. Directora de la publicaci\u00f3n: \u00c9lodie PommepuyFlowbird &#8211; Servicio de Comunicaci\u00f3n (Tel: [&hellip;]<\/p>\n","protected":false},"author":2,"featured_media":0,"parent":0,"menu_order":9,"comment_status":"closed","ping_status":"closed","template":"","meta":{"_acf_changed":false,"footnotes":""},"categories":[],"tags":[],"class_list":["post-9695","page","type-page","status-publish","hentry"],"acf":[],"yoast_head":"<!-- This site is optimized with the Yoast SEO Premium plugin v26.3 (Yoast SEO v26.3) - https:\/\/yoast.com\/wordpress\/plugins\/seo\/ -->\n<title>Condiciones de uso y cr\u00e9ditos - Flowbird<\/title>\n<meta name=\"robots\" content=\"index, follow, max-snippet:-1, max-image-preview:large, max-video-preview:-1\" \/>\n<link rel=\"canonical\" href=\"https:\/\/www.flowbird.com\/es\/condiciones-generales\/\" \/>\n<meta property=\"og:locale\" content=\"es_ES\" \/>\n<meta property=\"og:type\" content=\"article\" \/>\n<meta property=\"og:title\" content=\"Condiciones de uso y cr\u00e9ditos\" \/>\n<meta property=\"og:description\" content=\"1. Editor y empresa anfitriona Empresa que publica el sitio: Flowbird, sociedad por acciones simplificada, con un capital de 35 456 049 euros, cuya sede social se encuentra en 2TER rue du Ch\u00e2teau 92200 NEUILLY-SUR-SEINE. N\u00famero de identificaci\u00f3n SIREN: 444 719 272 RCS PARIS. Directora de la publicaci\u00f3n: \u00c9lodie PommepuyFlowbird &#8211; Servicio de Comunicaci\u00f3n (Tel: [&hellip;]\" \/>\n<meta property=\"og:url\" content=\"https:\/\/www.flowbird.com\/es\/condiciones-generales\/\" \/>\n<meta property=\"og:site_name\" content=\"Flowbird\" \/>\n<meta property=\"article:modified_time\" content=\"2024-12-03T10:46:57+00:00\" \/>\n<meta name=\"twitter:card\" content=\"summary_large_image\" \/>\n<meta name=\"twitter:label1\" content=\"Tiempo de lectura\" \/>\n\t<meta name=\"twitter:data1\" content=\"7 minutos\" \/>\n<script type=\"application\/ld+json\" class=\"yoast-schema-graph\">{\"@context\":\"https:\/\/schema.org\",\"@graph\":[{\"@type\":\"WebPage\",\"@id\":\"https:\/\/www.flowbird.com\/es\/condiciones-generales\/\",\"url\":\"https:\/\/www.flowbird.com\/es\/condiciones-generales\/\",\"name\":\"Condiciones de uso y cr\u00e9ditos - Flowbird\",\"isPartOf\":{\"@id\":\"https:\/\/preprod.flowbird.com\/#website\"},\"datePublished\":\"2024-10-01T13:56:44+00:00\",\"dateModified\":\"2024-12-03T10:46:57+00:00\",\"breadcrumb\":{\"@id\":\"https:\/\/www.flowbird.com\/es\/condiciones-generales\/#breadcrumb\"},\"inLanguage\":\"es\",\"potentialAction\":[{\"@type\":\"ReadAction\",\"target\":[\"https:\/\/www.flowbird.com\/es\/condiciones-generales\/\"]}]},{\"@type\":\"BreadcrumbList\",\"@id\":\"https:\/\/www.flowbird.com\/es\/condiciones-generales\/#breadcrumb\",\"itemListElement\":[{\"@type\":\"ListItem\",\"position\":1,\"name\":\"Home\",\"item\":\"https:\/\/www.flowbird.com\/es\/pagina-de-inicio\/\"},{\"@type\":\"ListItem\",\"position\":2,\"name\":\"Condiciones de uso y cr\u00e9ditos\"}]},{\"@type\":\"WebSite\",\"@id\":\"https:\/\/preprod.flowbird.com\/#website\",\"url\":\"https:\/\/preprod.flowbird.com\/\",\"name\":\"Flowbird\",\"description\":\"Effortless Movement From City to City\",\"publisher\":{\"@id\":\"https:\/\/preprod.flowbird.com\/#organization\"},\"potentialAction\":[{\"@type\":\"SearchAction\",\"target\":{\"@type\":\"EntryPoint\",\"urlTemplate\":\"https:\/\/preprod.flowbird.com\/?s={search_term_string}\"},\"query-input\":{\"@type\":\"PropertyValueSpecification\",\"valueRequired\":true,\"valueName\":\"search_term_string\"}}],\"inLanguage\":\"es\"},{\"@type\":\"Organization\",\"@id\":\"https:\/\/www.flowbird.com\/es\/#Organization\/\",\"name\":\"Flowbird\",\"url\":\"https:\/\/preprod.flowbird.com\/\",\"logo\":{\"@type\":\"ImageObject\",\"inLanguage\":\"es\",\"@id\":\"https:\/\/preprod.flowbird.com\/#\/schema\/logo\/image\/\",\"url\":\"https:\/\/www.flowbird.com\/wp-content\/uploads\/2024\/04\/FB-Logo.svg\",\"contentUrl\":\"https:\/\/www.flowbird.com\/wp-content\/uploads\/2024\/04\/FB-Logo.svg\",\"caption\":\"Flowbird\"},\"image\":{\"@id\":\"https:\/\/preprod.flowbird.com\/#\/schema\/logo\/image\/\"}}]}<\/script>\n<!-- \/ Yoast SEO Premium plugin. -->","yoast_head_json":{"title":"Condiciones de uso y cr\u00e9ditos - Flowbird","robots":{"index":"index","follow":"follow","max-snippet":"max-snippet:-1","max-image-preview":"max-image-preview:large","max-video-preview":"max-video-preview:-1"},"canonical":"https:\/\/www.flowbird.com\/es\/condiciones-generales\/","og_locale":"es_ES","og_type":"article","og_title":"Condiciones de uso y cr\u00e9ditos","og_description":"1. Editor y empresa anfitriona Empresa que publica el sitio: Flowbird, sociedad por acciones simplificada, con un capital de 35 456 049 euros, cuya sede social se encuentra en 2TER rue du Ch\u00e2teau 92200 NEUILLY-SUR-SEINE. N\u00famero de identificaci\u00f3n SIREN: 444 719 272 RCS PARIS. Directora de la publicaci\u00f3n: \u00c9lodie PommepuyFlowbird &#8211; Servicio de Comunicaci\u00f3n (Tel: [&hellip;]","og_url":"https:\/\/www.flowbird.com\/es\/condiciones-generales\/","og_site_name":"Flowbird","article_modified_time":"2024-12-03T10:46:57+00:00","twitter_card":"summary_large_image","twitter_misc":{"Tiempo de lectura":"7 minutos"},"schema":{"@context":"https:\/\/schema.org","@graph":[{"@type":"WebPage","@id":"https:\/\/www.flowbird.com\/es\/condiciones-generales\/","url":"https:\/\/www.flowbird.com\/es\/condiciones-generales\/","name":"Condiciones de uso y cr\u00e9ditos - Flowbird","isPartOf":{"@id":"https:\/\/preprod.flowbird.com\/#website"},"datePublished":"2024-10-01T13:56:44+00:00","dateModified":"2024-12-03T10:46:57+00:00","breadcrumb":{"@id":"https:\/\/www.flowbird.com\/es\/condiciones-generales\/#breadcrumb"},"inLanguage":"es","potentialAction":[{"@type":"ReadAction","target":["https:\/\/www.flowbird.com\/es\/condiciones-generales\/"]}]},{"@type":"BreadcrumbList","@id":"https:\/\/www.flowbird.com\/es\/condiciones-generales\/#breadcrumb","itemListElement":[{"@type":"ListItem","position":1,"name":"Home","item":"https:\/\/www.flowbird.com\/es\/pagina-de-inicio\/"},{"@type":"ListItem","position":2,"name":"Condiciones de uso y cr\u00e9ditos"}]},{"@type":"WebSite","@id":"https:\/\/preprod.flowbird.com\/#website","url":"https:\/\/preprod.flowbird.com\/","name":"Flowbird","description":"Effortless Movement From City to City","publisher":{"@id":"https:\/\/preprod.flowbird.com\/#organization"},"potentialAction":[{"@type":"SearchAction","target":{"@type":"EntryPoint","urlTemplate":"https:\/\/preprod.flowbird.com\/?s={search_term_string}"},"query-input":{"@type":"PropertyValueSpecification","valueRequired":true,"valueName":"search_term_string"}}],"inLanguage":"es"},{"@type":"Organization","@id":"https:\/\/www.flowbird.com\/es\/#Organization\/","name":"Flowbird","url":"https:\/\/preprod.flowbird.com\/","logo":{"@type":"ImageObject","inLanguage":"es","@id":"https:\/\/preprod.flowbird.com\/#\/schema\/logo\/image\/","url":"https:\/\/www.flowbird.com\/wp-content\/uploads\/2024\/04\/FB-Logo.svg","contentUrl":"https:\/\/www.flowbird.com\/wp-content\/uploads\/2024\/04\/FB-Logo.svg","caption":"Flowbird"},"image":{"@id":"https:\/\/preprod.flowbird.com\/#\/schema\/logo\/image\/"}}]}},"_links":{"self":[{"href":"https:\/\/www.flowbird.com\/es\/wp-json\/wp\/v2\/pages\/9695","targetHints":{"allow":["GET"]}}],"collection":[{"href":"https:\/\/www.flowbird.com\/es\/wp-json\/wp\/v2\/pages"}],"about":[{"href":"https:\/\/www.flowbird.com\/es\/wp-json\/wp\/v2\/types\/page"}],"author":[{"embeddable":true,"href":"https:\/\/www.flowbird.com\/es\/wp-json\/wp\/v2\/users\/2"}],"replies":[{"embeddable":true,"href":"https:\/\/www.flowbird.com\/es\/wp-json\/wp\/v2\/comments?post=9695"}],"version-history":[{"count":4,"href":"https:\/\/www.flowbird.com\/es\/wp-json\/wp\/v2\/pages\/9695\/revisions"}],"predecessor-version":[{"id":14848,"href":"https:\/\/www.flowbird.com\/es\/wp-json\/wp\/v2\/pages\/9695\/revisions\/14848"}],"wp:attachment":[{"href":"https:\/\/www.flowbird.com\/es\/wp-json\/wp\/v2\/media?parent=9695"}],"wp:term":[{"taxonomy":"category","embeddable":true,"href":"https:\/\/www.flowbird.com\/es\/wp-json\/wp\/v2\/categories?post=9695"},{"taxonomy":"post_tag","embeddable":true,"href":"https:\/\/www.flowbird.com\/es\/wp-json\/wp\/v2\/tags?post=9695"}],"curies":[{"name":"wp","href":"https:\/\/api.w.org\/{rel}","templated":true}]}}