{"id":9687,"date":"2024-11-05T12:13:19","date_gmt":"2024-11-05T12:13:19","guid":{"rendered":"https:\/\/preprod.flowbird.com\/politica-de-cookies\/"},"modified":"2024-12-06T13:38:57","modified_gmt":"2024-12-06T13:38:57","slug":"politica-de-cookies","status":"publish","type":"page","link":"https:\/\/www.flowbird.com\/es\/politica-de-cookies\/","title":{"rendered":"Pol\u00edtica de cookies"},"content":{"rendered":"\t\t<div data-elementor-type=\"wp-page\" data-elementor-id=\"9687\" class=\"elementor elementor-9687 elementor-4153\" data-elementor-post-type=\"page\">\n\t\t\t\t<div class=\"elementor-element elementor-element-ebbdb92 e-con-full e-flex e-con e-parent\" data-id=\"ebbdb92\" data-element_type=\"container\">\n\t\t<div class=\"elementor-element elementor-element-7c9e699 e-flex e-con-boxed e-con e-child\" data-id=\"7c9e699\" data-element_type=\"container\" data-settings=\"{&quot;background_background&quot;:&quot;gradient&quot;}\">\n\t\t\t\t\t<div class=\"e-con-inner\">\n\t\t\t\t<div class=\"elementor-element elementor-element-2cac12d elementor-widget elementor-widget-heading\" data-id=\"2cac12d\" data-element_type=\"widget\" data-widget_type=\"heading.default\">\n\t\t\t\t<div class=\"elementor-widget-container\">\n\t\t\t\t\t<h1 class=\"elementor-heading-title elementor-size-default\">Pol\u00edtica de cookies<\/h1>\t\t\t\t<\/div>\n\t\t\t\t<\/div>\n\t\t\t\t\t<\/div>\n\t\t\t\t<\/div>\n\t\t\t\t<\/div>\n\t\t<div class=\"elementor-element elementor-element-a82f5e5 e-flex e-con-boxed e-con e-parent\" data-id=\"a82f5e5\" data-element_type=\"container\">\n\t\t\t\t\t<div class=\"e-con-inner\">\n\t\t\t\t<div class=\"elementor-element elementor-element-204746c elementor-widget elementor-widget-text-editor\" data-id=\"204746c\" data-element_type=\"widget\" data-widget_type=\"text-editor.default\">\n\t\t\t\t<div class=\"elementor-widget-container\">\n\t\t\t\t\t\t\t\t\t<h3>1- \u00bfQu\u00e9 son las cookies?<\/h3>\n<p>Las cookies son peque\u00f1os archivos de texto colocados en tu ordenador (o dispositivo con conexi\u00f3n a Internet) por los sitios web que visitas. Al consultar el sitio, la informaci\u00f3n relativa a la navegaci\u00f3n de tu terminal (ordenador, tableta, smartphone, etc.) en el sitio puede quedar registrada en archivos de texto denominados \u00abcookies\u00bb, instalados en tu navegador. Las cookies se utilizar\u00e1n para reconocer tu navegador durante el periodo de validez de la cookie en cuesti\u00f3n y enviar cierta informaci\u00f3n al sitio (por ejemplo, un identificador de sesi\u00f3n o la elecci\u00f3n de un idioma).  <\/p>\n<p>S\u00f3lo el emisor de la cookie en cuesti\u00f3n puede leer o modificar la informaci\u00f3n que contiene.<br \/>Existen diferentes tipos de cookies:<\/p>\n<ul>\n<li>cookies de sesi\u00f3n que desaparecen en cuanto abandonas el sitio;<\/li>\n<li>cookies permanentes que permanecen en tu equipo terminal hasta que expira su vida \u00fatil o hasta que las eliminas utilizando las funcionalidades de tu navegador.<\/li>\n<\/ul>\n<p>Te informamos de que, durante tus visitas a este sitio, pueden instalarse cookies en tu equipo terminal.<\/p>\n<h3>2. \u00bfPor qu\u00e9 utilizamos cookies?<\/h3>\n<p>Flowbird utiliza cookies para recopilar informaci\u00f3n sobre c\u00f3mo se utiliza el sitio web y para distinguirte de otros usuarios. Pero tambi\u00e9n para mejorar tu experiencia cuando navegas por nuestro sitio web y para rastrear la publicidad que ves en sitios web de terceros, medir tu respuesta a la publicidad, informar sobre la interacci\u00f3n de los visitantes y la eficacia de la publicidad. <\/p>\n<h3>3. \u00bfQu\u00e9 cookies utilizamos?<\/h3>\n<p>En general, las cookies nos ayudan a proporcionarte un sitio web mejor, permiti\u00e9ndote controlar qu\u00e9 p\u00e1ginas te resultan \u00fatiles y cu\u00e1les no. Las cookies que utilizamos no nos dan de ninguna manera acceso a tu ordenador ni a ninguna informaci\u00f3n sobre ti aparte de los datos que decidas compartir con nosotros.<br \/>Las cookies nos ayudan a mejorar nuestro sitio web y a ofrecer un servicio mejor y m\u00e1s personalizado. Nos permiten:  <\/p>\n<ul>\n<li>evaluar el n\u00famero y los patrones de uso de nuestros usuarios;<\/li>\n<li>almacenar informaci\u00f3n sobre tus preferencias para permitirnos adaptar nuestro sitio web a tus intereses individuales;<\/li>\n<li>acelera tu b\u00fasqueda;<\/li>\n<li>reconocerte cuando vuelvas a nuestro sitio web.<\/li>\n<\/ul>\n<h3>4. Tipos de cookies<\/h3>\n<p>Utilizamos las siguientes cookies:<\/p>\n\t\t\t\t\t\t\t\t<\/div>\n\t\t\t\t<\/div>\n\t\t\t\t<div class=\"elementor-element elementor-element-9489ea0 elementor-widget elementor-widget-heading\" data-id=\"9489ea0\" data-element_type=\"widget\" data-widget_type=\"heading.default\">\n\t\t\t\t<div class=\"elementor-widget-container\">\n\t\t\t\t\t<h3 class=\"elementor-heading-title elementor-size-default\">4.1. Essential cookies <\/h3>\t\t\t\t<\/div>\n\t\t\t\t<\/div>\n\t\t\t\t<div class=\"elementor-element elementor-element-b3af5d4 elementor-widget elementor-widget-text-editor\" data-id=\"b3af5d4\" data-element_type=\"widget\" data-widget_type=\"text-editor.default\">\n\t\t\t\t<div class=\"elementor-widget-container\">\n\t\t\t\t\t\t\t\t\t<p>Estas cookies son esenciales para que el sitio web y sus funciones funcionen correctamente.<\/p>\n\t\t\t\t\t\t\t\t<\/div>\n\t\t\t\t<\/div>\n\t\t\t\t<div class=\"elementor-element elementor-element-f2f0362 elementor-widget elementor-widget-heading\" data-id=\"f2f0362\" data-element_type=\"widget\" data-widget_type=\"heading.default\">\n\t\t\t\t<div class=\"elementor-widget-container\">\n\t\t\t\t\t<h3 class=\"elementor-heading-title elementor-size-default\">4.2. Functional cookies <\/h3>\t\t\t\t<\/div>\n\t\t\t\t<\/div>\n\t\t\t\t<div class=\"elementor-element elementor-element-ca5ce63 elementor-widget elementor-widget-text-editor\" data-id=\"ca5ce63\" data-element_type=\"widget\" data-widget_type=\"text-editor.default\">\n\t\t\t\t<div class=\"elementor-widget-container\">\n\t\t\t\t\t\t\t\t\t<p>Estas cookies tienen por objeto permitirnos mejorar la usabilidad y el rendimiento del sitio web y proporcionar diversas funciones.<\/p>\n\t\t\t\t\t\t\t\t<\/div>\n\t\t\t\t<\/div>\n\t\t\t\t<div class=\"elementor-element elementor-element-ab181f4 elementor-widget elementor-widget-heading\" data-id=\"ab181f4\" data-element_type=\"widget\" data-widget_type=\"heading.default\">\n\t\t\t\t<div class=\"elementor-widget-container\">\n\t\t\t\t\t<h3 class=\"elementor-heading-title elementor-size-default\">4.3. Analytical cookies <\/h3>\t\t\t\t<\/div>\n\t\t\t\t<\/div>\n\t\t\t\t<div class=\"elementor-element elementor-element-0e6cf18 elementor-widget elementor-widget-text-editor\" data-id=\"0e6cf18\" data-element_type=\"widget\" data-widget_type=\"text-editor.default\">\n\t\t\t\t<div class=\"elementor-widget-container\">\n\t\t\t\t\t\t\t\t\t<p>Estas cookies se utilizan para analizar tu visita a nuestro sitio web. Analizamos el n\u00famero de visitantes de nuestro sitio web, la duraci\u00f3n de las visitas, el orden de las p\u00e1ginas visitadas y si es necesario realizar cambios en el sitio web. Con la informaci\u00f3n recopilada, podemos hacer que nuestro sitio web sea a\u00fan m\u00e1s f\u00e1cil de usar. Estas cookies tambi\u00e9n se utilizan para resolver posibles problemas t\u00e9cnicos en el sitio web.   <\/p>\n\t\t\t\t\t\t\t\t<\/div>\n\t\t\t\t<\/div>\n\t\t\t\t<div class=\"elementor-element elementor-element-d0e054f elementor-widget elementor-widget-heading\" data-id=\"d0e054f\" data-element_type=\"widget\" data-widget_type=\"heading.default\">\n\t\t\t\t<div class=\"elementor-widget-container\">\n\t\t\t\t\t<h3 class=\"elementor-heading-title elementor-size-default\">4.4. Marketing and tracking cookies <\/h3>\t\t\t\t<\/div>\n\t\t\t\t<\/div>\n\t\t\t\t<div class=\"elementor-element elementor-element-c795418 elementor-widget elementor-widget-text-editor\" data-id=\"c795418\" data-element_type=\"widget\" data-widget_type=\"text-editor.default\">\n\t\t\t\t<div class=\"elementor-widget-container\">\n\t\t\t\t\t\t\t\t\t<p>S\u00f3lo utilizamos cookies de seguimiento con fines comerciales con tu consentimiento previo. Estas cookies, a menudo instaladas por terceros, nos ayudan a personalizar las ofertas publicitarias que te hacemos. Los terceros pueden utilizar cookies de seguimiento para rastrear tu uso de Internet. Lee las pol\u00edticas de privacidad y de cookies de estos terceros para obtener m\u00e1s informaci\u00f3n.   <\/p>\n\t\t\t\t\t\t\t\t<\/div>\n\t\t\t\t<\/div>\n\t\t\t\t<div class=\"elementor-element elementor-element-6004467 elementor-widget elementor-widget-heading\" data-id=\"6004467\" data-element_type=\"widget\" data-widget_type=\"heading.default\">\n\t\t\t\t<div class=\"elementor-widget-container\">\n\t\t\t\t\t<h3 class=\"elementor-heading-title elementor-size-default\">4.5. Other technologies <\/h3>\t\t\t\t<\/div>\n\t\t\t\t<\/div>\n\t\t\t\t<div class=\"elementor-element elementor-element-805543a elementor-widget elementor-widget-text-editor\" data-id=\"805543a\" data-element_type=\"widget\" data-widget_type=\"text-editor.default\">\n\t\t\t\t<div class=\"elementor-widget-container\">\n\t\t\t\t\t\t\t\t\t<p>Adem\u00e1s de las cookies, Flowbird tambi\u00e9n utiliza Javascripts y balizas web. Con JavaScript en tu navegador, podemos hacer que nuestras p\u00e1ginas sean interactivas y desarrollar aplicaciones web. Una baliza web es una peque\u00f1a imagen gr\u00e1fica en nuestros sitios que nos permite determinar cu\u00e1ntos visitantes visitaron el sitio y a qu\u00e9 horas. Estas tecnolog\u00edas tambi\u00e9n pueden utilizarse con fines de marketing y seguimiento.   <\/p>\n\t\t\t\t\t\t\t\t<\/div>\n\t\t\t\t<\/div>\n\t\t\t\t<div class=\"elementor-element elementor-element-b17c2fd elementor-widget elementor-widget-heading\" data-id=\"b17c2fd\" data-element_type=\"widget\" data-widget_type=\"heading.default\">\n\t\t\t\t<div class=\"elementor-widget-container\">\n\t\t\t\t\t<h3 class=\"elementor-heading-title elementor-size-default\">4.6. Overview of the cookies <\/h3>\t\t\t\t<\/div>\n\t\t\t\t<\/div>\n\t\t\t\t<div class=\"elementor-element elementor-element-2b94cf3 elementor-widget elementor-widget-text-editor\" data-id=\"2b94cf3\" data-element_type=\"widget\" data-widget_type=\"text-editor.default\">\n\t\t\t\t<div class=\"elementor-widget-container\">\n\t\t\t\t\t\t\t\t\t<p>Aqu\u00ed tienes un resumen de las cookies y t\u00e9cnicas similares que utilizamos aqu\u00ed : <a href=\"#cookies\">Preferencias de cookies<\/a><\/p>\n\t\t\t\t\t\t\t\t<\/div>\n\t\t\t\t<\/div>\n\t\t\t\t<div class=\"elementor-element elementor-element-52bb50b elementor-widget elementor-widget-text-editor\" data-id=\"52bb50b\" data-element_type=\"widget\" data-widget_type=\"text-editor.default\">\n\t\t\t\t<div class=\"elementor-widget-container\">\n\t\t\t\t\t\t\t\t\t<table>\n<tbody>\n<tr>\n<td colspan=\"1\" rowspan=\"1\"><strong>Nombre<\/strong><\/td>\n<td colspan=\"1\" rowspan=\"1\"><strong>Fines<\/strong><\/td>\n<td colspan=\"1\" rowspan=\"1\"><strong>Cookies<\/strong><\/td>\n<td colspan=\"1\" rowspan=\"1\"><strong>Conservaci\u00f3n de datos<\/strong><\/td>\n<\/tr>\n<tr>\n<td colspan=\"1\" rowspan=\"1\">WordPress<\/td>\n<td colspan=\"1\" rowspan=\"1\">Guardar el idioma de consulta del sitio<\/td>\n<td colspan=\"1\" rowspan=\"1\">Wp_lang<\/td>\n<td colspan=\"1\" rowspan=\"1\">Fin de la sesi\u00f3n<\/td>\n<\/tr>\n<tr>\n<td colspan=\"1\" rowspan=\"1\">Tarteaucitron<\/td>\n<td colspan=\"1\" rowspan=\"1\">Guardar las preferencias del usuario sobre el uso de cookies<\/td>\n<td colspan=\"1\" rowspan=\"1\">Taretaucitron<\/td>\n<td colspan=\"1\" rowspan=\"1\">12 meses<\/td>\n<\/tr>\n<tr>\n<td colspan=\"1\" rowspan=\"1\">Youtube<\/td>\n<td colspan=\"1\" rowspan=\"1\">Utilizado por YouTube para recordar las entradas del usuario y asociar sus acciones<\/td>\n<td colspan=\"1\" rowspan=\"1\">YSC<\/td>\n<td colspan=\"1\" rowspan=\"1\">Fin de sesi\u00f3n<\/td>\n<\/tr>\n<tr>\n<td colspan=\"1\" rowspan=\"1\">Youtube<\/td>\n<td colspan=\"1\" rowspan=\"1\">Proporcionar publicidad o retargeting, almacenar y rastrear la identidad de un visitante, almacenar y rastrear interacciones<\/td>\n<td colspan=\"1\" rowspan=\"1\">VISITOR_INFO1_LIVE<\/td>\n<td colspan=\"1\" rowspan=\"1\">6 meses<\/td>\n<\/tr>\n<tr>\n<td colspan=\"1\" rowspan=\"1\">Google reCAPTCHA<\/td>\n<td colspan=\"1\" rowspan=\"1\">Garantizar la protecci\u00f3n antispam<\/td>\n<td colspan=\"1\" rowspan=\"1\">RECAPTCHA<\/td>\n<td colspan=\"1\" rowspan=\"1\">6 meses<\/td>\n<\/tr>\n<tr>\n<td colspan=\"1\" rowspan=\"1\">Anuncios Google<\/td>\n<td colspan=\"1\" rowspan=\"1\">Garantizar la publicaci\u00f3n de anuncios o el retargeting, almacenar las preferencias del usuario<\/td>\n<td colspan=\"1\" rowspan=\"1\">NID<\/td>\n<td colspan=\"1\" rowspan=\"1\">6 meses<\/td>\n<\/tr>\n<tr>\n<td colspan=\"1\" rowspan=\"1\">Matomo<\/td>\n<td colspan=\"1\" rowspan=\"1\">Registra un ID para cada usuario<\/td>\n<td colspan=\"1\" rowspan=\"1\">_pk_id*<\/td>\n<td colspan=\"1\" rowspan=\"1\">13 meses<\/td>\n<\/tr>\n<tr>\n<td colspan=\"1\" rowspan=\"1\">Matomo<\/td>\n<td colspan=\"1\" rowspan=\"1\">Registra un identificador para cada sesi\u00f3n de usuario<\/td>\n<td colspan=\"1\" rowspan=\"1\">_pk_ses*<\/td>\n<td colspan=\"1\" rowspan=\"1\">Fin de sesi\u00f3n<\/td>\n<\/tr>\n<\/tbody>\n<\/table>\n<div class=\"elementor-element elementor-element-e500934 elementor-widget elementor-widget-text-editor\" data-id=\"e500934\" data-element_type=\"widget\" data-widget_type=\"text-editor.default\">\n<div class=\"elementor-widget-container\">\n<p>Tambi\u00e9n podemos utilizar cookies an\u00f3nimas para rastrear informaci\u00f3n sobre Tu historial de navegaci\u00f3n en nuestro sitio web y redes publicitarias de terceros, como Google AdSense y Suscripci\u00f3n, utilizan esta informaci\u00f3n para poder ofrecerte anuncios en nuestro nombre en otros sitios web de Internet.<\/p>\n<p>Actualizaremos esta informaci\u00f3n a medida que introduzcamos nuevas funciones en el sitio.<\/p>\n<h3>5. \u00bfC\u00f3mo gestionar las cookies?<\/h3>\n<p>Puedes gestionar y modificar el uso de cookies en cualquier momento:<\/p>\n<p>1. Desde tu navegador, o<br \/>2. Desde nuestro sitio haciendo clic aqu\u00ed <a href=\"#cookies\">Preferencias de Cookies<\/a><\/p>\n<p>1. Gestionar las cookies desde tu navegador: Puedes negarte a aceptar cookies activando la configuraci\u00f3n de tu navegador que te permite rechazar la instalaci\u00f3n de cookies. Sin embargo, ten en cuenta que si eliminas o bloqueas las cookies, es posible que el sitio web no funcione correctamente y que no puedas acceder a determinadas partes. Si quieres saber m\u00e1s sobre las cookies, cu\u00e1les se han instalado y c\u00f3mo gestionarlas y eliminarlas, visita <a href=\"\">www.allaboutcookies.org.<\/a>  <\/p>\n<p>2. Gestionar tus cookies desde el m\u00f3dulo de gesti\u00f3n: Un m\u00f3dulo te permite elegir las cookies que deseas aceptar y las que deseas rechazar en nuestro sitio.<\/p>\n<p>En cualquier momento, haciendo clic aqu\u00ed <a href=\"#cookies\">Preferencias de Cookies<\/a> puedes acceder al m\u00f3dulo y modificar tus elecciones.<\/p>\n<p>Ten en cuenta que el uso de cookies estrictamente necesarias para el correcto funcionamiento del Sitio\/Aplicaci\u00f3n no requiere tu consentimiento. Por ello, ya est\u00e1n premarcadas en nuestra herramienta de gesti\u00f3n de cookies y no son opcionales. <\/p>\n<h3>6. Actualizaci\u00f3n de la pol\u00edtica<\/h3>\n<p>Podemos actualizar esta pol\u00edtica de vez en cuando. Los cambios en la legislaci\u00f3n, la jurisprudencia, la tecnolog\u00eda y las directrices gubernamentales pueden obligarnos a modificarla. Consulta esta p\u00e1gina de vez en cuando para asegurarte de que conoces cualquier cambio.  <\/p>\n<p>Si est\u00e1s interesado en saber m\u00e1s sobre c\u00f3mo procesamos en general tus datos personales, <a href=\"https:\/\/www.flowbird.com\/es\/politica-de-privacidad\/\">haz clic aqu\u00ed.<\/a><\/p>\n<\/p><\/div>\n<\/p><\/div>\n\t\t\t\t\t\t\t\t<\/div>\n\t\t\t\t<\/div>\n\t\t\t\t\t<\/div>\n\t\t\t\t<\/div>\n\t\t\t\t<\/div>\n\t\t","protected":false},"excerpt":{"rendered":"<p>1- \u00bfQu\u00e9 son las cookies? Las cookies son peque\u00f1os archivos de texto colocados en tu ordenador (o dispositivo con conexi\u00f3n a Internet) por los sitios web que visitas. Al consultar el sitio, la informaci\u00f3n relativa a la navegaci\u00f3n de tu terminal (ordenador, tableta, smartphone, etc.) en el sitio puede quedar registrada en archivos de texto [&hellip;]<\/p>\n","protected":false},"author":2,"featured_media":0,"parent":0,"menu_order":7,"comment_status":"closed","ping_status":"closed","template":"","meta":{"_acf_changed":false,"footnotes":""},"categories":[],"tags":[],"class_list":["post-9687","page","type-page","status-publish","hentry"],"acf":[],"yoast_head":"<!-- This site is optimized with the Yoast SEO Premium plugin v26.3 (Yoast SEO v26.3) - https:\/\/yoast.com\/wordpress\/plugins\/seo\/ -->\n<title>Pol\u00edtica de cookies - Flowbird<\/title>\n<meta name=\"robots\" content=\"index, follow, max-snippet:-1, max-image-preview:large, max-video-preview:-1\" \/>\n<link rel=\"canonical\" href=\"https:\/\/www.flowbird.com\/es\/politica-de-cookies\/\" \/>\n<meta property=\"og:locale\" content=\"es_ES\" \/>\n<meta property=\"og:type\" content=\"article\" \/>\n<meta property=\"og:title\" content=\"Pol\u00edtica de cookies\" \/>\n<meta property=\"og:description\" content=\"1- \u00bfQu\u00e9 son las cookies? Las cookies son peque\u00f1os archivos de texto colocados en tu ordenador (o dispositivo con conexi\u00f3n a Internet) por los sitios web que visitas. Al consultar el sitio, la informaci\u00f3n relativa a la navegaci\u00f3n de tu terminal (ordenador, tableta, smartphone, etc.) en el sitio puede quedar registrada en archivos de texto [&hellip;]\" \/>\n<meta property=\"og:url\" content=\"https:\/\/www.flowbird.com\/es\/politica-de-cookies\/\" \/>\n<meta property=\"og:site_name\" content=\"Flowbird\" \/>\n<meta property=\"article:modified_time\" content=\"2024-12-06T13:38:57+00:00\" \/>\n<meta name=\"twitter:card\" content=\"summary_large_image\" \/>\n<meta name=\"twitter:label1\" content=\"Tiempo de lectura\" \/>\n\t<meta name=\"twitter:data1\" content=\"6 minutos\" \/>\n<script type=\"application\/ld+json\" class=\"yoast-schema-graph\">{\"@context\":\"https:\/\/schema.org\",\"@graph\":[{\"@type\":\"WebPage\",\"@id\":\"https:\/\/www.flowbird.com\/es\/politica-de-cookies\/\",\"url\":\"https:\/\/www.flowbird.com\/es\/politica-de-cookies\/\",\"name\":\"Pol\u00edtica de cookies - Flowbird\",\"isPartOf\":{\"@id\":\"https:\/\/preprod.flowbird.com\/#website\"},\"datePublished\":\"2024-11-05T12:13:19+00:00\",\"dateModified\":\"2024-12-06T13:38:57+00:00\",\"breadcrumb\":{\"@id\":\"https:\/\/www.flowbird.com\/es\/politica-de-cookies\/#breadcrumb\"},\"inLanguage\":\"es\",\"potentialAction\":[{\"@type\":\"ReadAction\",\"target\":[\"https:\/\/www.flowbird.com\/es\/politica-de-cookies\/\"]}]},{\"@type\":\"BreadcrumbList\",\"@id\":\"https:\/\/www.flowbird.com\/es\/politica-de-cookies\/#breadcrumb\",\"itemListElement\":[{\"@type\":\"ListItem\",\"position\":1,\"name\":\"Home\",\"item\":\"https:\/\/www.flowbird.com\/es\/pagina-de-inicio\/\"},{\"@type\":\"ListItem\",\"position\":2,\"name\":\"Pol\u00edtica de cookies\"}]},{\"@type\":\"WebSite\",\"@id\":\"https:\/\/preprod.flowbird.com\/#website\",\"url\":\"https:\/\/preprod.flowbird.com\/\",\"name\":\"Flowbird\",\"description\":\"Effortless Movement From City to City\",\"publisher\":{\"@id\":\"https:\/\/preprod.flowbird.com\/#organization\"},\"potentialAction\":[{\"@type\":\"SearchAction\",\"target\":{\"@type\":\"EntryPoint\",\"urlTemplate\":\"https:\/\/preprod.flowbird.com\/?s={search_term_string}\"},\"query-input\":{\"@type\":\"PropertyValueSpecification\",\"valueRequired\":true,\"valueName\":\"search_term_string\"}}],\"inLanguage\":\"es\"},{\"@type\":\"Organization\",\"@id\":\"https:\/\/www.flowbird.com\/es\/#Organization\/\",\"name\":\"Flowbird\",\"url\":\"https:\/\/preprod.flowbird.com\/\",\"logo\":{\"@type\":\"ImageObject\",\"inLanguage\":\"es\",\"@id\":\"https:\/\/preprod.flowbird.com\/#\/schema\/logo\/image\/\",\"url\":\"https:\/\/www.flowbird.com\/wp-content\/uploads\/2024\/04\/FB-Logo.svg\",\"contentUrl\":\"https:\/\/www.flowbird.com\/wp-content\/uploads\/2024\/04\/FB-Logo.svg\",\"caption\":\"Flowbird\"},\"image\":{\"@id\":\"https:\/\/preprod.flowbird.com\/#\/schema\/logo\/image\/\"}}]}<\/script>\n<!-- \/ Yoast SEO Premium plugin. -->","yoast_head_json":{"title":"Pol\u00edtica de cookies - Flowbird","robots":{"index":"index","follow":"follow","max-snippet":"max-snippet:-1","max-image-preview":"max-image-preview:large","max-video-preview":"max-video-preview:-1"},"canonical":"https:\/\/www.flowbird.com\/es\/politica-de-cookies\/","og_locale":"es_ES","og_type":"article","og_title":"Pol\u00edtica de cookies","og_description":"1- \u00bfQu\u00e9 son las cookies? Las cookies son peque\u00f1os archivos de texto colocados en tu ordenador (o dispositivo con conexi\u00f3n a Internet) por los sitios web que visitas. Al consultar el sitio, la informaci\u00f3n relativa a la navegaci\u00f3n de tu terminal (ordenador, tableta, smartphone, etc.) en el sitio puede quedar registrada en archivos de texto [&hellip;]","og_url":"https:\/\/www.flowbird.com\/es\/politica-de-cookies\/","og_site_name":"Flowbird","article_modified_time":"2024-12-06T13:38:57+00:00","twitter_card":"summary_large_image","twitter_misc":{"Tiempo de lectura":"6 minutos"},"schema":{"@context":"https:\/\/schema.org","@graph":[{"@type":"WebPage","@id":"https:\/\/www.flowbird.com\/es\/politica-de-cookies\/","url":"https:\/\/www.flowbird.com\/es\/politica-de-cookies\/","name":"Pol\u00edtica de cookies - Flowbird","isPartOf":{"@id":"https:\/\/preprod.flowbird.com\/#website"},"datePublished":"2024-11-05T12:13:19+00:00","dateModified":"2024-12-06T13:38:57+00:00","breadcrumb":{"@id":"https:\/\/www.flowbird.com\/es\/politica-de-cookies\/#breadcrumb"},"inLanguage":"es","potentialAction":[{"@type":"ReadAction","target":["https:\/\/www.flowbird.com\/es\/politica-de-cookies\/"]}]},{"@type":"BreadcrumbList","@id":"https:\/\/www.flowbird.com\/es\/politica-de-cookies\/#breadcrumb","itemListElement":[{"@type":"ListItem","position":1,"name":"Home","item":"https:\/\/www.flowbird.com\/es\/pagina-de-inicio\/"},{"@type":"ListItem","position":2,"name":"Pol\u00edtica de cookies"}]},{"@type":"WebSite","@id":"https:\/\/preprod.flowbird.com\/#website","url":"https:\/\/preprod.flowbird.com\/","name":"Flowbird","description":"Effortless Movement From City to City","publisher":{"@id":"https:\/\/preprod.flowbird.com\/#organization"},"potentialAction":[{"@type":"SearchAction","target":{"@type":"EntryPoint","urlTemplate":"https:\/\/preprod.flowbird.com\/?s={search_term_string}"},"query-input":{"@type":"PropertyValueSpecification","valueRequired":true,"valueName":"search_term_string"}}],"inLanguage":"es"},{"@type":"Organization","@id":"https:\/\/www.flowbird.com\/es\/#Organization\/","name":"Flowbird","url":"https:\/\/preprod.flowbird.com\/","logo":{"@type":"ImageObject","inLanguage":"es","@id":"https:\/\/preprod.flowbird.com\/#\/schema\/logo\/image\/","url":"https:\/\/www.flowbird.com\/wp-content\/uploads\/2024\/04\/FB-Logo.svg","contentUrl":"https:\/\/www.flowbird.com\/wp-content\/uploads\/2024\/04\/FB-Logo.svg","caption":"Flowbird"},"image":{"@id":"https:\/\/preprod.flowbird.com\/#\/schema\/logo\/image\/"}}]}},"_links":{"self":[{"href":"https:\/\/www.flowbird.com\/es\/wp-json\/wp\/v2\/pages\/9687","targetHints":{"allow":["GET"]}}],"collection":[{"href":"https:\/\/www.flowbird.com\/es\/wp-json\/wp\/v2\/pages"}],"about":[{"href":"https:\/\/www.flowbird.com\/es\/wp-json\/wp\/v2\/types\/page"}],"author":[{"embeddable":true,"href":"https:\/\/www.flowbird.com\/es\/wp-json\/wp\/v2\/users\/2"}],"replies":[{"embeddable":true,"href":"https:\/\/www.flowbird.com\/es\/wp-json\/wp\/v2\/comments?post=9687"}],"version-history":[{"count":6,"href":"https:\/\/www.flowbird.com\/es\/wp-json\/wp\/v2\/pages\/9687\/revisions"}],"predecessor-version":[{"id":15058,"href":"https:\/\/www.flowbird.com\/es\/wp-json\/wp\/v2\/pages\/9687\/revisions\/15058"}],"wp:attachment":[{"href":"https:\/\/www.flowbird.com\/es\/wp-json\/wp\/v2\/media?parent=9687"}],"wp:term":[{"taxonomy":"category","embeddable":true,"href":"https:\/\/www.flowbird.com\/es\/wp-json\/wp\/v2\/categories?post=9687"},{"taxonomy":"post_tag","embeddable":true,"href":"https:\/\/www.flowbird.com\/es\/wp-json\/wp\/v2\/tags?post=9687"}],"curies":[{"name":"wp","href":"https:\/\/api.w.org\/{rel}","templated":true}]}}