{"id":9718,"date":"2024-10-01T13:56:44","date_gmt":"2024-10-01T13:56:44","guid":{"rendered":"https:\/\/preprod.flowbird.com\/datenschutzbestimmungen\/"},"modified":"2024-12-06T10:56:53","modified_gmt":"2024-12-06T10:56:53","slug":"datenschutzbestimmungen","status":"publish","type":"page","link":"https:\/\/www.flowbird.com\/de\/datenschutzbestimmungen\/","title":{"rendered":"Datenschutzrichtlinie"},"content":{"rendered":"\t\t<div data-elementor-type=\"wp-page\" data-elementor-id=\"9718\" class=\"elementor elementor-9718 elementor-1091\" data-elementor-post-type=\"page\">\n\t\t\t\t<div class=\"elementor-element elementor-element-e11609e e-con-full e-flex e-con e-parent\" data-id=\"e11609e\" data-element_type=\"container\">\n\t\t<div class=\"elementor-element elementor-element-54dd904 e-flex e-con-boxed e-con e-child\" data-id=\"54dd904\" data-element_type=\"container\" data-settings=\"{&quot;background_background&quot;:&quot;gradient&quot;}\">\n\t\t\t\t\t<div class=\"e-con-inner\">\n\t\t\t\t<div class=\"elementor-element elementor-element-fc60449 elementor-widget elementor-widget-heading\" data-id=\"fc60449\" data-element_type=\"widget\" data-widget_type=\"heading.default\">\n\t\t\t\t<div class=\"elementor-widget-container\">\n\t\t\t\t\t<h1 class=\"elementor-heading-title elementor-size-default\">Datenschutzrichtlinie<\/h1>\t\t\t\t<\/div>\n\t\t\t\t<\/div>\n\t\t\t\t\t<\/div>\n\t\t\t\t<\/div>\n\t\t\t\t<\/div>\n\t\t<div class=\"elementor-element elementor-element-a883960 e-flex e-con-boxed e-con e-parent\" data-id=\"a883960\" data-element_type=\"container\">\n\t\t\t\t\t<div class=\"e-con-inner\">\n\t\t\t\t<div class=\"elementor-element elementor-element-26c49ef elementor-widget elementor-widget-text-editor\" data-id=\"26c49ef\" data-element_type=\"widget\" data-widget_type=\"text-editor.default\">\n\t\t\t\t<div class=\"elementor-widget-container\">\n\t\t\t\t\t\t\t\t\t<h3>1. Erhebung von personenbezogenen Daten<\/h3>\n<p>Die Informationen, die Sie uns \u00fcber Kontaktformulare, Stellenangebote und Cookies (f\u00fcr weitere Informationen lesen Sie bitte den Abschnitt &#8222;Cookie-Richtlinie&#8220;) mitteilen, werden von FLOWBIRD SAS verarbeitet, um Ihre Anfragen zu beantworten.<\/p>\n<p>Der f\u00fcr die Datenverarbeitung Verantwortliche der FLOWBIRD SAS, verarbeitet die auf diese Weise erhobenen personenbezogenen Daten f\u00fcr die unten genannten Zwecke, Zeitr\u00e4ume und auf der Grundlage der unten genannten Rechtsgrundlage:<\/p>\n<table>\n<tbody>\n<tr>\n<td colspan=\"1\" rowspan=\"1\"><strong>Informationen<\/strong><\/td>\n<td colspan=\"1\" rowspan=\"1\"><strong>Ziele<\/strong><\/td>\n<td colspan=\"1\" rowspan=\"1\"><strong>Laufzeiten<\/strong><\/td>\n<td colspan=\"1\" rowspan=\"1\"><strong>Rechtsgrundlage<\/strong><\/td>\n<\/tr>\n<tr>\n<td colspan=\"1\" rowspan=\"1\">Kontaktanfragen (werden von der Marketingabteilung bearbeitet)<\/td>\n<td colspan=\"1\" rowspan=\"1\">Beantwortung Ihrer Anfragen nach Informationen \u00fcber unsere Produkte<\/td>\n<td colspan=\"1\" rowspan=\"1\">3 Jahre ab dem letzten Kontakt<\/td>\n<td colspan=\"1\" rowspan=\"1\">Ihr Einverst\u00e4ndnis<\/td>\n<\/tr>\n<tr>\n<td colspan=\"1\" rowspan=\"1\">Jobangebote (werden von der Personalabteilung bearbeitet)<\/td>\n<td colspan=\"1\" rowspan=\"1\">\u00dcberpr\u00fcfung Ihrer Bewerbung<\/td>\n<td colspan=\"1\" rowspan=\"1\">2 Jahre nach Eingang Ihrer Bewerbung, dann mit Ihrer Zustimmung f\u00fcr einen weiteren Zeitraum von 2 Jahren<\/td>\n<td colspan=\"1\" rowspan=\"1\">Ihr Einverst\u00e4ndnis<\/td>\n<\/tr>\n<tr>\n<td colspan=\"1\" rowspan=\"1\">Propriet\u00e4re Cookies<\/td>\n<td colspan=\"1\" rowspan=\"1\">&#8211; Erm\u00f6glichen eine optimale Nutzung der Website<br \/>&#8211; Erstellen Statistiken \u00fcber den Website-Verkehr und tragen zur Verbesserung der Website bei<br \/>&#8211; Verfolgen Benutzer und erm\u00f6glichen Ihnen den Zugang zu Videos<\/td>\n<td colspan=\"1\" rowspan=\"1\">12 Monate<br \/>13 Monate<br \/>6 Monate<\/td>\n<td colspan=\"1\" rowspan=\"1\">Ihr Einverst\u00e4ndnis<\/td>\n<\/tr>\n<\/tbody>\n<\/table>\n<h3>2. Ihre Rechte<\/h3>\n<p>Gem\u00e4\u00df den geltenden Vorschriften zum Schutz personenbezogener Daten und insbesondere der Verordnung (EU) 2016\/679 des Europ\u00e4ischen Parlaments und des Rates vom 27. April 2016 zum Schutz nat\u00fcrlicher Personen bei der Verarbeitung personenbezogener Daten haben Sie die folgenden Rechte:<\/p>\n<ul>\n<li>Recht auf Zugang,<\/li>\n<li>Recht auf Berichtigung,<\/li>\n<li>Recht auf L\u00f6schung (Recht auf Vergessenwerden),<\/li>\n<li>das Recht, Ihre Zustimmung zu widerrufen,<\/li>\n<li>Einspruchsrecht aus Gr\u00fcnden, die mit Ihrer besonderen Situation zusammenh\u00e4ngen,<\/li>\n<li>Recht auf Einschr\u00e4nkung der Verarbeitung,<\/li>\n<li>Richtlinien f\u00fcr die Aufbewahrung, L\u00f6schung und Weitergabe von personenbezogenen Daten nach dem Tod festzulegen.<\/li>\n<\/ul>\n<h3>3. Ihre Rechte wahrnehmen<\/h3>\n<p>Um Ihre Rechte wahrzunehmen:<\/p>\n<ul>\n<li>Verwenden Sie unser Online-Formular oder senden Sie uns eine E-Mail oder Post an die unten angegebenen Adressen. Geben Sie dabei an, welches Recht Sie aus\u00fcben m\u00f6chten, welche personenbezogenen Daten von Ihrer Anfrage betroffen sind und geben Sie Ihren Namen, Vornamen und Ihre E-Mail-Adresse an.<\/li>\n<li>F\u00fcllen Sie dieses Online-Formular aus: <a href=\"https:\/\/privacyportal-de.onetrust.com\/webform\/b4ca0275-61b2-4b93-825d-386e88050a95\/ecaf1512-541a-4918-9ec8-34d2faa9dc88\" target=\"_blank\" rel=\"noopener\">Nehmen Sie Ihre Rechte wahr<\/a><\/li>\n<li>E-Mail: dpo@flowbird.group<\/li>\n<li>Postanschrift: Flowbird &#8211; Droit sur les Donn\u00e9es personnelles, 2 ter rue de du ch\u00e2teau, 92200 Neuilly-sur-Seine, Frankreich<\/li>\n<\/ul>\n<p>Gegebenenfalls werden Sie nach einer Kopie eines Ausweises gefragt.<\/p>\n<\/p>\n<h3>4. Einreichen einer Beschwerde<\/h3>\n<p>Wenn Sie, nachdem Sie uns diesbez\u00fcglich kontaktiert haben, der Meinung sind, dass Ihre Rechte in Bezug auf Ihre pers\u00f6nlichen Daten nicht respektiert werden, k\u00f6nnen Sie eine Beschwerde an die Nationale Kommission f\u00fcr Informatik und Freiheiten (CNIL &#8211; 3 place de Fontenoy &#8211; TSA 80715 &#8211; 75334 Paris cedex 07 &#8211; Telefon : +33 1 53 73 22 22) senden.<\/p>\n\t\t\t\t\t\t\t\t<\/div>\n\t\t\t\t<\/div>\n\t\t\t\t\t<\/div>\n\t\t\t\t<\/div>\n\t\t\t\t<\/div>\n\t\t","protected":false},"excerpt":{"rendered":"<p>1. Erhebung von personenbezogenen Daten Die Informationen, die Sie uns \u00fcber Kontaktformulare, Stellenangebote und Cookies (f\u00fcr weitere Informationen lesen Sie bitte den Abschnitt &#8222;Cookie-Richtlinie&#8220;) mitteilen, werden von FLOWBIRD SAS verarbeitet, um Ihre Anfragen zu beantworten. Der f\u00fcr die Datenverarbeitung Verantwortliche der FLOWBIRD SAS, verarbeitet die auf diese Weise erhobenen personenbezogenen Daten f\u00fcr die unten genannten [&hellip;]<\/p>\n","protected":false},"author":2,"featured_media":0,"parent":0,"menu_order":6,"comment_status":"closed","ping_status":"closed","template":"","meta":{"_acf_changed":false,"footnotes":""},"categories":[],"tags":[],"class_list":["post-9718","page","type-page","status-publish","hentry"],"acf":[],"yoast_head":"<!-- This site is optimized with the Yoast SEO Premium plugin v26.3 (Yoast SEO v26.3) - https:\/\/yoast.com\/wordpress\/plugins\/seo\/ -->\n<title>Datenschutzrichtlinie - Flowbird<\/title>\n<meta name=\"robots\" content=\"index, follow, max-snippet:-1, max-image-preview:large, max-video-preview:-1\" \/>\n<link rel=\"canonical\" href=\"https:\/\/www.flowbird.com\/de\/datenschutzbestimmungen\/\" \/>\n<meta property=\"og:locale\" content=\"de_DE\" \/>\n<meta property=\"og:type\" content=\"article\" \/>\n<meta property=\"og:title\" content=\"Datenschutzrichtlinie\" \/>\n<meta property=\"og:description\" content=\"1. Erhebung von personenbezogenen Daten Die Informationen, die Sie uns \u00fcber Kontaktformulare, Stellenangebote und Cookies (f\u00fcr weitere Informationen lesen Sie bitte den Abschnitt &#8222;Cookie-Richtlinie&#8220;) mitteilen, werden von FLOWBIRD SAS verarbeitet, um Ihre Anfragen zu beantworten. Der f\u00fcr die Datenverarbeitung Verantwortliche der FLOWBIRD SAS, verarbeitet die auf diese Weise erhobenen personenbezogenen Daten f\u00fcr die unten genannten [&hellip;]\" \/>\n<meta property=\"og:url\" content=\"https:\/\/www.flowbird.com\/de\/datenschutzbestimmungen\/\" \/>\n<meta property=\"og:site_name\" content=\"Flowbird\" \/>\n<meta property=\"article:modified_time\" content=\"2024-12-06T10:56:53+00:00\" \/>\n<meta name=\"twitter:card\" content=\"summary_large_image\" \/>\n<meta name=\"twitter:label1\" content=\"Gesch\u00e4tzte Lesezeit\" \/>\n\t<meta name=\"twitter:data1\" content=\"2\u00a0Minuten\" \/>\n<script type=\"application\/ld+json\" class=\"yoast-schema-graph\">{\"@context\":\"https:\/\/schema.org\",\"@graph\":[{\"@type\":\"WebPage\",\"@id\":\"https:\/\/www.flowbird.com\/de\/datenschutzbestimmungen\/\",\"url\":\"https:\/\/www.flowbird.com\/de\/datenschutzbestimmungen\/\",\"name\":\"Datenschutzrichtlinie - Flowbird\",\"isPartOf\":{\"@id\":\"https:\/\/preprod.flowbird.com\/#website\"},\"datePublished\":\"2024-10-01T13:56:44+00:00\",\"dateModified\":\"2024-12-06T10:56:53+00:00\",\"breadcrumb\":{\"@id\":\"https:\/\/www.flowbird.com\/de\/datenschutzbestimmungen\/#breadcrumb\"},\"inLanguage\":\"de\",\"potentialAction\":[{\"@type\":\"ReadAction\",\"target\":[\"https:\/\/www.flowbird.com\/de\/datenschutzbestimmungen\/\"]}]},{\"@type\":\"BreadcrumbList\",\"@id\":\"https:\/\/www.flowbird.com\/de\/datenschutzbestimmungen\/#breadcrumb\",\"itemListElement\":[{\"@type\":\"ListItem\",\"position\":1,\"name\":\"Home\",\"item\":\"https:\/\/www.flowbird.com\/de\/homepage\/\"},{\"@type\":\"ListItem\",\"position\":2,\"name\":\"Datenschutzrichtlinie\"}]},{\"@type\":\"WebSite\",\"@id\":\"https:\/\/preprod.flowbird.com\/#website\",\"url\":\"https:\/\/preprod.flowbird.com\/\",\"name\":\"Flowbird\",\"description\":\"Effortless Movement From City to City\",\"publisher\":{\"@id\":\"https:\/\/preprod.flowbird.com\/#organization\"},\"potentialAction\":[{\"@type\":\"SearchAction\",\"target\":{\"@type\":\"EntryPoint\",\"urlTemplate\":\"https:\/\/preprod.flowbird.com\/?s={search_term_string}\"},\"query-input\":{\"@type\":\"PropertyValueSpecification\",\"valueRequired\":true,\"valueName\":\"search_term_string\"}}],\"inLanguage\":\"de\"},{\"@type\":\"Organization\",\"@id\":\"https:\/\/www.flowbird.com\/de\/#Organization\/\",\"name\":\"Flowbird\",\"url\":\"https:\/\/preprod.flowbird.com\/\",\"logo\":{\"@type\":\"ImageObject\",\"inLanguage\":\"de\",\"@id\":\"https:\/\/preprod.flowbird.com\/#\/schema\/logo\/image\/\",\"url\":\"https:\/\/www.flowbird.com\/wp-content\/uploads\/2024\/04\/FB-Logo.svg\",\"contentUrl\":\"https:\/\/www.flowbird.com\/wp-content\/uploads\/2024\/04\/FB-Logo.svg\",\"caption\":\"Flowbird\"},\"image\":{\"@id\":\"https:\/\/preprod.flowbird.com\/#\/schema\/logo\/image\/\"}}]}<\/script>\n<!-- \/ Yoast SEO Premium plugin. -->","yoast_head_json":{"title":"Datenschutzrichtlinie - Flowbird","robots":{"index":"index","follow":"follow","max-snippet":"max-snippet:-1","max-image-preview":"max-image-preview:large","max-video-preview":"max-video-preview:-1"},"canonical":"https:\/\/www.flowbird.com\/de\/datenschutzbestimmungen\/","og_locale":"de_DE","og_type":"article","og_title":"Datenschutzrichtlinie","og_description":"1. Erhebung von personenbezogenen Daten Die Informationen, die Sie uns \u00fcber Kontaktformulare, Stellenangebote und Cookies (f\u00fcr weitere Informationen lesen Sie bitte den Abschnitt &#8222;Cookie-Richtlinie&#8220;) mitteilen, werden von FLOWBIRD SAS verarbeitet, um Ihre Anfragen zu beantworten. Der f\u00fcr die Datenverarbeitung Verantwortliche der FLOWBIRD SAS, verarbeitet die auf diese Weise erhobenen personenbezogenen Daten f\u00fcr die unten genannten [&hellip;]","og_url":"https:\/\/www.flowbird.com\/de\/datenschutzbestimmungen\/","og_site_name":"Flowbird","article_modified_time":"2024-12-06T10:56:53+00:00","twitter_card":"summary_large_image","twitter_misc":{"Gesch\u00e4tzte Lesezeit":"2\u00a0Minuten"},"schema":{"@context":"https:\/\/schema.org","@graph":[{"@type":"WebPage","@id":"https:\/\/www.flowbird.com\/de\/datenschutzbestimmungen\/","url":"https:\/\/www.flowbird.com\/de\/datenschutzbestimmungen\/","name":"Datenschutzrichtlinie - Flowbird","isPartOf":{"@id":"https:\/\/preprod.flowbird.com\/#website"},"datePublished":"2024-10-01T13:56:44+00:00","dateModified":"2024-12-06T10:56:53+00:00","breadcrumb":{"@id":"https:\/\/www.flowbird.com\/de\/datenschutzbestimmungen\/#breadcrumb"},"inLanguage":"de","potentialAction":[{"@type":"ReadAction","target":["https:\/\/www.flowbird.com\/de\/datenschutzbestimmungen\/"]}]},{"@type":"BreadcrumbList","@id":"https:\/\/www.flowbird.com\/de\/datenschutzbestimmungen\/#breadcrumb","itemListElement":[{"@type":"ListItem","position":1,"name":"Home","item":"https:\/\/www.flowbird.com\/de\/homepage\/"},{"@type":"ListItem","position":2,"name":"Datenschutzrichtlinie"}]},{"@type":"WebSite","@id":"https:\/\/preprod.flowbird.com\/#website","url":"https:\/\/preprod.flowbird.com\/","name":"Flowbird","description":"Effortless Movement From City to City","publisher":{"@id":"https:\/\/preprod.flowbird.com\/#organization"},"potentialAction":[{"@type":"SearchAction","target":{"@type":"EntryPoint","urlTemplate":"https:\/\/preprod.flowbird.com\/?s={search_term_string}"},"query-input":{"@type":"PropertyValueSpecification","valueRequired":true,"valueName":"search_term_string"}}],"inLanguage":"de"},{"@type":"Organization","@id":"https:\/\/www.flowbird.com\/de\/#Organization\/","name":"Flowbird","url":"https:\/\/preprod.flowbird.com\/","logo":{"@type":"ImageObject","inLanguage":"de","@id":"https:\/\/preprod.flowbird.com\/#\/schema\/logo\/image\/","url":"https:\/\/www.flowbird.com\/wp-content\/uploads\/2024\/04\/FB-Logo.svg","contentUrl":"https:\/\/www.flowbird.com\/wp-content\/uploads\/2024\/04\/FB-Logo.svg","caption":"Flowbird"},"image":{"@id":"https:\/\/preprod.flowbird.com\/#\/schema\/logo\/image\/"}}]}},"_links":{"self":[{"href":"https:\/\/www.flowbird.com\/de\/wp-json\/wp\/v2\/pages\/9718","targetHints":{"allow":["GET"]}}],"collection":[{"href":"https:\/\/www.flowbird.com\/de\/wp-json\/wp\/v2\/pages"}],"about":[{"href":"https:\/\/www.flowbird.com\/de\/wp-json\/wp\/v2\/types\/page"}],"author":[{"embeddable":true,"href":"https:\/\/www.flowbird.com\/de\/wp-json\/wp\/v2\/users\/2"}],"replies":[{"embeddable":true,"href":"https:\/\/www.flowbird.com\/de\/wp-json\/wp\/v2\/comments?post=9718"}],"version-history":[{"count":5,"href":"https:\/\/www.flowbird.com\/de\/wp-json\/wp\/v2\/pages\/9718\/revisions"}],"predecessor-version":[{"id":14992,"href":"https:\/\/www.flowbird.com\/de\/wp-json\/wp\/v2\/pages\/9718\/revisions\/14992"}],"wp:attachment":[{"href":"https:\/\/www.flowbird.com\/de\/wp-json\/wp\/v2\/media?parent=9718"}],"wp:term":[{"taxonomy":"category","embeddable":true,"href":"https:\/\/www.flowbird.com\/de\/wp-json\/wp\/v2\/categories?post=9718"},{"taxonomy":"post_tag","embeddable":true,"href":"https:\/\/www.flowbird.com\/de\/wp-json\/wp\/v2\/tags?post=9718"}],"curies":[{"name":"wp","href":"https:\/\/api.w.org\/{rel}","templated":true}]}}