{"id":9697,"date":"2024-10-01T13:56:44","date_gmt":"2024-10-01T13:56:44","guid":{"rendered":"https:\/\/preprod.flowbird.com\/bedingungen-konditionen\/"},"modified":"2024-12-03T10:46:54","modified_gmt":"2024-12-03T10:46:54","slug":"bedingungen-konditionen","status":"publish","type":"page","link":"https:\/\/www.flowbird.com\/de\/bedingungen-konditionen\/","title":{"rendered":"Nutzungsbedingungen und Credits"},"content":{"rendered":"\t\t<div data-elementor-type=\"wp-page\" data-elementor-id=\"9697\" class=\"elementor elementor-9697 elementor-1093\" data-elementor-post-type=\"page\">\n\t\t\t\t<div class=\"elementor-element elementor-element-39ee76f e-con-full e-flex e-con e-parent\" data-id=\"39ee76f\" data-element_type=\"container\">\n\t\t<div class=\"elementor-element elementor-element-0d798a5 e-flex e-con-boxed e-con e-child\" data-id=\"0d798a5\" data-element_type=\"container\" data-settings=\"{&quot;background_background&quot;:&quot;gradient&quot;}\">\n\t\t\t\t\t<div class=\"e-con-inner\">\n\t\t\t\t<div class=\"elementor-element elementor-element-c3fe5de elementor-widget elementor-widget-heading\" data-id=\"c3fe5de\" data-element_type=\"widget\" data-widget_type=\"heading.default\">\n\t\t\t\t<div class=\"elementor-widget-container\">\n\t\t\t\t\t<h1 class=\"elementor-heading-title elementor-size-default\">Nutzungsbedingungen und Credits<\/h1>\t\t\t\t<\/div>\n\t\t\t\t<\/div>\n\t\t\t\t\t<\/div>\n\t\t\t\t<\/div>\n\t\t\t\t<\/div>\n\t\t<div class=\"elementor-element elementor-element-8d570ba e-flex e-con-boxed e-con e-parent\" data-id=\"8d570ba\" data-element_type=\"container\">\n\t\t\t\t\t<div class=\"e-con-inner\">\n\t\t\t\t<div class=\"elementor-element elementor-element-18aabbd elementor-widget elementor-widget-text-editor\" data-id=\"18aabbd\" data-element_type=\"widget\" data-widget_type=\"text-editor.default\">\n\t\t\t\t<div class=\"elementor-widget-container\">\n\t\t\t\t\t\t\t\t\t<h3>\n            <b>1. Verlag und Gastgeber<\/b><br \/>\n          <\/h3>\n<p>\n            <span style=\"font-weight: 400;\">Unternehmen, das die Website ver\u00f6ffentlicht:<\/span>\n          <\/p>\n<p>\n            <span style=\"font-weight: 400;\">Flowbird, vereinfachte Aktiengesellschaft mit einem Kapital von 35 456 049 Euro, mit Hauptsitz in 2TER rue du Ch\u00e2teau 92200 NEUILLY-SUR-SEINE.<\/span><br \/>\n            <span style=\"font-weight: 400;\"><br \/>\n              <br \/>\n            <\/span><br \/>\n            <span style=\"font-weight: 400;\">SIREN-Kennnummer: 444 719 272 RCS PARIS.<\/span>\n          <\/p>\n<p><span style=\"font-weight: 400;\">Direktor der Ver\u00f6ffentlichung: \u00c9lodie Pommepuy<\/span><span style=\"font-weight: 400;\"><br \/><\/span><span style=\"font-weight: 400;\">Flowbird &#8211; Kommunikationsdienst (Tel: 03 81 54 56 00)<\/span><span style=\"font-weight: 400;\"><br \/><\/span><span style=\"font-weight: 400;\">Das Hosting f\u00fcr diese Website wird von Net&amp;Tic bereitgestellt.<\/span><\/p>\n<p><span style=\"font-weight: 400;\">Konzeption und Produktion: <\/span><a href=\"https:\/\/www.net-tic.net\/\" target=\"_blank\" rel=\"noopener\"><span style=\"font-weight: 400;\">Net&amp;Tic<\/span><\/a><\/p>\n<h3>\n            <b>2. Pr\u00e4ambel<\/b><br \/>\n          <\/h3>\n<p>\n            <span style=\"font-weight: 400;\">Flowbird hat diese Website online gestellt, um Ihnen seine Aktivit\u00e4ten, Produkte und Dienstleistungen vorzustellen. Mit der Nutzung dieser Website erkl\u00e4ren Sie sich mit den folgenden allgemeinen Gesch\u00e4ftsbedingungen einverstanden und verpflichten sich, alle geltenden Gesetze einzuhalten. <\/span>\n          <\/p>\n<h3>\n            <b>3. Informationen \u00fcber Produkte und Dienstleistungen<\/b><br \/>\n          <\/h3>\n<p>\n            <span style=\"font-weight: 400;\">Die Eigenschaften der vorgestellten Produkte und Dienstleistungen dienen nur zu Informationszwecken. Flowbird oder seine Tochtergesellschaften k\u00f6nnen die auf dieser Website enthaltenen Informationen zu den Produkten und Dienstleistungen jederzeit und ohne vorherige Ank\u00fcndigung \u00e4ndern. Die Informationen werden ohne ausdr\u00fcckliche oder implizite Garantien gegeben. Die auf dieser Website vorgestellten Produkte und Dienstleistungen werden haupts\u00e4chlich \u00fcber ein Netzwerk von H\u00e4ndlern vertrieben. In allen F\u00e4llen handelt es sich bei diesen Vertriebsh\u00e4ndlern um Unternehmen, die rechtlich eigenst\u00e4ndig sind und ohne jegliche Solidarit\u00e4t untereinander handeln. Wenn Sie also \u00fcber einen Hyperlink auf die von diesen H\u00e4ndlern angebotenen Informationen, Produkte und Dienstleistungen zugreifen, sind diese Unternehmen allein f\u00fcr die auf ihren Websites enthaltenen Informationen verantwortlich.     <\/span>\n          <\/p>\n<h3>\n            <b>4. Verwaltung von Zugang und Passw\u00f6rtern<\/b><br \/>\n          <\/h3>\n<p>\n            <span style=\"font-weight: 400;\">Die Website oder bestimmte Teile davon sind \u00fcber einen Zugangscode und ein Passwort zug\u00e4nglich, die Ihnen von Flowbird mitgeteilt werden. Die Zugangscodes und Passw\u00f6rter sind vertraulich. Sie sind f\u00fcr die Folgen ihrer Verwendung verantwortlich. Es liegt daher in Ihrer Verantwortung, alle notwendigen Ma\u00dfnahmen zu ergreifen, um die Sicherheit und Vertraulichkeit der Ihnen zugewiesenen Zugangscodes und Passw\u00f6rter zu gew\u00e4hrleisten. Sie verpflichten sich, Flowbird \u00fcber jede missbr\u00e4uchliche Verwendung Ihres Zugangscodes und\/oder Passworts zu informieren, sobald Sie davon Kenntnis erlangen. Sie k\u00f6nnen das Ihnen urspr\u00fcnglich zugewiesene Passwort jederzeit \u00fcber die Website \u00e4ndern. Flowbird beh\u00e4lt sich das Recht vor, Ihren Zugang zur Website im Falle einer betr\u00fcgerischen Nutzung oder versuchten betr\u00fcgerischen Nutzung des Zugangs zu sperren. Im Falle einer Sperrung des Zugangs wird Flowbird Sie unverz\u00fcglich informieren.       <\/span>\n          <\/p>\n<h3>\n            <b>5. Schutz der pers\u00f6nlichen Daten<\/b><br \/>\n          <\/h3>\n<p>\n            <span style=\"font-weight: 400;\">Wenn Sie die Website besuchen, kann es sein, dass Sie aufgefordert werden, eine bestimmte Menge an pers\u00f6nlichen Daten \u00fcber sich selbst anzugeben, um Ihren Informationsbedarf besser zu decken und Ihre Erwartungen besser zu verstehen, sowie um Ihnen zu helfen, die auf dieser Website angebotenen Dienste optimal zu nutzen. Weitere Informationen finden Sie in unserer <a href=\"https:\/\/www.flowbird.com\/de\/datenschutzbestimmungen\/\">Datenschutzrichtlinie<\/a>. <\/span>\n          <\/p>\n<h3>\n            <b>6. Verwendung von Cookies<\/b><br \/>\n          <\/h3>\n<p>\n            <span style=\"font-weight: 400;\">Ein Cookie ist ein Ergebnis von Informationen, die von einer Website in Form einer kleinen Datei an einen Computer gesendet werden. Cookies sind notwendig, um die Personalisierung Ihres Zugriffs auf unsere Online-Dienste zu f\u00f6rdern. Die Speicherung von Cookies erfolgt \u00fcber den vom Internet verwendeten Webbrowser (z.B. Internet Explorer). Cookies sind jedoch anonym und werden niemals verwendet, um pers\u00f6nliche Daten zu sammeln. Es steht Ihnen frei, Cookies zu akzeptieren oder abzulehnen, indem Sie Ihren Webbrowser konfigurieren (alle oder einige Cookies deaktivieren &#8211; weitere Informationen finden Sie im Handbuch oder in der Hilfefunktion Ihres Webbrowsers). Die Deaktivierung von Cookies kann Ihnen den Zugang zu bestimmten Diensten verwehren, mit denen Cookies verbunden sind. Der Zugang zu nicht reservierten Bereichen der Website wird dadurch nicht verhindert. Dar\u00fcber hinaus verfolgen wir, wie und wo Besucher unsere Website gefunden haben, einschlie\u00dflich ihrer Herkunft. Diese Informationen werden zu statistischen Zwecken verwendet. Die entsprechenden Daten enthalten keine pers\u00f6nlichen Daten und werden nach Gebrauch vernichtet.         <\/span>\n          <\/p>\n<p>\n            <span style=\"font-weight: 400;\">F\u00fcr weitere Informationen lesen Sie bitte unsere <a href=\"https:\/\/www.flowbird.com\/de\/cookies-politik\/\">Cookies-Richtlinie<\/a>.<\/span>\n          <\/p>\n<h3>\n            <b>7. Urheberrecht<\/b><br \/>\n          <\/h3>\n<p>\n            <span style=\"font-weight: 400;\">Alle auf der Website enthaltenen Informationen oder Dokumente sowie alle f\u00fcr die Website erstellten Elemente sind entweder Eigentum von Flowbird oder seiner Tochtergesellschaften oder unterliegen den vereinbarten Nutzungs-, Vervielf\u00e4ltigungs- und Darstellungsrechten zugunsten der Letzteren. Die Informationen, Dokumente oder Elemente unterliegen dem Urheberrecht und \u00e4hnlichen Gesetzen zum Schutz der Urheberschaft ab dem Zeitpunkt, zu dem sie auf der Website der \u00d6ffentlichkeit zur Verf\u00fcgung gestellt werden. Kopien der auf der Website enthaltenen Dokumente d\u00fcrfen nur zu Informationszwecken und ausschlie\u00dflich zum einmaligen, rein privaten Gebrauch angefertigt werden. Im Hinblick auf die Rechte des geistigen Eigentums wird niemandem eine Lizenz oder ein anderes Recht als das der Konsultation der Website gew\u00e4hrt. Die Vervielf\u00e4ltigung von Dokumenten der Website ist ausschlie\u00dflich zu Informationszwecken f\u00fcr den pers\u00f6nlichen und privaten Gebrauch gestattet: Jede Vervielf\u00e4ltigung und Verwendung von Kopien f\u00fcr andere Zwecke ist ausdr\u00fccklich verboten und bedarf der vorherigen ausdr\u00fccklichen Genehmigung durch Flowbird. In jedem Fall muss bei der genehmigten Reproduktion der auf dieser Website enthaltenen Informationen die entsprechende Quelle und das Copyright angegeben werden. Sofern nicht anders angegeben, sind die auf dieser Website genannten Firmennamen, Logos, Produkte und Marken Eigentum von Flowbird oder seinen Tochtergesellschaften. Sie d\u00fcrfen nicht ohne die vorherige schriftliche Genehmigung von Flowbird verwendet werden.       <\/span>\n          <\/p>\n<p>\n            <span style=\"font-weight: 400;\">Alle Mitteilungen, die \u00fcber diese Website oder per E-Mail an Flowbird oder seine Tochtergesellschaften gesendet werden, gelten nicht als vertraulich und k\u00f6nnen von Flowbird oder seinen Tochtergesellschaften frei vervielf\u00e4ltigt, ver\u00f6ffentlicht oder auf andere Weise f\u00fcr jeden Zweck verwendet werden. Der Absender einer Mitteilung an Flowbird oder seine Tochtergesellschaften ist f\u00fcr deren Inhalt und die darin enthaltenen Informationen verantwortlich, insbesondere f\u00fcr deren Richtigkeit. <\/span>\n          <\/p>\n<p>\n            <span style=\"font-weight: 400;\">Diese Website respektiert das Urheberrecht. Alle Rechte der Autoren von gesch\u00fctzten Werken, die auf dieser Website reproduziert oder verbreitet werden, sind vorbehalten. Au\u00dfer im Falle einer Genehmigung ist jede andere Nutzung der Werke als die individuelle und private Vervielf\u00e4ltigung und Konsultation verboten.  <\/span>\n          <\/p>\n<h3>\n            <b>8. Hyperlinks<\/b><br \/>\n          <\/h3>\n<p>\n            <span style=\"font-weight: 400;\">Flowbird und seine Tochtergesellschaften \u00fcbernehmen ausdr\u00fccklich keine Verantwortung f\u00fcr den Inhalt der Websites, zu denen sie Links anbieten. Diese Links werden den Nutzern dieser Website als Service angeboten. Die Entscheidung, die Links zu aktivieren, liegt allein bei den Nutzern der Website. Wenn Sie einen Hyperlink zu dieser Website erstellen m\u00f6chten, m\u00fcssen Sie zuvor eine schriftliche Genehmigung von Flowbird einholen: Flowbird, 2TER rue du Ch\u00e2teau 92200 NEUILLY-SUR-SEINE, Frankreich oder \u00fcber die Seite &#8222;Kontaktaufnahme&#8220; auf der Website oder diese E-Mail-Adresse:     <\/span><br \/>\n            <a href=\"mailto:contact@flowbird.group\"><br \/>\n              <span style=\"font-weight: 400;\">contact@flowbird.group<\/span><br \/>\n            <\/a>\n          <\/p>\n<h3>\n            <b>9. Verantwortung<\/b><br \/>\n          <\/h3>\n<p>\n            <span style=\"font-weight: 400;\">Die auf dieser Website verf\u00fcgbaren Informationen und Empfehlungen (&#8222;Informationen&#8220;) werden in gutem Glauben bereitgestellt. Es wird davon ausgegangen, dass diese Informationen in dem Moment, in dem Sie sie lesen, korrekt sind. Flowbird und seine Tochtergesellschaften garantieren jedoch nicht f\u00fcr die Vollst\u00e4ndigkeit und Richtigkeit dieser Informationen. Sie \u00fcbernehmen die Risiken, die mit dem Glauben an die Informationen verbunden sind, die Sie geben. Es wird keine Garantie, weder ausdr\u00fccklich noch stillschweigend, f\u00fcr die Produkte oder Dienstleistungen \u00fcbernommen, auf die in diesen Informationen Bezug genommen wird. Unter keinen Umst\u00e4nden verpflichten sich Flowbird oder seine Tochtergesellschaften, die auf dieser Website ver\u00f6ffentlichten Informationen zu aktualisieren oder zu korrigieren. Ebenso behalten sich Flowbird oder seine Tochtergesellschaften das Recht vor, den Inhalt ihrer Websites jederzeit und ohne vorherige Ank\u00fcndigung zu \u00e4ndern oder zu korrigieren.      <\/span>\n          <\/p>\n<p>\n            <span style=\"font-weight: 400;\">Trotz aller Bem\u00fchungen k\u00f6nnen Flowbird und seine Tochtergesellschaften nicht f\u00fcr eine virenfreie Website garantieren und \u00fcbernehmen diesbez\u00fcglich keine Verantwortung. Internetnutzer m\u00fcssen zu ihrem eigenen Schutz die notwendigen Ma\u00dfnahmen ergreifen und insbesondere Antivirensoftware verwenden, um alle Informationen, Software oder Dokumentationen vor dem Herunterladen zu \u00fcberpr\u00fcfen. <\/span>\n          <\/p>\n<h3>\n            <b>10. Aktualisierungen der Allgemeinen Gesch\u00e4ftsbedingungen<\/b><br \/>\n          <\/h3>\n<p>\n            <span style=\"font-weight: 400;\">Flowbird kann diese Nutzungsbedingungen f\u00fcr die Website jederzeit aktualisieren. Sie werden daher gebeten, sich regelm\u00e4\u00dfig \u00fcber die aktuell g\u00fcltigen Nutzungsbedingungen f\u00fcr die Website zu informieren. <\/span>\n          <\/p>\n<h3>\n            <b>Kredite<\/b><br \/>\n          <\/h3>\n<p>\n            <span style=\"font-weight: 400;\">Kunstkauf: Shutterstock, Fotolia, Istockphoto<\/span>\n          <\/p>\n\t\t\t\t\t\t\t\t<\/div>\n\t\t\t\t<\/div>\n\t\t\t\t\t<\/div>\n\t\t\t\t<\/div>\n\t\t\t\t<\/div>\n\t\t","protected":false},"excerpt":{"rendered":"<p>1. Verlag und Gastgeber Unternehmen, das die Website ver\u00f6ffentlicht: Flowbird, vereinfachte Aktiengesellschaft mit einem Kapital von 35 456 049 Euro, mit Hauptsitz in 2TER rue du Ch\u00e2teau 92200 NEUILLY-SUR-SEINE. SIREN-Kennnummer: 444 719 272 RCS PARIS. Direktor der Ver\u00f6ffentlichung: \u00c9lodie PommepuyFlowbird &#8211; Kommunikationsdienst (Tel: 03 81 54 56 00)Das Hosting f\u00fcr diese Website wird von Net&amp;Tic [&hellip;]<\/p>\n","protected":false},"author":2,"featured_media":0,"parent":0,"menu_order":9,"comment_status":"closed","ping_status":"closed","template":"","meta":{"_acf_changed":false,"footnotes":""},"categories":[],"tags":[],"class_list":["post-9697","page","type-page","status-publish","hentry"],"acf":[],"yoast_head":"<!-- This site is optimized with the Yoast SEO Premium plugin v26.3 (Yoast SEO v26.3) - https:\/\/yoast.com\/wordpress\/plugins\/seo\/ -->\n<title>Nutzungsbedingungen und Credits - Flowbird<\/title>\n<meta name=\"robots\" content=\"index, follow, max-snippet:-1, max-image-preview:large, max-video-preview:-1\" \/>\n<link rel=\"canonical\" href=\"https:\/\/www.flowbird.com\/de\/bedingungen-konditionen\/\" \/>\n<meta property=\"og:locale\" content=\"de_DE\" \/>\n<meta property=\"og:type\" content=\"article\" \/>\n<meta property=\"og:title\" content=\"Nutzungsbedingungen und Credits\" \/>\n<meta property=\"og:description\" content=\"1. Verlag und Gastgeber Unternehmen, das die Website ver\u00f6ffentlicht: Flowbird, vereinfachte Aktiengesellschaft mit einem Kapital von 35 456 049 Euro, mit Hauptsitz in 2TER rue du Ch\u00e2teau 92200 NEUILLY-SUR-SEINE. SIREN-Kennnummer: 444 719 272 RCS PARIS. Direktor der Ver\u00f6ffentlichung: \u00c9lodie PommepuyFlowbird &#8211; Kommunikationsdienst (Tel: 03 81 54 56 00)Das Hosting f\u00fcr diese Website wird von Net&amp;Tic [&hellip;]\" \/>\n<meta property=\"og:url\" content=\"https:\/\/www.flowbird.com\/de\/bedingungen-konditionen\/\" \/>\n<meta property=\"og:site_name\" content=\"Flowbird\" \/>\n<meta property=\"article:modified_time\" content=\"2024-12-03T10:46:54+00:00\" \/>\n<meta name=\"twitter:card\" content=\"summary_large_image\" \/>\n<meta name=\"twitter:label1\" content=\"Gesch\u00e4tzte Lesezeit\" \/>\n\t<meta name=\"twitter:data1\" content=\"6\u00a0Minuten\" \/>\n<script type=\"application\/ld+json\" class=\"yoast-schema-graph\">{\"@context\":\"https:\/\/schema.org\",\"@graph\":[{\"@type\":\"WebPage\",\"@id\":\"https:\/\/www.flowbird.com\/de\/bedingungen-konditionen\/\",\"url\":\"https:\/\/www.flowbird.com\/de\/bedingungen-konditionen\/\",\"name\":\"Nutzungsbedingungen und Credits - Flowbird\",\"isPartOf\":{\"@id\":\"https:\/\/preprod.flowbird.com\/#website\"},\"datePublished\":\"2024-10-01T13:56:44+00:00\",\"dateModified\":\"2024-12-03T10:46:54+00:00\",\"breadcrumb\":{\"@id\":\"https:\/\/www.flowbird.com\/de\/bedingungen-konditionen\/#breadcrumb\"},\"inLanguage\":\"de\",\"potentialAction\":[{\"@type\":\"ReadAction\",\"target\":[\"https:\/\/www.flowbird.com\/de\/bedingungen-konditionen\/\"]}]},{\"@type\":\"BreadcrumbList\",\"@id\":\"https:\/\/www.flowbird.com\/de\/bedingungen-konditionen\/#breadcrumb\",\"itemListElement\":[{\"@type\":\"ListItem\",\"position\":1,\"name\":\"Home\",\"item\":\"https:\/\/www.flowbird.com\/de\/homepage\/\"},{\"@type\":\"ListItem\",\"position\":2,\"name\":\"Nutzungsbedingungen und Credits\"}]},{\"@type\":\"WebSite\",\"@id\":\"https:\/\/preprod.flowbird.com\/#website\",\"url\":\"https:\/\/preprod.flowbird.com\/\",\"name\":\"Flowbird\",\"description\":\"Effortless Movement From City to City\",\"publisher\":{\"@id\":\"https:\/\/preprod.flowbird.com\/#organization\"},\"potentialAction\":[{\"@type\":\"SearchAction\",\"target\":{\"@type\":\"EntryPoint\",\"urlTemplate\":\"https:\/\/preprod.flowbird.com\/?s={search_term_string}\"},\"query-input\":{\"@type\":\"PropertyValueSpecification\",\"valueRequired\":true,\"valueName\":\"search_term_string\"}}],\"inLanguage\":\"de\"},{\"@type\":\"Organization\",\"@id\":\"https:\/\/www.flowbird.com\/de\/#Organization\/\",\"name\":\"Flowbird\",\"url\":\"https:\/\/preprod.flowbird.com\/\",\"logo\":{\"@type\":\"ImageObject\",\"inLanguage\":\"de\",\"@id\":\"https:\/\/preprod.flowbird.com\/#\/schema\/logo\/image\/\",\"url\":\"https:\/\/www.flowbird.com\/wp-content\/uploads\/2024\/04\/FB-Logo.svg\",\"contentUrl\":\"https:\/\/www.flowbird.com\/wp-content\/uploads\/2024\/04\/FB-Logo.svg\",\"caption\":\"Flowbird\"},\"image\":{\"@id\":\"https:\/\/preprod.flowbird.com\/#\/schema\/logo\/image\/\"}}]}<\/script>\n<!-- \/ Yoast SEO Premium plugin. -->","yoast_head_json":{"title":"Nutzungsbedingungen und Credits - Flowbird","robots":{"index":"index","follow":"follow","max-snippet":"max-snippet:-1","max-image-preview":"max-image-preview:large","max-video-preview":"max-video-preview:-1"},"canonical":"https:\/\/www.flowbird.com\/de\/bedingungen-konditionen\/","og_locale":"de_DE","og_type":"article","og_title":"Nutzungsbedingungen und Credits","og_description":"1. Verlag und Gastgeber Unternehmen, das die Website ver\u00f6ffentlicht: Flowbird, vereinfachte Aktiengesellschaft mit einem Kapital von 35 456 049 Euro, mit Hauptsitz in 2TER rue du Ch\u00e2teau 92200 NEUILLY-SUR-SEINE. SIREN-Kennnummer: 444 719 272 RCS PARIS. Direktor der Ver\u00f6ffentlichung: \u00c9lodie PommepuyFlowbird &#8211; Kommunikationsdienst (Tel: 03 81 54 56 00)Das Hosting f\u00fcr diese Website wird von Net&amp;Tic [&hellip;]","og_url":"https:\/\/www.flowbird.com\/de\/bedingungen-konditionen\/","og_site_name":"Flowbird","article_modified_time":"2024-12-03T10:46:54+00:00","twitter_card":"summary_large_image","twitter_misc":{"Gesch\u00e4tzte Lesezeit":"6\u00a0Minuten"},"schema":{"@context":"https:\/\/schema.org","@graph":[{"@type":"WebPage","@id":"https:\/\/www.flowbird.com\/de\/bedingungen-konditionen\/","url":"https:\/\/www.flowbird.com\/de\/bedingungen-konditionen\/","name":"Nutzungsbedingungen und Credits - Flowbird","isPartOf":{"@id":"https:\/\/preprod.flowbird.com\/#website"},"datePublished":"2024-10-01T13:56:44+00:00","dateModified":"2024-12-03T10:46:54+00:00","breadcrumb":{"@id":"https:\/\/www.flowbird.com\/de\/bedingungen-konditionen\/#breadcrumb"},"inLanguage":"de","potentialAction":[{"@type":"ReadAction","target":["https:\/\/www.flowbird.com\/de\/bedingungen-konditionen\/"]}]},{"@type":"BreadcrumbList","@id":"https:\/\/www.flowbird.com\/de\/bedingungen-konditionen\/#breadcrumb","itemListElement":[{"@type":"ListItem","position":1,"name":"Home","item":"https:\/\/www.flowbird.com\/de\/homepage\/"},{"@type":"ListItem","position":2,"name":"Nutzungsbedingungen und Credits"}]},{"@type":"WebSite","@id":"https:\/\/preprod.flowbird.com\/#website","url":"https:\/\/preprod.flowbird.com\/","name":"Flowbird","description":"Effortless Movement From City to City","publisher":{"@id":"https:\/\/preprod.flowbird.com\/#organization"},"potentialAction":[{"@type":"SearchAction","target":{"@type":"EntryPoint","urlTemplate":"https:\/\/preprod.flowbird.com\/?s={search_term_string}"},"query-input":{"@type":"PropertyValueSpecification","valueRequired":true,"valueName":"search_term_string"}}],"inLanguage":"de"},{"@type":"Organization","@id":"https:\/\/www.flowbird.com\/de\/#Organization\/","name":"Flowbird","url":"https:\/\/preprod.flowbird.com\/","logo":{"@type":"ImageObject","inLanguage":"de","@id":"https:\/\/preprod.flowbird.com\/#\/schema\/logo\/image\/","url":"https:\/\/www.flowbird.com\/wp-content\/uploads\/2024\/04\/FB-Logo.svg","contentUrl":"https:\/\/www.flowbird.com\/wp-content\/uploads\/2024\/04\/FB-Logo.svg","caption":"Flowbird"},"image":{"@id":"https:\/\/preprod.flowbird.com\/#\/schema\/logo\/image\/"}}]}},"_links":{"self":[{"href":"https:\/\/www.flowbird.com\/de\/wp-json\/wp\/v2\/pages\/9697","targetHints":{"allow":["GET"]}}],"collection":[{"href":"https:\/\/www.flowbird.com\/de\/wp-json\/wp\/v2\/pages"}],"about":[{"href":"https:\/\/www.flowbird.com\/de\/wp-json\/wp\/v2\/types\/page"}],"author":[{"embeddable":true,"href":"https:\/\/www.flowbird.com\/de\/wp-json\/wp\/v2\/users\/2"}],"replies":[{"embeddable":true,"href":"https:\/\/www.flowbird.com\/de\/wp-json\/wp\/v2\/comments?post=9697"}],"version-history":[{"count":4,"href":"https:\/\/www.flowbird.com\/de\/wp-json\/wp\/v2\/pages\/9697\/revisions"}],"predecessor-version":[{"id":14845,"href":"https:\/\/www.flowbird.com\/de\/wp-json\/wp\/v2\/pages\/9697\/revisions\/14845"}],"wp:attachment":[{"href":"https:\/\/www.flowbird.com\/de\/wp-json\/wp\/v2\/media?parent=9697"}],"wp:term":[{"taxonomy":"category","embeddable":true,"href":"https:\/\/www.flowbird.com\/de\/wp-json\/wp\/v2\/categories?post=9697"},{"taxonomy":"post_tag","embeddable":true,"href":"https:\/\/www.flowbird.com\/de\/wp-json\/wp\/v2\/tags?post=9697"}],"curies":[{"name":"wp","href":"https:\/\/api.w.org\/{rel}","templated":true}]}}